{"id":19841,"date":"2019-06-20T15:03:22","date_gmt":"2019-06-21T10:32:28","guid":{"rendered":"http:\/\/presi.com\/produit\/mecatome-t210\/"},"modified":"2020-03-31T16:38:22","modified_gmt":"2020-03-31T14:38:22","slug":"mecatome-t210","status":"publish","type":"product","link":"https:\/\/www.presi.com\/de\/produkt\/mecatome-t210\/","title":{"rendered":"Mecatome T210"},"content":{"rendered":"<p><iframe id=\"resp_1280px\" src=\"https:\/\/www.youtube.com\/embed\/hFGZI5TSVxI\" width=\"570\" height=\"350\" frameborder=\"0\"><\/iframe><\/p>\n","protected":false},"excerpt":{"rendered":"<p>Pr\u00e4zisionstrennmaschine zum Trennen von Proben mittlerer Gr\u00f6\u00dfe und f\u00fcr eine Vielzahl von Materialien mit unterschiedlicher H\u00e4rte und Eigenschaften geeignet. Der optionale X-Achsen-Tisch bietet die M\u00f6glichkeit Serienschnitte durchzuf\u00fchren. Es gibt drei Trennmodi: * Interaktiv: Mit dem Joystick wird ein manueller Schnitt ausgef\u00fchrt, m\u00fchelos dirigiert der Bediener den Fahrtisch. * Automatisch: Es kann ein automatischer Schnitt durchgef\u00fchrt werden, indem sowohl die Trenndrehzahl als auch die Vorschubgeschwindigkeit des Tisches ausgew\u00e4hlt werden. Auf Wunsch kann auch ein Impulsfahrmodus programmiert werden, damit die Trennscheibe Zeit hat sich freizuschneiden und der Trennspalt besser gek\u00fchlt wird. * Programmierbar: Ein automatischer Schnitt kann mit vorgew\u00e4hlten Parametern vorgenommen werden. Der Nuten-Tisch (mit austauschbaren Edelstahlplatten) ist mit den meisten am Markt verf\u00fcgbaren Spannsystemen kompatibel.<\/p>\n","protected":false},"featured_media":0,"template":"","meta":{"_acf_changed":false},"product_brand":[],"product_cat":[],"product_tag":[],"class_list":{"0":"post-19841","1":"product","2":"type-product","3":"status-publish","6":"first","7":"instock","8":"shipping-taxable","9":"product-type-simple"},"acf":[],"yoast_head":"<!-- This site is optimized with the Yoast SEO plugin v27.2 - https:\/\/yoast.com\/product\/yoast-seo-wordpress\/ -->\n<title>Mecatome T210 - Presi<\/title>\n<meta name=\"robots\" content=\"index, follow, max-snippet:-1, max-image-preview:large, max-video-preview:-1\" \/>\n<link rel=\"canonical\" href=\"https:\/\/www.presi.com\/de\/produkt\/mecatome-t210\/\" \/>\n<meta property=\"og:locale\" content=\"de_DE\" \/>\n<meta property=\"og:type\" content=\"article\" \/>\n<meta property=\"og:title\" content=\"Mecatome T210 - Presi\" \/>\n<meta property=\"og:description\" content=\"Pr\u00e4zisionstrennmaschine zum Trennen von Proben mittlerer Gr\u00f6\u00dfe und f\u00fcr eine Vielzahl von Materialien mit unterschiedlicher H\u00e4rte und Eigenschaften geeignet. Der optionale X-Achsen-Tisch bietet die M\u00f6glichkeit Serienschnitte durchzuf\u00fchren. Es gibt drei Trennmodi: * Interaktiv: Mit dem Joystick wird ein manueller Schnitt ausgef\u00fchrt, m\u00fchelos dirigiert der Bediener den Fahrtisch. * Automatisch: Es kann ein automatischer Schnitt durchgef\u00fchrt werden, indem sowohl die Trenndrehzahl als auch die Vorschubgeschwindigkeit des Tisches ausgew\u00e4hlt werden. Auf Wunsch kann auch ein Impulsfahrmodus programmiert werden, damit die Trennscheibe Zeit hat sich freizuschneiden und der Trennspalt besser gek\u00fchlt wird. * Programmierbar: Ein automatischer Schnitt kann mit vorgew\u00e4hlten Parametern vorgenommen werden. Der Nuten-Tisch (mit austauschbaren Edelstahlplatten) ist mit den meisten am Markt verf\u00fcgbaren Spannsystemen kompatibel.\" \/>\n<meta property=\"og:url\" content=\"https:\/\/www.presi.com\/de\/produkt\/mecatome-t210\/\" \/>\n<meta property=\"og:site_name\" content=\"Presi\" \/>\n<meta property=\"article:modified_time\" content=\"2020-03-31T14:38:22+00:00\" \/>\n<meta name=\"twitter:card\" content=\"summary_large_image\" \/>\n<script type=\"application\/ld+json\" class=\"yoast-schema-graph\">{\"@context\":\"https:\/\/schema.org\",\"@graph\":[{\"@type\":\"WebPage\",\"@id\":\"https:\/\/www.presi.com\/de\/produkt\/mecatome-t210\/\",\"url\":\"https:\/\/www.presi.com\/de\/produkt\/mecatome-t210\/\",\"name\":\"Mecatome T210 - Presi\",\"isPartOf\":{\"@id\":\"https:\/\/www.presi.com\/en\/#website\"},\"datePublished\":\"2019-06-21T10:32:28+00:00\",\"dateModified\":\"2020-03-31T14:38:22+00:00\",\"breadcrumb\":{\"@id\":\"https:\/\/www.presi.com\/de\/produkt\/mecatome-t210\/#breadcrumb\"},\"inLanguage\":\"de\",\"potentialAction\":[{\"@type\":\"ReadAction\",\"target\":[\"https:\/\/www.presi.com\/de\/produkt\/mecatome-t210\/\"]}]},{\"@type\":\"BreadcrumbList\",\"@id\":\"https:\/\/www.presi.com\/de\/produkt\/mecatome-t210\/#breadcrumb\",\"itemListElement\":[{\"@type\":\"ListItem\",\"position\":1,\"name\":\"Accueil\",\"item\":\"https:\/\/www.presi.com\/de\/\"},{\"@type\":\"ListItem\",\"position\":2,\"name\":\"Gesch\u00e4ft\",\"item\":\"https:\/\/www.presi.com\/de\/geschaeft\/\"},{\"@type\":\"ListItem\",\"position\":3,\"name\":\"Mecatome T210\"}]},{\"@type\":\"WebSite\",\"@id\":\"https:\/\/www.presi.com\/en\/#website\",\"url\":\"https:\/\/www.presi.com\/en\/\",\"name\":\"Presi\",\"description\":\"M\u00e9tallographie - Machines pour analyse micrographique\",\"potentialAction\":[{\"@type\":\"SearchAction\",\"target\":{\"@type\":\"EntryPoint\",\"urlTemplate\":\"https:\/\/www.presi.com\/en\/?s={search_term_string}\"},\"query-input\":{\"@type\":\"PropertyValueSpecification\",\"valueRequired\":true,\"valueName\":\"search_term_string\"}}],\"inLanguage\":\"de\"}]}<\/script>\n<!-- \/ Yoast SEO plugin. -->","yoast_head_json":{"title":"Mecatome T210 - Presi","robots":{"index":"index","follow":"follow","max-snippet":"max-snippet:-1","max-image-preview":"max-image-preview:large","max-video-preview":"max-video-preview:-1"},"canonical":"https:\/\/www.presi.com\/de\/produkt\/mecatome-t210\/","og_locale":"de_DE","og_type":"article","og_title":"Mecatome T210 - Presi","og_description":"Pr\u00e4zisionstrennmaschine zum Trennen von Proben mittlerer Gr\u00f6\u00dfe und f\u00fcr eine Vielzahl von Materialien mit unterschiedlicher H\u00e4rte und Eigenschaften geeignet. Der optionale X-Achsen-Tisch bietet die M\u00f6glichkeit Serienschnitte durchzuf\u00fchren. Es gibt drei Trennmodi: * Interaktiv: Mit dem Joystick wird ein manueller Schnitt ausgef\u00fchrt, m\u00fchelos dirigiert der Bediener den Fahrtisch. * Automatisch: Es kann ein automatischer Schnitt durchgef\u00fchrt werden, indem sowohl die Trenndrehzahl als auch die Vorschubgeschwindigkeit des Tisches ausgew\u00e4hlt werden. Auf Wunsch kann auch ein Impulsfahrmodus programmiert werden, damit die Trennscheibe Zeit hat sich freizuschneiden und der Trennspalt besser gek\u00fchlt wird. * Programmierbar: Ein automatischer Schnitt kann mit vorgew\u00e4hlten Parametern vorgenommen werden. Der Nuten-Tisch (mit austauschbaren Edelstahlplatten) ist mit den meisten am Markt verf\u00fcgbaren Spannsystemen kompatibel.","og_url":"https:\/\/www.presi.com\/de\/produkt\/mecatome-t210\/","og_site_name":"Presi","article_modified_time":"2020-03-31T14:38:22+00:00","twitter_card":"summary_large_image","schema":{"@context":"https:\/\/schema.org","@graph":[{"@type":"WebPage","@id":"https:\/\/www.presi.com\/de\/produkt\/mecatome-t210\/","url":"https:\/\/www.presi.com\/de\/produkt\/mecatome-t210\/","name":"Mecatome T210 - Presi","isPartOf":{"@id":"https:\/\/www.presi.com\/en\/#website"},"datePublished":"2019-06-21T10:32:28+00:00","dateModified":"2020-03-31T14:38:22+00:00","breadcrumb":{"@id":"https:\/\/www.presi.com\/de\/produkt\/mecatome-t210\/#breadcrumb"},"inLanguage":"de","potentialAction":[{"@type":"ReadAction","target":["https:\/\/www.presi.com\/de\/produkt\/mecatome-t210\/"]}]},{"@type":"BreadcrumbList","@id":"https:\/\/www.presi.com\/de\/produkt\/mecatome-t210\/#breadcrumb","itemListElement":[{"@type":"ListItem","position":1,"name":"Accueil","item":"https:\/\/www.presi.com\/de\/"},{"@type":"ListItem","position":2,"name":"Gesch\u00e4ft","item":"https:\/\/www.presi.com\/de\/geschaeft\/"},{"@type":"ListItem","position":3,"name":"Mecatome T210"}]},{"@type":"WebSite","@id":"https:\/\/www.presi.com\/en\/#website","url":"https:\/\/www.presi.com\/en\/","name":"Presi","description":"M\u00e9tallographie - Machines pour analyse micrographique","potentialAction":[{"@type":"SearchAction","target":{"@type":"EntryPoint","urlTemplate":"https:\/\/www.presi.com\/en\/?s={search_term_string}"},"query-input":{"@type":"PropertyValueSpecification","valueRequired":true,"valueName":"search_term_string"}}],"inLanguage":"de"}]}},"_links":{"self":[{"href":"https:\/\/www.presi.com\/de\/wp-json\/wp\/v2\/product\/19841","targetHints":{"allow":["GET"]}}],"collection":[{"href":"https:\/\/www.presi.com\/de\/wp-json\/wp\/v2\/product"}],"about":[{"href":"https:\/\/www.presi.com\/de\/wp-json\/wp\/v2\/types\/product"}],"wp:attachment":[{"href":"https:\/\/www.presi.com\/de\/wp-json\/wp\/v2\/media?parent=19841"}],"wp:term":[{"taxonomy":"product_brand","embeddable":true,"href":"https:\/\/www.presi.com\/de\/wp-json\/wp\/v2\/product_brand?post=19841"},{"taxonomy":"product_cat","embeddable":true,"href":"https:\/\/www.presi.com\/de\/wp-json\/wp\/v2\/product_cat?post=19841"},{"taxonomy":"product_tag","embeddable":true,"href":"https:\/\/www.presi.com\/de\/wp-json\/wp\/v2\/product_tag?post=19841"}],"curies":[{"name":"wp","href":"https:\/\/api.w.org\/{rel}","templated":true}]}}