{"id":19842,"date":"2019-06-20T15:03:22","date_gmt":"2019-06-21T10:32:28","guid":{"rendered":"http:\/\/presi.com\/produit\/mecatome-t260\/"},"modified":"2024-07-18T17:28:40","modified_gmt":"2024-07-18T15:28:40","slug":"mecatome-t265","status":"publish","type":"product","link":"https:\/\/www.presi.com\/de\/produkt\/mecatome-t265\/","title":{"rendered":"MECATOME T265"},"content":{"rendered":"<p><iframe width=\"560\" height=\"315\" src=\"https:\/\/www.youtube.com\/embed\/PALsYrgKAg8?si=sHyvaKxnNy3jqR5C\" title=\"YouTube video player\" frameborder=\"0\" allow=\"accelerometer; autoplay; clipboard-write; encrypted-media; gyroscope; picture-in-picture; web-share\" referrerpolicy=\"strict-origin-when-cross-origin\" allowfullscreen><\/iframe><\/p>\n","protected":false},"excerpt":{"rendered":"<p>Die robuste MECATOME T265 nimmt Trennscheiben mit \u00d8250 und \u00d8300mm auf. Ihre Rotationsgeschwindigkeiten im Bereich von 1300 bis 4000 U\/min erm\u00f6glichen den Einsatz von Metalltrennscheiben als auch von harzgebundenen Trennscheiben. Ihr L-f\u00f6rmiger Tisch erm\u00f6glicht ein schnelles Aufspannen von Teilen sowohl horizontal als auch vertikal.<\/p>\n<p><u>Optionen und Zubeh\u00f6r<\/u>:<\/p>\n<ul>\n<li>Magnetfilter <i style=\"font-style: italic;\">(ref. 51271)<\/i><\/li>\n<li>Schnellwechsel-system &#8211; Werkzeugloser Trennscheibenwechsel <i style=\"font-style: italic;\">(ref. 51272)<\/i><\/li>\n<li>ABSAUGUNG &amp; ABF\u00dcHRUNG &#8211; Beseitigung jeglichen Nebels mit Fl\u00fcssigkeitsr\u00fcckgewinnung <i style=\"font-style: italic;\">(ref. 51273)<\/i><\/li>\n<li>Unterbauschrank f\u00fcr manuelle Trennmaschine (kleines Modell) <i style=\"font-style: italic;\">(ref. 51275)<\/i><\/li>\n<li>Linker Schnellspanner <i style=\"font-style: italic;\">(ref. 51280)<\/i><\/li>\n<li>Rechter Schnellspanner <i style=\"font-style: italic;\">(ref. 51281)<\/i><\/li>\n<li>V-backe aus Edelstahl f\u00fcr Spannstock 45mm H\u00f6he <i style=\"font-style: italic;\">(ref. 51282)<\/i><\/li>\n<li>Spezielle zerbrechliche Muster \u00abdelrin\u00bb thermoplastische bewegliche backe f\u00fcr Spannstock 45mm <i style=\"font-style: italic;\">(ref. 51283)<\/i><\/li>\n<\/ul>\n","protected":false},"featured_media":35213,"template":"","meta":{"_acf_changed":false},"product_brand":[],"product_cat":[1421,1425,1490,1509],"product_tag":[],"class_list":{"0":"post-19842","1":"product","2":"type-product","3":"status-publish","4":"has-post-thumbnail","6":"product_cat-geologie-de","7":"product_cat-geologie-maschinen","8":"product_cat-trennen","9":"product_cat-trennmaschinen-de","10":"pa_diametre-de-meule-bis-zu-o-300-mm","11":"pa_type-de-machine-trennmaschine","13":"first","14":"instock","15":"purchasable","16":"product-type-simple"},"acf":[],"yoast_head":"<!-- This site is optimized with the Yoast SEO plugin v27.2 - https:\/\/yoast.com\/product\/yoast-seo-wordpress\/ -->\n<title>MECATOME T265 - Presi<\/title>\n<meta name=\"robots\" content=\"index, follow, max-snippet:-1, max-image-preview:large, max-video-preview:-1\" \/>\n<link rel=\"canonical\" href=\"https:\/\/www.presi.com\/de\/produkt\/mecatome-t265\/\" \/>\n<meta property=\"og:locale\" content=\"de_DE\" \/>\n<meta property=\"og:type\" content=\"article\" \/>\n<meta property=\"og:title\" content=\"MECATOME T265 - Presi\" \/>\n<meta property=\"og:description\" content=\"Die robuste MECATOME T265 nimmt Trennscheiben mit \u00d8250 und \u00d8300mm auf. Ihre Rotationsgeschwindigkeiten im Bereich von 1300 bis 4000 U\/min erm\u00f6glichen den Einsatz von Metalltrennscheiben als auch von harzgebundenen Trennscheiben. Ihr L-f\u00f6rmiger Tisch erm\u00f6glicht ein schnelles Aufspannen von Teilen sowohl horizontal als auch vertikal.  Optionen und Zubeh\u00f6r:   Magnetfilter (ref. 51271)  Schnellwechsel-system - Werkzeugloser Trennscheibenwechsel (ref. 51272)  ABSAUGUNG &amp; ABF\u00dcHRUNG - Beseitigung jeglichen Nebels mit Fl\u00fcssigkeitsr\u00fcckgewinnung (ref. 51273)  Unterbauschrank f\u00fcr manuelle Trennmaschine (kleines Modell) (ref. 51275)  Linker Schnellspanner (ref. 51280)  Rechter Schnellspanner (ref. 51281)  V-backe aus Edelstahl f\u00fcr Spannstock 45mm H\u00f6he (ref. 51282)  Spezielle zerbrechliche Muster \u00abdelrin\u00bb thermoplastische bewegliche backe f\u00fcr Spannstock 45mm (ref. 51283)\" \/>\n<meta property=\"og:url\" content=\"https:\/\/www.presi.com\/de\/produkt\/mecatome-t265\/\" \/>\n<meta property=\"og:site_name\" content=\"Presi\" \/>\n<meta property=\"article:modified_time\" content=\"2024-07-18T15:28:40+00:00\" \/>\n<meta property=\"og:image\" content=\"https:\/\/www.presi.com\/wp-content\/uploads\/2019\/06\/mecatome-t265-trois-quarts-ouvert-1-full.webp\" \/>\n\t<meta property=\"og:image:width\" content=\"600\" \/>\n\t<meta property=\"og:image:height\" content=\"600\" \/>\n\t<meta property=\"og:image:type\" content=\"image\/webp\" \/>\n<meta name=\"twitter:card\" content=\"summary_large_image\" \/>\n<meta name=\"twitter:label1\" content=\"Gesch\u00e4tzte Lesezeit\" \/>\n\t<meta name=\"twitter:data1\" content=\"1\u00a0Minute\" \/>\n<script type=\"application\/ld+json\" class=\"yoast-schema-graph\">{\"@context\":\"https:\/\/schema.org\",\"@graph\":[{\"@type\":\"WebPage\",\"@id\":\"https:\/\/www.presi.com\/de\/produkt\/mecatome-t265\/\",\"url\":\"https:\/\/www.presi.com\/de\/produkt\/mecatome-t265\/\",\"name\":\"MECATOME T265 - Presi\",\"isPartOf\":{\"@id\":\"https:\/\/www.presi.com\/en\/#website\"},\"primaryImageOfPage\":{\"@id\":\"https:\/\/www.presi.com\/de\/produkt\/mecatome-t265\/#primaryimage\"},\"image\":{\"@id\":\"https:\/\/www.presi.com\/de\/produkt\/mecatome-t265\/#primaryimage\"},\"thumbnailUrl\":\"https:\/\/www.presi.com\/wp-content\/uploads\/2019\/06\/mecatome-t265-trois-quarts-ouvert-1-full.webp\",\"datePublished\":\"2019-06-21T10:32:28+00:00\",\"dateModified\":\"2024-07-18T15:28:40+00:00\",\"breadcrumb\":{\"@id\":\"https:\/\/www.presi.com\/de\/produkt\/mecatome-t265\/#breadcrumb\"},\"inLanguage\":\"de\",\"potentialAction\":[{\"@type\":\"ReadAction\",\"target\":[\"https:\/\/www.presi.com\/de\/produkt\/mecatome-t265\/\"]}]},{\"@type\":\"ImageObject\",\"inLanguage\":\"de\",\"@id\":\"https:\/\/www.presi.com\/de\/produkt\/mecatome-t265\/#primaryimage\",\"url\":\"https:\/\/www.presi.com\/wp-content\/uploads\/2019\/06\/mecatome-t265-trois-quarts-ouvert-1-full.webp\",\"contentUrl\":\"https:\/\/www.presi.com\/wp-content\/uploads\/2019\/06\/mecatome-t265-trois-quarts-ouvert-1-full.webp\",\"width\":600,\"height\":600},{\"@type\":\"BreadcrumbList\",\"@id\":\"https:\/\/www.presi.com\/de\/produkt\/mecatome-t265\/#breadcrumb\",\"itemListElement\":[{\"@type\":\"ListItem\",\"position\":1,\"name\":\"Accueil\",\"item\":\"https:\/\/www.presi.com\/de\/\"},{\"@type\":\"ListItem\",\"position\":2,\"name\":\"Gesch\u00e4ft\",\"item\":\"https:\/\/www.presi.com\/de\/geschaeft\/\"},{\"@type\":\"ListItem\",\"position\":3,\"name\":\"MECATOME T265\"}]},{\"@type\":\"WebSite\",\"@id\":\"https:\/\/www.presi.com\/en\/#website\",\"url\":\"https:\/\/www.presi.com\/en\/\",\"name\":\"Presi\",\"description\":\"M\u00e9tallographie - Machines pour analyse micrographique\",\"potentialAction\":[{\"@type\":\"SearchAction\",\"target\":{\"@type\":\"EntryPoint\",\"urlTemplate\":\"https:\/\/www.presi.com\/en\/?s={search_term_string}\"},\"query-input\":{\"@type\":\"PropertyValueSpecification\",\"valueRequired\":true,\"valueName\":\"search_term_string\"}}],\"inLanguage\":\"de\"}]}<\/script>\n<!-- \/ Yoast SEO plugin. -->","yoast_head_json":{"title":"MECATOME T265 - Presi","robots":{"index":"index","follow":"follow","max-snippet":"max-snippet:-1","max-image-preview":"max-image-preview:large","max-video-preview":"max-video-preview:-1"},"canonical":"https:\/\/www.presi.com\/de\/produkt\/mecatome-t265\/","og_locale":"de_DE","og_type":"article","og_title":"MECATOME T265 - Presi","og_description":"Die robuste MECATOME T265 nimmt Trennscheiben mit \u00d8250 und \u00d8300mm auf. Ihre Rotationsgeschwindigkeiten im Bereich von 1300 bis 4000 U\/min erm\u00f6glichen den Einsatz von Metalltrennscheiben als auch von harzgebundenen Trennscheiben. Ihr L-f\u00f6rmiger Tisch erm\u00f6glicht ein schnelles Aufspannen von Teilen sowohl horizontal als auch vertikal.  Optionen und Zubeh\u00f6r:   Magnetfilter (ref. 51271)  Schnellwechsel-system - Werkzeugloser Trennscheibenwechsel (ref. 51272)  ABSAUGUNG &amp; ABF\u00dcHRUNG - Beseitigung jeglichen Nebels mit Fl\u00fcssigkeitsr\u00fcckgewinnung (ref. 51273)  Unterbauschrank f\u00fcr manuelle Trennmaschine (kleines Modell) (ref. 51275)  Linker Schnellspanner (ref. 51280)  Rechter Schnellspanner (ref. 51281)  V-backe aus Edelstahl f\u00fcr Spannstock 45mm H\u00f6he (ref. 51282)  Spezielle zerbrechliche Muster \u00abdelrin\u00bb thermoplastische bewegliche backe f\u00fcr Spannstock 45mm (ref. 51283)","og_url":"https:\/\/www.presi.com\/de\/produkt\/mecatome-t265\/","og_site_name":"Presi","article_modified_time":"2024-07-18T15:28:40+00:00","og_image":[{"width":600,"height":600,"url":"https:\/\/www.presi.com\/wp-content\/uploads\/2019\/06\/mecatome-t265-trois-quarts-ouvert-1-full.webp","type":"image\/webp"}],"twitter_card":"summary_large_image","twitter_misc":{"Gesch\u00e4tzte Lesezeit":"1\u00a0Minute"},"schema":{"@context":"https:\/\/schema.org","@graph":[{"@type":"WebPage","@id":"https:\/\/www.presi.com\/de\/produkt\/mecatome-t265\/","url":"https:\/\/www.presi.com\/de\/produkt\/mecatome-t265\/","name":"MECATOME T265 - Presi","isPartOf":{"@id":"https:\/\/www.presi.com\/en\/#website"},"primaryImageOfPage":{"@id":"https:\/\/www.presi.com\/de\/produkt\/mecatome-t265\/#primaryimage"},"image":{"@id":"https:\/\/www.presi.com\/de\/produkt\/mecatome-t265\/#primaryimage"},"thumbnailUrl":"https:\/\/www.presi.com\/wp-content\/uploads\/2019\/06\/mecatome-t265-trois-quarts-ouvert-1-full.webp","datePublished":"2019-06-21T10:32:28+00:00","dateModified":"2024-07-18T15:28:40+00:00","breadcrumb":{"@id":"https:\/\/www.presi.com\/de\/produkt\/mecatome-t265\/#breadcrumb"},"inLanguage":"de","potentialAction":[{"@type":"ReadAction","target":["https:\/\/www.presi.com\/de\/produkt\/mecatome-t265\/"]}]},{"@type":"ImageObject","inLanguage":"de","@id":"https:\/\/www.presi.com\/de\/produkt\/mecatome-t265\/#primaryimage","url":"https:\/\/www.presi.com\/wp-content\/uploads\/2019\/06\/mecatome-t265-trois-quarts-ouvert-1-full.webp","contentUrl":"https:\/\/www.presi.com\/wp-content\/uploads\/2019\/06\/mecatome-t265-trois-quarts-ouvert-1-full.webp","width":600,"height":600},{"@type":"BreadcrumbList","@id":"https:\/\/www.presi.com\/de\/produkt\/mecatome-t265\/#breadcrumb","itemListElement":[{"@type":"ListItem","position":1,"name":"Accueil","item":"https:\/\/www.presi.com\/de\/"},{"@type":"ListItem","position":2,"name":"Gesch\u00e4ft","item":"https:\/\/www.presi.com\/de\/geschaeft\/"},{"@type":"ListItem","position":3,"name":"MECATOME T265"}]},{"@type":"WebSite","@id":"https:\/\/www.presi.com\/en\/#website","url":"https:\/\/www.presi.com\/en\/","name":"Presi","description":"M\u00e9tallographie - Machines pour analyse micrographique","potentialAction":[{"@type":"SearchAction","target":{"@type":"EntryPoint","urlTemplate":"https:\/\/www.presi.com\/en\/?s={search_term_string}"},"query-input":{"@type":"PropertyValueSpecification","valueRequired":true,"valueName":"search_term_string"}}],"inLanguage":"de"}]}},"_links":{"self":[{"href":"https:\/\/www.presi.com\/de\/wp-json\/wp\/v2\/product\/19842","targetHints":{"allow":["GET"]}}],"collection":[{"href":"https:\/\/www.presi.com\/de\/wp-json\/wp\/v2\/product"}],"about":[{"href":"https:\/\/www.presi.com\/de\/wp-json\/wp\/v2\/types\/product"}],"wp:featuredmedia":[{"embeddable":true,"href":"https:\/\/www.presi.com\/de\/wp-json\/wp\/v2\/media\/35213"}],"wp:attachment":[{"href":"https:\/\/www.presi.com\/de\/wp-json\/wp\/v2\/media?parent=19842"}],"wp:term":[{"taxonomy":"product_brand","embeddable":true,"href":"https:\/\/www.presi.com\/de\/wp-json\/wp\/v2\/product_brand?post=19842"},{"taxonomy":"product_cat","embeddable":true,"href":"https:\/\/www.presi.com\/de\/wp-json\/wp\/v2\/product_cat?post=19842"},{"taxonomy":"product_tag","embeddable":true,"href":"https:\/\/www.presi.com\/de\/wp-json\/wp\/v2\/product_tag?post=19842"}],"curies":[{"name":"wp","href":"https:\/\/api.w.org\/{rel}","templated":true}]}}