{"id":19925,"date":"2019-06-20T15:05:58","date_gmt":"2019-06-21T10:38:47","guid":{"rendered":"http:\/\/presi.com\/produit\/support-pour-porte-piace-uniquement-avec-table-transversale\/"},"modified":"2022-09-29T15:33:12","modified_gmt":"2022-09-29T13:33:12","slug":"support-pour-porte-piace-uniquement-avec-table-transversale","status":"publish","type":"product","link":"https:\/\/www.presi.com\/de\/produkt\/support-pour-porte-piace-uniquement-avec-table-transversale\/","title":{"rendered":"Probenhalteraufnahme f\u00fcr X-Achsen"},"content":{"rendered":"","protected":false},"excerpt":{"rendered":"<p>Zubeh\u00f6r f\u00fcr MECATOME T215 <i style=\"font-style: italic;\">(ref. 51460)<\/i><\/p>\n","protected":false},"featured_media":23089,"template":"","meta":{"_acf_changed":false},"product_brand":[],"product_cat":[1498,1490,1492],"product_tag":[],"class_list":{"0":"post-19925","1":"product","2":"type-product","3":"status-publish","4":"has-post-thumbnail","6":"product_cat-probenhalter","7":"product_cat-trennen","8":"product_cat-zubehor","10":"first","11":"instock","12":"purchasable","13":"product-type-simple"},"acf":[],"yoast_head":"<!-- This site is optimized with the Yoast SEO plugin v27.2 - https:\/\/yoast.com\/product\/yoast-seo-wordpress\/ -->\n<title>Probenhalteraufnahme f\u00fcr X-Achsen - Presi<\/title>\n<meta name=\"robots\" content=\"index, follow, max-snippet:-1, max-image-preview:large, max-video-preview:-1\" \/>\n<link rel=\"canonical\" href=\"https:\/\/www.presi.com\/de\/produkt\/support-pour-porte-piace-uniquement-avec-table-transversale\/\" \/>\n<meta property=\"og:locale\" content=\"de_DE\" \/>\n<meta property=\"og:type\" content=\"article\" \/>\n<meta property=\"og:title\" content=\"Probenhalteraufnahme f\u00fcr X-Achsen - Presi\" \/>\n<meta property=\"og:description\" content=\"Zubeh\u00f6r f\u00fcr MECATOME T215 (ref. 51460)\" \/>\n<meta property=\"og:url\" content=\"https:\/\/www.presi.com\/de\/produkt\/support-pour-porte-piace-uniquement-avec-table-transversale\/\" \/>\n<meta property=\"og:site_name\" content=\"Presi\" \/>\n<meta property=\"article:modified_time\" content=\"2022-09-29T13:33:12+00:00\" \/>\n<meta property=\"og:image\" content=\"https:\/\/www.presi.com\/wp-content\/uploads\/2019\/06\/support-porte-echantillon-presi.png\" \/>\n\t<meta property=\"og:image:width\" content=\"600\" \/>\n\t<meta property=\"og:image:height\" content=\"600\" \/>\n\t<meta property=\"og:image:type\" content=\"image\/png\" \/>\n<meta name=\"twitter:card\" content=\"summary_large_image\" \/>\n<script type=\"application\/ld+json\" class=\"yoast-schema-graph\">{\"@context\":\"https:\/\/schema.org\",\"@graph\":[{\"@type\":\"WebPage\",\"@id\":\"https:\/\/www.presi.com\/de\/produkt\/support-pour-porte-piace-uniquement-avec-table-transversale\/\",\"url\":\"https:\/\/www.presi.com\/de\/produkt\/support-pour-porte-piace-uniquement-avec-table-transversale\/\",\"name\":\"Probenhalteraufnahme f\u00fcr X-Achsen - Presi\",\"isPartOf\":{\"@id\":\"https:\/\/www.presi.com\/en\/#website\"},\"primaryImageOfPage\":{\"@id\":\"https:\/\/www.presi.com\/de\/produkt\/support-pour-porte-piace-uniquement-avec-table-transversale\/#primaryimage\"},\"image\":{\"@id\":\"https:\/\/www.presi.com\/de\/produkt\/support-pour-porte-piace-uniquement-avec-table-transversale\/#primaryimage\"},\"thumbnailUrl\":\"https:\/\/www.presi.com\/wp-content\/uploads\/2019\/06\/support-porte-echantillon-presi.png\",\"datePublished\":\"2019-06-21T10:38:47+00:00\",\"dateModified\":\"2022-09-29T13:33:12+00:00\",\"breadcrumb\":{\"@id\":\"https:\/\/www.presi.com\/de\/produkt\/support-pour-porte-piace-uniquement-avec-table-transversale\/#breadcrumb\"},\"inLanguage\":\"de\",\"potentialAction\":[{\"@type\":\"ReadAction\",\"target\":[\"https:\/\/www.presi.com\/de\/produkt\/support-pour-porte-piace-uniquement-avec-table-transversale\/\"]}]},{\"@type\":\"ImageObject\",\"inLanguage\":\"de\",\"@id\":\"https:\/\/www.presi.com\/de\/produkt\/support-pour-porte-piace-uniquement-avec-table-transversale\/#primaryimage\",\"url\":\"https:\/\/www.presi.com\/wp-content\/uploads\/2019\/06\/support-porte-echantillon-presi.png\",\"contentUrl\":\"https:\/\/www.presi.com\/wp-content\/uploads\/2019\/06\/support-porte-echantillon-presi.png\",\"width\":600,\"height\":600},{\"@type\":\"BreadcrumbList\",\"@id\":\"https:\/\/www.presi.com\/de\/produkt\/support-pour-porte-piace-uniquement-avec-table-transversale\/#breadcrumb\",\"itemListElement\":[{\"@type\":\"ListItem\",\"position\":1,\"name\":\"Accueil\",\"item\":\"https:\/\/www.presi.com\/de\/\"},{\"@type\":\"ListItem\",\"position\":2,\"name\":\"Gesch\u00e4ft\",\"item\":\"https:\/\/www.presi.com\/de\/geschaeft\/\"},{\"@type\":\"ListItem\",\"position\":3,\"name\":\"Probenhalteraufnahme f\u00fcr X-Achsen\"}]},{\"@type\":\"WebSite\",\"@id\":\"https:\/\/www.presi.com\/en\/#website\",\"url\":\"https:\/\/www.presi.com\/en\/\",\"name\":\"Presi\",\"description\":\"M\u00e9tallographie - Machines pour analyse micrographique\",\"potentialAction\":[{\"@type\":\"SearchAction\",\"target\":{\"@type\":\"EntryPoint\",\"urlTemplate\":\"https:\/\/www.presi.com\/en\/?s={search_term_string}\"},\"query-input\":{\"@type\":\"PropertyValueSpecification\",\"valueRequired\":true,\"valueName\":\"search_term_string\"}}],\"inLanguage\":\"de\"}]}<\/script>\n<!-- \/ Yoast SEO plugin. -->","yoast_head_json":{"title":"Probenhalteraufnahme f\u00fcr X-Achsen - Presi","robots":{"index":"index","follow":"follow","max-snippet":"max-snippet:-1","max-image-preview":"max-image-preview:large","max-video-preview":"max-video-preview:-1"},"canonical":"https:\/\/www.presi.com\/de\/produkt\/support-pour-porte-piace-uniquement-avec-table-transversale\/","og_locale":"de_DE","og_type":"article","og_title":"Probenhalteraufnahme f\u00fcr X-Achsen - Presi","og_description":"Zubeh\u00f6r f\u00fcr MECATOME T215 (ref. 51460)","og_url":"https:\/\/www.presi.com\/de\/produkt\/support-pour-porte-piace-uniquement-avec-table-transversale\/","og_site_name":"Presi","article_modified_time":"2022-09-29T13:33:12+00:00","og_image":[{"width":600,"height":600,"url":"https:\/\/www.presi.com\/wp-content\/uploads\/2019\/06\/support-porte-echantillon-presi.png","type":"image\/png"}],"twitter_card":"summary_large_image","schema":{"@context":"https:\/\/schema.org","@graph":[{"@type":"WebPage","@id":"https:\/\/www.presi.com\/de\/produkt\/support-pour-porte-piace-uniquement-avec-table-transversale\/","url":"https:\/\/www.presi.com\/de\/produkt\/support-pour-porte-piace-uniquement-avec-table-transversale\/","name":"Probenhalteraufnahme f\u00fcr X-Achsen - Presi","isPartOf":{"@id":"https:\/\/www.presi.com\/en\/#website"},"primaryImageOfPage":{"@id":"https:\/\/www.presi.com\/de\/produkt\/support-pour-porte-piace-uniquement-avec-table-transversale\/#primaryimage"},"image":{"@id":"https:\/\/www.presi.com\/de\/produkt\/support-pour-porte-piace-uniquement-avec-table-transversale\/#primaryimage"},"thumbnailUrl":"https:\/\/www.presi.com\/wp-content\/uploads\/2019\/06\/support-porte-echantillon-presi.png","datePublished":"2019-06-21T10:38:47+00:00","dateModified":"2022-09-29T13:33:12+00:00","breadcrumb":{"@id":"https:\/\/www.presi.com\/de\/produkt\/support-pour-porte-piace-uniquement-avec-table-transversale\/#breadcrumb"},"inLanguage":"de","potentialAction":[{"@type":"ReadAction","target":["https:\/\/www.presi.com\/de\/produkt\/support-pour-porte-piace-uniquement-avec-table-transversale\/"]}]},{"@type":"ImageObject","inLanguage":"de","@id":"https:\/\/www.presi.com\/de\/produkt\/support-pour-porte-piace-uniquement-avec-table-transversale\/#primaryimage","url":"https:\/\/www.presi.com\/wp-content\/uploads\/2019\/06\/support-porte-echantillon-presi.png","contentUrl":"https:\/\/www.presi.com\/wp-content\/uploads\/2019\/06\/support-porte-echantillon-presi.png","width":600,"height":600},{"@type":"BreadcrumbList","@id":"https:\/\/www.presi.com\/de\/produkt\/support-pour-porte-piace-uniquement-avec-table-transversale\/#breadcrumb","itemListElement":[{"@type":"ListItem","position":1,"name":"Accueil","item":"https:\/\/www.presi.com\/de\/"},{"@type":"ListItem","position":2,"name":"Gesch\u00e4ft","item":"https:\/\/www.presi.com\/de\/geschaeft\/"},{"@type":"ListItem","position":3,"name":"Probenhalteraufnahme f\u00fcr X-Achsen"}]},{"@type":"WebSite","@id":"https:\/\/www.presi.com\/en\/#website","url":"https:\/\/www.presi.com\/en\/","name":"Presi","description":"M\u00e9tallographie - Machines pour analyse micrographique","potentialAction":[{"@type":"SearchAction","target":{"@type":"EntryPoint","urlTemplate":"https:\/\/www.presi.com\/en\/?s={search_term_string}"},"query-input":{"@type":"PropertyValueSpecification","valueRequired":true,"valueName":"search_term_string"}}],"inLanguage":"de"}]}},"_links":{"self":[{"href":"https:\/\/www.presi.com\/de\/wp-json\/wp\/v2\/product\/19925","targetHints":{"allow":["GET"]}}],"collection":[{"href":"https:\/\/www.presi.com\/de\/wp-json\/wp\/v2\/product"}],"about":[{"href":"https:\/\/www.presi.com\/de\/wp-json\/wp\/v2\/types\/product"}],"wp:featuredmedia":[{"embeddable":true,"href":"https:\/\/www.presi.com\/de\/wp-json\/wp\/v2\/media\/23089"}],"wp:attachment":[{"href":"https:\/\/www.presi.com\/de\/wp-json\/wp\/v2\/media?parent=19925"}],"wp:term":[{"taxonomy":"product_brand","embeddable":true,"href":"https:\/\/www.presi.com\/de\/wp-json\/wp\/v2\/product_brand?post=19925"},{"taxonomy":"product_cat","embeddable":true,"href":"https:\/\/www.presi.com\/de\/wp-json\/wp\/v2\/product_cat?post=19925"},{"taxonomy":"product_tag","embeddable":true,"href":"https:\/\/www.presi.com\/de\/wp-json\/wp\/v2\/product_tag?post=19925"}],"curies":[{"name":"wp","href":"https:\/\/api.w.org\/{rel}","templated":true}]}}