{"id":20072,"date":"2019-06-20T15:10:21","date_gmt":"2019-06-21T10:51:07","guid":{"rendered":"http:\/\/presi.com\/produit\/le-cube\/"},"modified":"2020-03-05T10:24:04","modified_gmt":"2020-03-05T09:24:04","slug":"le-cube","status":"publish","type":"product","link":"https:\/\/www.presi.com\/de\/produkt\/le-cube\/","title":{"rendered":"Le Cube"},"content":{"rendered":"","protected":false},"excerpt":{"rendered":"<p>Die passende L\u00f6sung f\u00fcr einfache Schleif- und Poliervorg\u00e4nge. Die manuelle Schleif- und Poliermaschine Le Cube f\u00fcr Arbeitsscheibendurchmesser von 200mm und 250mm. Durch die einfache aber zuverl\u00e4ssige und robuste Bauweise der ideale Partner f\u00fcr Labore, Schulen und Forschungszentren. Der Antriebsmotor hat ein hohes Drehmoment und ist deshalb auch f\u00fcr hohe Anpressdr\u00fccke geeignet. Man kann die Drehrichtung des Poliertellers und die Drehzahl ausw\u00e4hlen (150 300 U\/min). Eine optimale Benetzung der Schleifscheiben mit Wasser, wird durch ein Berieselungssystem mit D\u00fcsen gew\u00e4hrleistet. Die herausnehmbaren Polierteller und der klappbare Deckel des Polierraumes, erm\u00f6glichen eine einfache Wartung des Ger\u00e4tes und sch\u00fctzen besonders Poliert\u00fccher vor Verschmutzung. Die Lagerung der Spindel mit der direkten \u00dcbersetzung, sorgen f\u00fcr gleichm\u00e4\u00dfige und ruhige Umdrehungen des Poliertellers. Auf dem W\u00fcrfel k\u00f6nnen alle Arten von Schleif- und Poliertuchtr\u00e4gern montiert werden: nicht klebende, selbstklebende, PRESI-Reflex Systeme und magnetische Tr\u00e4gersysteme.<\/p>\n","protected":false},"featured_media":25713,"template":"","meta":{"_acf_changed":false},"product_brand":[],"product_cat":[1421,1425,1481,1426],"product_tag":[],"class_list":{"0":"post-20072","1":"product","2":"type-product","3":"status-publish","4":"has-post-thumbnail","6":"product_cat-geologie-de","7":"product_cat-geologie-maschinen","8":"product_cat-polieren-maschinen","9":"product_cat-schleifen-u-polieren","10":"pa_diametre-du-plateau-o-200-u-250-mm","11":"pa_type-de-poste-einspindelige-maschine","13":"first","14":"instock","15":"purchasable","16":"product-type-simple"},"acf":[],"yoast_head":"<!-- This site is optimized with the Yoast SEO plugin v27.2 - https:\/\/yoast.com\/product\/yoast-seo-wordpress\/ -->\n<title>Le Cube - Presi<\/title>\n<meta name=\"robots\" content=\"index, follow, max-snippet:-1, max-image-preview:large, max-video-preview:-1\" \/>\n<link rel=\"canonical\" href=\"https:\/\/www.presi.com\/de\/produkt\/le-cube\/\" \/>\n<meta property=\"og:locale\" content=\"de_DE\" \/>\n<meta property=\"og:type\" content=\"article\" \/>\n<meta property=\"og:title\" content=\"Le Cube - Presi\" \/>\n<meta property=\"og:description\" content=\"Die passende L\u00f6sung f\u00fcr einfache Schleif- und Poliervorg\u00e4nge. Die manuelle Schleif- und Poliermaschine Le Cube f\u00fcr Arbeitsscheibendurchmesser von 200mm und 250mm. Durch die einfache aber zuverl\u00e4ssige und robuste Bauweise der ideale Partner f\u00fcr Labore, Schulen und Forschungszentren. Der Antriebsmotor hat ein hohes Drehmoment und ist deshalb auch f\u00fcr hohe Anpressdr\u00fccke geeignet. Man kann die Drehrichtung des Poliertellers und die Drehzahl ausw\u00e4hlen (150 300 U\/min). Eine optimale Benetzung der Schleifscheiben mit Wasser, wird durch ein Berieselungssystem mit D\u00fcsen gew\u00e4hrleistet. Die herausnehmbaren Polierteller und der klappbare Deckel des Polierraumes, erm\u00f6glichen eine einfache Wartung des Ger\u00e4tes und sch\u00fctzen besonders Poliert\u00fccher vor Verschmutzung. Die Lagerung der Spindel mit der direkten \u00dcbersetzung, sorgen f\u00fcr gleichm\u00e4\u00dfige und ruhige Umdrehungen des Poliertellers. Auf dem W\u00fcrfel k\u00f6nnen alle Arten von Schleif- und Poliertuchtr\u00e4gern montiert werden: nicht klebende, selbstklebende, PRESI-Reflex Systeme und magnetische Tr\u00e4gersysteme.\" \/>\n<meta property=\"og:url\" content=\"https:\/\/www.presi.com\/de\/produkt\/le-cube\/\" \/>\n<meta property=\"og:site_name\" content=\"Presi\" \/>\n<meta property=\"article:modified_time\" content=\"2020-03-05T09:24:04+00:00\" \/>\n<meta property=\"og:image\" content=\"https:\/\/www.presi.com\/wp-content\/uploads\/2019\/06\/lecube-presi.png\" \/>\n\t<meta property=\"og:image:width\" content=\"595\" \/>\n\t<meta property=\"og:image:height\" content=\"595\" \/>\n\t<meta property=\"og:image:type\" content=\"image\/png\" \/>\n<meta name=\"twitter:card\" content=\"summary_large_image\" \/>\n<script type=\"application\/ld+json\" class=\"yoast-schema-graph\">{\"@context\":\"https:\/\/schema.org\",\"@graph\":[{\"@type\":\"WebPage\",\"@id\":\"https:\/\/www.presi.com\/de\/produkt\/le-cube\/\",\"url\":\"https:\/\/www.presi.com\/de\/produkt\/le-cube\/\",\"name\":\"Le Cube - Presi\",\"isPartOf\":{\"@id\":\"https:\/\/www.presi.com\/en\/#website\"},\"primaryImageOfPage\":{\"@id\":\"https:\/\/www.presi.com\/de\/produkt\/le-cube\/#primaryimage\"},\"image\":{\"@id\":\"https:\/\/www.presi.com\/de\/produkt\/le-cube\/#primaryimage\"},\"thumbnailUrl\":\"https:\/\/www.presi.com\/wp-content\/uploads\/2019\/06\/lecube-presi.png\",\"datePublished\":\"2019-06-21T10:51:07+00:00\",\"dateModified\":\"2020-03-05T09:24:04+00:00\",\"breadcrumb\":{\"@id\":\"https:\/\/www.presi.com\/de\/produkt\/le-cube\/#breadcrumb\"},\"inLanguage\":\"de\",\"potentialAction\":[{\"@type\":\"ReadAction\",\"target\":[\"https:\/\/www.presi.com\/de\/produkt\/le-cube\/\"]}]},{\"@type\":\"ImageObject\",\"inLanguage\":\"de\",\"@id\":\"https:\/\/www.presi.com\/de\/produkt\/le-cube\/#primaryimage\",\"url\":\"https:\/\/www.presi.com\/wp-content\/uploads\/2019\/06\/lecube-presi.png\",\"contentUrl\":\"https:\/\/www.presi.com\/wp-content\/uploads\/2019\/06\/lecube-presi.png\",\"width\":595,\"height\":595},{\"@type\":\"BreadcrumbList\",\"@id\":\"https:\/\/www.presi.com\/de\/produkt\/le-cube\/#breadcrumb\",\"itemListElement\":[{\"@type\":\"ListItem\",\"position\":1,\"name\":\"Accueil\",\"item\":\"https:\/\/www.presi.com\/de\/\"},{\"@type\":\"ListItem\",\"position\":2,\"name\":\"Gesch\u00e4ft\",\"item\":\"https:\/\/www.presi.com\/de\/geschaeft\/\"},{\"@type\":\"ListItem\",\"position\":3,\"name\":\"Le Cube\"}]},{\"@type\":\"WebSite\",\"@id\":\"https:\/\/www.presi.com\/en\/#website\",\"url\":\"https:\/\/www.presi.com\/en\/\",\"name\":\"Presi\",\"description\":\"M\u00e9tallographie - Machines pour analyse micrographique\",\"potentialAction\":[{\"@type\":\"SearchAction\",\"target\":{\"@type\":\"EntryPoint\",\"urlTemplate\":\"https:\/\/www.presi.com\/en\/?s={search_term_string}\"},\"query-input\":{\"@type\":\"PropertyValueSpecification\",\"valueRequired\":true,\"valueName\":\"search_term_string\"}}],\"inLanguage\":\"de\"}]}<\/script>\n<!-- \/ Yoast SEO plugin. -->","yoast_head_json":{"title":"Le Cube - Presi","robots":{"index":"index","follow":"follow","max-snippet":"max-snippet:-1","max-image-preview":"max-image-preview:large","max-video-preview":"max-video-preview:-1"},"canonical":"https:\/\/www.presi.com\/de\/produkt\/le-cube\/","og_locale":"de_DE","og_type":"article","og_title":"Le Cube - Presi","og_description":"Die passende L\u00f6sung f\u00fcr einfache Schleif- und Poliervorg\u00e4nge. Die manuelle Schleif- und Poliermaschine Le Cube f\u00fcr Arbeitsscheibendurchmesser von 200mm und 250mm. Durch die einfache aber zuverl\u00e4ssige und robuste Bauweise der ideale Partner f\u00fcr Labore, Schulen und Forschungszentren. Der Antriebsmotor hat ein hohes Drehmoment und ist deshalb auch f\u00fcr hohe Anpressdr\u00fccke geeignet. Man kann die Drehrichtung des Poliertellers und die Drehzahl ausw\u00e4hlen (150 300 U\/min). Eine optimale Benetzung der Schleifscheiben mit Wasser, wird durch ein Berieselungssystem mit D\u00fcsen gew\u00e4hrleistet. Die herausnehmbaren Polierteller und der klappbare Deckel des Polierraumes, erm\u00f6glichen eine einfache Wartung des Ger\u00e4tes und sch\u00fctzen besonders Poliert\u00fccher vor Verschmutzung. Die Lagerung der Spindel mit der direkten \u00dcbersetzung, sorgen f\u00fcr gleichm\u00e4\u00dfige und ruhige Umdrehungen des Poliertellers. Auf dem W\u00fcrfel k\u00f6nnen alle Arten von Schleif- und Poliertuchtr\u00e4gern montiert werden: nicht klebende, selbstklebende, PRESI-Reflex Systeme und magnetische Tr\u00e4gersysteme.","og_url":"https:\/\/www.presi.com\/de\/produkt\/le-cube\/","og_site_name":"Presi","article_modified_time":"2020-03-05T09:24:04+00:00","og_image":[{"width":595,"height":595,"url":"https:\/\/www.presi.com\/wp-content\/uploads\/2019\/06\/lecube-presi.png","type":"image\/png"}],"twitter_card":"summary_large_image","schema":{"@context":"https:\/\/schema.org","@graph":[{"@type":"WebPage","@id":"https:\/\/www.presi.com\/de\/produkt\/le-cube\/","url":"https:\/\/www.presi.com\/de\/produkt\/le-cube\/","name":"Le Cube - Presi","isPartOf":{"@id":"https:\/\/www.presi.com\/en\/#website"},"primaryImageOfPage":{"@id":"https:\/\/www.presi.com\/de\/produkt\/le-cube\/#primaryimage"},"image":{"@id":"https:\/\/www.presi.com\/de\/produkt\/le-cube\/#primaryimage"},"thumbnailUrl":"https:\/\/www.presi.com\/wp-content\/uploads\/2019\/06\/lecube-presi.png","datePublished":"2019-06-21T10:51:07+00:00","dateModified":"2020-03-05T09:24:04+00:00","breadcrumb":{"@id":"https:\/\/www.presi.com\/de\/produkt\/le-cube\/#breadcrumb"},"inLanguage":"de","potentialAction":[{"@type":"ReadAction","target":["https:\/\/www.presi.com\/de\/produkt\/le-cube\/"]}]},{"@type":"ImageObject","inLanguage":"de","@id":"https:\/\/www.presi.com\/de\/produkt\/le-cube\/#primaryimage","url":"https:\/\/www.presi.com\/wp-content\/uploads\/2019\/06\/lecube-presi.png","contentUrl":"https:\/\/www.presi.com\/wp-content\/uploads\/2019\/06\/lecube-presi.png","width":595,"height":595},{"@type":"BreadcrumbList","@id":"https:\/\/www.presi.com\/de\/produkt\/le-cube\/#breadcrumb","itemListElement":[{"@type":"ListItem","position":1,"name":"Accueil","item":"https:\/\/www.presi.com\/de\/"},{"@type":"ListItem","position":2,"name":"Gesch\u00e4ft","item":"https:\/\/www.presi.com\/de\/geschaeft\/"},{"@type":"ListItem","position":3,"name":"Le Cube"}]},{"@type":"WebSite","@id":"https:\/\/www.presi.com\/en\/#website","url":"https:\/\/www.presi.com\/en\/","name":"Presi","description":"M\u00e9tallographie - Machines pour analyse micrographique","potentialAction":[{"@type":"SearchAction","target":{"@type":"EntryPoint","urlTemplate":"https:\/\/www.presi.com\/en\/?s={search_term_string}"},"query-input":{"@type":"PropertyValueSpecification","valueRequired":true,"valueName":"search_term_string"}}],"inLanguage":"de"}]}},"_links":{"self":[{"href":"https:\/\/www.presi.com\/de\/wp-json\/wp\/v2\/product\/20072","targetHints":{"allow":["GET"]}}],"collection":[{"href":"https:\/\/www.presi.com\/de\/wp-json\/wp\/v2\/product"}],"about":[{"href":"https:\/\/www.presi.com\/de\/wp-json\/wp\/v2\/types\/product"}],"wp:featuredmedia":[{"embeddable":true,"href":"https:\/\/www.presi.com\/de\/wp-json\/wp\/v2\/media\/25713"}],"wp:attachment":[{"href":"https:\/\/www.presi.com\/de\/wp-json\/wp\/v2\/media?parent=20072"}],"wp:term":[{"taxonomy":"product_brand","embeddable":true,"href":"https:\/\/www.presi.com\/de\/wp-json\/wp\/v2\/product_brand?post=20072"},{"taxonomy":"product_cat","embeddable":true,"href":"https:\/\/www.presi.com\/de\/wp-json\/wp\/v2\/product_cat?post=20072"},{"taxonomy":"product_tag","embeddable":true,"href":"https:\/\/www.presi.com\/de\/wp-json\/wp\/v2\/product_tag?post=20072"}],"curies":[{"name":"wp","href":"https:\/\/api.w.org\/{rel}","templated":true}]}}