{"id":20076,"date":"2019-06-20T15:10:21","date_gmt":"2019-06-21T10:51:33","guid":{"rendered":"http:\/\/presi.com\/produit\/alimentation-electrolytique\/"},"modified":"2020-01-14T09:15:17","modified_gmt":"2020-01-14T08:15:17","slug":"alimentation-electrolytique","status":"publish","type":"product","link":"https:\/\/www.presi.com\/de\/produkt\/alimentation-electrolytique\/","title":{"rendered":"Netzteil\/Steuereinheit f\u00fcr Polisec 25"},"content":{"rendered":"","protected":false},"excerpt":{"rendered":"<p>\u2022   Eingang 230V AC, 50 oder 60 Hz.<br \/>\n\u2022   Ausgangsspannung einstellbar von 0 bis 100 Volt, mit Digitalvoltmeter.<br \/>\n\u2022   SPS-Steuerung zum Programmieren des Polier- und \u00c4tzvorgangs.<br \/>\n\u2022   2 Timer f\u00fcr das Polieren und das \u00c4tzen.<br \/>\n\u2022   Ausgang an der R\u00fcckseite f\u00fcr die Zelle und Ausgang an der Vorderseite f\u00fcr die Arbeit mit der Stromzange bzw. Krokodilklemme.<br \/>\n\u2022   Programmierbarer Start und regelbare Durchflussmenge der Elektrolytfl\u00fcssigkeit.<\/p>\n","protected":false},"featured_media":23240,"template":"","meta":{"_acf_changed":false},"product_brand":[],"product_cat":[1484],"product_tag":[],"class_list":{"0":"post-20076","1":"product","2":"type-product","3":"status-publish","4":"has-post-thumbnail","6":"product_cat-weitere-schleif-und-poliergerate-de","8":"first","9":"instock","10":"purchasable","11":"product-type-simple"},"acf":[],"yoast_head":"<!-- This site is optimized with the Yoast SEO plugin v27.5 - https:\/\/yoast.com\/product\/yoast-seo-wordpress\/ -->\n<title>Netzteil\/Steuereinheit f\u00fcr Polisec 25 - Presi<\/title>\n<meta name=\"robots\" content=\"index, follow, max-snippet:-1, max-image-preview:large, max-video-preview:-1\" \/>\n<link rel=\"canonical\" href=\"https:\/\/www.presi.com\/de\/produkt\/alimentation-electrolytique\/\" \/>\n<meta property=\"og:locale\" content=\"de_DE\" \/>\n<meta property=\"og:type\" content=\"article\" \/>\n<meta property=\"og:title\" content=\"Netzteil\/Steuereinheit f\u00fcr Polisec 25 - Presi\" \/>\n<meta property=\"og:description\" content=\"\u2022  Eingang 230V AC, 50 oder 60 Hz. \u2022  Ausgangsspannung einstellbar von 0 bis 100 Volt, mit Digitalvoltmeter. \u2022  SPS-Steuerung zum Programmieren des Polier- und \u00c4tzvorgangs. \u2022  2 Timer f\u00fcr das Polieren und das \u00c4tzen. \u2022  Ausgang an der R\u00fcckseite f\u00fcr die Zelle und Ausgang an der Vorderseite f\u00fcr die Arbeit mit der Stromzange bzw. Krokodilklemme. \u2022  Programmierbarer Start und regelbare Durchflussmenge der Elektrolytfl\u00fcssigkeit.\" \/>\n<meta property=\"og:url\" content=\"https:\/\/www.presi.com\/de\/produkt\/alimentation-electrolytique\/\" \/>\n<meta property=\"og:site_name\" content=\"Presi\" \/>\n<meta property=\"article:modified_time\" content=\"2020-01-14T08:15:17+00:00\" \/>\n<meta property=\"og:image\" content=\"https:\/\/www.presi.com\/wp-content\/uploads\/2019\/06\/alimentation-electrolytique-presi.png\" \/>\n\t<meta property=\"og:image:width\" content=\"600\" \/>\n\t<meta property=\"og:image:height\" content=\"600\" \/>\n\t<meta property=\"og:image:type\" content=\"image\/png\" \/>\n<meta name=\"twitter:card\" content=\"summary_large_image\" \/>\n<script type=\"application\/ld+json\" class=\"yoast-schema-graph\">{\"@context\":\"https:\\\/\\\/schema.org\",\"@graph\":[{\"@type\":\"WebPage\",\"@id\":\"https:\\\/\\\/www.presi.com\\\/de\\\/produkt\\\/alimentation-electrolytique\\\/\",\"url\":\"https:\\\/\\\/www.presi.com\\\/de\\\/produkt\\\/alimentation-electrolytique\\\/\",\"name\":\"Netzteil\\\/Steuereinheit f\u00fcr Polisec 25 - Presi\",\"isPartOf\":{\"@id\":\"https:\\\/\\\/www.presi.com\\\/en\\\/#website\"},\"primaryImageOfPage\":{\"@id\":\"https:\\\/\\\/www.presi.com\\\/de\\\/produkt\\\/alimentation-electrolytique\\\/#primaryimage\"},\"image\":{\"@id\":\"https:\\\/\\\/www.presi.com\\\/de\\\/produkt\\\/alimentation-electrolytique\\\/#primaryimage\"},\"thumbnailUrl\":\"https:\\\/\\\/www.presi.com\\\/wp-content\\\/uploads\\\/2019\\\/06\\\/alimentation-electrolytique-presi.png\",\"datePublished\":\"2019-06-21T10:51:33+00:00\",\"dateModified\":\"2020-01-14T08:15:17+00:00\",\"breadcrumb\":{\"@id\":\"https:\\\/\\\/www.presi.com\\\/de\\\/produkt\\\/alimentation-electrolytique\\\/#breadcrumb\"},\"inLanguage\":\"de\",\"potentialAction\":[{\"@type\":\"ReadAction\",\"target\":[\"https:\\\/\\\/www.presi.com\\\/de\\\/produkt\\\/alimentation-electrolytique\\\/\"]}]},{\"@type\":\"ImageObject\",\"inLanguage\":\"de\",\"@id\":\"https:\\\/\\\/www.presi.com\\\/de\\\/produkt\\\/alimentation-electrolytique\\\/#primaryimage\",\"url\":\"https:\\\/\\\/www.presi.com\\\/wp-content\\\/uploads\\\/2019\\\/06\\\/alimentation-electrolytique-presi.png\",\"contentUrl\":\"https:\\\/\\\/www.presi.com\\\/wp-content\\\/uploads\\\/2019\\\/06\\\/alimentation-electrolytique-presi.png\",\"width\":600,\"height\":600},{\"@type\":\"BreadcrumbList\",\"@id\":\"https:\\\/\\\/www.presi.com\\\/de\\\/produkt\\\/alimentation-electrolytique\\\/#breadcrumb\",\"itemListElement\":[{\"@type\":\"ListItem\",\"position\":1,\"name\":\"Accueil\",\"item\":\"https:\\\/\\\/www.presi.com\\\/de\\\/\"},{\"@type\":\"ListItem\",\"position\":2,\"name\":\"Gesch\u00e4ft\",\"item\":\"https:\\\/\\\/www.presi.com\\\/de\\\/geschaeft\\\/\"},{\"@type\":\"ListItem\",\"position\":3,\"name\":\"Netzteil\\\/Steuereinheit f\u00fcr Polisec 25\"}]},{\"@type\":\"WebSite\",\"@id\":\"https:\\\/\\\/www.presi.com\\\/en\\\/#website\",\"url\":\"https:\\\/\\\/www.presi.com\\\/en\\\/\",\"name\":\"Presi\",\"description\":\"M\u00e9tallographie - Machines pour analyse micrographique\",\"potentialAction\":[{\"@type\":\"SearchAction\",\"target\":{\"@type\":\"EntryPoint\",\"urlTemplate\":\"https:\\\/\\\/www.presi.com\\\/en\\\/?s={search_term_string}\"},\"query-input\":{\"@type\":\"PropertyValueSpecification\",\"valueRequired\":true,\"valueName\":\"search_term_string\"}}],\"inLanguage\":\"de\"}]}<\/script>\n<!-- \/ Yoast SEO plugin. -->","yoast_head_json":{"title":"Netzteil\/Steuereinheit f\u00fcr Polisec 25 - Presi","robots":{"index":"index","follow":"follow","max-snippet":"max-snippet:-1","max-image-preview":"max-image-preview:large","max-video-preview":"max-video-preview:-1"},"canonical":"https:\/\/www.presi.com\/de\/produkt\/alimentation-electrolytique\/","og_locale":"de_DE","og_type":"article","og_title":"Netzteil\/Steuereinheit f\u00fcr Polisec 25 - Presi","og_description":"\u2022  Eingang 230V AC, 50 oder 60 Hz. \u2022  Ausgangsspannung einstellbar von 0 bis 100 Volt, mit Digitalvoltmeter. \u2022  SPS-Steuerung zum Programmieren des Polier- und \u00c4tzvorgangs. \u2022  2 Timer f\u00fcr das Polieren und das \u00c4tzen. \u2022  Ausgang an der R\u00fcckseite f\u00fcr die Zelle und Ausgang an der Vorderseite f\u00fcr die Arbeit mit der Stromzange bzw. Krokodilklemme. \u2022  Programmierbarer Start und regelbare Durchflussmenge der Elektrolytfl\u00fcssigkeit.","og_url":"https:\/\/www.presi.com\/de\/produkt\/alimentation-electrolytique\/","og_site_name":"Presi","article_modified_time":"2020-01-14T08:15:17+00:00","og_image":[{"width":600,"height":600,"url":"https:\/\/www.presi.com\/wp-content\/uploads\/2019\/06\/alimentation-electrolytique-presi.png","type":"image\/png"}],"twitter_card":"summary_large_image","schema":{"@context":"https:\/\/schema.org","@graph":[{"@type":"WebPage","@id":"https:\/\/www.presi.com\/de\/produkt\/alimentation-electrolytique\/","url":"https:\/\/www.presi.com\/de\/produkt\/alimentation-electrolytique\/","name":"Netzteil\/Steuereinheit f\u00fcr Polisec 25 - Presi","isPartOf":{"@id":"https:\/\/www.presi.com\/en\/#website"},"primaryImageOfPage":{"@id":"https:\/\/www.presi.com\/de\/produkt\/alimentation-electrolytique\/#primaryimage"},"image":{"@id":"https:\/\/www.presi.com\/de\/produkt\/alimentation-electrolytique\/#primaryimage"},"thumbnailUrl":"https:\/\/www.presi.com\/wp-content\/uploads\/2019\/06\/alimentation-electrolytique-presi.png","datePublished":"2019-06-21T10:51:33+00:00","dateModified":"2020-01-14T08:15:17+00:00","breadcrumb":{"@id":"https:\/\/www.presi.com\/de\/produkt\/alimentation-electrolytique\/#breadcrumb"},"inLanguage":"de","potentialAction":[{"@type":"ReadAction","target":["https:\/\/www.presi.com\/de\/produkt\/alimentation-electrolytique\/"]}]},{"@type":"ImageObject","inLanguage":"de","@id":"https:\/\/www.presi.com\/de\/produkt\/alimentation-electrolytique\/#primaryimage","url":"https:\/\/www.presi.com\/wp-content\/uploads\/2019\/06\/alimentation-electrolytique-presi.png","contentUrl":"https:\/\/www.presi.com\/wp-content\/uploads\/2019\/06\/alimentation-electrolytique-presi.png","width":600,"height":600},{"@type":"BreadcrumbList","@id":"https:\/\/www.presi.com\/de\/produkt\/alimentation-electrolytique\/#breadcrumb","itemListElement":[{"@type":"ListItem","position":1,"name":"Accueil","item":"https:\/\/www.presi.com\/de\/"},{"@type":"ListItem","position":2,"name":"Gesch\u00e4ft","item":"https:\/\/www.presi.com\/de\/geschaeft\/"},{"@type":"ListItem","position":3,"name":"Netzteil\/Steuereinheit f\u00fcr Polisec 25"}]},{"@type":"WebSite","@id":"https:\/\/www.presi.com\/en\/#website","url":"https:\/\/www.presi.com\/en\/","name":"Presi","description":"M\u00e9tallographie - Machines pour analyse micrographique","potentialAction":[{"@type":"SearchAction","target":{"@type":"EntryPoint","urlTemplate":"https:\/\/www.presi.com\/en\/?s={search_term_string}"},"query-input":{"@type":"PropertyValueSpecification","valueRequired":true,"valueName":"search_term_string"}}],"inLanguage":"de"}]}},"_links":{"self":[{"href":"https:\/\/www.presi.com\/de\/wp-json\/wp\/v2\/product\/20076","targetHints":{"allow":["GET"]}}],"collection":[{"href":"https:\/\/www.presi.com\/de\/wp-json\/wp\/v2\/product"}],"about":[{"href":"https:\/\/www.presi.com\/de\/wp-json\/wp\/v2\/types\/product"}],"wp:featuredmedia":[{"embeddable":true,"href":"https:\/\/www.presi.com\/de\/wp-json\/wp\/v2\/media\/23240"}],"wp:attachment":[{"href":"https:\/\/www.presi.com\/de\/wp-json\/wp\/v2\/media?parent=20076"}],"wp:term":[{"taxonomy":"product_brand","embeddable":true,"href":"https:\/\/www.presi.com\/de\/wp-json\/wp\/v2\/product_brand?post=20076"},{"taxonomy":"product_cat","embeddable":true,"href":"https:\/\/www.presi.com\/de\/wp-json\/wp\/v2\/product_cat?post=20076"},{"taxonomy":"product_tag","embeddable":true,"href":"https:\/\/www.presi.com\/de\/wp-json\/wp\/v2\/product_tag?post=20076"}],"curies":[{"name":"wp","href":"https:\/\/api.w.org\/{rel}","templated":true}]}}