{"id":20077,"date":"2019-06-20T15:10:21","date_gmt":"2019-06-21T10:51:33","guid":{"rendered":"http:\/\/presi.com\/produit\/electer-evolution\/"},"modified":"2020-01-14T09:15:08","modified_gmt":"2020-01-14T08:15:08","slug":"tragbares-schleif-und-poliergeraet","status":"publish","type":"product","link":"https:\/\/www.presi.com\/de\/produkt\/tragbares-schleif-und-poliergeraet\/","title":{"rendered":"Tragbares Schleif- und Polierger\u00e4t"},"content":{"rendered":"","protected":false},"excerpt":{"rendered":"<p>Tragbares Ger\u00e4t zum mechanischen Schleifen und Polieren vor Ort. Der ELECTER EVOLUTION ist ideal f\u00fcr die Vorbereitung von Oberfl\u00e4chen vor dem chemischen \u00c4tzen oder Polieren und dem elektrolytischen \u00c4tzen.<br \/>\n\u2022 Stabiler Transportkoffer<br \/>\n\u2022 Elektronische Geschwindigkeitsregelung<br \/>\n\u2022 2 Ausg\u00e4nge f\u00fcr den Motoranschluss<br \/>\n\u2022 Wahl der Drehrichtung<br \/>\n\u2022 Drehmomentmotor 1500 bis 25000 U\/min<br \/>\n\u2022 Drehgeschw. reduzierung auf 1\/4 daf\u00fcr 4 faches Drehmoment<br \/>\n\u2022 Werkzeughalter mit 90 \u00b0<br \/>\n\u2022 Spannung: 230 Volt<\/p>\n","protected":false},"featured_media":23236,"template":"","meta":{"_acf_changed":false},"product_brand":[],"product_cat":[1481,1426,1484],"product_tag":[],"class_list":{"0":"post-20077","1":"product","2":"type-product","3":"status-publish","4":"has-post-thumbnail","6":"product_cat-polieren-maschinen","7":"product_cat-schleifen-u-polieren","8":"product_cat-weitere-schleif-und-poliergerate-de","10":"first","11":"instock","12":"purchasable","13":"product-type-simple"},"acf":[],"yoast_head":"<!-- This site is optimized with the Yoast SEO plugin v27.5 - https:\/\/yoast.com\/product\/yoast-seo-wordpress\/ -->\n<title>Tragbares Schleif- und Polierger\u00e4t - Presi<\/title>\n<meta name=\"robots\" content=\"index, follow, max-snippet:-1, max-image-preview:large, max-video-preview:-1\" \/>\n<link rel=\"canonical\" href=\"https:\/\/www.presi.com\/de\/produkt\/tragbares-schleif-und-poliergeraet\/\" \/>\n<meta property=\"og:locale\" content=\"de_DE\" \/>\n<meta property=\"og:type\" content=\"article\" \/>\n<meta property=\"og:title\" content=\"Tragbares Schleif- und Polierger\u00e4t - Presi\" \/>\n<meta property=\"og:description\" content=\"Tragbares Ger\u00e4t zum mechanischen Schleifen und Polieren vor Ort. Der ELECTER EVOLUTION ist ideal f\u00fcr die Vorbereitung von Oberfl\u00e4chen vor dem chemischen \u00c4tzen oder Polieren und dem elektrolytischen \u00c4tzen. \u2022 Stabiler Transportkoffer \u2022 Elektronische Geschwindigkeitsregelung \u2022 2 Ausg\u00e4nge f\u00fcr den Motoranschluss \u2022 Wahl der Drehrichtung \u2022 Drehmomentmotor 1500 bis 25000 U\/min \u2022 Drehgeschw. reduzierung auf 1\/4 daf\u00fcr 4 faches Drehmoment \u2022 Werkzeughalter mit 90 \u00b0 \u2022 Spannung: 230 Volt\" \/>\n<meta property=\"og:url\" content=\"https:\/\/www.presi.com\/de\/produkt\/tragbares-schleif-und-poliergeraet\/\" \/>\n<meta property=\"og:site_name\" content=\"Presi\" \/>\n<meta property=\"article:modified_time\" content=\"2020-01-14T08:15:08+00:00\" \/>\n<meta property=\"og:image\" content=\"https:\/\/www.presi.com\/wp-content\/uploads\/2019\/06\/electer-evolution-presi.png\" \/>\n\t<meta property=\"og:image:width\" content=\"600\" \/>\n\t<meta property=\"og:image:height\" content=\"600\" \/>\n\t<meta property=\"og:image:type\" content=\"image\/png\" \/>\n<meta name=\"twitter:card\" content=\"summary_large_image\" \/>\n<script type=\"application\/ld+json\" class=\"yoast-schema-graph\">{\"@context\":\"https:\\\/\\\/schema.org\",\"@graph\":[{\"@type\":\"WebPage\",\"@id\":\"https:\\\/\\\/www.presi.com\\\/de\\\/produkt\\\/tragbares-schleif-und-poliergeraet\\\/\",\"url\":\"https:\\\/\\\/www.presi.com\\\/de\\\/produkt\\\/tragbares-schleif-und-poliergeraet\\\/\",\"name\":\"Tragbares Schleif- und Polierger\u00e4t - Presi\",\"isPartOf\":{\"@id\":\"https:\\\/\\\/www.presi.com\\\/en\\\/#website\"},\"primaryImageOfPage\":{\"@id\":\"https:\\\/\\\/www.presi.com\\\/de\\\/produkt\\\/tragbares-schleif-und-poliergeraet\\\/#primaryimage\"},\"image\":{\"@id\":\"https:\\\/\\\/www.presi.com\\\/de\\\/produkt\\\/tragbares-schleif-und-poliergeraet\\\/#primaryimage\"},\"thumbnailUrl\":\"https:\\\/\\\/www.presi.com\\\/wp-content\\\/uploads\\\/2019\\\/06\\\/electer-evolution-presi.png\",\"datePublished\":\"2019-06-21T10:51:33+00:00\",\"dateModified\":\"2020-01-14T08:15:08+00:00\",\"breadcrumb\":{\"@id\":\"https:\\\/\\\/www.presi.com\\\/de\\\/produkt\\\/tragbares-schleif-und-poliergeraet\\\/#breadcrumb\"},\"inLanguage\":\"de\",\"potentialAction\":[{\"@type\":\"ReadAction\",\"target\":[\"https:\\\/\\\/www.presi.com\\\/de\\\/produkt\\\/tragbares-schleif-und-poliergeraet\\\/\"]}]},{\"@type\":\"ImageObject\",\"inLanguage\":\"de\",\"@id\":\"https:\\\/\\\/www.presi.com\\\/de\\\/produkt\\\/tragbares-schleif-und-poliergeraet\\\/#primaryimage\",\"url\":\"https:\\\/\\\/www.presi.com\\\/wp-content\\\/uploads\\\/2019\\\/06\\\/electer-evolution-presi.png\",\"contentUrl\":\"https:\\\/\\\/www.presi.com\\\/wp-content\\\/uploads\\\/2019\\\/06\\\/electer-evolution-presi.png\",\"width\":600,\"height\":600},{\"@type\":\"BreadcrumbList\",\"@id\":\"https:\\\/\\\/www.presi.com\\\/de\\\/produkt\\\/tragbares-schleif-und-poliergeraet\\\/#breadcrumb\",\"itemListElement\":[{\"@type\":\"ListItem\",\"position\":1,\"name\":\"Accueil\",\"item\":\"https:\\\/\\\/www.presi.com\\\/de\\\/\"},{\"@type\":\"ListItem\",\"position\":2,\"name\":\"Gesch\u00e4ft\",\"item\":\"https:\\\/\\\/www.presi.com\\\/de\\\/geschaeft\\\/\"},{\"@type\":\"ListItem\",\"position\":3,\"name\":\"Tragbares Schleif- und Polierger\u00e4t\"}]},{\"@type\":\"WebSite\",\"@id\":\"https:\\\/\\\/www.presi.com\\\/en\\\/#website\",\"url\":\"https:\\\/\\\/www.presi.com\\\/en\\\/\",\"name\":\"Presi\",\"description\":\"M\u00e9tallographie - Machines pour analyse micrographique\",\"potentialAction\":[{\"@type\":\"SearchAction\",\"target\":{\"@type\":\"EntryPoint\",\"urlTemplate\":\"https:\\\/\\\/www.presi.com\\\/en\\\/?s={search_term_string}\"},\"query-input\":{\"@type\":\"PropertyValueSpecification\",\"valueRequired\":true,\"valueName\":\"search_term_string\"}}],\"inLanguage\":\"de\"}]}<\/script>\n<!-- \/ Yoast SEO plugin. -->","yoast_head_json":{"title":"Tragbares Schleif- und Polierger\u00e4t - Presi","robots":{"index":"index","follow":"follow","max-snippet":"max-snippet:-1","max-image-preview":"max-image-preview:large","max-video-preview":"max-video-preview:-1"},"canonical":"https:\/\/www.presi.com\/de\/produkt\/tragbares-schleif-und-poliergeraet\/","og_locale":"de_DE","og_type":"article","og_title":"Tragbares Schleif- und Polierger\u00e4t - Presi","og_description":"Tragbares Ger\u00e4t zum mechanischen Schleifen und Polieren vor Ort. Der ELECTER EVOLUTION ist ideal f\u00fcr die Vorbereitung von Oberfl\u00e4chen vor dem chemischen \u00c4tzen oder Polieren und dem elektrolytischen \u00c4tzen. \u2022 Stabiler Transportkoffer \u2022 Elektronische Geschwindigkeitsregelung \u2022 2 Ausg\u00e4nge f\u00fcr den Motoranschluss \u2022 Wahl der Drehrichtung \u2022 Drehmomentmotor 1500 bis 25000 U\/min \u2022 Drehgeschw. reduzierung auf 1\/4 daf\u00fcr 4 faches Drehmoment \u2022 Werkzeughalter mit 90 \u00b0 \u2022 Spannung: 230 Volt","og_url":"https:\/\/www.presi.com\/de\/produkt\/tragbares-schleif-und-poliergeraet\/","og_site_name":"Presi","article_modified_time":"2020-01-14T08:15:08+00:00","og_image":[{"width":600,"height":600,"url":"https:\/\/www.presi.com\/wp-content\/uploads\/2019\/06\/electer-evolution-presi.png","type":"image\/png"}],"twitter_card":"summary_large_image","schema":{"@context":"https:\/\/schema.org","@graph":[{"@type":"WebPage","@id":"https:\/\/www.presi.com\/de\/produkt\/tragbares-schleif-und-poliergeraet\/","url":"https:\/\/www.presi.com\/de\/produkt\/tragbares-schleif-und-poliergeraet\/","name":"Tragbares Schleif- und Polierger\u00e4t - Presi","isPartOf":{"@id":"https:\/\/www.presi.com\/en\/#website"},"primaryImageOfPage":{"@id":"https:\/\/www.presi.com\/de\/produkt\/tragbares-schleif-und-poliergeraet\/#primaryimage"},"image":{"@id":"https:\/\/www.presi.com\/de\/produkt\/tragbares-schleif-und-poliergeraet\/#primaryimage"},"thumbnailUrl":"https:\/\/www.presi.com\/wp-content\/uploads\/2019\/06\/electer-evolution-presi.png","datePublished":"2019-06-21T10:51:33+00:00","dateModified":"2020-01-14T08:15:08+00:00","breadcrumb":{"@id":"https:\/\/www.presi.com\/de\/produkt\/tragbares-schleif-und-poliergeraet\/#breadcrumb"},"inLanguage":"de","potentialAction":[{"@type":"ReadAction","target":["https:\/\/www.presi.com\/de\/produkt\/tragbares-schleif-und-poliergeraet\/"]}]},{"@type":"ImageObject","inLanguage":"de","@id":"https:\/\/www.presi.com\/de\/produkt\/tragbares-schleif-und-poliergeraet\/#primaryimage","url":"https:\/\/www.presi.com\/wp-content\/uploads\/2019\/06\/electer-evolution-presi.png","contentUrl":"https:\/\/www.presi.com\/wp-content\/uploads\/2019\/06\/electer-evolution-presi.png","width":600,"height":600},{"@type":"BreadcrumbList","@id":"https:\/\/www.presi.com\/de\/produkt\/tragbares-schleif-und-poliergeraet\/#breadcrumb","itemListElement":[{"@type":"ListItem","position":1,"name":"Accueil","item":"https:\/\/www.presi.com\/de\/"},{"@type":"ListItem","position":2,"name":"Gesch\u00e4ft","item":"https:\/\/www.presi.com\/de\/geschaeft\/"},{"@type":"ListItem","position":3,"name":"Tragbares Schleif- und Polierger\u00e4t"}]},{"@type":"WebSite","@id":"https:\/\/www.presi.com\/en\/#website","url":"https:\/\/www.presi.com\/en\/","name":"Presi","description":"M\u00e9tallographie - Machines pour analyse micrographique","potentialAction":[{"@type":"SearchAction","target":{"@type":"EntryPoint","urlTemplate":"https:\/\/www.presi.com\/en\/?s={search_term_string}"},"query-input":{"@type":"PropertyValueSpecification","valueRequired":true,"valueName":"search_term_string"}}],"inLanguage":"de"}]}},"_links":{"self":[{"href":"https:\/\/www.presi.com\/de\/wp-json\/wp\/v2\/product\/20077","targetHints":{"allow":["GET"]}}],"collection":[{"href":"https:\/\/www.presi.com\/de\/wp-json\/wp\/v2\/product"}],"about":[{"href":"https:\/\/www.presi.com\/de\/wp-json\/wp\/v2\/types\/product"}],"wp:featuredmedia":[{"embeddable":true,"href":"https:\/\/www.presi.com\/de\/wp-json\/wp\/v2\/media\/23236"}],"wp:attachment":[{"href":"https:\/\/www.presi.com\/de\/wp-json\/wp\/v2\/media?parent=20077"}],"wp:term":[{"taxonomy":"product_brand","embeddable":true,"href":"https:\/\/www.presi.com\/de\/wp-json\/wp\/v2\/product_brand?post=20077"},{"taxonomy":"product_cat","embeddable":true,"href":"https:\/\/www.presi.com\/de\/wp-json\/wp\/v2\/product_cat?post=20077"},{"taxonomy":"product_tag","embeddable":true,"href":"https:\/\/www.presi.com\/de\/wp-json\/wp\/v2\/product_tag?post=20077"}],"curies":[{"name":"wp","href":"https:\/\/api.w.org\/{rel}","templated":true}]}}