{"id":20122,"date":"2019-06-20T15:11:50","date_gmt":"2019-06-21T10:56:14","guid":{"rendered":"http:\/\/presi.com\/produit\/bague-de-reduction-o-50-mm-a-o-25-4-mm\/"},"modified":"2019-08-05T14:55:52","modified_gmt":"2019-08-05T12:55:52","slug":"bague-de-reduction-o-50-mm-a-o-25-4-mm","status":"publish","type":"product","link":"https:\/\/www.presi.com\/de\/produkt\/bague-de-reduction-o-50-mm-a-o-25-4-mm\/","title":{"rendered":"Reduzierringe f\u00fcr Probenhalter, \u2300 50 auf 25,4 mm"},"content":{"rendered":"","protected":false},"excerpt":{"rendered":"","protected":false},"featured_media":5322,"template":"","meta":{"_acf_changed":false},"product_brand":[],"product_cat":[1432,1426,1428],"product_tag":[],"class_list":{"0":"post-20122","1":"product","2":"type-product","3":"status-publish","4":"has-post-thumbnail","6":"product_cat-probenhalter-und-reduzierringe","7":"product_cat-schleifen-u-polieren","8":"product_cat-polieren-zubehor","9":"pa_type-daccessoire-polissage-reduzierringe","11":"first","12":"instock","13":"purchasable","14":"product-type-simple"},"acf":[],"yoast_head":"<!-- This site is optimized with the Yoast SEO plugin v27.2 - https:\/\/yoast.com\/product\/yoast-seo-wordpress\/ -->\n<title>Reduzierringe f\u00fcr Probenhalter, \u2300 50 auf 25,4 mm - Presi<\/title>\n<meta name=\"robots\" content=\"index, follow, max-snippet:-1, max-image-preview:large, max-video-preview:-1\" \/>\n<link rel=\"canonical\" href=\"https:\/\/www.presi.com\/de\/produkt\/bague-de-reduction-o-50-mm-a-o-25-4-mm\/\" \/>\n<meta property=\"og:locale\" content=\"de_DE\" \/>\n<meta property=\"og:type\" content=\"article\" \/>\n<meta property=\"og:title\" content=\"Reduzierringe f\u00fcr Probenhalter, \u2300 50 auf 25,4 mm - Presi\" \/>\n<meta property=\"og:url\" content=\"https:\/\/www.presi.com\/de\/produkt\/bague-de-reduction-o-50-mm-a-o-25-4-mm\/\" \/>\n<meta property=\"og:site_name\" content=\"Presi\" \/>\n<meta property=\"article:modified_time\" content=\"2019-08-05T12:55:52+00:00\" \/>\n<meta property=\"og:image\" content=\"https:\/\/www.presi.com\/wp-content\/uploads\/2015\/04\/357-Bague-de-reduction-O-50-mm-a-O-25.4-mm.jpg\" \/>\n\t<meta property=\"og:image:width\" content=\"600\" \/>\n\t<meta property=\"og:image:height\" content=\"471\" \/>\n\t<meta property=\"og:image:type\" content=\"image\/jpeg\" \/>\n<meta name=\"twitter:card\" content=\"summary_large_image\" \/>\n<script type=\"application\/ld+json\" class=\"yoast-schema-graph\">{\"@context\":\"https:\/\/schema.org\",\"@graph\":[{\"@type\":\"WebPage\",\"@id\":\"https:\/\/www.presi.com\/de\/produkt\/bague-de-reduction-o-50-mm-a-o-25-4-mm\/\",\"url\":\"https:\/\/www.presi.com\/de\/produkt\/bague-de-reduction-o-50-mm-a-o-25-4-mm\/\",\"name\":\"Reduzierringe f\u00fcr Probenhalter, \u2300 50 auf 25,4 mm - Presi\",\"isPartOf\":{\"@id\":\"https:\/\/www.presi.com\/en\/#website\"},\"primaryImageOfPage\":{\"@id\":\"https:\/\/www.presi.com\/de\/produkt\/bague-de-reduction-o-50-mm-a-o-25-4-mm\/#primaryimage\"},\"image\":{\"@id\":\"https:\/\/www.presi.com\/de\/produkt\/bague-de-reduction-o-50-mm-a-o-25-4-mm\/#primaryimage\"},\"thumbnailUrl\":\"https:\/\/www.presi.com\/wp-content\/uploads\/2015\/04\/357-Bague-de-reduction-O-50-mm-a-O-25.4-mm.jpg\",\"datePublished\":\"2019-06-21T10:56:14+00:00\",\"dateModified\":\"2019-08-05T12:55:52+00:00\",\"breadcrumb\":{\"@id\":\"https:\/\/www.presi.com\/de\/produkt\/bague-de-reduction-o-50-mm-a-o-25-4-mm\/#breadcrumb\"},\"inLanguage\":\"de\",\"potentialAction\":[{\"@type\":\"ReadAction\",\"target\":[\"https:\/\/www.presi.com\/de\/produkt\/bague-de-reduction-o-50-mm-a-o-25-4-mm\/\"]}]},{\"@type\":\"ImageObject\",\"inLanguage\":\"de\",\"@id\":\"https:\/\/www.presi.com\/de\/produkt\/bague-de-reduction-o-50-mm-a-o-25-4-mm\/#primaryimage\",\"url\":\"https:\/\/www.presi.com\/wp-content\/uploads\/2015\/04\/357-Bague-de-reduction-O-50-mm-a-O-25.4-mm.jpg\",\"contentUrl\":\"https:\/\/www.presi.com\/wp-content\/uploads\/2015\/04\/357-Bague-de-reduction-O-50-mm-a-O-25.4-mm.jpg\",\"width\":600,\"height\":471,\"caption\":\"Bague de r\u00e9duction \u00d8 50 mm \u00e0 \u00d8 25.4 mm\"},{\"@type\":\"BreadcrumbList\",\"@id\":\"https:\/\/www.presi.com\/de\/produkt\/bague-de-reduction-o-50-mm-a-o-25-4-mm\/#breadcrumb\",\"itemListElement\":[{\"@type\":\"ListItem\",\"position\":1,\"name\":\"Accueil\",\"item\":\"https:\/\/www.presi.com\/de\/\"},{\"@type\":\"ListItem\",\"position\":2,\"name\":\"Gesch\u00e4ft\",\"item\":\"https:\/\/www.presi.com\/de\/geschaeft\/\"},{\"@type\":\"ListItem\",\"position\":3,\"name\":\"Reduzierringe f\u00fcr Probenhalter, \u2300 50 auf 25,4 mm\"}]},{\"@type\":\"WebSite\",\"@id\":\"https:\/\/www.presi.com\/en\/#website\",\"url\":\"https:\/\/www.presi.com\/en\/\",\"name\":\"Presi\",\"description\":\"M\u00e9tallographie - Machines pour analyse micrographique\",\"potentialAction\":[{\"@type\":\"SearchAction\",\"target\":{\"@type\":\"EntryPoint\",\"urlTemplate\":\"https:\/\/www.presi.com\/en\/?s={search_term_string}\"},\"query-input\":{\"@type\":\"PropertyValueSpecification\",\"valueRequired\":true,\"valueName\":\"search_term_string\"}}],\"inLanguage\":\"de\"}]}<\/script>\n<!-- \/ Yoast SEO plugin. -->","yoast_head_json":{"title":"Reduzierringe f\u00fcr Probenhalter, \u2300 50 auf 25,4 mm - Presi","robots":{"index":"index","follow":"follow","max-snippet":"max-snippet:-1","max-image-preview":"max-image-preview:large","max-video-preview":"max-video-preview:-1"},"canonical":"https:\/\/www.presi.com\/de\/produkt\/bague-de-reduction-o-50-mm-a-o-25-4-mm\/","og_locale":"de_DE","og_type":"article","og_title":"Reduzierringe f\u00fcr Probenhalter, \u2300 50 auf 25,4 mm - Presi","og_url":"https:\/\/www.presi.com\/de\/produkt\/bague-de-reduction-o-50-mm-a-o-25-4-mm\/","og_site_name":"Presi","article_modified_time":"2019-08-05T12:55:52+00:00","og_image":[{"width":600,"height":471,"url":"https:\/\/www.presi.com\/wp-content\/uploads\/2015\/04\/357-Bague-de-reduction-O-50-mm-a-O-25.4-mm.jpg","type":"image\/jpeg"}],"twitter_card":"summary_large_image","schema":{"@context":"https:\/\/schema.org","@graph":[{"@type":"WebPage","@id":"https:\/\/www.presi.com\/de\/produkt\/bague-de-reduction-o-50-mm-a-o-25-4-mm\/","url":"https:\/\/www.presi.com\/de\/produkt\/bague-de-reduction-o-50-mm-a-o-25-4-mm\/","name":"Reduzierringe f\u00fcr Probenhalter, \u2300 50 auf 25,4 mm - Presi","isPartOf":{"@id":"https:\/\/www.presi.com\/en\/#website"},"primaryImageOfPage":{"@id":"https:\/\/www.presi.com\/de\/produkt\/bague-de-reduction-o-50-mm-a-o-25-4-mm\/#primaryimage"},"image":{"@id":"https:\/\/www.presi.com\/de\/produkt\/bague-de-reduction-o-50-mm-a-o-25-4-mm\/#primaryimage"},"thumbnailUrl":"https:\/\/www.presi.com\/wp-content\/uploads\/2015\/04\/357-Bague-de-reduction-O-50-mm-a-O-25.4-mm.jpg","datePublished":"2019-06-21T10:56:14+00:00","dateModified":"2019-08-05T12:55:52+00:00","breadcrumb":{"@id":"https:\/\/www.presi.com\/de\/produkt\/bague-de-reduction-o-50-mm-a-o-25-4-mm\/#breadcrumb"},"inLanguage":"de","potentialAction":[{"@type":"ReadAction","target":["https:\/\/www.presi.com\/de\/produkt\/bague-de-reduction-o-50-mm-a-o-25-4-mm\/"]}]},{"@type":"ImageObject","inLanguage":"de","@id":"https:\/\/www.presi.com\/de\/produkt\/bague-de-reduction-o-50-mm-a-o-25-4-mm\/#primaryimage","url":"https:\/\/www.presi.com\/wp-content\/uploads\/2015\/04\/357-Bague-de-reduction-O-50-mm-a-O-25.4-mm.jpg","contentUrl":"https:\/\/www.presi.com\/wp-content\/uploads\/2015\/04\/357-Bague-de-reduction-O-50-mm-a-O-25.4-mm.jpg","width":600,"height":471,"caption":"Bague de r\u00e9duction \u00d8 50 mm \u00e0 \u00d8 25.4 mm"},{"@type":"BreadcrumbList","@id":"https:\/\/www.presi.com\/de\/produkt\/bague-de-reduction-o-50-mm-a-o-25-4-mm\/#breadcrumb","itemListElement":[{"@type":"ListItem","position":1,"name":"Accueil","item":"https:\/\/www.presi.com\/de\/"},{"@type":"ListItem","position":2,"name":"Gesch\u00e4ft","item":"https:\/\/www.presi.com\/de\/geschaeft\/"},{"@type":"ListItem","position":3,"name":"Reduzierringe f\u00fcr Probenhalter, \u2300 50 auf 25,4 mm"}]},{"@type":"WebSite","@id":"https:\/\/www.presi.com\/en\/#website","url":"https:\/\/www.presi.com\/en\/","name":"Presi","description":"M\u00e9tallographie - Machines pour analyse micrographique","potentialAction":[{"@type":"SearchAction","target":{"@type":"EntryPoint","urlTemplate":"https:\/\/www.presi.com\/en\/?s={search_term_string}"},"query-input":{"@type":"PropertyValueSpecification","valueRequired":true,"valueName":"search_term_string"}}],"inLanguage":"de"}]}},"_links":{"self":[{"href":"https:\/\/www.presi.com\/de\/wp-json\/wp\/v2\/product\/20122","targetHints":{"allow":["GET"]}}],"collection":[{"href":"https:\/\/www.presi.com\/de\/wp-json\/wp\/v2\/product"}],"about":[{"href":"https:\/\/www.presi.com\/de\/wp-json\/wp\/v2\/types\/product"}],"wp:featuredmedia":[{"embeddable":true,"href":"https:\/\/www.presi.com\/de\/wp-json\/wp\/v2\/media\/5322"}],"wp:attachment":[{"href":"https:\/\/www.presi.com\/de\/wp-json\/wp\/v2\/media?parent=20122"}],"wp:term":[{"taxonomy":"product_brand","embeddable":true,"href":"https:\/\/www.presi.com\/de\/wp-json\/wp\/v2\/product_brand?post=20122"},{"taxonomy":"product_cat","embeddable":true,"href":"https:\/\/www.presi.com\/de\/wp-json\/wp\/v2\/product_cat?post=20122"},{"taxonomy":"product_tag","embeddable":true,"href":"https:\/\/www.presi.com\/de\/wp-json\/wp\/v2\/product_tag?post=20122"}],"curies":[{"name":"wp","href":"https:\/\/api.w.org\/{rel}","templated":true}]}}