{"id":20142,"date":"2019-06-20T15:12:23","date_gmt":"2019-06-21T10:57:47","guid":{"rendered":"http:\/\/presi.com\/produit\/1-reflex-mag-o-300-mm-dispositif-dadaptation-magnetique\/"},"modified":"2020-03-30T13:53:12","modified_gmt":"2020-03-30T11:53:12","slug":"1-reflex-mag-o-300-mm-dispositif-dadaptation-magnetique","status":"publish","type":"product","link":"https:\/\/www.presi.com\/de\/produkt\/1-reflex-mag-o-300-mm-dispositif-dadaptation-magnetique\/","title":{"rendered":"Magnetfolie Reflex MAG, \u2300 300 mm"},"content":{"rendered":"<p>Auf Youtube haben wir eine Playlist mit dem Thema <a href=\"https:\/\/www.youtube.com\/playlist?list=PLzk43AnredFK85MkjJR_jfX1th93Ga2nc\" target=\"_blank\" rel=\"noopener noreferrer\"><span style=\"background-color: #ccffff\"><em>&#8220;Wie montiere ich selbstklebende, nicht selbstklebende, Schleifpapiere mit Folienr\u00fcckseite als auch Scheiben mit Metallr\u00fcckseite auf Arbeitsscheiben?&#8221;<\/em><\/span>\u00a0\u00a0 <\/a>erstellt. In\u00a0 <span style=\"background-color: #ccffff\"><a style=\"background-color: #ccffff\" href=\"https:\/\/youtu.be\/ED6kkvmMW5s\" target=\"_blank\" rel=\"noopener noreferrer\"><em>Video 4 &#8220;Magnetfolien f\u00fcr Schleif und Poliermaschinen&#8221;<\/em><\/a><\/span> gehen wir dabei auf unsere Magentfolien ein. Die Magnetfolien sind ca.1,5mm dick und werden auf die Arbeitsscheiben der Schleif- und Poliermaschinen geklebt.<\/p>\n<p>Wenn Sie nicht nur einfache und grobe Schleifpapiere f\u00fcr einfache Schleifaufgaben benutzen, empfehlen wir in den meisten F\u00e4llen eine Magnetfolie auf Ihre Arbeitsscheibe zu kleben. Mit unserem &#8220;CAP&#8221; einer einfachen glatten Metallscheibe, k\u00f6nnen Sie anschliessend alle m\u00f6glichen Systeme adaptieren. Sie k\u00f6nnen auf das CAP nicht-selbstklebende Papiere mit Klemmring legen, selbstklebende Papiere aufkleben, das Schnellwechselsystem Reflex-Fix verwenden, direkt auf die Magnetfolie Poliert\u00fccher mit Metallr\u00fcckseite kleben, Diamantscheiben auflegen usw..<\/p>\n","protected":false},"excerpt":{"rendered":"<p>Das Reflex MAG ist ein Magnetfolie, die auf Arbeitsscheiben oder Metallscheiben geklebt wird und auf der alle Verbrauchsmaterialien haften, die eine Metallr\u00fcckseite besitzen. Schleifpapiere ben\u00f6tigen zus\u00e4tzliche Systeme, um auf Magnetfolien zu haften. Eine Alternative zu dem REFLEX MAG ist das REFLEX FIX auf dem auch Schleifpapiere haften.<\/p>\n","protected":false},"featured_media":23485,"template":"","meta":{"_acf_changed":false},"product_brand":[],"product_cat":[1445,1438,1426,1436],"product_tag":[],"class_list":{"0":"post-20142","1":"product","2":"type-product","3":"status-publish","4":"has-post-thumbnail","6":"product_cat-reflex-mag-magnetfolie","7":"product_cat-schleif-und-poliertuchaufnahmen","8":"product_cat-schleifen-u-polieren","9":"product_cat-verbrauchsguter-de","11":"first","12":"instock","13":"purchasable","14":"product-type-simple"},"acf":[],"yoast_head":"<!-- This site is optimized with the Yoast SEO plugin v27.2 - https:\/\/yoast.com\/product\/yoast-seo-wordpress\/ -->\n<title>Magnetfolie Reflex MAG, \u2300 300 mm - Presi<\/title>\n<meta name=\"robots\" content=\"index, follow, max-snippet:-1, max-image-preview:large, max-video-preview:-1\" \/>\n<link rel=\"canonical\" href=\"https:\/\/www.presi.com\/de\/produkt\/1-reflex-mag-o-300-mm-dispositif-dadaptation-magnetique\/\" \/>\n<meta property=\"og:locale\" content=\"de_DE\" \/>\n<meta property=\"og:type\" content=\"article\" \/>\n<meta property=\"og:title\" content=\"Magnetfolie Reflex MAG, \u2300 300 mm - Presi\" \/>\n<meta property=\"og:description\" content=\"Das Reflex MAG ist ein Magnetfolie, die auf Arbeitsscheiben oder Metallscheiben geklebt wird und auf der alle Verbrauchsmaterialien haften, die eine Metallr\u00fcckseite besitzen. Schleifpapiere ben\u00f6tigen zus\u00e4tzliche Systeme, um auf Magnetfolien zu haften. Eine Alternative zu dem REFLEX MAG ist das REFLEX FIX auf dem auch Schleifpapiere haften.\" \/>\n<meta property=\"og:url\" content=\"https:\/\/www.presi.com\/de\/produkt\/1-reflex-mag-o-300-mm-dispositif-dadaptation-magnetique\/\" \/>\n<meta property=\"og:site_name\" content=\"Presi\" \/>\n<meta property=\"article:modified_time\" content=\"2020-03-30T11:53:12+00:00\" \/>\n<meta property=\"og:image\" content=\"https:\/\/www.presi.com\/wp-content\/uploads\/2019\/07\/reflex-mag-de-presi.png\" \/>\n\t<meta property=\"og:image:width\" content=\"600\" \/>\n\t<meta property=\"og:image:height\" content=\"600\" \/>\n\t<meta property=\"og:image:type\" content=\"image\/png\" \/>\n<meta name=\"twitter:card\" content=\"summary_large_image\" \/>\n<meta name=\"twitter:label1\" content=\"Gesch\u00e4tzte Lesezeit\" \/>\n\t<meta name=\"twitter:data1\" content=\"1\u00a0Minute\" \/>\n<script type=\"application\/ld+json\" class=\"yoast-schema-graph\">{\"@context\":\"https:\/\/schema.org\",\"@graph\":[{\"@type\":\"WebPage\",\"@id\":\"https:\/\/www.presi.com\/de\/produkt\/1-reflex-mag-o-300-mm-dispositif-dadaptation-magnetique\/\",\"url\":\"https:\/\/www.presi.com\/de\/produkt\/1-reflex-mag-o-300-mm-dispositif-dadaptation-magnetique\/\",\"name\":\"Magnetfolie Reflex MAG, \u2300 300 mm - Presi\",\"isPartOf\":{\"@id\":\"https:\/\/www.presi.com\/en\/#website\"},\"primaryImageOfPage\":{\"@id\":\"https:\/\/www.presi.com\/de\/produkt\/1-reflex-mag-o-300-mm-dispositif-dadaptation-magnetique\/#primaryimage\"},\"image\":{\"@id\":\"https:\/\/www.presi.com\/de\/produkt\/1-reflex-mag-o-300-mm-dispositif-dadaptation-magnetique\/#primaryimage\"},\"thumbnailUrl\":\"https:\/\/www.presi.com\/wp-content\/uploads\/2019\/07\/reflex-mag-de-presi.png\",\"datePublished\":\"2019-06-21T10:57:47+00:00\",\"dateModified\":\"2020-03-30T11:53:12+00:00\",\"breadcrumb\":{\"@id\":\"https:\/\/www.presi.com\/de\/produkt\/1-reflex-mag-o-300-mm-dispositif-dadaptation-magnetique\/#breadcrumb\"},\"inLanguage\":\"de\",\"potentialAction\":[{\"@type\":\"ReadAction\",\"target\":[\"https:\/\/www.presi.com\/de\/produkt\/1-reflex-mag-o-300-mm-dispositif-dadaptation-magnetique\/\"]}]},{\"@type\":\"ImageObject\",\"inLanguage\":\"de\",\"@id\":\"https:\/\/www.presi.com\/de\/produkt\/1-reflex-mag-o-300-mm-dispositif-dadaptation-magnetique\/#primaryimage\",\"url\":\"https:\/\/www.presi.com\/wp-content\/uploads\/2019\/07\/reflex-mag-de-presi.png\",\"contentUrl\":\"https:\/\/www.presi.com\/wp-content\/uploads\/2019\/07\/reflex-mag-de-presi.png\",\"width\":600,\"height\":600},{\"@type\":\"BreadcrumbList\",\"@id\":\"https:\/\/www.presi.com\/de\/produkt\/1-reflex-mag-o-300-mm-dispositif-dadaptation-magnetique\/#breadcrumb\",\"itemListElement\":[{\"@type\":\"ListItem\",\"position\":1,\"name\":\"Accueil\",\"item\":\"https:\/\/www.presi.com\/de\/\"},{\"@type\":\"ListItem\",\"position\":2,\"name\":\"Gesch\u00e4ft\",\"item\":\"https:\/\/www.presi.com\/de\/geschaeft\/\"},{\"@type\":\"ListItem\",\"position\":3,\"name\":\"Magnetfolie Reflex MAG, \u2300 300 mm\"}]},{\"@type\":\"WebSite\",\"@id\":\"https:\/\/www.presi.com\/en\/#website\",\"url\":\"https:\/\/www.presi.com\/en\/\",\"name\":\"Presi\",\"description\":\"M\u00e9tallographie - Machines pour analyse micrographique\",\"potentialAction\":[{\"@type\":\"SearchAction\",\"target\":{\"@type\":\"EntryPoint\",\"urlTemplate\":\"https:\/\/www.presi.com\/en\/?s={search_term_string}\"},\"query-input\":{\"@type\":\"PropertyValueSpecification\",\"valueRequired\":true,\"valueName\":\"search_term_string\"}}],\"inLanguage\":\"de\"}]}<\/script>\n<!-- \/ Yoast SEO plugin. -->","yoast_head_json":{"title":"Magnetfolie Reflex MAG, \u2300 300 mm - Presi","robots":{"index":"index","follow":"follow","max-snippet":"max-snippet:-1","max-image-preview":"max-image-preview:large","max-video-preview":"max-video-preview:-1"},"canonical":"https:\/\/www.presi.com\/de\/produkt\/1-reflex-mag-o-300-mm-dispositif-dadaptation-magnetique\/","og_locale":"de_DE","og_type":"article","og_title":"Magnetfolie Reflex MAG, \u2300 300 mm - Presi","og_description":"Das Reflex MAG ist ein Magnetfolie, die auf Arbeitsscheiben oder Metallscheiben geklebt wird und auf der alle Verbrauchsmaterialien haften, die eine Metallr\u00fcckseite besitzen. Schleifpapiere ben\u00f6tigen zus\u00e4tzliche Systeme, um auf Magnetfolien zu haften. Eine Alternative zu dem REFLEX MAG ist das REFLEX FIX auf dem auch Schleifpapiere haften.","og_url":"https:\/\/www.presi.com\/de\/produkt\/1-reflex-mag-o-300-mm-dispositif-dadaptation-magnetique\/","og_site_name":"Presi","article_modified_time":"2020-03-30T11:53:12+00:00","og_image":[{"width":600,"height":600,"url":"https:\/\/www.presi.com\/wp-content\/uploads\/2019\/07\/reflex-mag-de-presi.png","type":"image\/png"}],"twitter_card":"summary_large_image","twitter_misc":{"Gesch\u00e4tzte Lesezeit":"1\u00a0Minute"},"schema":{"@context":"https:\/\/schema.org","@graph":[{"@type":"WebPage","@id":"https:\/\/www.presi.com\/de\/produkt\/1-reflex-mag-o-300-mm-dispositif-dadaptation-magnetique\/","url":"https:\/\/www.presi.com\/de\/produkt\/1-reflex-mag-o-300-mm-dispositif-dadaptation-magnetique\/","name":"Magnetfolie Reflex MAG, \u2300 300 mm - Presi","isPartOf":{"@id":"https:\/\/www.presi.com\/en\/#website"},"primaryImageOfPage":{"@id":"https:\/\/www.presi.com\/de\/produkt\/1-reflex-mag-o-300-mm-dispositif-dadaptation-magnetique\/#primaryimage"},"image":{"@id":"https:\/\/www.presi.com\/de\/produkt\/1-reflex-mag-o-300-mm-dispositif-dadaptation-magnetique\/#primaryimage"},"thumbnailUrl":"https:\/\/www.presi.com\/wp-content\/uploads\/2019\/07\/reflex-mag-de-presi.png","datePublished":"2019-06-21T10:57:47+00:00","dateModified":"2020-03-30T11:53:12+00:00","breadcrumb":{"@id":"https:\/\/www.presi.com\/de\/produkt\/1-reflex-mag-o-300-mm-dispositif-dadaptation-magnetique\/#breadcrumb"},"inLanguage":"de","potentialAction":[{"@type":"ReadAction","target":["https:\/\/www.presi.com\/de\/produkt\/1-reflex-mag-o-300-mm-dispositif-dadaptation-magnetique\/"]}]},{"@type":"ImageObject","inLanguage":"de","@id":"https:\/\/www.presi.com\/de\/produkt\/1-reflex-mag-o-300-mm-dispositif-dadaptation-magnetique\/#primaryimage","url":"https:\/\/www.presi.com\/wp-content\/uploads\/2019\/07\/reflex-mag-de-presi.png","contentUrl":"https:\/\/www.presi.com\/wp-content\/uploads\/2019\/07\/reflex-mag-de-presi.png","width":600,"height":600},{"@type":"BreadcrumbList","@id":"https:\/\/www.presi.com\/de\/produkt\/1-reflex-mag-o-300-mm-dispositif-dadaptation-magnetique\/#breadcrumb","itemListElement":[{"@type":"ListItem","position":1,"name":"Accueil","item":"https:\/\/www.presi.com\/de\/"},{"@type":"ListItem","position":2,"name":"Gesch\u00e4ft","item":"https:\/\/www.presi.com\/de\/geschaeft\/"},{"@type":"ListItem","position":3,"name":"Magnetfolie Reflex MAG, \u2300 300 mm"}]},{"@type":"WebSite","@id":"https:\/\/www.presi.com\/en\/#website","url":"https:\/\/www.presi.com\/en\/","name":"Presi","description":"M\u00e9tallographie - Machines pour analyse micrographique","potentialAction":[{"@type":"SearchAction","target":{"@type":"EntryPoint","urlTemplate":"https:\/\/www.presi.com\/en\/?s={search_term_string}"},"query-input":{"@type":"PropertyValueSpecification","valueRequired":true,"valueName":"search_term_string"}}],"inLanguage":"de"}]}},"_links":{"self":[{"href":"https:\/\/www.presi.com\/de\/wp-json\/wp\/v2\/product\/20142","targetHints":{"allow":["GET"]}}],"collection":[{"href":"https:\/\/www.presi.com\/de\/wp-json\/wp\/v2\/product"}],"about":[{"href":"https:\/\/www.presi.com\/de\/wp-json\/wp\/v2\/types\/product"}],"wp:featuredmedia":[{"embeddable":true,"href":"https:\/\/www.presi.com\/de\/wp-json\/wp\/v2\/media\/23485"}],"wp:attachment":[{"href":"https:\/\/www.presi.com\/de\/wp-json\/wp\/v2\/media?parent=20142"}],"wp:term":[{"taxonomy":"product_brand","embeddable":true,"href":"https:\/\/www.presi.com\/de\/wp-json\/wp\/v2\/product_brand?post=20142"},{"taxonomy":"product_cat","embeddable":true,"href":"https:\/\/www.presi.com\/de\/wp-json\/wp\/v2\/product_cat?post=20142"},{"taxonomy":"product_tag","embeddable":true,"href":"https:\/\/www.presi.com\/de\/wp-json\/wp\/v2\/product_tag?post=20142"}],"curies":[{"name":"wp","href":"https:\/\/api.w.org\/{rel}","templated":true}]}}