{"id":20145,"date":"2019-06-20T15:12:23","date_gmt":"2019-06-21T10:58:06","guid":{"rendered":"http:\/\/presi.com\/produit\/boite-de-5-reflex-cap-o-300-mm-dispositif-dadaptation-metallique\/"},"modified":"2020-09-15T16:31:34","modified_gmt":"2020-09-15T14:31:34","slug":"boite-de-5-reflex-cap-o-300-mm-dispositif-dadaptation-metallique","status":"publish","type":"product","link":"https:\/\/www.presi.com\/de\/produkt\/boite-de-5-reflex-cap-o-300-mm-dispositif-dadaptation-metallique\/","title":{"rendered":"Metallscheibe Reflex CAP, \u2300 300 mm"},"content":{"rendered":"<p>Auf Youtube haben wir eine Playlist mit dem Thema <a href=\"https:\/\/www.youtube.com\/playlist?list=PLzk43AnredFK85MkjJR_jfX1th93Ga2nc\" target=\"_blank\" rel=\"noopener noreferrer\"><span style=\"background-color: #ffffff\"><em><span style=\"background-color: #ccffff\">&#8220;Wie montiere ich selbstklebende, nicht selbstklebende, Schleifpapiere mit Folienr\u00fcckseite als auch Scheiben mit Metallr\u00fcckseite auf Arbeitsscheiben?<\/span>&#8220;<\/em><\/span>\u00a0\u00a0 <\/a>erstellt. In <span style=\"background-color: #ccffff\"><a style=\"background-color: #ccffff\" href=\"https:\/\/youtu.be\/YY-cQ31XcwQ\" target=\"_blank\" rel=\"noopener noreferrer\"><em>Video 5 &#8220;Cap und selbstklebende Poliert\u00fccher&#8221;<\/em><\/a><\/span> gehen wir dabei auf unsere Metallscheibe &#8220;CAP&#8221; ein. Bei dem CAP handelt es sich um eine nicht rostende Edelstahlscheibe, die auf Magnettr\u00e4gern haftet als auch auf der Schnellwechselfolie Reflex FIX und kann als Unterlage f\u00fcr nicht selbstklebende Papiere mit Klemmring, selbstklebende Papiere, selbstklebende Poliert\u00fccher etc. verwendet werden.<\/p>\n<p>In dem Video 5 zeigen wir wie man selbstklebende Poliert\u00fccher auf die Arbeitsscheibe aufbringt. Wenn man die Poliert\u00fccher nicht direkt auf die Arbeitsscheibe kleben m\u00f6chte, braucht man hierzu ein CAP auf der die T\u00fccher aufgeklebt werden. Das Tuch mit dem Cap wird dann auf Arbeitsscheiben mit Magnetfolien oder auf Arbeitsscheiben mit dem Schnellwechselsystem Reflex-Fix aufgelegt.<\/p>\n","protected":false},"excerpt":{"rendered":"<p>Packung mit 5 St\u00fcck. Die Reflex CAP (nicht rostende Metallscheibe, geeignet f\u00fcr Magnete) eignet sich f\u00fcr die Verwendung von selbstklebenden Verbrauchsmaterialien f\u00fcr Reflex FIX oder Reflex MAG.<\/p>\n","protected":false},"featured_media":23469,"template":"","meta":{"_acf_changed":false},"product_brand":[],"product_cat":[1442,1438,1426,1436],"product_tag":[],"class_list":{"0":"post-20145","1":"product","2":"type-product","3":"status-publish","4":"has-post-thumbnail","6":"product_cat-reflex-cap-metallscheibe","7":"product_cat-schleif-und-poliertuchaufnahmen","8":"product_cat-schleifen-u-polieren","9":"product_cat-verbrauchsguter-de","11":"first","12":"instock","13":"purchasable","14":"product-type-simple"},"acf":[],"yoast_head":"<!-- This site is optimized with the Yoast SEO plugin v27.5 - https:\/\/yoast.com\/product\/yoast-seo-wordpress\/ -->\n<title>Metallscheibe Reflex CAP, \u2300 300 mm - Presi<\/title>\n<meta name=\"robots\" content=\"index, follow, max-snippet:-1, max-image-preview:large, max-video-preview:-1\" \/>\n<link rel=\"canonical\" href=\"https:\/\/www.presi.com\/de\/produkt\/boite-de-5-reflex-cap-o-300-mm-dispositif-dadaptation-metallique\/\" \/>\n<meta property=\"og:locale\" content=\"de_DE\" \/>\n<meta property=\"og:type\" content=\"article\" \/>\n<meta property=\"og:title\" content=\"Metallscheibe Reflex CAP, \u2300 300 mm - Presi\" \/>\n<meta property=\"og:description\" content=\"Packung mit 5 St\u00fcck. Die Reflex CAP (nicht rostende Metallscheibe, geeignet f\u00fcr Magnete) eignet sich f\u00fcr die Verwendung von selbstklebenden Verbrauchsmaterialien f\u00fcr Reflex FIX oder Reflex MAG.\" \/>\n<meta property=\"og:url\" content=\"https:\/\/www.presi.com\/de\/produkt\/boite-de-5-reflex-cap-o-300-mm-dispositif-dadaptation-metallique\/\" \/>\n<meta property=\"og:site_name\" content=\"Presi\" \/>\n<meta property=\"article:modified_time\" content=\"2020-09-15T14:31:34+00:00\" \/>\n<meta property=\"og:image\" content=\"https:\/\/www.presi.com\/wp-content\/uploads\/2019\/07\/reflex-cap-de-presi.png\" \/>\n\t<meta property=\"og:image:width\" content=\"600\" \/>\n\t<meta property=\"og:image:height\" content=\"600\" \/>\n\t<meta property=\"og:image:type\" content=\"image\/png\" \/>\n<meta name=\"twitter:card\" content=\"summary_large_image\" \/>\n<meta name=\"twitter:label1\" content=\"Gesch\u00e4tzte Lesezeit\" \/>\n\t<meta name=\"twitter:data1\" content=\"1\u00a0Minute\" \/>\n<script type=\"application\/ld+json\" class=\"yoast-schema-graph\">{\"@context\":\"https:\\\/\\\/schema.org\",\"@graph\":[{\"@type\":\"WebPage\",\"@id\":\"https:\\\/\\\/www.presi.com\\\/de\\\/produkt\\\/boite-de-5-reflex-cap-o-300-mm-dispositif-dadaptation-metallique\\\/\",\"url\":\"https:\\\/\\\/www.presi.com\\\/de\\\/produkt\\\/boite-de-5-reflex-cap-o-300-mm-dispositif-dadaptation-metallique\\\/\",\"name\":\"Metallscheibe Reflex CAP, \u2300 300 mm - Presi\",\"isPartOf\":{\"@id\":\"https:\\\/\\\/www.presi.com\\\/en\\\/#website\"},\"primaryImageOfPage\":{\"@id\":\"https:\\\/\\\/www.presi.com\\\/de\\\/produkt\\\/boite-de-5-reflex-cap-o-300-mm-dispositif-dadaptation-metallique\\\/#primaryimage\"},\"image\":{\"@id\":\"https:\\\/\\\/www.presi.com\\\/de\\\/produkt\\\/boite-de-5-reflex-cap-o-300-mm-dispositif-dadaptation-metallique\\\/#primaryimage\"},\"thumbnailUrl\":\"https:\\\/\\\/www.presi.com\\\/wp-content\\\/uploads\\\/2019\\\/07\\\/reflex-cap-de-presi.png\",\"datePublished\":\"2019-06-21T10:58:06+00:00\",\"dateModified\":\"2020-09-15T14:31:34+00:00\",\"breadcrumb\":{\"@id\":\"https:\\\/\\\/www.presi.com\\\/de\\\/produkt\\\/boite-de-5-reflex-cap-o-300-mm-dispositif-dadaptation-metallique\\\/#breadcrumb\"},\"inLanguage\":\"de\",\"potentialAction\":[{\"@type\":\"ReadAction\",\"target\":[\"https:\\\/\\\/www.presi.com\\\/de\\\/produkt\\\/boite-de-5-reflex-cap-o-300-mm-dispositif-dadaptation-metallique\\\/\"]}]},{\"@type\":\"ImageObject\",\"inLanguage\":\"de\",\"@id\":\"https:\\\/\\\/www.presi.com\\\/de\\\/produkt\\\/boite-de-5-reflex-cap-o-300-mm-dispositif-dadaptation-metallique\\\/#primaryimage\",\"url\":\"https:\\\/\\\/www.presi.com\\\/wp-content\\\/uploads\\\/2019\\\/07\\\/reflex-cap-de-presi.png\",\"contentUrl\":\"https:\\\/\\\/www.presi.com\\\/wp-content\\\/uploads\\\/2019\\\/07\\\/reflex-cap-de-presi.png\",\"width\":600,\"height\":600},{\"@type\":\"BreadcrumbList\",\"@id\":\"https:\\\/\\\/www.presi.com\\\/de\\\/produkt\\\/boite-de-5-reflex-cap-o-300-mm-dispositif-dadaptation-metallique\\\/#breadcrumb\",\"itemListElement\":[{\"@type\":\"ListItem\",\"position\":1,\"name\":\"Accueil\",\"item\":\"https:\\\/\\\/www.presi.com\\\/de\\\/\"},{\"@type\":\"ListItem\",\"position\":2,\"name\":\"Gesch\u00e4ft\",\"item\":\"https:\\\/\\\/www.presi.com\\\/de\\\/geschaeft\\\/\"},{\"@type\":\"ListItem\",\"position\":3,\"name\":\"Metallscheibe Reflex CAP, \u2300 300 mm\"}]},{\"@type\":\"WebSite\",\"@id\":\"https:\\\/\\\/www.presi.com\\\/en\\\/#website\",\"url\":\"https:\\\/\\\/www.presi.com\\\/en\\\/\",\"name\":\"Presi\",\"description\":\"M\u00e9tallographie - Machines pour analyse micrographique\",\"potentialAction\":[{\"@type\":\"SearchAction\",\"target\":{\"@type\":\"EntryPoint\",\"urlTemplate\":\"https:\\\/\\\/www.presi.com\\\/en\\\/?s={search_term_string}\"},\"query-input\":{\"@type\":\"PropertyValueSpecification\",\"valueRequired\":true,\"valueName\":\"search_term_string\"}}],\"inLanguage\":\"de\"}]}<\/script>\n<!-- \/ Yoast SEO plugin. -->","yoast_head_json":{"title":"Metallscheibe Reflex CAP, \u2300 300 mm - Presi","robots":{"index":"index","follow":"follow","max-snippet":"max-snippet:-1","max-image-preview":"max-image-preview:large","max-video-preview":"max-video-preview:-1"},"canonical":"https:\/\/www.presi.com\/de\/produkt\/boite-de-5-reflex-cap-o-300-mm-dispositif-dadaptation-metallique\/","og_locale":"de_DE","og_type":"article","og_title":"Metallscheibe Reflex CAP, \u2300 300 mm - Presi","og_description":"Packung mit 5 St\u00fcck. Die Reflex CAP (nicht rostende Metallscheibe, geeignet f\u00fcr Magnete) eignet sich f\u00fcr die Verwendung von selbstklebenden Verbrauchsmaterialien f\u00fcr Reflex FIX oder Reflex MAG.","og_url":"https:\/\/www.presi.com\/de\/produkt\/boite-de-5-reflex-cap-o-300-mm-dispositif-dadaptation-metallique\/","og_site_name":"Presi","article_modified_time":"2020-09-15T14:31:34+00:00","og_image":[{"width":600,"height":600,"url":"https:\/\/www.presi.com\/wp-content\/uploads\/2019\/07\/reflex-cap-de-presi.png","type":"image\/png"}],"twitter_card":"summary_large_image","twitter_misc":{"Gesch\u00e4tzte Lesezeit":"1\u00a0Minute"},"schema":{"@context":"https:\/\/schema.org","@graph":[{"@type":"WebPage","@id":"https:\/\/www.presi.com\/de\/produkt\/boite-de-5-reflex-cap-o-300-mm-dispositif-dadaptation-metallique\/","url":"https:\/\/www.presi.com\/de\/produkt\/boite-de-5-reflex-cap-o-300-mm-dispositif-dadaptation-metallique\/","name":"Metallscheibe Reflex CAP, \u2300 300 mm - Presi","isPartOf":{"@id":"https:\/\/www.presi.com\/en\/#website"},"primaryImageOfPage":{"@id":"https:\/\/www.presi.com\/de\/produkt\/boite-de-5-reflex-cap-o-300-mm-dispositif-dadaptation-metallique\/#primaryimage"},"image":{"@id":"https:\/\/www.presi.com\/de\/produkt\/boite-de-5-reflex-cap-o-300-mm-dispositif-dadaptation-metallique\/#primaryimage"},"thumbnailUrl":"https:\/\/www.presi.com\/wp-content\/uploads\/2019\/07\/reflex-cap-de-presi.png","datePublished":"2019-06-21T10:58:06+00:00","dateModified":"2020-09-15T14:31:34+00:00","breadcrumb":{"@id":"https:\/\/www.presi.com\/de\/produkt\/boite-de-5-reflex-cap-o-300-mm-dispositif-dadaptation-metallique\/#breadcrumb"},"inLanguage":"de","potentialAction":[{"@type":"ReadAction","target":["https:\/\/www.presi.com\/de\/produkt\/boite-de-5-reflex-cap-o-300-mm-dispositif-dadaptation-metallique\/"]}]},{"@type":"ImageObject","inLanguage":"de","@id":"https:\/\/www.presi.com\/de\/produkt\/boite-de-5-reflex-cap-o-300-mm-dispositif-dadaptation-metallique\/#primaryimage","url":"https:\/\/www.presi.com\/wp-content\/uploads\/2019\/07\/reflex-cap-de-presi.png","contentUrl":"https:\/\/www.presi.com\/wp-content\/uploads\/2019\/07\/reflex-cap-de-presi.png","width":600,"height":600},{"@type":"BreadcrumbList","@id":"https:\/\/www.presi.com\/de\/produkt\/boite-de-5-reflex-cap-o-300-mm-dispositif-dadaptation-metallique\/#breadcrumb","itemListElement":[{"@type":"ListItem","position":1,"name":"Accueil","item":"https:\/\/www.presi.com\/de\/"},{"@type":"ListItem","position":2,"name":"Gesch\u00e4ft","item":"https:\/\/www.presi.com\/de\/geschaeft\/"},{"@type":"ListItem","position":3,"name":"Metallscheibe Reflex CAP, \u2300 300 mm"}]},{"@type":"WebSite","@id":"https:\/\/www.presi.com\/en\/#website","url":"https:\/\/www.presi.com\/en\/","name":"Presi","description":"M\u00e9tallographie - Machines pour analyse micrographique","potentialAction":[{"@type":"SearchAction","target":{"@type":"EntryPoint","urlTemplate":"https:\/\/www.presi.com\/en\/?s={search_term_string}"},"query-input":{"@type":"PropertyValueSpecification","valueRequired":true,"valueName":"search_term_string"}}],"inLanguage":"de"}]}},"_links":{"self":[{"href":"https:\/\/www.presi.com\/de\/wp-json\/wp\/v2\/product\/20145","targetHints":{"allow":["GET"]}}],"collection":[{"href":"https:\/\/www.presi.com\/de\/wp-json\/wp\/v2\/product"}],"about":[{"href":"https:\/\/www.presi.com\/de\/wp-json\/wp\/v2\/types\/product"}],"wp:featuredmedia":[{"embeddable":true,"href":"https:\/\/www.presi.com\/de\/wp-json\/wp\/v2\/media\/23469"}],"wp:attachment":[{"href":"https:\/\/www.presi.com\/de\/wp-json\/wp\/v2\/media?parent=20145"}],"wp:term":[{"taxonomy":"product_brand","embeddable":true,"href":"https:\/\/www.presi.com\/de\/wp-json\/wp\/v2\/product_brand?post=20145"},{"taxonomy":"product_cat","embeddable":true,"href":"https:\/\/www.presi.com\/de\/wp-json\/wp\/v2\/product_cat?post=20145"},{"taxonomy":"product_tag","embeddable":true,"href":"https:\/\/www.presi.com\/de\/wp-json\/wp\/v2\/product_tag?post=20145"}],"curies":[{"name":"wp","href":"https:\/\/api.w.org\/{rel}","templated":true}]}}