{"id":20146,"date":"2019-06-20T15:12:23","date_gmt":"2019-06-21T10:58:06","guid":{"rendered":"http:\/\/presi.com\/produit\/1-support-reflex-fix-200-o-200-mm-dispositif-dadaptation\/"},"modified":"2020-03-30T13:59:43","modified_gmt":"2020-03-30T11:59:43","slug":"1-support-reflex-fix-200-o-200-mm-dispositif-dadaptation","status":"publish","type":"product","link":"https:\/\/www.presi.com\/de\/produkt\/1-support-reflex-fix-200-o-200-mm-dispositif-dadaptation\/","title":{"rendered":"Adh\u00e4sionsfolie Reflex FIX, \u2300 200 mm"},"content":{"rendered":"<p>Auf Youtube haben wir eine Playlist mit dem Thema <a href=\"https:\/\/www.youtube.com\/playlist?list=PLzk43AnredFK85MkjJR_jfX1th93Ga2nc\" target=\"_blank\" rel=\"noopener noreferrer\"><span style=\"background-color: #ccffff\"><em>&#8220;Wie montiere ich selbstklebende, nicht selbstklebende, Schleifpapiere mit Folienr\u00fcckseite als auch Scheiben mit Metallr\u00fcckseite auf Arbeitsscheiben?&#8221;<\/em><\/span>\u00a0\u00a0<\/a><\/p>\n<p>erstellt. In <span style=\"background-color: #ccffff\"><em><a style=\"background-color: #ccffff\" href=\"https:\/\/youtu.be\/ZYhuxdLcgyo\" target=\"_blank\" rel=\"noopener noreferrer\">Video 3 Reflex Fix, Adh\u00e4sionsfolie, Magentic Fix<\/a> <\/em><\/span>gehen wir dabei auf unsere Adh\u00e4sionsfolie bzw. das Schnellwechselsystem &#8220;Reflex Fix&#8221; ein.<\/p>\n<p>&nbsp;<\/p>\n<p>Genauso wie bei selbstklebenden Papieren, wird in der Fertigung eine Folie auf die Papierr\u00fcckseite der nicht selbstklebenden Papiere, aufgetragen. Die Kosten der Papiere mit Folienr\u00fcckseite (nennen sich bei Presi &#8220;NAC&#8221; Papiere) sind also gleich denen der selbstklebenden Papiere. Der Vorteil dieser NAC Papiere ist, dass man keine Folien mehr abziehen muss, man legt diese Schleifpapiere einfach auf die Schnellwechseladh\u00e4sionsfolie (Reflex-Fix) auf, die einmalig auf der Arbeitsscheibe befestigt werden muss. Schneller kann man zwischen den Schleifpapieren nicht wechseln, auch bleiben keine Klebereste zur\u00fcck. Auf dem Reflex-Fix haften auch Poliert\u00fccher (Presi Pad Mag) und Diamantscheiben, d.h. Schleif- und Poliermedien die eine glatte Metallr\u00fcckseite haben. Dieses Reflex-Fix kann auch auf eine Metallscheibe geklebt werden (Hinweis: Das Reflex Fix mit Metallscheibe nennt sich Magnetic Fix) und dann auf einer Arbeitsscheibe mit Magnetfolie verwendet werden.<\/p>\n","protected":false},"excerpt":{"rendered":"<p>Schnellwechsel Tr\u00e4gersystem f\u00fcr alle Arten von Verbrauchsmaterialien (Schleifpapiere mit Folienr\u00fcckseite, Diamantscheiben oder Poliert\u00fccher).<\/p>\n","protected":false},"featured_media":23477,"template":"","meta":{"_acf_changed":false},"product_brand":[],"product_cat":[1443,1438,1426,1436],"product_tag":[],"class_list":{"0":"post-20146","1":"product","2":"type-product","3":"status-publish","4":"has-post-thumbnail","6":"product_cat-reflex-fix-adhasionsfolie","7":"product_cat-schleif-und-poliertuchaufnahmen","8":"product_cat-schleifen-u-polieren","9":"product_cat-verbrauchsguter-de","11":"first","12":"instock","13":"purchasable","14":"product-type-simple"},"acf":[],"yoast_head":"<!-- This site is optimized with the Yoast SEO plugin v27.2 - https:\/\/yoast.com\/product\/yoast-seo-wordpress\/ -->\n<title>Adh\u00e4sionsfolie Reflex FIX, \u2300 200 mm - Presi<\/title>\n<meta name=\"robots\" content=\"index, follow, max-snippet:-1, max-image-preview:large, max-video-preview:-1\" \/>\n<link rel=\"canonical\" href=\"https:\/\/www.presi.com\/de\/produkt\/1-support-reflex-fix-200-o-200-mm-dispositif-dadaptation\/\" \/>\n<meta property=\"og:locale\" content=\"de_DE\" \/>\n<meta property=\"og:type\" content=\"article\" \/>\n<meta property=\"og:title\" content=\"Adh\u00e4sionsfolie Reflex FIX, \u2300 200 mm - Presi\" \/>\n<meta property=\"og:description\" content=\"Schnellwechsel Tr\u00e4gersystem f\u00fcr alle Arten von Verbrauchsmaterialien (Schleifpapiere mit Folienr\u00fcckseite, Diamantscheiben oder Poliert\u00fccher).\" \/>\n<meta property=\"og:url\" content=\"https:\/\/www.presi.com\/de\/produkt\/1-support-reflex-fix-200-o-200-mm-dispositif-dadaptation\/\" \/>\n<meta property=\"og:site_name\" content=\"Presi\" \/>\n<meta property=\"article:modified_time\" content=\"2020-03-30T11:59:43+00:00\" \/>\n<meta property=\"og:image\" content=\"https:\/\/www.presi.com\/wp-content\/uploads\/2019\/07\/reflex-fix-de-presi.png\" \/>\n\t<meta property=\"og:image:width\" content=\"600\" \/>\n\t<meta property=\"og:image:height\" content=\"600\" \/>\n\t<meta property=\"og:image:type\" content=\"image\/png\" \/>\n<meta name=\"twitter:card\" content=\"summary_large_image\" \/>\n<meta name=\"twitter:label1\" content=\"Gesch\u00e4tzte Lesezeit\" \/>\n\t<meta name=\"twitter:data1\" content=\"1\u00a0Minute\" \/>\n<script type=\"application\/ld+json\" class=\"yoast-schema-graph\">{\"@context\":\"https:\/\/schema.org\",\"@graph\":[{\"@type\":\"WebPage\",\"@id\":\"https:\/\/www.presi.com\/de\/produkt\/1-support-reflex-fix-200-o-200-mm-dispositif-dadaptation\/\",\"url\":\"https:\/\/www.presi.com\/de\/produkt\/1-support-reflex-fix-200-o-200-mm-dispositif-dadaptation\/\",\"name\":\"Adh\u00e4sionsfolie Reflex FIX, \u2300 200 mm - Presi\",\"isPartOf\":{\"@id\":\"https:\/\/www.presi.com\/en\/#website\"},\"primaryImageOfPage\":{\"@id\":\"https:\/\/www.presi.com\/de\/produkt\/1-support-reflex-fix-200-o-200-mm-dispositif-dadaptation\/#primaryimage\"},\"image\":{\"@id\":\"https:\/\/www.presi.com\/de\/produkt\/1-support-reflex-fix-200-o-200-mm-dispositif-dadaptation\/#primaryimage\"},\"thumbnailUrl\":\"https:\/\/www.presi.com\/wp-content\/uploads\/2019\/07\/reflex-fix-de-presi.png\",\"datePublished\":\"2019-06-21T10:58:06+00:00\",\"dateModified\":\"2020-03-30T11:59:43+00:00\",\"breadcrumb\":{\"@id\":\"https:\/\/www.presi.com\/de\/produkt\/1-support-reflex-fix-200-o-200-mm-dispositif-dadaptation\/#breadcrumb\"},\"inLanguage\":\"de\",\"potentialAction\":[{\"@type\":\"ReadAction\",\"target\":[\"https:\/\/www.presi.com\/de\/produkt\/1-support-reflex-fix-200-o-200-mm-dispositif-dadaptation\/\"]}]},{\"@type\":\"ImageObject\",\"inLanguage\":\"de\",\"@id\":\"https:\/\/www.presi.com\/de\/produkt\/1-support-reflex-fix-200-o-200-mm-dispositif-dadaptation\/#primaryimage\",\"url\":\"https:\/\/www.presi.com\/wp-content\/uploads\/2019\/07\/reflex-fix-de-presi.png\",\"contentUrl\":\"https:\/\/www.presi.com\/wp-content\/uploads\/2019\/07\/reflex-fix-de-presi.png\",\"width\":600,\"height\":600},{\"@type\":\"BreadcrumbList\",\"@id\":\"https:\/\/www.presi.com\/de\/produkt\/1-support-reflex-fix-200-o-200-mm-dispositif-dadaptation\/#breadcrumb\",\"itemListElement\":[{\"@type\":\"ListItem\",\"position\":1,\"name\":\"Accueil\",\"item\":\"https:\/\/www.presi.com\/de\/\"},{\"@type\":\"ListItem\",\"position\":2,\"name\":\"Gesch\u00e4ft\",\"item\":\"https:\/\/www.presi.com\/de\/geschaeft\/\"},{\"@type\":\"ListItem\",\"position\":3,\"name\":\"Adh\u00e4sionsfolie Reflex FIX, \u2300 200 mm\"}]},{\"@type\":\"WebSite\",\"@id\":\"https:\/\/www.presi.com\/en\/#website\",\"url\":\"https:\/\/www.presi.com\/en\/\",\"name\":\"Presi\",\"description\":\"M\u00e9tallographie - Machines pour analyse micrographique\",\"potentialAction\":[{\"@type\":\"SearchAction\",\"target\":{\"@type\":\"EntryPoint\",\"urlTemplate\":\"https:\/\/www.presi.com\/en\/?s={search_term_string}\"},\"query-input\":{\"@type\":\"PropertyValueSpecification\",\"valueRequired\":true,\"valueName\":\"search_term_string\"}}],\"inLanguage\":\"de\"}]}<\/script>\n<!-- \/ Yoast SEO plugin. -->","yoast_head_json":{"title":"Adh\u00e4sionsfolie Reflex FIX, \u2300 200 mm - Presi","robots":{"index":"index","follow":"follow","max-snippet":"max-snippet:-1","max-image-preview":"max-image-preview:large","max-video-preview":"max-video-preview:-1"},"canonical":"https:\/\/www.presi.com\/de\/produkt\/1-support-reflex-fix-200-o-200-mm-dispositif-dadaptation\/","og_locale":"de_DE","og_type":"article","og_title":"Adh\u00e4sionsfolie Reflex FIX, \u2300 200 mm - Presi","og_description":"Schnellwechsel Tr\u00e4gersystem f\u00fcr alle Arten von Verbrauchsmaterialien (Schleifpapiere mit Folienr\u00fcckseite, Diamantscheiben oder Poliert\u00fccher).","og_url":"https:\/\/www.presi.com\/de\/produkt\/1-support-reflex-fix-200-o-200-mm-dispositif-dadaptation\/","og_site_name":"Presi","article_modified_time":"2020-03-30T11:59:43+00:00","og_image":[{"width":600,"height":600,"url":"https:\/\/www.presi.com\/wp-content\/uploads\/2019\/07\/reflex-fix-de-presi.png","type":"image\/png"}],"twitter_card":"summary_large_image","twitter_misc":{"Gesch\u00e4tzte Lesezeit":"1\u00a0Minute"},"schema":{"@context":"https:\/\/schema.org","@graph":[{"@type":"WebPage","@id":"https:\/\/www.presi.com\/de\/produkt\/1-support-reflex-fix-200-o-200-mm-dispositif-dadaptation\/","url":"https:\/\/www.presi.com\/de\/produkt\/1-support-reflex-fix-200-o-200-mm-dispositif-dadaptation\/","name":"Adh\u00e4sionsfolie Reflex FIX, \u2300 200 mm - Presi","isPartOf":{"@id":"https:\/\/www.presi.com\/en\/#website"},"primaryImageOfPage":{"@id":"https:\/\/www.presi.com\/de\/produkt\/1-support-reflex-fix-200-o-200-mm-dispositif-dadaptation\/#primaryimage"},"image":{"@id":"https:\/\/www.presi.com\/de\/produkt\/1-support-reflex-fix-200-o-200-mm-dispositif-dadaptation\/#primaryimage"},"thumbnailUrl":"https:\/\/www.presi.com\/wp-content\/uploads\/2019\/07\/reflex-fix-de-presi.png","datePublished":"2019-06-21T10:58:06+00:00","dateModified":"2020-03-30T11:59:43+00:00","breadcrumb":{"@id":"https:\/\/www.presi.com\/de\/produkt\/1-support-reflex-fix-200-o-200-mm-dispositif-dadaptation\/#breadcrumb"},"inLanguage":"de","potentialAction":[{"@type":"ReadAction","target":["https:\/\/www.presi.com\/de\/produkt\/1-support-reflex-fix-200-o-200-mm-dispositif-dadaptation\/"]}]},{"@type":"ImageObject","inLanguage":"de","@id":"https:\/\/www.presi.com\/de\/produkt\/1-support-reflex-fix-200-o-200-mm-dispositif-dadaptation\/#primaryimage","url":"https:\/\/www.presi.com\/wp-content\/uploads\/2019\/07\/reflex-fix-de-presi.png","contentUrl":"https:\/\/www.presi.com\/wp-content\/uploads\/2019\/07\/reflex-fix-de-presi.png","width":600,"height":600},{"@type":"BreadcrumbList","@id":"https:\/\/www.presi.com\/de\/produkt\/1-support-reflex-fix-200-o-200-mm-dispositif-dadaptation\/#breadcrumb","itemListElement":[{"@type":"ListItem","position":1,"name":"Accueil","item":"https:\/\/www.presi.com\/de\/"},{"@type":"ListItem","position":2,"name":"Gesch\u00e4ft","item":"https:\/\/www.presi.com\/de\/geschaeft\/"},{"@type":"ListItem","position":3,"name":"Adh\u00e4sionsfolie Reflex FIX, \u2300 200 mm"}]},{"@type":"WebSite","@id":"https:\/\/www.presi.com\/en\/#website","url":"https:\/\/www.presi.com\/en\/","name":"Presi","description":"M\u00e9tallographie - Machines pour analyse micrographique","potentialAction":[{"@type":"SearchAction","target":{"@type":"EntryPoint","urlTemplate":"https:\/\/www.presi.com\/en\/?s={search_term_string}"},"query-input":{"@type":"PropertyValueSpecification","valueRequired":true,"valueName":"search_term_string"}}],"inLanguage":"de"}]}},"_links":{"self":[{"href":"https:\/\/www.presi.com\/de\/wp-json\/wp\/v2\/product\/20146","targetHints":{"allow":["GET"]}}],"collection":[{"href":"https:\/\/www.presi.com\/de\/wp-json\/wp\/v2\/product"}],"about":[{"href":"https:\/\/www.presi.com\/de\/wp-json\/wp\/v2\/types\/product"}],"wp:featuredmedia":[{"embeddable":true,"href":"https:\/\/www.presi.com\/de\/wp-json\/wp\/v2\/media\/23477"}],"wp:attachment":[{"href":"https:\/\/www.presi.com\/de\/wp-json\/wp\/v2\/media?parent=20146"}],"wp:term":[{"taxonomy":"product_brand","embeddable":true,"href":"https:\/\/www.presi.com\/de\/wp-json\/wp\/v2\/product_brand?post=20146"},{"taxonomy":"product_cat","embeddable":true,"href":"https:\/\/www.presi.com\/de\/wp-json\/wp\/v2\/product_cat?post=20146"},{"taxonomy":"product_tag","embeddable":true,"href":"https:\/\/www.presi.com\/de\/wp-json\/wp\/v2\/product_tag?post=20146"}],"curies":[{"name":"wp","href":"https:\/\/api.w.org\/{rel}","templated":true}]}}