{"id":20198,"date":"2019-06-21T13:01:47","date_gmt":"2019-06-21T11:01:47","guid":{"rendered":"http:\/\/presi.com\/produit\/boite-de-25-disques-de-papier-abrasif-autocollants-zr-a-fort-taux-denlavement-de-matiare-p60-o-250-mm\/"},"modified":"2019-07-15T14:42:22","modified_gmt":"2019-07-15T12:42:22","slug":"boite-de-25-disques-de-papier-abrasif-autocollants-zr-a-fort-taux-denlavement-de-matiare-p60-o-250-mm","status":"publish","type":"product","link":"https:\/\/www.presi.com\/de\/produkt\/boite-de-25-disques-de-papier-abrasif-autocollants-zr-a-fort-taux-denlavement-de-matiare-p60-o-250-mm\/","title":{"rendered":"Selbstklebende Zirkonoxidschleifpaiere ZR+, P 60, \u2300 250 mm"},"content":{"rendered":"","protected":false},"excerpt":{"rendered":"<p>Packung mit 25 St\u00fcck. Zirkon basierte Schleifpapiere f\u00fcr sehr hohen Materialabtrag bei harten bis sehr harten Werkstoffen.<\/p>\n","protected":false},"featured_media":5880,"template":"","meta":{"_acf_changed":false},"product_brand":[],"product_cat":[1465,1426,1472,1436],"product_tag":[],"class_list":{"0":"post-20198","1":"product","2":"type-product","3":"status-publish","4":"has-post-thumbnail","6":"product_cat-schleifen","7":"product_cat-schleifen-u-polieren","8":"product_cat-schleifpapier","9":"product_cat-verbrauchsguter-de","10":"pa_autres-papiers-abrasifs-zirkonoxid-zr","12":"first","13":"instock","14":"purchasable","15":"product-type-simple"},"acf":[],"yoast_head":"<!-- This site is optimized with the Yoast SEO plugin v27.5 - https:\/\/yoast.com\/product\/yoast-seo-wordpress\/ -->\n<title>Selbstklebende Zirkonoxidschleifpaiere ZR+, P 60, \u2300 250 mm - Presi<\/title>\n<meta name=\"robots\" content=\"index, follow, max-snippet:-1, max-image-preview:large, max-video-preview:-1\" \/>\n<link rel=\"canonical\" href=\"https:\/\/www.presi.com\/de\/produkt\/boite-de-25-disques-de-papier-abrasif-autocollants-zr-a-fort-taux-denlavement-de-matiare-p60-o-250-mm\/\" \/>\n<meta property=\"og:locale\" content=\"de_DE\" \/>\n<meta property=\"og:type\" content=\"article\" \/>\n<meta property=\"og:title\" content=\"Selbstklebende Zirkonoxidschleifpaiere ZR+, P 60, \u2300 250 mm - Presi\" \/>\n<meta property=\"og:description\" content=\"Packung mit 25 St\u00fcck. Zirkon basierte Schleifpapiere f\u00fcr sehr hohen Materialabtrag bei harten bis sehr harten Werkstoffen.\" \/>\n<meta property=\"og:url\" content=\"https:\/\/www.presi.com\/de\/produkt\/boite-de-25-disques-de-papier-abrasif-autocollants-zr-a-fort-taux-denlavement-de-matiare-p60-o-250-mm\/\" \/>\n<meta property=\"og:site_name\" content=\"Presi\" \/>\n<meta property=\"article:modified_time\" content=\"2019-07-15T12:42:22+00:00\" \/>\n<meta property=\"og:image\" content=\"https:\/\/www.presi.com\/wp-content\/uploads\/2015\/04\/447-Boite-de-25-disques-de-papier-abrasif-autocollants-ZR-a-fort-taux-denlevement-de-matiere-P60-O-250-mm.jpg\" \/>\n\t<meta property=\"og:image:width\" content=\"600\" \/>\n\t<meta property=\"og:image:height\" content=\"460\" \/>\n\t<meta property=\"og:image:type\" content=\"image\/jpeg\" \/>\n<meta name=\"twitter:card\" content=\"summary_large_image\" \/>\n<script type=\"application\/ld+json\" class=\"yoast-schema-graph\">{\"@context\":\"https:\\\/\\\/schema.org\",\"@graph\":[{\"@type\":\"WebPage\",\"@id\":\"https:\\\/\\\/www.presi.com\\\/de\\\/produkt\\\/boite-de-25-disques-de-papier-abrasif-autocollants-zr-a-fort-taux-denlavement-de-matiare-p60-o-250-mm\\\/\",\"url\":\"https:\\\/\\\/www.presi.com\\\/de\\\/produkt\\\/boite-de-25-disques-de-papier-abrasif-autocollants-zr-a-fort-taux-denlavement-de-matiare-p60-o-250-mm\\\/\",\"name\":\"Selbstklebende Zirkonoxidschleifpaiere ZR+, P 60, \u2300 250 mm - Presi\",\"isPartOf\":{\"@id\":\"https:\\\/\\\/www.presi.com\\\/en\\\/#website\"},\"primaryImageOfPage\":{\"@id\":\"https:\\\/\\\/www.presi.com\\\/de\\\/produkt\\\/boite-de-25-disques-de-papier-abrasif-autocollants-zr-a-fort-taux-denlavement-de-matiare-p60-o-250-mm\\\/#primaryimage\"},\"image\":{\"@id\":\"https:\\\/\\\/www.presi.com\\\/de\\\/produkt\\\/boite-de-25-disques-de-papier-abrasif-autocollants-zr-a-fort-taux-denlavement-de-matiare-p60-o-250-mm\\\/#primaryimage\"},\"thumbnailUrl\":\"https:\\\/\\\/www.presi.com\\\/wp-content\\\/uploads\\\/2015\\\/04\\\/447-Boite-de-25-disques-de-papier-abrasif-autocollants-ZR-a-fort-taux-denlevement-de-matiere-P60-O-250-mm.jpg\",\"datePublished\":\"2019-06-21T11:01:47+00:00\",\"dateModified\":\"2019-07-15T12:42:22+00:00\",\"breadcrumb\":{\"@id\":\"https:\\\/\\\/www.presi.com\\\/de\\\/produkt\\\/boite-de-25-disques-de-papier-abrasif-autocollants-zr-a-fort-taux-denlavement-de-matiare-p60-o-250-mm\\\/#breadcrumb\"},\"inLanguage\":\"de\",\"potentialAction\":[{\"@type\":\"ReadAction\",\"target\":[\"https:\\\/\\\/www.presi.com\\\/de\\\/produkt\\\/boite-de-25-disques-de-papier-abrasif-autocollants-zr-a-fort-taux-denlavement-de-matiare-p60-o-250-mm\\\/\"]}]},{\"@type\":\"ImageObject\",\"inLanguage\":\"de\",\"@id\":\"https:\\\/\\\/www.presi.com\\\/de\\\/produkt\\\/boite-de-25-disques-de-papier-abrasif-autocollants-zr-a-fort-taux-denlavement-de-matiare-p60-o-250-mm\\\/#primaryimage\",\"url\":\"https:\\\/\\\/www.presi.com\\\/wp-content\\\/uploads\\\/2015\\\/04\\\/447-Boite-de-25-disques-de-papier-abrasif-autocollants-ZR-a-fort-taux-denlevement-de-matiere-P60-O-250-mm.jpg\",\"contentUrl\":\"https:\\\/\\\/www.presi.com\\\/wp-content\\\/uploads\\\/2015\\\/04\\\/447-Boite-de-25-disques-de-papier-abrasif-autocollants-ZR-a-fort-taux-denlevement-de-matiere-P60-O-250-mm.jpg\",\"width\":600,\"height\":460,\"caption\":\"Bo\u00eete de 25 disques de papier abrasif autocollants ZR+ \u00e0 fort taux d'enl\u00e8vement de mati\u00e8re P60 \u00d8 250 mm\"},{\"@type\":\"BreadcrumbList\",\"@id\":\"https:\\\/\\\/www.presi.com\\\/de\\\/produkt\\\/boite-de-25-disques-de-papier-abrasif-autocollants-zr-a-fort-taux-denlavement-de-matiare-p60-o-250-mm\\\/#breadcrumb\",\"itemListElement\":[{\"@type\":\"ListItem\",\"position\":1,\"name\":\"Accueil\",\"item\":\"https:\\\/\\\/www.presi.com\\\/de\\\/\"},{\"@type\":\"ListItem\",\"position\":2,\"name\":\"Gesch\u00e4ft\",\"item\":\"https:\\\/\\\/www.presi.com\\\/de\\\/geschaeft\\\/\"},{\"@type\":\"ListItem\",\"position\":3,\"name\":\"Selbstklebende Zirkonoxidschleifpaiere ZR+, P 60, \u2300 250 mm\"}]},{\"@type\":\"WebSite\",\"@id\":\"https:\\\/\\\/www.presi.com\\\/en\\\/#website\",\"url\":\"https:\\\/\\\/www.presi.com\\\/en\\\/\",\"name\":\"Presi\",\"description\":\"M\u00e9tallographie - Machines pour analyse micrographique\",\"potentialAction\":[{\"@type\":\"SearchAction\",\"target\":{\"@type\":\"EntryPoint\",\"urlTemplate\":\"https:\\\/\\\/www.presi.com\\\/en\\\/?s={search_term_string}\"},\"query-input\":{\"@type\":\"PropertyValueSpecification\",\"valueRequired\":true,\"valueName\":\"search_term_string\"}}],\"inLanguage\":\"de\"}]}<\/script>\n<!-- \/ Yoast SEO plugin. -->","yoast_head_json":{"title":"Selbstklebende Zirkonoxidschleifpaiere ZR+, P 60, \u2300 250 mm - Presi","robots":{"index":"index","follow":"follow","max-snippet":"max-snippet:-1","max-image-preview":"max-image-preview:large","max-video-preview":"max-video-preview:-1"},"canonical":"https:\/\/www.presi.com\/de\/produkt\/boite-de-25-disques-de-papier-abrasif-autocollants-zr-a-fort-taux-denlavement-de-matiare-p60-o-250-mm\/","og_locale":"de_DE","og_type":"article","og_title":"Selbstklebende Zirkonoxidschleifpaiere ZR+, P 60, \u2300 250 mm - Presi","og_description":"Packung mit 25 St\u00fcck. Zirkon basierte Schleifpapiere f\u00fcr sehr hohen Materialabtrag bei harten bis sehr harten Werkstoffen.","og_url":"https:\/\/www.presi.com\/de\/produkt\/boite-de-25-disques-de-papier-abrasif-autocollants-zr-a-fort-taux-denlavement-de-matiare-p60-o-250-mm\/","og_site_name":"Presi","article_modified_time":"2019-07-15T12:42:22+00:00","og_image":[{"width":600,"height":460,"url":"https:\/\/www.presi.com\/wp-content\/uploads\/2015\/04\/447-Boite-de-25-disques-de-papier-abrasif-autocollants-ZR-a-fort-taux-denlevement-de-matiere-P60-O-250-mm.jpg","type":"image\/jpeg"}],"twitter_card":"summary_large_image","schema":{"@context":"https:\/\/schema.org","@graph":[{"@type":"WebPage","@id":"https:\/\/www.presi.com\/de\/produkt\/boite-de-25-disques-de-papier-abrasif-autocollants-zr-a-fort-taux-denlavement-de-matiare-p60-o-250-mm\/","url":"https:\/\/www.presi.com\/de\/produkt\/boite-de-25-disques-de-papier-abrasif-autocollants-zr-a-fort-taux-denlavement-de-matiare-p60-o-250-mm\/","name":"Selbstklebende Zirkonoxidschleifpaiere ZR+, P 60, \u2300 250 mm - Presi","isPartOf":{"@id":"https:\/\/www.presi.com\/en\/#website"},"primaryImageOfPage":{"@id":"https:\/\/www.presi.com\/de\/produkt\/boite-de-25-disques-de-papier-abrasif-autocollants-zr-a-fort-taux-denlavement-de-matiare-p60-o-250-mm\/#primaryimage"},"image":{"@id":"https:\/\/www.presi.com\/de\/produkt\/boite-de-25-disques-de-papier-abrasif-autocollants-zr-a-fort-taux-denlavement-de-matiare-p60-o-250-mm\/#primaryimage"},"thumbnailUrl":"https:\/\/www.presi.com\/wp-content\/uploads\/2015\/04\/447-Boite-de-25-disques-de-papier-abrasif-autocollants-ZR-a-fort-taux-denlevement-de-matiere-P60-O-250-mm.jpg","datePublished":"2019-06-21T11:01:47+00:00","dateModified":"2019-07-15T12:42:22+00:00","breadcrumb":{"@id":"https:\/\/www.presi.com\/de\/produkt\/boite-de-25-disques-de-papier-abrasif-autocollants-zr-a-fort-taux-denlavement-de-matiare-p60-o-250-mm\/#breadcrumb"},"inLanguage":"de","potentialAction":[{"@type":"ReadAction","target":["https:\/\/www.presi.com\/de\/produkt\/boite-de-25-disques-de-papier-abrasif-autocollants-zr-a-fort-taux-denlavement-de-matiare-p60-o-250-mm\/"]}]},{"@type":"ImageObject","inLanguage":"de","@id":"https:\/\/www.presi.com\/de\/produkt\/boite-de-25-disques-de-papier-abrasif-autocollants-zr-a-fort-taux-denlavement-de-matiare-p60-o-250-mm\/#primaryimage","url":"https:\/\/www.presi.com\/wp-content\/uploads\/2015\/04\/447-Boite-de-25-disques-de-papier-abrasif-autocollants-ZR-a-fort-taux-denlevement-de-matiere-P60-O-250-mm.jpg","contentUrl":"https:\/\/www.presi.com\/wp-content\/uploads\/2015\/04\/447-Boite-de-25-disques-de-papier-abrasif-autocollants-ZR-a-fort-taux-denlevement-de-matiere-P60-O-250-mm.jpg","width":600,"height":460,"caption":"Bo\u00eete de 25 disques de papier abrasif autocollants ZR+ \u00e0 fort taux d'enl\u00e8vement de mati\u00e8re P60 \u00d8 250 mm"},{"@type":"BreadcrumbList","@id":"https:\/\/www.presi.com\/de\/produkt\/boite-de-25-disques-de-papier-abrasif-autocollants-zr-a-fort-taux-denlavement-de-matiare-p60-o-250-mm\/#breadcrumb","itemListElement":[{"@type":"ListItem","position":1,"name":"Accueil","item":"https:\/\/www.presi.com\/de\/"},{"@type":"ListItem","position":2,"name":"Gesch\u00e4ft","item":"https:\/\/www.presi.com\/de\/geschaeft\/"},{"@type":"ListItem","position":3,"name":"Selbstklebende Zirkonoxidschleifpaiere ZR+, P 60, \u2300 250 mm"}]},{"@type":"WebSite","@id":"https:\/\/www.presi.com\/en\/#website","url":"https:\/\/www.presi.com\/en\/","name":"Presi","description":"M\u00e9tallographie - Machines pour analyse micrographique","potentialAction":[{"@type":"SearchAction","target":{"@type":"EntryPoint","urlTemplate":"https:\/\/www.presi.com\/en\/?s={search_term_string}"},"query-input":{"@type":"PropertyValueSpecification","valueRequired":true,"valueName":"search_term_string"}}],"inLanguage":"de"}]}},"_links":{"self":[{"href":"https:\/\/www.presi.com\/de\/wp-json\/wp\/v2\/product\/20198","targetHints":{"allow":["GET"]}}],"collection":[{"href":"https:\/\/www.presi.com\/de\/wp-json\/wp\/v2\/product"}],"about":[{"href":"https:\/\/www.presi.com\/de\/wp-json\/wp\/v2\/types\/product"}],"wp:featuredmedia":[{"embeddable":true,"href":"https:\/\/www.presi.com\/de\/wp-json\/wp\/v2\/media\/5880"}],"wp:attachment":[{"href":"https:\/\/www.presi.com\/de\/wp-json\/wp\/v2\/media?parent=20198"}],"wp:term":[{"taxonomy":"product_brand","embeddable":true,"href":"https:\/\/www.presi.com\/de\/wp-json\/wp\/v2\/product_brand?post=20198"},{"taxonomy":"product_cat","embeddable":true,"href":"https:\/\/www.presi.com\/de\/wp-json\/wp\/v2\/product_cat?post=20198"},{"taxonomy":"product_tag","embeddable":true,"href":"https:\/\/www.presi.com\/de\/wp-json\/wp\/v2\/product_tag?post=20198"}],"curies":[{"name":"wp","href":"https:\/\/api.w.org\/{rel}","templated":true}]}}