{"id":21000,"date":"2019-06-20T15:37:47","date_gmt":"2019-06-21T13:09:56","guid":{"rendered":"http:\/\/presi.com\/produit\/pressi-presse-de-mise-a-niveau-pour-la-microscopie\/"},"modified":"2020-04-29T16:46:46","modified_gmt":"2020-04-29T14:46:46","slug":"pressi-handpresse-zum-nivellieren-von-proben-fuer-das-mikroskop","status":"publish","type":"product","link":"https:\/\/www.presi.com\/de\/produkt\/pressi-handpresse-zum-nivellieren-von-proben-fuer-das-mikroskop\/","title":{"rendered":"Schliffpresse \/ Handpresse zum Nivellieren von Proben f\u00fcr das Mikroskop"},"content":{"rendered":"<h2><a href=\"https:\/\/youtu.be\/n4AyU9G1yy4\" target=\"_blank\" rel=\"noopener noreferrer\"><span style=\"background-color: #ccffff\">Klicken Sie auf diesen Link um zum Schliffpressenvideo zu gelangen<\/span><\/a><\/h2>\n<p>&nbsp;<\/p>\n","protected":false},"excerpt":{"rendered":"<p>Eine Schliffpresse (oder Handpresse) wird verwendet, um fertig pr\u00e4parierte Schliffe planparallel unter ein Mikroskop legen zu k\u00f6nnen. Mit dem Mikroskop werden verschieden Punkte auf dem Schliff untersucht. Der Abstand zwischen Objektiv und Schliff muss immer gleich bleiben, d.h. die Schlifffl\u00e4che muss immer den selben Abstand zum Mikroskop haben, sonst werden die Bilder schnell unscharf. Um das zu gew\u00e4hrleisten, nimmt man eine Handpresse, die den Schliff, \u00fcber eine Ausgleichsmasse (Knete), planparallel auf den Mikroskopobjektr\u00e4ger dr\u00fcckt. Der Schliff muss dabei gesch\u00fctzt werden, man kann dazu ein Tuch oder eine KM2.0 Form von Presi verwenden.<\/p>\n","protected":false},"featured_media":11515,"template":"","meta":{"_acf_changed":false},"product_brand":[],"product_cat":[1488],"product_tag":[],"class_list":{"0":"post-21000","1":"product","2":"type-product","3":"status-publish","4":"has-post-thumbnail","6":"product_cat-labormobel-zubehor","7":"pa_tout-pour-le-labo-zubehor-zum-mikroskopieren","9":"first","10":"instock","11":"purchasable","12":"product-type-simple"},"acf":[],"yoast_head":"<!-- This site is optimized with the Yoast SEO plugin v27.2 - https:\/\/yoast.com\/product\/yoast-seo-wordpress\/ -->\n<title>Schliffpresse \/ Handpresse zum Nivellieren von Proben f\u00fcr das Mikroskop - Presi<\/title>\n<meta name=\"robots\" content=\"index, follow, max-snippet:-1, max-image-preview:large, max-video-preview:-1\" \/>\n<link rel=\"canonical\" href=\"https:\/\/www.presi.com\/de\/produkt\/pressi-handpresse-zum-nivellieren-von-proben-fuer-das-mikroskop\/\" \/>\n<meta property=\"og:locale\" content=\"de_DE\" \/>\n<meta property=\"og:type\" content=\"article\" \/>\n<meta property=\"og:title\" content=\"Schliffpresse \/ Handpresse zum Nivellieren von Proben f\u00fcr das Mikroskop - Presi\" \/>\n<meta property=\"og:description\" content=\"Eine Schliffpresse (oder Handpresse) wird verwendet, um fertig pr\u00e4parierte Schliffe planparallel unter ein Mikroskop legen zu k\u00f6nnen. Mit dem Mikroskop werden verschieden Punkte auf dem Schliff untersucht. Der Abstand zwischen Objektiv und Schliff muss immer gleich bleiben, d.h. die Schlifffl\u00e4che muss immer den selben Abstand zum Mikroskop haben, sonst werden die Bilder schnell unscharf. Um das zu gew\u00e4hrleisten, nimmt man eine Handpresse, die den Schliff, \u00fcber eine Ausgleichsmasse (Knete), planparallel auf den Mikroskopobjektr\u00e4ger dr\u00fcckt. Der Schliff muss dabei gesch\u00fctzt werden, man kann dazu ein Tuch oder eine KM2.0 Form von Presi verwenden.\" \/>\n<meta property=\"og:url\" content=\"https:\/\/www.presi.com\/de\/produkt\/pressi-handpresse-zum-nivellieren-von-proben-fuer-das-mikroskop\/\" \/>\n<meta property=\"og:site_name\" content=\"Presi\" \/>\n<meta property=\"article:modified_time\" content=\"2020-04-29T14:46:46+00:00\" \/>\n<meta property=\"og:image\" content=\"https:\/\/www.presi.com\/wp-content\/uploads\/2015\/04\/1261-PressI-Presse-de-mise-a-niveau-pour-la-microscopie.jpg\" \/>\n\t<meta property=\"og:image:width\" content=\"450\" \/>\n\t<meta property=\"og:image:height\" content=\"600\" \/>\n\t<meta property=\"og:image:type\" content=\"image\/jpeg\" \/>\n<meta name=\"twitter:card\" content=\"summary_large_image\" \/>\n<script type=\"application\/ld+json\" class=\"yoast-schema-graph\">{\"@context\":\"https:\/\/schema.org\",\"@graph\":[{\"@type\":\"WebPage\",\"@id\":\"https:\/\/www.presi.com\/de\/produkt\/pressi-handpresse-zum-nivellieren-von-proben-fuer-das-mikroskop\/\",\"url\":\"https:\/\/www.presi.com\/de\/produkt\/pressi-handpresse-zum-nivellieren-von-proben-fuer-das-mikroskop\/\",\"name\":\"Schliffpresse \/ Handpresse zum Nivellieren von Proben f\u00fcr das Mikroskop - Presi\",\"isPartOf\":{\"@id\":\"https:\/\/www.presi.com\/en\/#website\"},\"primaryImageOfPage\":{\"@id\":\"https:\/\/www.presi.com\/de\/produkt\/pressi-handpresse-zum-nivellieren-von-proben-fuer-das-mikroskop\/#primaryimage\"},\"image\":{\"@id\":\"https:\/\/www.presi.com\/de\/produkt\/pressi-handpresse-zum-nivellieren-von-proben-fuer-das-mikroskop\/#primaryimage\"},\"thumbnailUrl\":\"https:\/\/www.presi.com\/wp-content\/uploads\/2015\/04\/1261-PressI-Presse-de-mise-a-niveau-pour-la-microscopie.jpg\",\"datePublished\":\"2019-06-21T13:09:56+00:00\",\"dateModified\":\"2020-04-29T14:46:46+00:00\",\"breadcrumb\":{\"@id\":\"https:\/\/www.presi.com\/de\/produkt\/pressi-handpresse-zum-nivellieren-von-proben-fuer-das-mikroskop\/#breadcrumb\"},\"inLanguage\":\"de\",\"potentialAction\":[{\"@type\":\"ReadAction\",\"target\":[\"https:\/\/www.presi.com\/de\/produkt\/pressi-handpresse-zum-nivellieren-von-proben-fuer-das-mikroskop\/\"]}]},{\"@type\":\"ImageObject\",\"inLanguage\":\"de\",\"@id\":\"https:\/\/www.presi.com\/de\/produkt\/pressi-handpresse-zum-nivellieren-von-proben-fuer-das-mikroskop\/#primaryimage\",\"url\":\"https:\/\/www.presi.com\/wp-content\/uploads\/2015\/04\/1261-PressI-Presse-de-mise-a-niveau-pour-la-microscopie.jpg\",\"contentUrl\":\"https:\/\/www.presi.com\/wp-content\/uploads\/2015\/04\/1261-PressI-Presse-de-mise-a-niveau-pour-la-microscopie.jpg\",\"width\":450,\"height\":600,\"caption\":\"Press'I - Presse de mise \u00e0 niveau pour la microscopie\"},{\"@type\":\"BreadcrumbList\",\"@id\":\"https:\/\/www.presi.com\/de\/produkt\/pressi-handpresse-zum-nivellieren-von-proben-fuer-das-mikroskop\/#breadcrumb\",\"itemListElement\":[{\"@type\":\"ListItem\",\"position\":1,\"name\":\"Accueil\",\"item\":\"https:\/\/www.presi.com\/de\/\"},{\"@type\":\"ListItem\",\"position\":2,\"name\":\"Gesch\u00e4ft\",\"item\":\"https:\/\/www.presi.com\/de\/geschaeft\/\"},{\"@type\":\"ListItem\",\"position\":3,\"name\":\"Schliffpresse \/ Handpresse zum Nivellieren von Proben f\u00fcr das Mikroskop\"}]},{\"@type\":\"WebSite\",\"@id\":\"https:\/\/www.presi.com\/en\/#website\",\"url\":\"https:\/\/www.presi.com\/en\/\",\"name\":\"Presi\",\"description\":\"M\u00e9tallographie - Machines pour analyse micrographique\",\"potentialAction\":[{\"@type\":\"SearchAction\",\"target\":{\"@type\":\"EntryPoint\",\"urlTemplate\":\"https:\/\/www.presi.com\/en\/?s={search_term_string}\"},\"query-input\":{\"@type\":\"PropertyValueSpecification\",\"valueRequired\":true,\"valueName\":\"search_term_string\"}}],\"inLanguage\":\"de\"}]}<\/script>\n<!-- \/ Yoast SEO plugin. -->","yoast_head_json":{"title":"Schliffpresse \/ Handpresse zum Nivellieren von Proben f\u00fcr das Mikroskop - Presi","robots":{"index":"index","follow":"follow","max-snippet":"max-snippet:-1","max-image-preview":"max-image-preview:large","max-video-preview":"max-video-preview:-1"},"canonical":"https:\/\/www.presi.com\/de\/produkt\/pressi-handpresse-zum-nivellieren-von-proben-fuer-das-mikroskop\/","og_locale":"de_DE","og_type":"article","og_title":"Schliffpresse \/ Handpresse zum Nivellieren von Proben f\u00fcr das Mikroskop - Presi","og_description":"Eine Schliffpresse (oder Handpresse) wird verwendet, um fertig pr\u00e4parierte Schliffe planparallel unter ein Mikroskop legen zu k\u00f6nnen. Mit dem Mikroskop werden verschieden Punkte auf dem Schliff untersucht. Der Abstand zwischen Objektiv und Schliff muss immer gleich bleiben, d.h. die Schlifffl\u00e4che muss immer den selben Abstand zum Mikroskop haben, sonst werden die Bilder schnell unscharf. Um das zu gew\u00e4hrleisten, nimmt man eine Handpresse, die den Schliff, \u00fcber eine Ausgleichsmasse (Knete), planparallel auf den Mikroskopobjektr\u00e4ger dr\u00fcckt. Der Schliff muss dabei gesch\u00fctzt werden, man kann dazu ein Tuch oder eine KM2.0 Form von Presi verwenden.","og_url":"https:\/\/www.presi.com\/de\/produkt\/pressi-handpresse-zum-nivellieren-von-proben-fuer-das-mikroskop\/","og_site_name":"Presi","article_modified_time":"2020-04-29T14:46:46+00:00","og_image":[{"width":450,"height":600,"url":"https:\/\/www.presi.com\/wp-content\/uploads\/2015\/04\/1261-PressI-Presse-de-mise-a-niveau-pour-la-microscopie.jpg","type":"image\/jpeg"}],"twitter_card":"summary_large_image","schema":{"@context":"https:\/\/schema.org","@graph":[{"@type":"WebPage","@id":"https:\/\/www.presi.com\/de\/produkt\/pressi-handpresse-zum-nivellieren-von-proben-fuer-das-mikroskop\/","url":"https:\/\/www.presi.com\/de\/produkt\/pressi-handpresse-zum-nivellieren-von-proben-fuer-das-mikroskop\/","name":"Schliffpresse \/ Handpresse zum Nivellieren von Proben f\u00fcr das Mikroskop - Presi","isPartOf":{"@id":"https:\/\/www.presi.com\/en\/#website"},"primaryImageOfPage":{"@id":"https:\/\/www.presi.com\/de\/produkt\/pressi-handpresse-zum-nivellieren-von-proben-fuer-das-mikroskop\/#primaryimage"},"image":{"@id":"https:\/\/www.presi.com\/de\/produkt\/pressi-handpresse-zum-nivellieren-von-proben-fuer-das-mikroskop\/#primaryimage"},"thumbnailUrl":"https:\/\/www.presi.com\/wp-content\/uploads\/2015\/04\/1261-PressI-Presse-de-mise-a-niveau-pour-la-microscopie.jpg","datePublished":"2019-06-21T13:09:56+00:00","dateModified":"2020-04-29T14:46:46+00:00","breadcrumb":{"@id":"https:\/\/www.presi.com\/de\/produkt\/pressi-handpresse-zum-nivellieren-von-proben-fuer-das-mikroskop\/#breadcrumb"},"inLanguage":"de","potentialAction":[{"@type":"ReadAction","target":["https:\/\/www.presi.com\/de\/produkt\/pressi-handpresse-zum-nivellieren-von-proben-fuer-das-mikroskop\/"]}]},{"@type":"ImageObject","inLanguage":"de","@id":"https:\/\/www.presi.com\/de\/produkt\/pressi-handpresse-zum-nivellieren-von-proben-fuer-das-mikroskop\/#primaryimage","url":"https:\/\/www.presi.com\/wp-content\/uploads\/2015\/04\/1261-PressI-Presse-de-mise-a-niveau-pour-la-microscopie.jpg","contentUrl":"https:\/\/www.presi.com\/wp-content\/uploads\/2015\/04\/1261-PressI-Presse-de-mise-a-niveau-pour-la-microscopie.jpg","width":450,"height":600,"caption":"Press'I - Presse de mise \u00e0 niveau pour la microscopie"},{"@type":"BreadcrumbList","@id":"https:\/\/www.presi.com\/de\/produkt\/pressi-handpresse-zum-nivellieren-von-proben-fuer-das-mikroskop\/#breadcrumb","itemListElement":[{"@type":"ListItem","position":1,"name":"Accueil","item":"https:\/\/www.presi.com\/de\/"},{"@type":"ListItem","position":2,"name":"Gesch\u00e4ft","item":"https:\/\/www.presi.com\/de\/geschaeft\/"},{"@type":"ListItem","position":3,"name":"Schliffpresse \/ Handpresse zum Nivellieren von Proben f\u00fcr das Mikroskop"}]},{"@type":"WebSite","@id":"https:\/\/www.presi.com\/en\/#website","url":"https:\/\/www.presi.com\/en\/","name":"Presi","description":"M\u00e9tallographie - Machines pour analyse micrographique","potentialAction":[{"@type":"SearchAction","target":{"@type":"EntryPoint","urlTemplate":"https:\/\/www.presi.com\/en\/?s={search_term_string}"},"query-input":{"@type":"PropertyValueSpecification","valueRequired":true,"valueName":"search_term_string"}}],"inLanguage":"de"}]}},"_links":{"self":[{"href":"https:\/\/www.presi.com\/de\/wp-json\/wp\/v2\/product\/21000","targetHints":{"allow":["GET"]}}],"collection":[{"href":"https:\/\/www.presi.com\/de\/wp-json\/wp\/v2\/product"}],"about":[{"href":"https:\/\/www.presi.com\/de\/wp-json\/wp\/v2\/types\/product"}],"wp:featuredmedia":[{"embeddable":true,"href":"https:\/\/www.presi.com\/de\/wp-json\/wp\/v2\/media\/11515"}],"wp:attachment":[{"href":"https:\/\/www.presi.com\/de\/wp-json\/wp\/v2\/media?parent=21000"}],"wp:term":[{"taxonomy":"product_brand","embeddable":true,"href":"https:\/\/www.presi.com\/de\/wp-json\/wp\/v2\/product_brand?post=21000"},{"taxonomy":"product_cat","embeddable":true,"href":"https:\/\/www.presi.com\/de\/wp-json\/wp\/v2\/product_cat?post=21000"},{"taxonomy":"product_tag","embeddable":true,"href":"https:\/\/www.presi.com\/de\/wp-json\/wp\/v2\/product_tag?post=21000"}],"curies":[{"name":"wp","href":"https:\/\/api.w.org\/{rel}","templated":true}]}}