{"id":21005,"date":"2019-06-20T15:37:47","date_gmt":"2019-06-21T13:10:31","guid":{"rendered":"http:\/\/presi.com\/produit\/evo-400\/"},"modified":"2020-03-31T16:09:24","modified_gmt":"2020-03-31T14:09:24","slug":"evo-400","status":"publish","type":"product","link":"https:\/\/www.presi.com\/de\/produkt\/evo-400\/","title":{"rendered":"EVO 400"},"content":{"rendered":"<p><iframe id=\"resp_1280px\" src=\"https:\/\/www.youtube.com\/embed\/wMBMchCAxig\" width=\"570\" height=\"350\" frameborder=\"0\"><\/iframe><\/p>\n","protected":false},"excerpt":{"rendered":"<p>Trennmaschine f\u00fcr gro\u00dfe Bauteile. Die EVO 400 hat einen gro\u00dfen Trennraum und kann dementsprechend auch gro\u00dfe Proben trennen. Die H\u00f6he unter der Trennscheibe betr\u00e4gt 190mm. Die Arbeitstische k\u00f6nnen Teile von mehr als 200kg tragen. Diese leistungsstarke Maschine vereint einfache Handhabung und Robustheit. Das ergonomische Design mit einer motorisierten Trennraumhaube und einem mehrsprachigen Farb-Touchscreen vereinfacht die Bedienung. Optionen: * Laserpositionierung. Ein Laser hilft die Bauteile unter der Trennscheibe auszurichten * Manuelle X-Achse. Hilft bei der Positionierung unter der Trennscheibe und parallele Schnitte k\u00f6nnen durchgef\u00fchrt werden. * Manuelle Y-Achse. Das Bauteil kann in L\u00e4ngsrichtung in die Trennscheibe hineingefahren werden. Dadurch wird die Trennkapazit\u00e4t erh\u00f6ht.<\/p>\n","protected":false},"featured_media":23180,"template":"","meta":{"_acf_changed":false},"product_brand":[],"product_cat":[1490,1509],"product_tag":[],"class_list":{"0":"post-21005","1":"product","2":"type-product","3":"status-publish","4":"has-post-thumbnail","6":"product_cat-trennen","7":"product_cat-trennmaschinen-de","8":"pa_diametre-de-meule-bis-zu-o-180-mm-de","9":"pa_type-de-machine-trennmaschine","11":"first","12":"instock","13":"purchasable","14":"product-type-simple"},"acf":[],"yoast_head":"<!-- This site is optimized with the Yoast SEO plugin v27.5 - https:\/\/yoast.com\/product\/yoast-seo-wordpress\/ -->\n<title>EVO 400 - Presi<\/title>\n<meta name=\"robots\" content=\"index, follow, max-snippet:-1, max-image-preview:large, max-video-preview:-1\" \/>\n<link rel=\"canonical\" href=\"https:\/\/www.presi.com\/de\/produkt\/evo-400\/\" \/>\n<meta property=\"og:locale\" content=\"de_DE\" \/>\n<meta property=\"og:type\" content=\"article\" \/>\n<meta property=\"og:title\" content=\"EVO 400 - Presi\" \/>\n<meta property=\"og:description\" content=\"Trennmaschine f\u00fcr gro\u00dfe Bauteile. Die EVO 400 hat einen gro\u00dfen Trennraum und kann dementsprechend auch gro\u00dfe Proben trennen. Die H\u00f6he unter der Trennscheibe betr\u00e4gt 190mm. Die Arbeitstische k\u00f6nnen Teile von mehr als 200kg tragen. Diese leistungsstarke Maschine vereint einfache Handhabung und Robustheit. Das ergonomische Design mit einer motorisierten Trennraumhaube und einem mehrsprachigen Farb-Touchscreen vereinfacht die Bedienung. Optionen: * Laserpositionierung. Ein Laser hilft die Bauteile unter der Trennscheibe auszurichten * Manuelle X-Achse. Hilft bei der Positionierung unter der Trennscheibe und parallele Schnitte k\u00f6nnen durchgef\u00fchrt werden. * Manuelle Y-Achse. Das Bauteil kann in L\u00e4ngsrichtung in die Trennscheibe hineingefahren werden. Dadurch wird die Trennkapazit\u00e4t erh\u00f6ht.\" \/>\n<meta property=\"og:url\" content=\"https:\/\/www.presi.com\/de\/produkt\/evo-400\/\" \/>\n<meta property=\"og:site_name\" content=\"Presi\" \/>\n<meta property=\"article:modified_time\" content=\"2020-03-31T14:09:24+00:00\" \/>\n<meta property=\"og:image\" content=\"https:\/\/www.presi.com\/wp-content\/uploads\/2019\/06\/machine-tronconnage-evo-400-presi.png\" \/>\n\t<meta property=\"og:image:width\" content=\"600\" \/>\n\t<meta property=\"og:image:height\" content=\"600\" \/>\n\t<meta property=\"og:image:type\" content=\"image\/png\" \/>\n<meta name=\"twitter:card\" content=\"summary_large_image\" \/>\n<script type=\"application\/ld+json\" class=\"yoast-schema-graph\">{\"@context\":\"https:\\\/\\\/schema.org\",\"@graph\":[{\"@type\":\"WebPage\",\"@id\":\"https:\\\/\\\/www.presi.com\\\/de\\\/produkt\\\/evo-400\\\/\",\"url\":\"https:\\\/\\\/www.presi.com\\\/de\\\/produkt\\\/evo-400\\\/\",\"name\":\"EVO 400 - Presi\",\"isPartOf\":{\"@id\":\"https:\\\/\\\/www.presi.com\\\/en\\\/#website\"},\"primaryImageOfPage\":{\"@id\":\"https:\\\/\\\/www.presi.com\\\/de\\\/produkt\\\/evo-400\\\/#primaryimage\"},\"image\":{\"@id\":\"https:\\\/\\\/www.presi.com\\\/de\\\/produkt\\\/evo-400\\\/#primaryimage\"},\"thumbnailUrl\":\"https:\\\/\\\/www.presi.com\\\/wp-content\\\/uploads\\\/2019\\\/06\\\/machine-tronconnage-evo-400-presi.png\",\"datePublished\":\"2019-06-21T13:10:31+00:00\",\"dateModified\":\"2020-03-31T14:09:24+00:00\",\"breadcrumb\":{\"@id\":\"https:\\\/\\\/www.presi.com\\\/de\\\/produkt\\\/evo-400\\\/#breadcrumb\"},\"inLanguage\":\"de\",\"potentialAction\":[{\"@type\":\"ReadAction\",\"target\":[\"https:\\\/\\\/www.presi.com\\\/de\\\/produkt\\\/evo-400\\\/\"]}]},{\"@type\":\"ImageObject\",\"inLanguage\":\"de\",\"@id\":\"https:\\\/\\\/www.presi.com\\\/de\\\/produkt\\\/evo-400\\\/#primaryimage\",\"url\":\"https:\\\/\\\/www.presi.com\\\/wp-content\\\/uploads\\\/2019\\\/06\\\/machine-tronconnage-evo-400-presi.png\",\"contentUrl\":\"https:\\\/\\\/www.presi.com\\\/wp-content\\\/uploads\\\/2019\\\/06\\\/machine-tronconnage-evo-400-presi.png\",\"width\":600,\"height\":600},{\"@type\":\"BreadcrumbList\",\"@id\":\"https:\\\/\\\/www.presi.com\\\/de\\\/produkt\\\/evo-400\\\/#breadcrumb\",\"itemListElement\":[{\"@type\":\"ListItem\",\"position\":1,\"name\":\"Accueil\",\"item\":\"https:\\\/\\\/www.presi.com\\\/de\\\/\"},{\"@type\":\"ListItem\",\"position\":2,\"name\":\"Gesch\u00e4ft\",\"item\":\"https:\\\/\\\/www.presi.com\\\/de\\\/geschaeft\\\/\"},{\"@type\":\"ListItem\",\"position\":3,\"name\":\"EVO 400\"}]},{\"@type\":\"WebSite\",\"@id\":\"https:\\\/\\\/www.presi.com\\\/en\\\/#website\",\"url\":\"https:\\\/\\\/www.presi.com\\\/en\\\/\",\"name\":\"Presi\",\"description\":\"M\u00e9tallographie - Machines pour analyse micrographique\",\"potentialAction\":[{\"@type\":\"SearchAction\",\"target\":{\"@type\":\"EntryPoint\",\"urlTemplate\":\"https:\\\/\\\/www.presi.com\\\/en\\\/?s={search_term_string}\"},\"query-input\":{\"@type\":\"PropertyValueSpecification\",\"valueRequired\":true,\"valueName\":\"search_term_string\"}}],\"inLanguage\":\"de\"}]}<\/script>\n<!-- \/ Yoast SEO plugin. -->","yoast_head_json":{"title":"EVO 400 - Presi","robots":{"index":"index","follow":"follow","max-snippet":"max-snippet:-1","max-image-preview":"max-image-preview:large","max-video-preview":"max-video-preview:-1"},"canonical":"https:\/\/www.presi.com\/de\/produkt\/evo-400\/","og_locale":"de_DE","og_type":"article","og_title":"EVO 400 - Presi","og_description":"Trennmaschine f\u00fcr gro\u00dfe Bauteile. Die EVO 400 hat einen gro\u00dfen Trennraum und kann dementsprechend auch gro\u00dfe Proben trennen. Die H\u00f6he unter der Trennscheibe betr\u00e4gt 190mm. Die Arbeitstische k\u00f6nnen Teile von mehr als 200kg tragen. Diese leistungsstarke Maschine vereint einfache Handhabung und Robustheit. Das ergonomische Design mit einer motorisierten Trennraumhaube und einem mehrsprachigen Farb-Touchscreen vereinfacht die Bedienung. Optionen: * Laserpositionierung. Ein Laser hilft die Bauteile unter der Trennscheibe auszurichten * Manuelle X-Achse. Hilft bei der Positionierung unter der Trennscheibe und parallele Schnitte k\u00f6nnen durchgef\u00fchrt werden. * Manuelle Y-Achse. Das Bauteil kann in L\u00e4ngsrichtung in die Trennscheibe hineingefahren werden. Dadurch wird die Trennkapazit\u00e4t erh\u00f6ht.","og_url":"https:\/\/www.presi.com\/de\/produkt\/evo-400\/","og_site_name":"Presi","article_modified_time":"2020-03-31T14:09:24+00:00","og_image":[{"width":600,"height":600,"url":"https:\/\/www.presi.com\/wp-content\/uploads\/2019\/06\/machine-tronconnage-evo-400-presi.png","type":"image\/png"}],"twitter_card":"summary_large_image","schema":{"@context":"https:\/\/schema.org","@graph":[{"@type":"WebPage","@id":"https:\/\/www.presi.com\/de\/produkt\/evo-400\/","url":"https:\/\/www.presi.com\/de\/produkt\/evo-400\/","name":"EVO 400 - Presi","isPartOf":{"@id":"https:\/\/www.presi.com\/en\/#website"},"primaryImageOfPage":{"@id":"https:\/\/www.presi.com\/de\/produkt\/evo-400\/#primaryimage"},"image":{"@id":"https:\/\/www.presi.com\/de\/produkt\/evo-400\/#primaryimage"},"thumbnailUrl":"https:\/\/www.presi.com\/wp-content\/uploads\/2019\/06\/machine-tronconnage-evo-400-presi.png","datePublished":"2019-06-21T13:10:31+00:00","dateModified":"2020-03-31T14:09:24+00:00","breadcrumb":{"@id":"https:\/\/www.presi.com\/de\/produkt\/evo-400\/#breadcrumb"},"inLanguage":"de","potentialAction":[{"@type":"ReadAction","target":["https:\/\/www.presi.com\/de\/produkt\/evo-400\/"]}]},{"@type":"ImageObject","inLanguage":"de","@id":"https:\/\/www.presi.com\/de\/produkt\/evo-400\/#primaryimage","url":"https:\/\/www.presi.com\/wp-content\/uploads\/2019\/06\/machine-tronconnage-evo-400-presi.png","contentUrl":"https:\/\/www.presi.com\/wp-content\/uploads\/2019\/06\/machine-tronconnage-evo-400-presi.png","width":600,"height":600},{"@type":"BreadcrumbList","@id":"https:\/\/www.presi.com\/de\/produkt\/evo-400\/#breadcrumb","itemListElement":[{"@type":"ListItem","position":1,"name":"Accueil","item":"https:\/\/www.presi.com\/de\/"},{"@type":"ListItem","position":2,"name":"Gesch\u00e4ft","item":"https:\/\/www.presi.com\/de\/geschaeft\/"},{"@type":"ListItem","position":3,"name":"EVO 400"}]},{"@type":"WebSite","@id":"https:\/\/www.presi.com\/en\/#website","url":"https:\/\/www.presi.com\/en\/","name":"Presi","description":"M\u00e9tallographie - Machines pour analyse micrographique","potentialAction":[{"@type":"SearchAction","target":{"@type":"EntryPoint","urlTemplate":"https:\/\/www.presi.com\/en\/?s={search_term_string}"},"query-input":{"@type":"PropertyValueSpecification","valueRequired":true,"valueName":"search_term_string"}}],"inLanguage":"de"}]}},"_links":{"self":[{"href":"https:\/\/www.presi.com\/de\/wp-json\/wp\/v2\/product\/21005","targetHints":{"allow":["GET"]}}],"collection":[{"href":"https:\/\/www.presi.com\/de\/wp-json\/wp\/v2\/product"}],"about":[{"href":"https:\/\/www.presi.com\/de\/wp-json\/wp\/v2\/types\/product"}],"wp:featuredmedia":[{"embeddable":true,"href":"https:\/\/www.presi.com\/de\/wp-json\/wp\/v2\/media\/23180"}],"wp:attachment":[{"href":"https:\/\/www.presi.com\/de\/wp-json\/wp\/v2\/media?parent=21005"}],"wp:term":[{"taxonomy":"product_brand","embeddable":true,"href":"https:\/\/www.presi.com\/de\/wp-json\/wp\/v2\/product_brand?post=21005"},{"taxonomy":"product_cat","embeddable":true,"href":"https:\/\/www.presi.com\/de\/wp-json\/wp\/v2\/product_cat?post=21005"},{"taxonomy":"product_tag","embeddable":true,"href":"https:\/\/www.presi.com\/de\/wp-json\/wp\/v2\/product_tag?post=21005"}],"curies":[{"name":"wp","href":"https:\/\/api.w.org\/{rel}","templated":true}]}}