{"id":21012,"date":"2019-06-20T16:07:58","date_gmt":"2019-06-21T13:11:12","guid":{"rendered":"http:\/\/presi.com\/produit\/med-r-o-300mm\/"},"modified":"2022-10-21T10:10:26","modified_gmt":"2022-10-21T08:10:26","slug":"med-r-o-300mm","status":"publish","type":"product","link":"https:\/\/www.presi.com\/de\/produkt\/med-r-o-300mm\/","title":{"rendered":"L\u00e4ppscheibe MED R \u2300 300 mm"},"content":{"rendered":"","protected":false},"excerpt":{"rendered":"<p>Kunstharzgebundene L\u00e4ppscheiben, die mit Suspensionen durch ihren hohen Materialabtrag mit perfekter Schliffplanheit und Kantensch\u00e4rfe, Pr\u00e4parationsschritte einsparen und die Proben optimal f\u00fcr die Politur vorbereiten.<\/p>\n","protected":false},"featured_media":22099,"template":"","meta":{"_acf_changed":false},"product_brand":[],"product_cat":[1477,1476,1426,1436],"product_tag":[],"class_list":{"0":"post-21012","1":"product","2":"type-product","3":"status-publish","4":"has-post-thumbnail","6":"product_cat-lappscheiben-med-r","7":"product_cat-polishing-holder-de","8":"product_cat-schleifen-u-polieren","9":"product_cat-verbrauchsguter-de","11":"first","12":"instock","13":"purchasable","14":"product-type-simple"},"acf":[],"yoast_head":"<!-- This site is optimized with the Yoast SEO plugin v27.2 - https:\/\/yoast.com\/product\/yoast-seo-wordpress\/ -->\n<title>L\u00e4ppscheibe MED R \u2300 300 mm - Presi<\/title>\n<meta name=\"robots\" content=\"index, follow, max-snippet:-1, max-image-preview:large, max-video-preview:-1\" \/>\n<link rel=\"canonical\" href=\"https:\/\/www.presi.com\/de\/produkt\/med-r-o-300mm\/\" \/>\n<meta property=\"og:locale\" content=\"de_DE\" \/>\n<meta property=\"og:type\" content=\"article\" \/>\n<meta property=\"og:title\" content=\"L\u00e4ppscheibe MED R \u2300 300 mm - Presi\" \/>\n<meta property=\"og:description\" content=\"Kunstharzgebundene L\u00e4ppscheiben, die mit Suspensionen durch ihren hohen Materialabtrag mit perfekter Schliffplanheit und Kantensch\u00e4rfe, Pr\u00e4parationsschritte einsparen und die Proben optimal f\u00fcr die Politur vorbereiten.\" \/>\n<meta property=\"og:url\" content=\"https:\/\/www.presi.com\/de\/produkt\/med-r-o-300mm\/\" \/>\n<meta property=\"og:site_name\" content=\"Presi\" \/>\n<meta property=\"article:modified_time\" content=\"2022-10-21T08:10:26+00:00\" \/>\n<meta property=\"og:image\" content=\"https:\/\/www.presi.com\/wp-content\/uploads\/2019\/06\/disque-polissage-med-r-presi.png\" \/>\n\t<meta property=\"og:image:width\" content=\"600\" \/>\n\t<meta property=\"og:image:height\" content=\"600\" \/>\n\t<meta property=\"og:image:type\" content=\"image\/png\" \/>\n<meta name=\"twitter:card\" content=\"summary_large_image\" \/>\n<script type=\"application\/ld+json\" class=\"yoast-schema-graph\">{\"@context\":\"https:\/\/schema.org\",\"@graph\":[{\"@type\":\"WebPage\",\"@id\":\"https:\/\/www.presi.com\/de\/produkt\/med-r-o-300mm\/\",\"url\":\"https:\/\/www.presi.com\/de\/produkt\/med-r-o-300mm\/\",\"name\":\"L\u00e4ppscheibe MED R \u2300 300 mm - Presi\",\"isPartOf\":{\"@id\":\"https:\/\/www.presi.com\/en\/#website\"},\"primaryImageOfPage\":{\"@id\":\"https:\/\/www.presi.com\/de\/produkt\/med-r-o-300mm\/#primaryimage\"},\"image\":{\"@id\":\"https:\/\/www.presi.com\/de\/produkt\/med-r-o-300mm\/#primaryimage\"},\"thumbnailUrl\":\"https:\/\/www.presi.com\/wp-content\/uploads\/2019\/06\/disque-polissage-med-r-presi.png\",\"datePublished\":\"2019-06-21T13:11:12+00:00\",\"dateModified\":\"2022-10-21T08:10:26+00:00\",\"breadcrumb\":{\"@id\":\"https:\/\/www.presi.com\/de\/produkt\/med-r-o-300mm\/#breadcrumb\"},\"inLanguage\":\"de\",\"potentialAction\":[{\"@type\":\"ReadAction\",\"target\":[\"https:\/\/www.presi.com\/de\/produkt\/med-r-o-300mm\/\"]}]},{\"@type\":\"ImageObject\",\"inLanguage\":\"de\",\"@id\":\"https:\/\/www.presi.com\/de\/produkt\/med-r-o-300mm\/#primaryimage\",\"url\":\"https:\/\/www.presi.com\/wp-content\/uploads\/2019\/06\/disque-polissage-med-r-presi.png\",\"contentUrl\":\"https:\/\/www.presi.com\/wp-content\/uploads\/2019\/06\/disque-polissage-med-r-presi.png\",\"width\":600,\"height\":600},{\"@type\":\"BreadcrumbList\",\"@id\":\"https:\/\/www.presi.com\/de\/produkt\/med-r-o-300mm\/#breadcrumb\",\"itemListElement\":[{\"@type\":\"ListItem\",\"position\":1,\"name\":\"Accueil\",\"item\":\"https:\/\/www.presi.com\/de\/\"},{\"@type\":\"ListItem\",\"position\":2,\"name\":\"Gesch\u00e4ft\",\"item\":\"https:\/\/www.presi.com\/de\/geschaeft\/\"},{\"@type\":\"ListItem\",\"position\":3,\"name\":\"L\u00e4ppscheibe MED R \u2300 300 mm\"}]},{\"@type\":\"WebSite\",\"@id\":\"https:\/\/www.presi.com\/en\/#website\",\"url\":\"https:\/\/www.presi.com\/en\/\",\"name\":\"Presi\",\"description\":\"M\u00e9tallographie - Machines pour analyse micrographique\",\"potentialAction\":[{\"@type\":\"SearchAction\",\"target\":{\"@type\":\"EntryPoint\",\"urlTemplate\":\"https:\/\/www.presi.com\/en\/?s={search_term_string}\"},\"query-input\":{\"@type\":\"PropertyValueSpecification\",\"valueRequired\":true,\"valueName\":\"search_term_string\"}}],\"inLanguage\":\"de\"}]}<\/script>\n<!-- \/ Yoast SEO plugin. -->","yoast_head_json":{"title":"L\u00e4ppscheibe MED R \u2300 300 mm - Presi","robots":{"index":"index","follow":"follow","max-snippet":"max-snippet:-1","max-image-preview":"max-image-preview:large","max-video-preview":"max-video-preview:-1"},"canonical":"https:\/\/www.presi.com\/de\/produkt\/med-r-o-300mm\/","og_locale":"de_DE","og_type":"article","og_title":"L\u00e4ppscheibe MED R \u2300 300 mm - Presi","og_description":"Kunstharzgebundene L\u00e4ppscheiben, die mit Suspensionen durch ihren hohen Materialabtrag mit perfekter Schliffplanheit und Kantensch\u00e4rfe, Pr\u00e4parationsschritte einsparen und die Proben optimal f\u00fcr die Politur vorbereiten.","og_url":"https:\/\/www.presi.com\/de\/produkt\/med-r-o-300mm\/","og_site_name":"Presi","article_modified_time":"2022-10-21T08:10:26+00:00","og_image":[{"width":600,"height":600,"url":"https:\/\/www.presi.com\/wp-content\/uploads\/2019\/06\/disque-polissage-med-r-presi.png","type":"image\/png"}],"twitter_card":"summary_large_image","schema":{"@context":"https:\/\/schema.org","@graph":[{"@type":"WebPage","@id":"https:\/\/www.presi.com\/de\/produkt\/med-r-o-300mm\/","url":"https:\/\/www.presi.com\/de\/produkt\/med-r-o-300mm\/","name":"L\u00e4ppscheibe MED R \u2300 300 mm - Presi","isPartOf":{"@id":"https:\/\/www.presi.com\/en\/#website"},"primaryImageOfPage":{"@id":"https:\/\/www.presi.com\/de\/produkt\/med-r-o-300mm\/#primaryimage"},"image":{"@id":"https:\/\/www.presi.com\/de\/produkt\/med-r-o-300mm\/#primaryimage"},"thumbnailUrl":"https:\/\/www.presi.com\/wp-content\/uploads\/2019\/06\/disque-polissage-med-r-presi.png","datePublished":"2019-06-21T13:11:12+00:00","dateModified":"2022-10-21T08:10:26+00:00","breadcrumb":{"@id":"https:\/\/www.presi.com\/de\/produkt\/med-r-o-300mm\/#breadcrumb"},"inLanguage":"de","potentialAction":[{"@type":"ReadAction","target":["https:\/\/www.presi.com\/de\/produkt\/med-r-o-300mm\/"]}]},{"@type":"ImageObject","inLanguage":"de","@id":"https:\/\/www.presi.com\/de\/produkt\/med-r-o-300mm\/#primaryimage","url":"https:\/\/www.presi.com\/wp-content\/uploads\/2019\/06\/disque-polissage-med-r-presi.png","contentUrl":"https:\/\/www.presi.com\/wp-content\/uploads\/2019\/06\/disque-polissage-med-r-presi.png","width":600,"height":600},{"@type":"BreadcrumbList","@id":"https:\/\/www.presi.com\/de\/produkt\/med-r-o-300mm\/#breadcrumb","itemListElement":[{"@type":"ListItem","position":1,"name":"Accueil","item":"https:\/\/www.presi.com\/de\/"},{"@type":"ListItem","position":2,"name":"Gesch\u00e4ft","item":"https:\/\/www.presi.com\/de\/geschaeft\/"},{"@type":"ListItem","position":3,"name":"L\u00e4ppscheibe MED R \u2300 300 mm"}]},{"@type":"WebSite","@id":"https:\/\/www.presi.com\/en\/#website","url":"https:\/\/www.presi.com\/en\/","name":"Presi","description":"M\u00e9tallographie - Machines pour analyse micrographique","potentialAction":[{"@type":"SearchAction","target":{"@type":"EntryPoint","urlTemplate":"https:\/\/www.presi.com\/en\/?s={search_term_string}"},"query-input":{"@type":"PropertyValueSpecification","valueRequired":true,"valueName":"search_term_string"}}],"inLanguage":"de"}]}},"_links":{"self":[{"href":"https:\/\/www.presi.com\/de\/wp-json\/wp\/v2\/product\/21012","targetHints":{"allow":["GET"]}}],"collection":[{"href":"https:\/\/www.presi.com\/de\/wp-json\/wp\/v2\/product"}],"about":[{"href":"https:\/\/www.presi.com\/de\/wp-json\/wp\/v2\/types\/product"}],"wp:featuredmedia":[{"embeddable":true,"href":"https:\/\/www.presi.com\/de\/wp-json\/wp\/v2\/media\/22099"}],"wp:attachment":[{"href":"https:\/\/www.presi.com\/de\/wp-json\/wp\/v2\/media?parent=21012"}],"wp:term":[{"taxonomy":"product_brand","embeddable":true,"href":"https:\/\/www.presi.com\/de\/wp-json\/wp\/v2\/product_brand?post=21012"},{"taxonomy":"product_cat","embeddable":true,"href":"https:\/\/www.presi.com\/de\/wp-json\/wp\/v2\/product_cat?post=21012"},{"taxonomy":"product_tag","embeddable":true,"href":"https:\/\/www.presi.com\/de\/wp-json\/wp\/v2\/product_tag?post=21012"}],"curies":[{"name":"wp","href":"https:\/\/api.w.org\/{rel}","templated":true}]}}