{"id":21015,"date":"2019-06-20T16:08:26","date_gmt":"2019-06-21T13:11:34","guid":{"rendered":"http:\/\/presi.com\/produit\/scie-a-fil-3400\/"},"modified":"2020-01-14T09:19:56","modified_gmt":"2020-01-14T08:19:56","slug":"scie-a-fil-3400","status":"publish","type":"product","link":"https:\/\/www.presi.com\/de\/produkt\/scie-a-fil-3400\/","title":{"rendered":"Diamantdrahts\u00e4ge 3400"},"content":{"rendered":"<p><iframe src=\"https:\/\/www.youtube.com\/embed\/g2sDadq4rPI\" width=\"1280\" height=\"720\" frameborder=\"0\" allowfullscreen=\"allowfullscreen\"><\/iframe><\/p>\n","protected":false},"excerpt":{"rendered":"<p>Mit ihrem diamantbesetzten Edelstahldraht trennen die Diamantdrahts\u00e4gen besonders empfindliche Werkstoffe wie z.B. Silizium, Glas oder Elektronikkomponenten. Aufgrund der geringen Kr\u00e4fte beim Trennprozess, k\u00f6nnen die Proben besonders materialschonend und ohne Erhitzung getrennt werden. Die S\u00e4gen sorgen f\u00fcr ebene Schnittfl\u00e4chen mit scharfen Kanten und vermeiden eine Struktur\u00e4nderung beiderseits der Trennfl\u00e4che.<\/p>\n","protected":false},"featured_media":23168,"template":"","meta":{"_acf_changed":false},"product_brand":[],"product_cat":[1490,1509],"product_tag":[],"class_list":{"0":"post-21015","1":"product","2":"type-product","3":"status-publish","4":"has-post-thumbnail","6":"product_cat-trennen","7":"product_cat-trennmaschinen-de","8":"pa_type-de-machine-diamantdrahtsage","10":"first","11":"instock","12":"purchasable","13":"product-type-simple"},"acf":[],"yoast_head":"<!-- This site is optimized with the Yoast SEO plugin v27.2 - https:\/\/yoast.com\/product\/yoast-seo-wordpress\/ -->\n<title>Diamantdrahts\u00e4ge 3400 - Presi<\/title>\n<meta name=\"robots\" content=\"index, follow, max-snippet:-1, max-image-preview:large, max-video-preview:-1\" \/>\n<link rel=\"canonical\" href=\"https:\/\/www.presi.com\/de\/produkt\/scie-a-fil-3400\/\" \/>\n<meta property=\"og:locale\" content=\"de_DE\" \/>\n<meta property=\"og:type\" content=\"article\" \/>\n<meta property=\"og:title\" content=\"Diamantdrahts\u00e4ge 3400 - Presi\" \/>\n<meta property=\"og:description\" content=\"Mit ihrem diamantbesetzten Edelstahldraht trennen die Diamantdrahts\u00e4gen besonders empfindliche Werkstoffe wie z.B. Silizium, Glas oder Elektronikkomponenten. Aufgrund der geringen Kr\u00e4fte beim Trennprozess, k\u00f6nnen die Proben besonders materialschonend und ohne Erhitzung getrennt werden. Die S\u00e4gen sorgen f\u00fcr ebene Schnittfl\u00e4chen mit scharfen Kanten und vermeiden eine Struktur\u00e4nderung beiderseits der Trennfl\u00e4che.\" \/>\n<meta property=\"og:url\" content=\"https:\/\/www.presi.com\/de\/produkt\/scie-a-fil-3400\/\" \/>\n<meta property=\"og:site_name\" content=\"Presi\" \/>\n<meta property=\"article:modified_time\" content=\"2020-01-14T08:19:56+00:00\" \/>\n<meta property=\"og:image\" content=\"https:\/\/www.presi.com\/wp-content\/uploads\/2019\/06\/scie-a-fil-3400-presi.png\" \/>\n\t<meta property=\"og:image:width\" content=\"600\" \/>\n\t<meta property=\"og:image:height\" content=\"600\" \/>\n\t<meta property=\"og:image:type\" content=\"image\/png\" \/>\n<meta name=\"twitter:card\" content=\"summary_large_image\" \/>\n<script type=\"application\/ld+json\" class=\"yoast-schema-graph\">{\"@context\":\"https:\/\/schema.org\",\"@graph\":[{\"@type\":\"WebPage\",\"@id\":\"https:\/\/www.presi.com\/de\/produkt\/scie-a-fil-3400\/\",\"url\":\"https:\/\/www.presi.com\/de\/produkt\/scie-a-fil-3400\/\",\"name\":\"Diamantdrahts\u00e4ge 3400 - Presi\",\"isPartOf\":{\"@id\":\"https:\/\/www.presi.com\/en\/#website\"},\"primaryImageOfPage\":{\"@id\":\"https:\/\/www.presi.com\/de\/produkt\/scie-a-fil-3400\/#primaryimage\"},\"image\":{\"@id\":\"https:\/\/www.presi.com\/de\/produkt\/scie-a-fil-3400\/#primaryimage\"},\"thumbnailUrl\":\"https:\/\/www.presi.com\/wp-content\/uploads\/2019\/06\/scie-a-fil-3400-presi.png\",\"datePublished\":\"2019-06-21T13:11:34+00:00\",\"dateModified\":\"2020-01-14T08:19:56+00:00\",\"breadcrumb\":{\"@id\":\"https:\/\/www.presi.com\/de\/produkt\/scie-a-fil-3400\/#breadcrumb\"},\"inLanguage\":\"de\",\"potentialAction\":[{\"@type\":\"ReadAction\",\"target\":[\"https:\/\/www.presi.com\/de\/produkt\/scie-a-fil-3400\/\"]}]},{\"@type\":\"ImageObject\",\"inLanguage\":\"de\",\"@id\":\"https:\/\/www.presi.com\/de\/produkt\/scie-a-fil-3400\/#primaryimage\",\"url\":\"https:\/\/www.presi.com\/wp-content\/uploads\/2019\/06\/scie-a-fil-3400-presi.png\",\"contentUrl\":\"https:\/\/www.presi.com\/wp-content\/uploads\/2019\/06\/scie-a-fil-3400-presi.png\",\"width\":600,\"height\":600},{\"@type\":\"BreadcrumbList\",\"@id\":\"https:\/\/www.presi.com\/de\/produkt\/scie-a-fil-3400\/#breadcrumb\",\"itemListElement\":[{\"@type\":\"ListItem\",\"position\":1,\"name\":\"Accueil\",\"item\":\"https:\/\/www.presi.com\/de\/\"},{\"@type\":\"ListItem\",\"position\":2,\"name\":\"Gesch\u00e4ft\",\"item\":\"https:\/\/www.presi.com\/de\/geschaeft\/\"},{\"@type\":\"ListItem\",\"position\":3,\"name\":\"Diamantdrahts\u00e4ge 3400\"}]},{\"@type\":\"WebSite\",\"@id\":\"https:\/\/www.presi.com\/en\/#website\",\"url\":\"https:\/\/www.presi.com\/en\/\",\"name\":\"Presi\",\"description\":\"M\u00e9tallographie - Machines pour analyse micrographique\",\"potentialAction\":[{\"@type\":\"SearchAction\",\"target\":{\"@type\":\"EntryPoint\",\"urlTemplate\":\"https:\/\/www.presi.com\/en\/?s={search_term_string}\"},\"query-input\":{\"@type\":\"PropertyValueSpecification\",\"valueRequired\":true,\"valueName\":\"search_term_string\"}}],\"inLanguage\":\"de\"}]}<\/script>\n<!-- \/ Yoast SEO plugin. -->","yoast_head_json":{"title":"Diamantdrahts\u00e4ge 3400 - Presi","robots":{"index":"index","follow":"follow","max-snippet":"max-snippet:-1","max-image-preview":"max-image-preview:large","max-video-preview":"max-video-preview:-1"},"canonical":"https:\/\/www.presi.com\/de\/produkt\/scie-a-fil-3400\/","og_locale":"de_DE","og_type":"article","og_title":"Diamantdrahts\u00e4ge 3400 - Presi","og_description":"Mit ihrem diamantbesetzten Edelstahldraht trennen die Diamantdrahts\u00e4gen besonders empfindliche Werkstoffe wie z.B. Silizium, Glas oder Elektronikkomponenten. Aufgrund der geringen Kr\u00e4fte beim Trennprozess, k\u00f6nnen die Proben besonders materialschonend und ohne Erhitzung getrennt werden. Die S\u00e4gen sorgen f\u00fcr ebene Schnittfl\u00e4chen mit scharfen Kanten und vermeiden eine Struktur\u00e4nderung beiderseits der Trennfl\u00e4che.","og_url":"https:\/\/www.presi.com\/de\/produkt\/scie-a-fil-3400\/","og_site_name":"Presi","article_modified_time":"2020-01-14T08:19:56+00:00","og_image":[{"width":600,"height":600,"url":"https:\/\/www.presi.com\/wp-content\/uploads\/2019\/06\/scie-a-fil-3400-presi.png","type":"image\/png"}],"twitter_card":"summary_large_image","schema":{"@context":"https:\/\/schema.org","@graph":[{"@type":"WebPage","@id":"https:\/\/www.presi.com\/de\/produkt\/scie-a-fil-3400\/","url":"https:\/\/www.presi.com\/de\/produkt\/scie-a-fil-3400\/","name":"Diamantdrahts\u00e4ge 3400 - Presi","isPartOf":{"@id":"https:\/\/www.presi.com\/en\/#website"},"primaryImageOfPage":{"@id":"https:\/\/www.presi.com\/de\/produkt\/scie-a-fil-3400\/#primaryimage"},"image":{"@id":"https:\/\/www.presi.com\/de\/produkt\/scie-a-fil-3400\/#primaryimage"},"thumbnailUrl":"https:\/\/www.presi.com\/wp-content\/uploads\/2019\/06\/scie-a-fil-3400-presi.png","datePublished":"2019-06-21T13:11:34+00:00","dateModified":"2020-01-14T08:19:56+00:00","breadcrumb":{"@id":"https:\/\/www.presi.com\/de\/produkt\/scie-a-fil-3400\/#breadcrumb"},"inLanguage":"de","potentialAction":[{"@type":"ReadAction","target":["https:\/\/www.presi.com\/de\/produkt\/scie-a-fil-3400\/"]}]},{"@type":"ImageObject","inLanguage":"de","@id":"https:\/\/www.presi.com\/de\/produkt\/scie-a-fil-3400\/#primaryimage","url":"https:\/\/www.presi.com\/wp-content\/uploads\/2019\/06\/scie-a-fil-3400-presi.png","contentUrl":"https:\/\/www.presi.com\/wp-content\/uploads\/2019\/06\/scie-a-fil-3400-presi.png","width":600,"height":600},{"@type":"BreadcrumbList","@id":"https:\/\/www.presi.com\/de\/produkt\/scie-a-fil-3400\/#breadcrumb","itemListElement":[{"@type":"ListItem","position":1,"name":"Accueil","item":"https:\/\/www.presi.com\/de\/"},{"@type":"ListItem","position":2,"name":"Gesch\u00e4ft","item":"https:\/\/www.presi.com\/de\/geschaeft\/"},{"@type":"ListItem","position":3,"name":"Diamantdrahts\u00e4ge 3400"}]},{"@type":"WebSite","@id":"https:\/\/www.presi.com\/en\/#website","url":"https:\/\/www.presi.com\/en\/","name":"Presi","description":"M\u00e9tallographie - Machines pour analyse micrographique","potentialAction":[{"@type":"SearchAction","target":{"@type":"EntryPoint","urlTemplate":"https:\/\/www.presi.com\/en\/?s={search_term_string}"},"query-input":{"@type":"PropertyValueSpecification","valueRequired":true,"valueName":"search_term_string"}}],"inLanguage":"de"}]}},"_links":{"self":[{"href":"https:\/\/www.presi.com\/de\/wp-json\/wp\/v2\/product\/21015","targetHints":{"allow":["GET"]}}],"collection":[{"href":"https:\/\/www.presi.com\/de\/wp-json\/wp\/v2\/product"}],"about":[{"href":"https:\/\/www.presi.com\/de\/wp-json\/wp\/v2\/types\/product"}],"wp:featuredmedia":[{"embeddable":true,"href":"https:\/\/www.presi.com\/de\/wp-json\/wp\/v2\/media\/23168"}],"wp:attachment":[{"href":"https:\/\/www.presi.com\/de\/wp-json\/wp\/v2\/media?parent=21015"}],"wp:term":[{"taxonomy":"product_brand","embeddable":true,"href":"https:\/\/www.presi.com\/de\/wp-json\/wp\/v2\/product_brand?post=21015"},{"taxonomy":"product_cat","embeddable":true,"href":"https:\/\/www.presi.com\/de\/wp-json\/wp\/v2\/product_cat?post=21015"},{"taxonomy":"product_tag","embeddable":true,"href":"https:\/\/www.presi.com\/de\/wp-json\/wp\/v2\/product_tag?post=21015"}],"curies":[{"name":"wp","href":"https:\/\/api.w.org\/{rel}","templated":true}]}}