{"id":21056,"date":"2019-06-20T16:13:01","date_gmt":"2019-06-21T13:15:14","guid":{"rendered":"http:\/\/presi.com\/produit\/geopress\/"},"modified":"2023-07-12T11:15:24","modified_gmt":"2023-07-12T09:15:24","slug":"geopress","status":"publish","type":"product","link":"https:\/\/www.presi.com\/de\/produkt\/geopress\/","title":{"rendered":"GEOPRESS"},"content":{"rendered":"<p><iframe id=\"resp_1280px\" src=\"https:\/\/www.youtube.com\/embed\/jy17cBgIb3k\" width=\"570\" height=\"350\" frameborder=\"0\"><\/iframe><\/p>\n","protected":false},"excerpt":{"rendered":"<p>Mit der GEOPRESS k\u00f6nnen Sie bis zu 20 Proben gleichzeitig unter einem Einzelgewicht von 360 g bis 1,36 kg kleben. Es ist die einzige Presse f\u00fcr Gesteinsproben auf dem Markt, die eine progressive, kontrollierte Temperaturerh\u00f6hung erm\u00f6glicht. Die GEOPRESS arbeitet bei Temperaturen bis 110 \u00b0 C.<\/p>\n","protected":false},"featured_media":11953,"template":"","meta":{"_acf_changed":false},"product_brand":[],"product_cat":[1421,1425],"product_tag":[],"class_list":{"0":"post-21056","1":"product","2":"type-product","3":"status-publish","4":"has-post-thumbnail","6":"product_cat-geologie-de","7":"product_cat-geologie-maschinen","9":"first","10":"instock","11":"purchasable","12":"product-type-simple"},"acf":[],"yoast_head":"<!-- This site is optimized with the Yoast SEO plugin v27.2 - https:\/\/yoast.com\/product\/yoast-seo-wordpress\/ -->\n<title>GEOPRESS - Presi<\/title>\n<meta name=\"robots\" content=\"index, follow, max-snippet:-1, max-image-preview:large, max-video-preview:-1\" \/>\n<link rel=\"canonical\" href=\"https:\/\/www.presi.com\/de\/produkt\/geopress\/\" \/>\n<meta property=\"og:locale\" content=\"de_DE\" \/>\n<meta property=\"og:type\" content=\"article\" \/>\n<meta property=\"og:title\" content=\"GEOPRESS - Presi\" \/>\n<meta property=\"og:description\" content=\"Mit der GEOPRESS k\u00f6nnen Sie bis zu 20 Proben gleichzeitig unter einem Einzelgewicht von 360 g bis 1,36 kg kleben. Es ist die einzige Presse f\u00fcr Gesteinsproben auf dem Markt, die eine progressive, kontrollierte Temperaturerh\u00f6hung erm\u00f6glicht. Die GEOPRESS arbeitet bei Temperaturen bis 110 \u00b0 C.\" \/>\n<meta property=\"og:url\" content=\"https:\/\/www.presi.com\/de\/produkt\/geopress\/\" \/>\n<meta property=\"og:site_name\" content=\"Presi\" \/>\n<meta property=\"article:modified_time\" content=\"2023-07-12T09:15:24+00:00\" \/>\n<meta property=\"og:image\" content=\"https:\/\/www.presi.com\/wp-content\/uploads\/2016\/07\/1326-GEOPRESS.jpg\" \/>\n\t<meta property=\"og:image:width\" content=\"2362\" \/>\n\t<meta property=\"og:image:height\" content=\"1575\" \/>\n\t<meta property=\"og:image:type\" content=\"image\/jpeg\" \/>\n<meta name=\"twitter:card\" content=\"summary_large_image\" \/>\n<script type=\"application\/ld+json\" class=\"yoast-schema-graph\">{\"@context\":\"https:\/\/schema.org\",\"@graph\":[{\"@type\":\"WebPage\",\"@id\":\"https:\/\/www.presi.com\/de\/produkt\/geopress\/\",\"url\":\"https:\/\/www.presi.com\/de\/produkt\/geopress\/\",\"name\":\"GEOPRESS - Presi\",\"isPartOf\":{\"@id\":\"https:\/\/www.presi.com\/en\/#website\"},\"primaryImageOfPage\":{\"@id\":\"https:\/\/www.presi.com\/de\/produkt\/geopress\/#primaryimage\"},\"image\":{\"@id\":\"https:\/\/www.presi.com\/de\/produkt\/geopress\/#primaryimage\"},\"thumbnailUrl\":\"https:\/\/www.presi.com\/wp-content\/uploads\/2016\/07\/1326-GEOPRESS.jpg\",\"datePublished\":\"2019-06-21T13:15:14+00:00\",\"dateModified\":\"2023-07-12T09:15:24+00:00\",\"breadcrumb\":{\"@id\":\"https:\/\/www.presi.com\/de\/produkt\/geopress\/#breadcrumb\"},\"inLanguage\":\"de\",\"potentialAction\":[{\"@type\":\"ReadAction\",\"target\":[\"https:\/\/www.presi.com\/de\/produkt\/geopress\/\"]}]},{\"@type\":\"ImageObject\",\"inLanguage\":\"de\",\"@id\":\"https:\/\/www.presi.com\/de\/produkt\/geopress\/#primaryimage\",\"url\":\"https:\/\/www.presi.com\/wp-content\/uploads\/2016\/07\/1326-GEOPRESS.jpg\",\"contentUrl\":\"https:\/\/www.presi.com\/wp-content\/uploads\/2016\/07\/1326-GEOPRESS.jpg\",\"width\":2362,\"height\":1575,\"caption\":\"GEOPRESS\"},{\"@type\":\"BreadcrumbList\",\"@id\":\"https:\/\/www.presi.com\/de\/produkt\/geopress\/#breadcrumb\",\"itemListElement\":[{\"@type\":\"ListItem\",\"position\":1,\"name\":\"Accueil\",\"item\":\"https:\/\/www.presi.com\/de\/\"},{\"@type\":\"ListItem\",\"position\":2,\"name\":\"Gesch\u00e4ft\",\"item\":\"https:\/\/www.presi.com\/de\/geschaeft\/\"},{\"@type\":\"ListItem\",\"position\":3,\"name\":\"GEOPRESS\"}]},{\"@type\":\"WebSite\",\"@id\":\"https:\/\/www.presi.com\/en\/#website\",\"url\":\"https:\/\/www.presi.com\/en\/\",\"name\":\"Presi\",\"description\":\"M\u00e9tallographie - Machines pour analyse micrographique\",\"potentialAction\":[{\"@type\":\"SearchAction\",\"target\":{\"@type\":\"EntryPoint\",\"urlTemplate\":\"https:\/\/www.presi.com\/en\/?s={search_term_string}\"},\"query-input\":{\"@type\":\"PropertyValueSpecification\",\"valueRequired\":true,\"valueName\":\"search_term_string\"}}],\"inLanguage\":\"de\"}]}<\/script>\n<!-- \/ Yoast SEO plugin. -->","yoast_head_json":{"title":"GEOPRESS - Presi","robots":{"index":"index","follow":"follow","max-snippet":"max-snippet:-1","max-image-preview":"max-image-preview:large","max-video-preview":"max-video-preview:-1"},"canonical":"https:\/\/www.presi.com\/de\/produkt\/geopress\/","og_locale":"de_DE","og_type":"article","og_title":"GEOPRESS - Presi","og_description":"Mit der GEOPRESS k\u00f6nnen Sie bis zu 20 Proben gleichzeitig unter einem Einzelgewicht von 360 g bis 1,36 kg kleben. Es ist die einzige Presse f\u00fcr Gesteinsproben auf dem Markt, die eine progressive, kontrollierte Temperaturerh\u00f6hung erm\u00f6glicht. Die GEOPRESS arbeitet bei Temperaturen bis 110 \u00b0 C.","og_url":"https:\/\/www.presi.com\/de\/produkt\/geopress\/","og_site_name":"Presi","article_modified_time":"2023-07-12T09:15:24+00:00","og_image":[{"width":2362,"height":1575,"url":"https:\/\/www.presi.com\/wp-content\/uploads\/2016\/07\/1326-GEOPRESS.jpg","type":"image\/jpeg"}],"twitter_card":"summary_large_image","schema":{"@context":"https:\/\/schema.org","@graph":[{"@type":"WebPage","@id":"https:\/\/www.presi.com\/de\/produkt\/geopress\/","url":"https:\/\/www.presi.com\/de\/produkt\/geopress\/","name":"GEOPRESS - Presi","isPartOf":{"@id":"https:\/\/www.presi.com\/en\/#website"},"primaryImageOfPage":{"@id":"https:\/\/www.presi.com\/de\/produkt\/geopress\/#primaryimage"},"image":{"@id":"https:\/\/www.presi.com\/de\/produkt\/geopress\/#primaryimage"},"thumbnailUrl":"https:\/\/www.presi.com\/wp-content\/uploads\/2016\/07\/1326-GEOPRESS.jpg","datePublished":"2019-06-21T13:15:14+00:00","dateModified":"2023-07-12T09:15:24+00:00","breadcrumb":{"@id":"https:\/\/www.presi.com\/de\/produkt\/geopress\/#breadcrumb"},"inLanguage":"de","potentialAction":[{"@type":"ReadAction","target":["https:\/\/www.presi.com\/de\/produkt\/geopress\/"]}]},{"@type":"ImageObject","inLanguage":"de","@id":"https:\/\/www.presi.com\/de\/produkt\/geopress\/#primaryimage","url":"https:\/\/www.presi.com\/wp-content\/uploads\/2016\/07\/1326-GEOPRESS.jpg","contentUrl":"https:\/\/www.presi.com\/wp-content\/uploads\/2016\/07\/1326-GEOPRESS.jpg","width":2362,"height":1575,"caption":"GEOPRESS"},{"@type":"BreadcrumbList","@id":"https:\/\/www.presi.com\/de\/produkt\/geopress\/#breadcrumb","itemListElement":[{"@type":"ListItem","position":1,"name":"Accueil","item":"https:\/\/www.presi.com\/de\/"},{"@type":"ListItem","position":2,"name":"Gesch\u00e4ft","item":"https:\/\/www.presi.com\/de\/geschaeft\/"},{"@type":"ListItem","position":3,"name":"GEOPRESS"}]},{"@type":"WebSite","@id":"https:\/\/www.presi.com\/en\/#website","url":"https:\/\/www.presi.com\/en\/","name":"Presi","description":"M\u00e9tallographie - Machines pour analyse micrographique","potentialAction":[{"@type":"SearchAction","target":{"@type":"EntryPoint","urlTemplate":"https:\/\/www.presi.com\/en\/?s={search_term_string}"},"query-input":{"@type":"PropertyValueSpecification","valueRequired":true,"valueName":"search_term_string"}}],"inLanguage":"de"}]}},"_links":{"self":[{"href":"https:\/\/www.presi.com\/de\/wp-json\/wp\/v2\/product\/21056","targetHints":{"allow":["GET"]}}],"collection":[{"href":"https:\/\/www.presi.com\/de\/wp-json\/wp\/v2\/product"}],"about":[{"href":"https:\/\/www.presi.com\/de\/wp-json\/wp\/v2\/types\/product"}],"wp:featuredmedia":[{"embeddable":true,"href":"https:\/\/www.presi.com\/de\/wp-json\/wp\/v2\/media\/11953"}],"wp:attachment":[{"href":"https:\/\/www.presi.com\/de\/wp-json\/wp\/v2\/media?parent=21056"}],"wp:term":[{"taxonomy":"product_brand","embeddable":true,"href":"https:\/\/www.presi.com\/de\/wp-json\/wp\/v2\/product_brand?post=21056"},{"taxonomy":"product_cat","embeddable":true,"href":"https:\/\/www.presi.com\/de\/wp-json\/wp\/v2\/product_cat?post=21056"},{"taxonomy":"product_tag","embeddable":true,"href":"https:\/\/www.presi.com\/de\/wp-json\/wp\/v2\/product_tag?post=21056"}],"curies":[{"name":"wp","href":"https:\/\/api.w.org\/{rel}","templated":true}]}}