{"id":21057,"date":"2019-06-20T16:13:01","date_gmt":"2019-06-21T13:15:28","guid":{"rendered":"http:\/\/presi.com\/produit\/polyvac\/"},"modified":"2020-06-10T17:44:02","modified_gmt":"2020-06-10T15:44:02","slug":"polyvac","status":"publish","type":"product","link":"https:\/\/www.presi.com\/de\/produkt\/polyvac\/","title":{"rendered":"Poly&#8217;Vac"},"content":{"rendered":"<p>Das Vakuumimpregnieren wird in der Materialographie verwendet, um Blasenbildung beim Einbetten zu vermeiden. Die verwendeten Epoxidharze bilden Blasen. Diese Blasen verhindern, ohne eine Vakkuumimpregnierung, die v\u00f6llige Transparenz der eingebetteten Probe. Bei Zielpr\u00e4parationen muss ich aber die Probe genau beobachten k\u00f6nnen, eine v\u00f6llige Transparenz ist deshalb wichtig. Damit diese Blasen immer wieder in sich zusammenfallen und damit sie immer weniger werden, wird bei dem Impregnierprozess nicht nur einmal Vakuum angelegt, sondern mehrmals, das durchaus Arbeitszeit verbraucht. Das Vakuumimpregnierger\u00e4t von Presi Typ &#8220;Polyvac&#8221; l\u00e4sst diesen Prozess vollautomatisch ablaufen, Arbeitszeit wird gespart und der &#8220;menschliche Fehler&#8221; der sich bei manuellen Prozessen einschleichen kann, vermieden.<\/p>\n<p>Das <a href=\"https:\/\/youtu.be\/-DUwhUArd9k\" target=\"_blank\" rel=\"noopener noreferrer\"><span style=\"background-color: #ccffff\">professionell erstellte Video des Polyvacs<\/span><\/a> finden Sie hier.<\/p>\n<p>Weil wir in deutscher Sprache noch einmal kurz das Prinzip des Polyvac darstellen wollten, haben wir dieses <span style=\"background-color: #ccffff\"><a style=\"background-color: #ccffff\" href=\"https:\/\/youtu.be\/ocgsTz0Hmyc\" target=\"_blank\" rel=\"noopener noreferrer\">Youtube-Video<\/a><\/span> gedreht, auch vom Einbettprozess unter Vakuum finden Sie <span style=\"background-color: #ccffff\"><a style=\"background-color: #ccffff\" href=\"https:\/\/youtu.be\/mfPlF7s8EwE\" target=\"_blank\" rel=\"noopener noreferrer\">hier ein Video in deutscher Sprache<\/a>.<\/span><\/p>\n","protected":false},"excerpt":{"rendered":"<p>Das Vakuumimpr\u00e4gnierger\u00e4t gestattet das automatische Impr\u00e4gnieren von por\u00f6sen Werkstoffen mit den Epoxidharzen MA2+ und IP. Das Ger\u00e4t wird \u00fcber einen Touchscreen gesteuert, ist programmierbar, besitzt mehrere Vakuumstufen und eine Zeiteinstellung von einer Minute bis zu mehreren Stunden. Mehrere Einbettformen k\u00f6nnen unter Vakuum mit Harz bef\u00fcllt werden.<\/p>\n","protected":false},"featured_media":47696,"template":"","meta":{"_acf_changed":false},"product_brand":[],"product_cat":[1397,1421,1425,1419],"product_tag":[],"class_list":{"0":"post-21057","1":"product","2":"type-product","3":"status-publish","4":"has-post-thumbnail","6":"product_cat-einbetten","7":"product_cat-geologie-de","8":"product_cat-geologie-maschinen","9":"product_cat-maschinen","10":"pa_type-denrobage-kalteinbetten","12":"first","13":"instock","14":"purchasable","15":"product-type-simple"},"acf":[],"yoast_head":"<!-- This site is optimized with the Yoast SEO plugin v27.5 - https:\/\/yoast.com\/product\/yoast-seo-wordpress\/ -->\n<title>Poly&#039;Vac - Presi<\/title>\n<meta name=\"robots\" content=\"index, follow, max-snippet:-1, max-image-preview:large, max-video-preview:-1\" \/>\n<link rel=\"canonical\" href=\"https:\/\/www.presi.com\/de\/produkt\/polyvac\/\" \/>\n<meta property=\"og:locale\" content=\"de_DE\" \/>\n<meta property=\"og:type\" content=\"article\" \/>\n<meta property=\"og:title\" content=\"Poly&#039;Vac - Presi\" \/>\n<meta property=\"og:description\" content=\"Das Vakuumimpr\u00e4gnierger\u00e4t gestattet das automatische Impr\u00e4gnieren von por\u00f6sen Werkstoffen mit den Epoxidharzen MA2+ und IP. Das Ger\u00e4t wird \u00fcber einen Touchscreen gesteuert, ist programmierbar, besitzt mehrere Vakuumstufen und eine Zeiteinstellung von einer Minute bis zu mehreren Stunden. Mehrere Einbettformen k\u00f6nnen unter Vakuum mit Harz bef\u00fcllt werden.\" \/>\n<meta property=\"og:url\" content=\"https:\/\/www.presi.com\/de\/produkt\/polyvac\/\" \/>\n<meta property=\"og:site_name\" content=\"Presi\" \/>\n<meta property=\"article:modified_time\" content=\"2020-06-10T15:44:02+00:00\" \/>\n<meta property=\"og:image\" content=\"https:\/\/www.presi.com\/wp-content\/uploads\/2019\/06\/appareil-enrobage-sous-vide-polyvac-presi.png\" \/>\n\t<meta property=\"og:image:width\" content=\"600\" \/>\n\t<meta property=\"og:image:height\" content=\"600\" \/>\n\t<meta property=\"og:image:type\" content=\"image\/png\" \/>\n<meta name=\"twitter:card\" content=\"summary_large_image\" \/>\n<meta name=\"twitter:label1\" content=\"Gesch\u00e4tzte Lesezeit\" \/>\n\t<meta name=\"twitter:data1\" content=\"1\u00a0Minute\" \/>\n<script type=\"application\/ld+json\" class=\"yoast-schema-graph\">{\"@context\":\"https:\\\/\\\/schema.org\",\"@graph\":[{\"@type\":\"WebPage\",\"@id\":\"https:\\\/\\\/www.presi.com\\\/de\\\/produkt\\\/polyvac\\\/\",\"url\":\"https:\\\/\\\/www.presi.com\\\/de\\\/produkt\\\/polyvac\\\/\",\"name\":\"Poly'Vac - Presi\",\"isPartOf\":{\"@id\":\"https:\\\/\\\/www.presi.com\\\/en\\\/#website\"},\"primaryImageOfPage\":{\"@id\":\"https:\\\/\\\/www.presi.com\\\/de\\\/produkt\\\/polyvac\\\/#primaryimage\"},\"image\":{\"@id\":\"https:\\\/\\\/www.presi.com\\\/de\\\/produkt\\\/polyvac\\\/#primaryimage\"},\"thumbnailUrl\":\"https:\\\/\\\/www.presi.com\\\/wp-content\\\/uploads\\\/2019\\\/06\\\/polyvac.jpg\",\"datePublished\":\"2019-06-21T13:15:28+00:00\",\"dateModified\":\"2020-06-10T15:44:02+00:00\",\"breadcrumb\":{\"@id\":\"https:\\\/\\\/www.presi.com\\\/de\\\/produkt\\\/polyvac\\\/#breadcrumb\"},\"inLanguage\":\"de\",\"potentialAction\":[{\"@type\":\"ReadAction\",\"target\":[\"https:\\\/\\\/www.presi.com\\\/de\\\/produkt\\\/polyvac\\\/\"]}]},{\"@type\":\"ImageObject\",\"inLanguage\":\"de\",\"@id\":\"https:\\\/\\\/www.presi.com\\\/de\\\/produkt\\\/polyvac\\\/#primaryimage\",\"url\":\"https:\\\/\\\/www.presi.com\\\/wp-content\\\/uploads\\\/2019\\\/06\\\/polyvac.jpg\",\"contentUrl\":\"https:\\\/\\\/www.presi.com\\\/wp-content\\\/uploads\\\/2019\\\/06\\\/polyvac.jpg\",\"width\":600,\"height\":600},{\"@type\":\"BreadcrumbList\",\"@id\":\"https:\\\/\\\/www.presi.com\\\/de\\\/produkt\\\/polyvac\\\/#breadcrumb\",\"itemListElement\":[{\"@type\":\"ListItem\",\"position\":1,\"name\":\"Accueil\",\"item\":\"https:\\\/\\\/www.presi.com\\\/de\\\/\"},{\"@type\":\"ListItem\",\"position\":2,\"name\":\"Gesch\u00e4ft\",\"item\":\"https:\\\/\\\/www.presi.com\\\/de\\\/geschaeft\\\/\"},{\"@type\":\"ListItem\",\"position\":3,\"name\":\"Poly&#8217;Vac\"}]},{\"@type\":\"WebSite\",\"@id\":\"https:\\\/\\\/www.presi.com\\\/en\\\/#website\",\"url\":\"https:\\\/\\\/www.presi.com\\\/en\\\/\",\"name\":\"Presi\",\"description\":\"M\u00e9tallographie - Machines pour analyse micrographique\",\"potentialAction\":[{\"@type\":\"SearchAction\",\"target\":{\"@type\":\"EntryPoint\",\"urlTemplate\":\"https:\\\/\\\/www.presi.com\\\/en\\\/?s={search_term_string}\"},\"query-input\":{\"@type\":\"PropertyValueSpecification\",\"valueRequired\":true,\"valueName\":\"search_term_string\"}}],\"inLanguage\":\"de\"}]}<\/script>\n<!-- \/ Yoast SEO plugin. -->","yoast_head_json":{"title":"Poly'Vac - Presi","robots":{"index":"index","follow":"follow","max-snippet":"max-snippet:-1","max-image-preview":"max-image-preview:large","max-video-preview":"max-video-preview:-1"},"canonical":"https:\/\/www.presi.com\/de\/produkt\/polyvac\/","og_locale":"de_DE","og_type":"article","og_title":"Poly'Vac - Presi","og_description":"Das Vakuumimpr\u00e4gnierger\u00e4t gestattet das automatische Impr\u00e4gnieren von por\u00f6sen Werkstoffen mit den Epoxidharzen MA2+ und IP. Das Ger\u00e4t wird \u00fcber einen Touchscreen gesteuert, ist programmierbar, besitzt mehrere Vakuumstufen und eine Zeiteinstellung von einer Minute bis zu mehreren Stunden. Mehrere Einbettformen k\u00f6nnen unter Vakuum mit Harz bef\u00fcllt werden.","og_url":"https:\/\/www.presi.com\/de\/produkt\/polyvac\/","og_site_name":"Presi","article_modified_time":"2020-06-10T15:44:02+00:00","og_image":[{"width":600,"height":600,"url":"https:\/\/www.presi.com\/wp-content\/uploads\/2019\/06\/appareil-enrobage-sous-vide-polyvac-presi.png","type":"image\/png"}],"twitter_card":"summary_large_image","twitter_misc":{"Gesch\u00e4tzte Lesezeit":"1\u00a0Minute"},"schema":{"@context":"https:\/\/schema.org","@graph":[{"@type":"WebPage","@id":"https:\/\/www.presi.com\/de\/produkt\/polyvac\/","url":"https:\/\/www.presi.com\/de\/produkt\/polyvac\/","name":"Poly'Vac - Presi","isPartOf":{"@id":"https:\/\/www.presi.com\/en\/#website"},"primaryImageOfPage":{"@id":"https:\/\/www.presi.com\/de\/produkt\/polyvac\/#primaryimage"},"image":{"@id":"https:\/\/www.presi.com\/de\/produkt\/polyvac\/#primaryimage"},"thumbnailUrl":"https:\/\/www.presi.com\/wp-content\/uploads\/2019\/06\/polyvac.jpg","datePublished":"2019-06-21T13:15:28+00:00","dateModified":"2020-06-10T15:44:02+00:00","breadcrumb":{"@id":"https:\/\/www.presi.com\/de\/produkt\/polyvac\/#breadcrumb"},"inLanguage":"de","potentialAction":[{"@type":"ReadAction","target":["https:\/\/www.presi.com\/de\/produkt\/polyvac\/"]}]},{"@type":"ImageObject","inLanguage":"de","@id":"https:\/\/www.presi.com\/de\/produkt\/polyvac\/#primaryimage","url":"https:\/\/www.presi.com\/wp-content\/uploads\/2019\/06\/polyvac.jpg","contentUrl":"https:\/\/www.presi.com\/wp-content\/uploads\/2019\/06\/polyvac.jpg","width":600,"height":600},{"@type":"BreadcrumbList","@id":"https:\/\/www.presi.com\/de\/produkt\/polyvac\/#breadcrumb","itemListElement":[{"@type":"ListItem","position":1,"name":"Accueil","item":"https:\/\/www.presi.com\/de\/"},{"@type":"ListItem","position":2,"name":"Gesch\u00e4ft","item":"https:\/\/www.presi.com\/de\/geschaeft\/"},{"@type":"ListItem","position":3,"name":"Poly&#8217;Vac"}]},{"@type":"WebSite","@id":"https:\/\/www.presi.com\/en\/#website","url":"https:\/\/www.presi.com\/en\/","name":"Presi","description":"M\u00e9tallographie - Machines pour analyse micrographique","potentialAction":[{"@type":"SearchAction","target":{"@type":"EntryPoint","urlTemplate":"https:\/\/www.presi.com\/en\/?s={search_term_string}"},"query-input":{"@type":"PropertyValueSpecification","valueRequired":true,"valueName":"search_term_string"}}],"inLanguage":"de"}]}},"_links":{"self":[{"href":"https:\/\/www.presi.com\/de\/wp-json\/wp\/v2\/product\/21057","targetHints":{"allow":["GET"]}}],"collection":[{"href":"https:\/\/www.presi.com\/de\/wp-json\/wp\/v2\/product"}],"about":[{"href":"https:\/\/www.presi.com\/de\/wp-json\/wp\/v2\/types\/product"}],"wp:featuredmedia":[{"embeddable":true,"href":"https:\/\/www.presi.com\/de\/wp-json\/wp\/v2\/media\/47696"}],"wp:attachment":[{"href":"https:\/\/www.presi.com\/de\/wp-json\/wp\/v2\/media?parent=21057"}],"wp:term":[{"taxonomy":"product_brand","embeddable":true,"href":"https:\/\/www.presi.com\/de\/wp-json\/wp\/v2\/product_brand?post=21057"},{"taxonomy":"product_cat","embeddable":true,"href":"https:\/\/www.presi.com\/de\/wp-json\/wp\/v2\/product_cat?post=21057"},{"taxonomy":"product_tag","embeddable":true,"href":"https:\/\/www.presi.com\/de\/wp-json\/wp\/v2\/product_tag?post=21057"}],"curies":[{"name":"wp","href":"https:\/\/api.w.org\/{rel}","templated":true}]}}