{"id":21115,"date":"2019-06-20T16:21:13","date_gmt":"2019-06-21T13:21:03","guid":{"rendered":"http:\/\/presi.com\/produit\/macrotech-vx7\/"},"modified":"2020-02-13T17:29:37","modified_gmt":"2020-02-13T16:29:37","slug":"macrotech-vx7","status":"publish","type":"product","link":"https:\/\/www.presi.com\/de\/produkt\/macrotech-vx7\/","title":{"rendered":"MACROTECH VX7"},"content":{"rendered":"","protected":false},"excerpt":{"rendered":"<p>Der Vickers-H\u00e4rtepr\u00fcfer VX7 mit automatischem Revolver, bietet eine komplette Ausstattung f\u00fcr die Anforderungen von Qualit\u00e4tslaboren, sowie f\u00fcr die Kontrolle von Fertigungslinien.<\/p>\n","protected":false},"featured_media":13085,"template":"","meta":{"_acf_changed":false},"product_brand":[],"product_cat":[1395,1389],"product_tag":[],"class_list":{"0":"post-21115","1":"product","2":"type-product","3":"status-publish","4":"has-post-thumbnail","6":"product_cat-machinen","7":"product_cat-harteprufung","8":"pa_type-de-penetrateur-brinell-de","9":"pa_type-de-penetrateur-vickers-de","11":"first","12":"instock","13":"purchasable","14":"product-type-simple"},"acf":[],"yoast_head":"<!-- This site is optimized with the Yoast SEO plugin v27.2 - https:\/\/yoast.com\/product\/yoast-seo-wordpress\/ -->\n<title>MACROTECH VX7 - Presi<\/title>\n<meta name=\"robots\" content=\"index, follow, max-snippet:-1, max-image-preview:large, max-video-preview:-1\" \/>\n<link rel=\"canonical\" href=\"https:\/\/www.presi.com\/de\/produkt\/macrotech-vx7\/\" \/>\n<meta property=\"og:locale\" content=\"de_DE\" \/>\n<meta property=\"og:type\" content=\"article\" \/>\n<meta property=\"og:title\" content=\"MACROTECH VX7 - Presi\" \/>\n<meta property=\"og:description\" content=\"Der Vickers-H\u00e4rtepr\u00fcfer VX7 mit automatischem Revolver, bietet eine komplette Ausstattung f\u00fcr die Anforderungen von Qualit\u00e4tslaboren, sowie f\u00fcr die Kontrolle von Fertigungslinien.\" \/>\n<meta property=\"og:url\" content=\"https:\/\/www.presi.com\/de\/produkt\/macrotech-vx7\/\" \/>\n<meta property=\"og:site_name\" content=\"Presi\" \/>\n<meta property=\"article:modified_time\" content=\"2020-02-13T16:29:37+00:00\" \/>\n<meta property=\"og:image\" content=\"https:\/\/www.presi.com\/wp-content\/uploads\/2019\/02\/1526-MACROTECH-VX7.jpg\" \/>\n\t<meta property=\"og:image:width\" content=\"567\" \/>\n\t<meta property=\"og:image:height\" content=\"567\" \/>\n\t<meta property=\"og:image:type\" content=\"image\/jpeg\" \/>\n<meta name=\"twitter:card\" content=\"summary_large_image\" \/>\n<script type=\"application\/ld+json\" class=\"yoast-schema-graph\">{\"@context\":\"https:\/\/schema.org\",\"@graph\":[{\"@type\":\"WebPage\",\"@id\":\"https:\/\/www.presi.com\/de\/produkt\/macrotech-vx7\/\",\"url\":\"https:\/\/www.presi.com\/de\/produkt\/macrotech-vx7\/\",\"name\":\"MACROTECH VX7 - Presi\",\"isPartOf\":{\"@id\":\"https:\/\/www.presi.com\/en\/#website\"},\"primaryImageOfPage\":{\"@id\":\"https:\/\/www.presi.com\/de\/produkt\/macrotech-vx7\/#primaryimage\"},\"image\":{\"@id\":\"https:\/\/www.presi.com\/de\/produkt\/macrotech-vx7\/#primaryimage\"},\"thumbnailUrl\":\"https:\/\/www.presi.com\/wp-content\/uploads\/2019\/02\/1526-MACROTECH-VX7.jpg\",\"datePublished\":\"2019-06-21T13:21:03+00:00\",\"dateModified\":\"2020-02-13T16:29:37+00:00\",\"breadcrumb\":{\"@id\":\"https:\/\/www.presi.com\/de\/produkt\/macrotech-vx7\/#breadcrumb\"},\"inLanguage\":\"de\",\"potentialAction\":[{\"@type\":\"ReadAction\",\"target\":[\"https:\/\/www.presi.com\/de\/produkt\/macrotech-vx7\/\"]}]},{\"@type\":\"ImageObject\",\"inLanguage\":\"de\",\"@id\":\"https:\/\/www.presi.com\/de\/produkt\/macrotech-vx7\/#primaryimage\",\"url\":\"https:\/\/www.presi.com\/wp-content\/uploads\/2019\/02\/1526-MACROTECH-VX7.jpg\",\"contentUrl\":\"https:\/\/www.presi.com\/wp-content\/uploads\/2019\/02\/1526-MACROTECH-VX7.jpg\",\"width\":567,\"height\":567,\"caption\":\"MACROTECH VX7\"},{\"@type\":\"BreadcrumbList\",\"@id\":\"https:\/\/www.presi.com\/de\/produkt\/macrotech-vx7\/#breadcrumb\",\"itemListElement\":[{\"@type\":\"ListItem\",\"position\":1,\"name\":\"Accueil\",\"item\":\"https:\/\/www.presi.com\/de\/\"},{\"@type\":\"ListItem\",\"position\":2,\"name\":\"Gesch\u00e4ft\",\"item\":\"https:\/\/www.presi.com\/de\/geschaeft\/\"},{\"@type\":\"ListItem\",\"position\":3,\"name\":\"MACROTECH VX7\"}]},{\"@type\":\"WebSite\",\"@id\":\"https:\/\/www.presi.com\/en\/#website\",\"url\":\"https:\/\/www.presi.com\/en\/\",\"name\":\"Presi\",\"description\":\"M\u00e9tallographie - Machines pour analyse micrographique\",\"potentialAction\":[{\"@type\":\"SearchAction\",\"target\":{\"@type\":\"EntryPoint\",\"urlTemplate\":\"https:\/\/www.presi.com\/en\/?s={search_term_string}\"},\"query-input\":{\"@type\":\"PropertyValueSpecification\",\"valueRequired\":true,\"valueName\":\"search_term_string\"}}],\"inLanguage\":\"de\"}]}<\/script>\n<!-- \/ Yoast SEO plugin. -->","yoast_head_json":{"title":"MACROTECH VX7 - Presi","robots":{"index":"index","follow":"follow","max-snippet":"max-snippet:-1","max-image-preview":"max-image-preview:large","max-video-preview":"max-video-preview:-1"},"canonical":"https:\/\/www.presi.com\/de\/produkt\/macrotech-vx7\/","og_locale":"de_DE","og_type":"article","og_title":"MACROTECH VX7 - Presi","og_description":"Der Vickers-H\u00e4rtepr\u00fcfer VX7 mit automatischem Revolver, bietet eine komplette Ausstattung f\u00fcr die Anforderungen von Qualit\u00e4tslaboren, sowie f\u00fcr die Kontrolle von Fertigungslinien.","og_url":"https:\/\/www.presi.com\/de\/produkt\/macrotech-vx7\/","og_site_name":"Presi","article_modified_time":"2020-02-13T16:29:37+00:00","og_image":[{"width":567,"height":567,"url":"https:\/\/www.presi.com\/wp-content\/uploads\/2019\/02\/1526-MACROTECH-VX7.jpg","type":"image\/jpeg"}],"twitter_card":"summary_large_image","schema":{"@context":"https:\/\/schema.org","@graph":[{"@type":"WebPage","@id":"https:\/\/www.presi.com\/de\/produkt\/macrotech-vx7\/","url":"https:\/\/www.presi.com\/de\/produkt\/macrotech-vx7\/","name":"MACROTECH VX7 - Presi","isPartOf":{"@id":"https:\/\/www.presi.com\/en\/#website"},"primaryImageOfPage":{"@id":"https:\/\/www.presi.com\/de\/produkt\/macrotech-vx7\/#primaryimage"},"image":{"@id":"https:\/\/www.presi.com\/de\/produkt\/macrotech-vx7\/#primaryimage"},"thumbnailUrl":"https:\/\/www.presi.com\/wp-content\/uploads\/2019\/02\/1526-MACROTECH-VX7.jpg","datePublished":"2019-06-21T13:21:03+00:00","dateModified":"2020-02-13T16:29:37+00:00","breadcrumb":{"@id":"https:\/\/www.presi.com\/de\/produkt\/macrotech-vx7\/#breadcrumb"},"inLanguage":"de","potentialAction":[{"@type":"ReadAction","target":["https:\/\/www.presi.com\/de\/produkt\/macrotech-vx7\/"]}]},{"@type":"ImageObject","inLanguage":"de","@id":"https:\/\/www.presi.com\/de\/produkt\/macrotech-vx7\/#primaryimage","url":"https:\/\/www.presi.com\/wp-content\/uploads\/2019\/02\/1526-MACROTECH-VX7.jpg","contentUrl":"https:\/\/www.presi.com\/wp-content\/uploads\/2019\/02\/1526-MACROTECH-VX7.jpg","width":567,"height":567,"caption":"MACROTECH VX7"},{"@type":"BreadcrumbList","@id":"https:\/\/www.presi.com\/de\/produkt\/macrotech-vx7\/#breadcrumb","itemListElement":[{"@type":"ListItem","position":1,"name":"Accueil","item":"https:\/\/www.presi.com\/de\/"},{"@type":"ListItem","position":2,"name":"Gesch\u00e4ft","item":"https:\/\/www.presi.com\/de\/geschaeft\/"},{"@type":"ListItem","position":3,"name":"MACROTECH VX7"}]},{"@type":"WebSite","@id":"https:\/\/www.presi.com\/en\/#website","url":"https:\/\/www.presi.com\/en\/","name":"Presi","description":"M\u00e9tallographie - Machines pour analyse micrographique","potentialAction":[{"@type":"SearchAction","target":{"@type":"EntryPoint","urlTemplate":"https:\/\/www.presi.com\/en\/?s={search_term_string}"},"query-input":{"@type":"PropertyValueSpecification","valueRequired":true,"valueName":"search_term_string"}}],"inLanguage":"de"}]}},"_links":{"self":[{"href":"https:\/\/www.presi.com\/de\/wp-json\/wp\/v2\/product\/21115","targetHints":{"allow":["GET"]}}],"collection":[{"href":"https:\/\/www.presi.com\/de\/wp-json\/wp\/v2\/product"}],"about":[{"href":"https:\/\/www.presi.com\/de\/wp-json\/wp\/v2\/types\/product"}],"wp:featuredmedia":[{"embeddable":true,"href":"https:\/\/www.presi.com\/de\/wp-json\/wp\/v2\/media\/13085"}],"wp:attachment":[{"href":"https:\/\/www.presi.com\/de\/wp-json\/wp\/v2\/media?parent=21115"}],"wp:term":[{"taxonomy":"product_brand","embeddable":true,"href":"https:\/\/www.presi.com\/de\/wp-json\/wp\/v2\/product_brand?post=21115"},{"taxonomy":"product_cat","embeddable":true,"href":"https:\/\/www.presi.com\/de\/wp-json\/wp\/v2\/product_cat?post=21115"},{"taxonomy":"product_tag","embeddable":true,"href":"https:\/\/www.presi.com\/de\/wp-json\/wp\/v2\/product_tag?post=21115"}],"curies":[{"name":"wp","href":"https:\/\/api.w.org\/{rel}","templated":true}]}}