{"id":21120,"date":"2019-06-20T16:22:02","date_gmt":"2019-06-21T13:21:33","guid":{"rendered":"http:\/\/presi.com\/produit\/presi-touch-manuel\/"},"modified":"2019-07-15T15:59:50","modified_gmt":"2019-07-15T13:59:50","slug":"presi-touch-manuel","status":"publish","type":"product","link":"https:\/\/www.presi.com\/de\/produkt\/presi-touch-manuel\/","title":{"rendered":"PRESI Touch Manuel"},"content":{"rendered":"","protected":false},"excerpt":{"rendered":"<p>Das PRESI Touch Manual Pack ist die Softwarestufe, die die Erstellung und Verwaltung von H\u00e4rtemessungen erm\u00f6glicht. Die integrierte Bildanalyse in der Software erm\u00f6glicht eine einfache und zuverl\u00e4ssige Interpretation. Die Software PRESI Touch Manual wurde entwickelt, um manuelle Pr\u00fcfmuster zu vereinfachen und eine perfekte Wiederholbarkeit der Ergebnisse zu gew\u00e4hrleisten. Sie zeichnet sich durch eine klare, \u00fcbersichtliche und vollst\u00e4ndig anpassbare Benutzeroberfl\u00e4che aus. Sie verf\u00fcgt \u00fcber zahlreiche Funktionen wie automatische oder manuelle Messung von H\u00e4rteeindr\u00fccken. Die Navigation ist dank Kontextmen\u00fcs f\u00fcr den Benutzer sehr einfach.<\/p>\n","protected":false},"featured_media":13177,"template":"","meta":{"_acf_changed":false},"product_brand":[],"product_cat":[1389,1393],"product_tag":[],"class_list":{"0":"post-21120","1":"product","2":"type-product","3":"status-publish","4":"has-post-thumbnail","6":"product_cat-harteprufung","7":"product_cat-softwares-de","9":"first","10":"instock","11":"purchasable","12":"product-type-simple"},"acf":[],"yoast_head":"<!-- This site is optimized with the Yoast SEO plugin v27.5 - https:\/\/yoast.com\/product\/yoast-seo-wordpress\/ -->\n<title>PRESI Touch Manuel - Presi<\/title>\n<meta name=\"robots\" content=\"index, follow, max-snippet:-1, max-image-preview:large, max-video-preview:-1\" \/>\n<link rel=\"canonical\" href=\"https:\/\/www.presi.com\/de\/produkt\/presi-touch-manuel\/\" \/>\n<meta property=\"og:locale\" content=\"de_DE\" \/>\n<meta property=\"og:type\" content=\"article\" \/>\n<meta property=\"og:title\" content=\"PRESI Touch Manuel - Presi\" \/>\n<meta property=\"og:description\" content=\"Das PRESI Touch Manual Pack ist die Softwarestufe, die die Erstellung und Verwaltung von H\u00e4rtemessungen erm\u00f6glicht. Die integrierte Bildanalyse in der Software erm\u00f6glicht eine einfache und zuverl\u00e4ssige Interpretation. Die Software PRESI Touch Manual wurde entwickelt, um manuelle Pr\u00fcfmuster zu vereinfachen und eine perfekte Wiederholbarkeit der Ergebnisse zu gew\u00e4hrleisten. Sie zeichnet sich durch eine klare, \u00fcbersichtliche und vollst\u00e4ndig anpassbare Benutzeroberfl\u00e4che aus. Sie verf\u00fcgt \u00fcber zahlreiche Funktionen wie automatische oder manuelle Messung von H\u00e4rteeindr\u00fccken. Die Navigation ist dank Kontextmen\u00fcs f\u00fcr den Benutzer sehr einfach.\" \/>\n<meta property=\"og:url\" content=\"https:\/\/www.presi.com\/de\/produkt\/presi-touch-manuel\/\" \/>\n<meta property=\"og:site_name\" content=\"Presi\" \/>\n<meta property=\"article:modified_time\" content=\"2019-07-15T13:59:50+00:00\" \/>\n<meta property=\"og:image\" content=\"https:\/\/www.presi.com\/wp-content\/uploads\/2019\/02\/1547-PRESI-Touch-Manuel.jpg\" \/>\n\t<meta property=\"og:image:width\" content=\"806\" \/>\n\t<meta property=\"og:image:height\" content=\"677\" \/>\n\t<meta property=\"og:image:type\" content=\"image\/jpeg\" \/>\n<meta name=\"twitter:card\" content=\"summary_large_image\" \/>\n<script type=\"application\/ld+json\" class=\"yoast-schema-graph\">{\"@context\":\"https:\\\/\\\/schema.org\",\"@graph\":[{\"@type\":\"WebPage\",\"@id\":\"https:\\\/\\\/www.presi.com\\\/de\\\/produkt\\\/presi-touch-manuel\\\/\",\"url\":\"https:\\\/\\\/www.presi.com\\\/de\\\/produkt\\\/presi-touch-manuel\\\/\",\"name\":\"PRESI Touch Manuel - Presi\",\"isPartOf\":{\"@id\":\"https:\\\/\\\/www.presi.com\\\/en\\\/#website\"},\"primaryImageOfPage\":{\"@id\":\"https:\\\/\\\/www.presi.com\\\/de\\\/produkt\\\/presi-touch-manuel\\\/#primaryimage\"},\"image\":{\"@id\":\"https:\\\/\\\/www.presi.com\\\/de\\\/produkt\\\/presi-touch-manuel\\\/#primaryimage\"},\"thumbnailUrl\":\"https:\\\/\\\/www.presi.com\\\/wp-content\\\/uploads\\\/2019\\\/02\\\/1547-PRESI-Touch-Manuel.jpg\",\"datePublished\":\"2019-06-21T13:21:33+00:00\",\"dateModified\":\"2019-07-15T13:59:50+00:00\",\"breadcrumb\":{\"@id\":\"https:\\\/\\\/www.presi.com\\\/de\\\/produkt\\\/presi-touch-manuel\\\/#breadcrumb\"},\"inLanguage\":\"de\",\"potentialAction\":[{\"@type\":\"ReadAction\",\"target\":[\"https:\\\/\\\/www.presi.com\\\/de\\\/produkt\\\/presi-touch-manuel\\\/\"]}]},{\"@type\":\"ImageObject\",\"inLanguage\":\"de\",\"@id\":\"https:\\\/\\\/www.presi.com\\\/de\\\/produkt\\\/presi-touch-manuel\\\/#primaryimage\",\"url\":\"https:\\\/\\\/www.presi.com\\\/wp-content\\\/uploads\\\/2019\\\/02\\\/1547-PRESI-Touch-Manuel.jpg\",\"contentUrl\":\"https:\\\/\\\/www.presi.com\\\/wp-content\\\/uploads\\\/2019\\\/02\\\/1547-PRESI-Touch-Manuel.jpg\",\"width\":806,\"height\":677,\"caption\":\"PRESI Touch Manuel\"},{\"@type\":\"BreadcrumbList\",\"@id\":\"https:\\\/\\\/www.presi.com\\\/de\\\/produkt\\\/presi-touch-manuel\\\/#breadcrumb\",\"itemListElement\":[{\"@type\":\"ListItem\",\"position\":1,\"name\":\"Accueil\",\"item\":\"https:\\\/\\\/www.presi.com\\\/de\\\/\"},{\"@type\":\"ListItem\",\"position\":2,\"name\":\"Gesch\u00e4ft\",\"item\":\"https:\\\/\\\/www.presi.com\\\/de\\\/geschaeft\\\/\"},{\"@type\":\"ListItem\",\"position\":3,\"name\":\"PRESI Touch Manuel\"}]},{\"@type\":\"WebSite\",\"@id\":\"https:\\\/\\\/www.presi.com\\\/en\\\/#website\",\"url\":\"https:\\\/\\\/www.presi.com\\\/en\\\/\",\"name\":\"Presi\",\"description\":\"M\u00e9tallographie - Machines pour analyse micrographique\",\"potentialAction\":[{\"@type\":\"SearchAction\",\"target\":{\"@type\":\"EntryPoint\",\"urlTemplate\":\"https:\\\/\\\/www.presi.com\\\/en\\\/?s={search_term_string}\"},\"query-input\":{\"@type\":\"PropertyValueSpecification\",\"valueRequired\":true,\"valueName\":\"search_term_string\"}}],\"inLanguage\":\"de\"}]}<\/script>\n<!-- \/ Yoast SEO plugin. -->","yoast_head_json":{"title":"PRESI Touch Manuel - Presi","robots":{"index":"index","follow":"follow","max-snippet":"max-snippet:-1","max-image-preview":"max-image-preview:large","max-video-preview":"max-video-preview:-1"},"canonical":"https:\/\/www.presi.com\/de\/produkt\/presi-touch-manuel\/","og_locale":"de_DE","og_type":"article","og_title":"PRESI Touch Manuel - Presi","og_description":"Das PRESI Touch Manual Pack ist die Softwarestufe, die die Erstellung und Verwaltung von H\u00e4rtemessungen erm\u00f6glicht. Die integrierte Bildanalyse in der Software erm\u00f6glicht eine einfache und zuverl\u00e4ssige Interpretation. Die Software PRESI Touch Manual wurde entwickelt, um manuelle Pr\u00fcfmuster zu vereinfachen und eine perfekte Wiederholbarkeit der Ergebnisse zu gew\u00e4hrleisten. Sie zeichnet sich durch eine klare, \u00fcbersichtliche und vollst\u00e4ndig anpassbare Benutzeroberfl\u00e4che aus. Sie verf\u00fcgt \u00fcber zahlreiche Funktionen wie automatische oder manuelle Messung von H\u00e4rteeindr\u00fccken. Die Navigation ist dank Kontextmen\u00fcs f\u00fcr den Benutzer sehr einfach.","og_url":"https:\/\/www.presi.com\/de\/produkt\/presi-touch-manuel\/","og_site_name":"Presi","article_modified_time":"2019-07-15T13:59:50+00:00","og_image":[{"width":806,"height":677,"url":"https:\/\/www.presi.com\/wp-content\/uploads\/2019\/02\/1547-PRESI-Touch-Manuel.jpg","type":"image\/jpeg"}],"twitter_card":"summary_large_image","schema":{"@context":"https:\/\/schema.org","@graph":[{"@type":"WebPage","@id":"https:\/\/www.presi.com\/de\/produkt\/presi-touch-manuel\/","url":"https:\/\/www.presi.com\/de\/produkt\/presi-touch-manuel\/","name":"PRESI Touch Manuel - Presi","isPartOf":{"@id":"https:\/\/www.presi.com\/en\/#website"},"primaryImageOfPage":{"@id":"https:\/\/www.presi.com\/de\/produkt\/presi-touch-manuel\/#primaryimage"},"image":{"@id":"https:\/\/www.presi.com\/de\/produkt\/presi-touch-manuel\/#primaryimage"},"thumbnailUrl":"https:\/\/www.presi.com\/wp-content\/uploads\/2019\/02\/1547-PRESI-Touch-Manuel.jpg","datePublished":"2019-06-21T13:21:33+00:00","dateModified":"2019-07-15T13:59:50+00:00","breadcrumb":{"@id":"https:\/\/www.presi.com\/de\/produkt\/presi-touch-manuel\/#breadcrumb"},"inLanguage":"de","potentialAction":[{"@type":"ReadAction","target":["https:\/\/www.presi.com\/de\/produkt\/presi-touch-manuel\/"]}]},{"@type":"ImageObject","inLanguage":"de","@id":"https:\/\/www.presi.com\/de\/produkt\/presi-touch-manuel\/#primaryimage","url":"https:\/\/www.presi.com\/wp-content\/uploads\/2019\/02\/1547-PRESI-Touch-Manuel.jpg","contentUrl":"https:\/\/www.presi.com\/wp-content\/uploads\/2019\/02\/1547-PRESI-Touch-Manuel.jpg","width":806,"height":677,"caption":"PRESI Touch Manuel"},{"@type":"BreadcrumbList","@id":"https:\/\/www.presi.com\/de\/produkt\/presi-touch-manuel\/#breadcrumb","itemListElement":[{"@type":"ListItem","position":1,"name":"Accueil","item":"https:\/\/www.presi.com\/de\/"},{"@type":"ListItem","position":2,"name":"Gesch\u00e4ft","item":"https:\/\/www.presi.com\/de\/geschaeft\/"},{"@type":"ListItem","position":3,"name":"PRESI Touch Manuel"}]},{"@type":"WebSite","@id":"https:\/\/www.presi.com\/en\/#website","url":"https:\/\/www.presi.com\/en\/","name":"Presi","description":"M\u00e9tallographie - Machines pour analyse micrographique","potentialAction":[{"@type":"SearchAction","target":{"@type":"EntryPoint","urlTemplate":"https:\/\/www.presi.com\/en\/?s={search_term_string}"},"query-input":{"@type":"PropertyValueSpecification","valueRequired":true,"valueName":"search_term_string"}}],"inLanguage":"de"}]}},"_links":{"self":[{"href":"https:\/\/www.presi.com\/de\/wp-json\/wp\/v2\/product\/21120","targetHints":{"allow":["GET"]}}],"collection":[{"href":"https:\/\/www.presi.com\/de\/wp-json\/wp\/v2\/product"}],"about":[{"href":"https:\/\/www.presi.com\/de\/wp-json\/wp\/v2\/types\/product"}],"wp:featuredmedia":[{"embeddable":true,"href":"https:\/\/www.presi.com\/de\/wp-json\/wp\/v2\/media\/13177"}],"wp:attachment":[{"href":"https:\/\/www.presi.com\/de\/wp-json\/wp\/v2\/media?parent=21120"}],"wp:term":[{"taxonomy":"product_brand","embeddable":true,"href":"https:\/\/www.presi.com\/de\/wp-json\/wp\/v2\/product_brand?post=21120"},{"taxonomy":"product_cat","embeddable":true,"href":"https:\/\/www.presi.com\/de\/wp-json\/wp\/v2\/product_cat?post=21120"},{"taxonomy":"product_tag","embeddable":true,"href":"https:\/\/www.presi.com\/de\/wp-json\/wp\/v2\/product_tag?post=21120"}],"curies":[{"name":"wp","href":"https:\/\/api.w.org\/{rel}","templated":true}]}}