{"id":21121,"date":"2019-06-20T16:22:02","date_gmt":"2019-06-21T13:21:33","guid":{"rendered":"http:\/\/presi.com\/produit\/presi-touch-semi-auto\/"},"modified":"2019-07-15T15:59:53","modified_gmt":"2019-07-15T13:59:53","slug":"presi-touch-semi-auto","status":"publish","type":"product","link":"https:\/\/www.presi.com\/de\/produkt\/presi-touch-semi-auto\/","title":{"rendered":"PRESI TOUCH SEMI-AUTO"},"content":{"rendered":"","protected":false},"excerpt":{"rendered":"<p>Das Semi-Auto-Paket wurde entwickelt, um schneller mehr H\u00e4rteeindr\u00fccke zu untersuchen und um den Benutzer von langwierigen Operationen zu entlasten und die Produktivit\u00e4t zu steigern. Es verf\u00fcgt \u00fcber einen motorisierten Tisch, der mit einem Joystick gesteuert wird. Seine automatische XY-Positionierung bietet Zeiteinsparungen, Wiederholbarkeit und garantiert Reproduzierbarkeit bei der Analyse der Ergebnisse.<\/p>\n","protected":false},"featured_media":13188,"template":"","meta":{"_acf_changed":false},"product_brand":[],"product_cat":[1389,1393],"product_tag":[],"class_list":{"0":"post-21121","1":"product","2":"type-product","3":"status-publish","4":"has-post-thumbnail","6":"product_cat-harteprufung","7":"product_cat-softwares-de","9":"first","10":"instock","11":"purchasable","12":"product-type-simple"},"acf":[],"yoast_head":"<!-- This site is optimized with the Yoast SEO plugin v27.2 - https:\/\/yoast.com\/product\/yoast-seo-wordpress\/ -->\n<title>PRESI TOUCH SEMI-AUTO - Presi<\/title>\n<meta name=\"robots\" content=\"index, follow, max-snippet:-1, max-image-preview:large, max-video-preview:-1\" \/>\n<link rel=\"canonical\" href=\"https:\/\/www.presi.com\/de\/produkt\/presi-touch-semi-auto\/\" \/>\n<meta property=\"og:locale\" content=\"de_DE\" \/>\n<meta property=\"og:type\" content=\"article\" \/>\n<meta property=\"og:title\" content=\"PRESI TOUCH SEMI-AUTO - Presi\" \/>\n<meta property=\"og:description\" content=\"Das Semi-Auto-Paket wurde entwickelt, um schneller mehr H\u00e4rteeindr\u00fccke zu untersuchen und um den Benutzer von langwierigen Operationen zu entlasten und die Produktivit\u00e4t zu steigern. Es verf\u00fcgt \u00fcber einen motorisierten Tisch, der mit einem Joystick gesteuert wird. Seine automatische XY-Positionierung bietet Zeiteinsparungen, Wiederholbarkeit und garantiert Reproduzierbarkeit bei der Analyse der Ergebnisse.\" \/>\n<meta property=\"og:url\" content=\"https:\/\/www.presi.com\/de\/produkt\/presi-touch-semi-auto\/\" \/>\n<meta property=\"og:site_name\" content=\"Presi\" \/>\n<meta property=\"article:modified_time\" content=\"2019-07-15T13:59:53+00:00\" \/>\n<meta property=\"og:image\" content=\"https:\/\/www.presi.com\/wp-content\/uploads\/2019\/02\/1550-PRESI-TOUCH-SEMI-AUTO.jpg\" \/>\n\t<meta property=\"og:image:width\" content=\"810\" \/>\n\t<meta property=\"og:image:height\" content=\"664\" \/>\n\t<meta property=\"og:image:type\" content=\"image\/jpeg\" \/>\n<meta name=\"twitter:card\" content=\"summary_large_image\" \/>\n<script type=\"application\/ld+json\" class=\"yoast-schema-graph\">{\"@context\":\"https:\/\/schema.org\",\"@graph\":[{\"@type\":\"WebPage\",\"@id\":\"https:\/\/www.presi.com\/de\/produkt\/presi-touch-semi-auto\/\",\"url\":\"https:\/\/www.presi.com\/de\/produkt\/presi-touch-semi-auto\/\",\"name\":\"PRESI TOUCH SEMI-AUTO - Presi\",\"isPartOf\":{\"@id\":\"https:\/\/www.presi.com\/en\/#website\"},\"primaryImageOfPage\":{\"@id\":\"https:\/\/www.presi.com\/de\/produkt\/presi-touch-semi-auto\/#primaryimage\"},\"image\":{\"@id\":\"https:\/\/www.presi.com\/de\/produkt\/presi-touch-semi-auto\/#primaryimage\"},\"thumbnailUrl\":\"https:\/\/www.presi.com\/wp-content\/uploads\/2019\/02\/1550-PRESI-TOUCH-SEMI-AUTO.jpg\",\"datePublished\":\"2019-06-21T13:21:33+00:00\",\"dateModified\":\"2019-07-15T13:59:53+00:00\",\"breadcrumb\":{\"@id\":\"https:\/\/www.presi.com\/de\/produkt\/presi-touch-semi-auto\/#breadcrumb\"},\"inLanguage\":\"de\",\"potentialAction\":[{\"@type\":\"ReadAction\",\"target\":[\"https:\/\/www.presi.com\/de\/produkt\/presi-touch-semi-auto\/\"]}]},{\"@type\":\"ImageObject\",\"inLanguage\":\"de\",\"@id\":\"https:\/\/www.presi.com\/de\/produkt\/presi-touch-semi-auto\/#primaryimage\",\"url\":\"https:\/\/www.presi.com\/wp-content\/uploads\/2019\/02\/1550-PRESI-TOUCH-SEMI-AUTO.jpg\",\"contentUrl\":\"https:\/\/www.presi.com\/wp-content\/uploads\/2019\/02\/1550-PRESI-TOUCH-SEMI-AUTO.jpg\",\"width\":810,\"height\":664,\"caption\":\"PRESI TOUCH SEMI-AUTO\"},{\"@type\":\"BreadcrumbList\",\"@id\":\"https:\/\/www.presi.com\/de\/produkt\/presi-touch-semi-auto\/#breadcrumb\",\"itemListElement\":[{\"@type\":\"ListItem\",\"position\":1,\"name\":\"Accueil\",\"item\":\"https:\/\/www.presi.com\/de\/\"},{\"@type\":\"ListItem\",\"position\":2,\"name\":\"Gesch\u00e4ft\",\"item\":\"https:\/\/www.presi.com\/de\/geschaeft\/\"},{\"@type\":\"ListItem\",\"position\":3,\"name\":\"PRESI TOUCH SEMI-AUTO\"}]},{\"@type\":\"WebSite\",\"@id\":\"https:\/\/www.presi.com\/en\/#website\",\"url\":\"https:\/\/www.presi.com\/en\/\",\"name\":\"Presi\",\"description\":\"M\u00e9tallographie - Machines pour analyse micrographique\",\"potentialAction\":[{\"@type\":\"SearchAction\",\"target\":{\"@type\":\"EntryPoint\",\"urlTemplate\":\"https:\/\/www.presi.com\/en\/?s={search_term_string}\"},\"query-input\":{\"@type\":\"PropertyValueSpecification\",\"valueRequired\":true,\"valueName\":\"search_term_string\"}}],\"inLanguage\":\"de\"}]}<\/script>\n<!-- \/ Yoast SEO plugin. -->","yoast_head_json":{"title":"PRESI TOUCH SEMI-AUTO - Presi","robots":{"index":"index","follow":"follow","max-snippet":"max-snippet:-1","max-image-preview":"max-image-preview:large","max-video-preview":"max-video-preview:-1"},"canonical":"https:\/\/www.presi.com\/de\/produkt\/presi-touch-semi-auto\/","og_locale":"de_DE","og_type":"article","og_title":"PRESI TOUCH SEMI-AUTO - Presi","og_description":"Das Semi-Auto-Paket wurde entwickelt, um schneller mehr H\u00e4rteeindr\u00fccke zu untersuchen und um den Benutzer von langwierigen Operationen zu entlasten und die Produktivit\u00e4t zu steigern. Es verf\u00fcgt \u00fcber einen motorisierten Tisch, der mit einem Joystick gesteuert wird. Seine automatische XY-Positionierung bietet Zeiteinsparungen, Wiederholbarkeit und garantiert Reproduzierbarkeit bei der Analyse der Ergebnisse.","og_url":"https:\/\/www.presi.com\/de\/produkt\/presi-touch-semi-auto\/","og_site_name":"Presi","article_modified_time":"2019-07-15T13:59:53+00:00","og_image":[{"width":810,"height":664,"url":"https:\/\/www.presi.com\/wp-content\/uploads\/2019\/02\/1550-PRESI-TOUCH-SEMI-AUTO.jpg","type":"image\/jpeg"}],"twitter_card":"summary_large_image","schema":{"@context":"https:\/\/schema.org","@graph":[{"@type":"WebPage","@id":"https:\/\/www.presi.com\/de\/produkt\/presi-touch-semi-auto\/","url":"https:\/\/www.presi.com\/de\/produkt\/presi-touch-semi-auto\/","name":"PRESI TOUCH SEMI-AUTO - Presi","isPartOf":{"@id":"https:\/\/www.presi.com\/en\/#website"},"primaryImageOfPage":{"@id":"https:\/\/www.presi.com\/de\/produkt\/presi-touch-semi-auto\/#primaryimage"},"image":{"@id":"https:\/\/www.presi.com\/de\/produkt\/presi-touch-semi-auto\/#primaryimage"},"thumbnailUrl":"https:\/\/www.presi.com\/wp-content\/uploads\/2019\/02\/1550-PRESI-TOUCH-SEMI-AUTO.jpg","datePublished":"2019-06-21T13:21:33+00:00","dateModified":"2019-07-15T13:59:53+00:00","breadcrumb":{"@id":"https:\/\/www.presi.com\/de\/produkt\/presi-touch-semi-auto\/#breadcrumb"},"inLanguage":"de","potentialAction":[{"@type":"ReadAction","target":["https:\/\/www.presi.com\/de\/produkt\/presi-touch-semi-auto\/"]}]},{"@type":"ImageObject","inLanguage":"de","@id":"https:\/\/www.presi.com\/de\/produkt\/presi-touch-semi-auto\/#primaryimage","url":"https:\/\/www.presi.com\/wp-content\/uploads\/2019\/02\/1550-PRESI-TOUCH-SEMI-AUTO.jpg","contentUrl":"https:\/\/www.presi.com\/wp-content\/uploads\/2019\/02\/1550-PRESI-TOUCH-SEMI-AUTO.jpg","width":810,"height":664,"caption":"PRESI TOUCH SEMI-AUTO"},{"@type":"BreadcrumbList","@id":"https:\/\/www.presi.com\/de\/produkt\/presi-touch-semi-auto\/#breadcrumb","itemListElement":[{"@type":"ListItem","position":1,"name":"Accueil","item":"https:\/\/www.presi.com\/de\/"},{"@type":"ListItem","position":2,"name":"Gesch\u00e4ft","item":"https:\/\/www.presi.com\/de\/geschaeft\/"},{"@type":"ListItem","position":3,"name":"PRESI TOUCH SEMI-AUTO"}]},{"@type":"WebSite","@id":"https:\/\/www.presi.com\/en\/#website","url":"https:\/\/www.presi.com\/en\/","name":"Presi","description":"M\u00e9tallographie - Machines pour analyse micrographique","potentialAction":[{"@type":"SearchAction","target":{"@type":"EntryPoint","urlTemplate":"https:\/\/www.presi.com\/en\/?s={search_term_string}"},"query-input":{"@type":"PropertyValueSpecification","valueRequired":true,"valueName":"search_term_string"}}],"inLanguage":"de"}]}},"_links":{"self":[{"href":"https:\/\/www.presi.com\/de\/wp-json\/wp\/v2\/product\/21121","targetHints":{"allow":["GET"]}}],"collection":[{"href":"https:\/\/www.presi.com\/de\/wp-json\/wp\/v2\/product"}],"about":[{"href":"https:\/\/www.presi.com\/de\/wp-json\/wp\/v2\/types\/product"}],"wp:featuredmedia":[{"embeddable":true,"href":"https:\/\/www.presi.com\/de\/wp-json\/wp\/v2\/media\/13188"}],"wp:attachment":[{"href":"https:\/\/www.presi.com\/de\/wp-json\/wp\/v2\/media?parent=21121"}],"wp:term":[{"taxonomy":"product_brand","embeddable":true,"href":"https:\/\/www.presi.com\/de\/wp-json\/wp\/v2\/product_brand?post=21121"},{"taxonomy":"product_cat","embeddable":true,"href":"https:\/\/www.presi.com\/de\/wp-json\/wp\/v2\/product_cat?post=21121"},{"taxonomy":"product_tag","embeddable":true,"href":"https:\/\/www.presi.com\/de\/wp-json\/wp\/v2\/product_tag?post=21121"}],"curies":[{"name":"wp","href":"https:\/\/api.w.org\/{rel}","templated":true}]}}