{"id":21122,"date":"2019-06-20T16:22:02","date_gmt":"2019-06-21T13:21:50","guid":{"rendered":"http:\/\/presi.com\/produit\/mecatome-t202\/"},"modified":"2024-07-24T10:44:08","modified_gmt":"2024-07-24T08:44:08","slug":"mecatome-t205","status":"publish","type":"product","link":"https:\/\/www.presi.com\/de\/produkt\/mecatome-t205\/","title":{"rendered":"MECATOME T205"},"content":{"rendered":"<p><iframe width=\"560\" height=\"315\" src=\"https:\/\/www.youtube.com\/embed\/POWgJFeULx8?si=v76e7VP2dNmn7HVZ\" title=\"YouTube video player\" frameborder=\"0\" allow=\"accelerometer; autoplay; clipboard-write; encrypted-media; gyroscope; picture-in-picture; web-share\" referrerpolicy=\"strict-origin-when-cross-origin\" allowfullscreen><\/iframe><\/p>\n","protected":false},"excerpt":{"rendered":"<p>Die MECATOME T205 ist eine manuelle Pr\u00e4zisions-Trennmaschine, die sich durch ihre Robustheit und kompakte Bauweise auszeichnet. Mit einem gro\u00dfen Arbeitsraum erm\u00f6glicht es Trennschnitte mit h\u00f6chster Pr\u00e4zision und die Bearbeitung einer Vielzahl von Materialien, von den weichsten bis zu den h\u00e4rtesten. Ihr leistungsstarker Motor erm\u00f6glicht ein Arbeiten mit hohem und konstantem Drehmoment \u00fcber den gesamten Drehzahlbereich von 100 bis 4000 U\/min.<\/p>\n<p><u>Optionen<\/u>:<\/p>\n<ul>\n<li>Schnellwechsel-system &#8211; Werkzeugloser Trennscheibenwechsel <i style=\"font-style: italic;\">(ref. 51725)<\/i><\/li>\n<\/ul>\n","protected":false},"featured_media":35197,"template":"","meta":{"_acf_changed":false},"product_brand":[],"product_cat":[1490,1509],"product_tag":[],"class_list":{"0":"post-21122","1":"product","2":"type-product","3":"status-publish","4":"has-post-thumbnail","6":"product_cat-trennen","7":"product_cat-trennmaschinen-de","8":"pa_diametre-de-meule-bis-zu-o-200-mm","9":"pa_type-de-machine-trennmaschine","11":"first","12":"instock","13":"purchasable","14":"product-type-simple"},"acf":[],"yoast_head":"<!-- This site is optimized with the Yoast SEO plugin v27.5 - https:\/\/yoast.com\/product\/yoast-seo-wordpress\/ -->\n<title>MECATOME T205 - Presi<\/title>\n<meta name=\"robots\" content=\"index, follow, max-snippet:-1, max-image-preview:large, max-video-preview:-1\" \/>\n<link rel=\"canonical\" href=\"https:\/\/www.presi.com\/de\/produkt\/mecatome-t205\/\" \/>\n<meta property=\"og:locale\" content=\"de_DE\" \/>\n<meta property=\"og:type\" content=\"article\" \/>\n<meta property=\"og:title\" content=\"MECATOME T205 - Presi\" \/>\n<meta property=\"og:description\" content=\"Die MECATOME T205 ist eine manuelle Pr\u00e4zisions-Trennmaschine, die sich durch ihre Robustheit und kompakte Bauweise auszeichnet. Mit einem gro\u00dfen Arbeitsraum erm\u00f6glicht es Trennschnitte mit h\u00f6chster Pr\u00e4zision und die Bearbeitung einer Vielzahl von Materialien, von den weichsten bis zu den h\u00e4rtesten. Ihr leistungsstarker Motor erm\u00f6glicht ein Arbeiten mit hohem und konstantem Drehmoment \u00fcber den gesamten Drehzahlbereich von 100 bis 4000 U\/min.  Optionen:   Schnellwechsel-system - Werkzeugloser Trennscheibenwechsel (ref. 51725)\" \/>\n<meta property=\"og:url\" content=\"https:\/\/www.presi.com\/de\/produkt\/mecatome-t205\/\" \/>\n<meta property=\"og:site_name\" content=\"Presi\" \/>\n<meta property=\"article:modified_time\" content=\"2024-07-24T08:44:08+00:00\" \/>\n<meta property=\"og:image\" content=\"https:\/\/www.presi.com\/wp-content\/uploads\/2019\/06\/mecatome-t205-full.webp\" \/>\n\t<meta property=\"og:image:width\" content=\"600\" \/>\n\t<meta property=\"og:image:height\" content=\"600\" \/>\n\t<meta property=\"og:image:type\" content=\"image\/webp\" \/>\n<meta name=\"twitter:card\" content=\"summary_large_image\" \/>\n<meta name=\"twitter:label1\" content=\"Gesch\u00e4tzte Lesezeit\" \/>\n\t<meta name=\"twitter:data1\" content=\"1\u00a0Minute\" \/>\n<script type=\"application\/ld+json\" class=\"yoast-schema-graph\">{\"@context\":\"https:\\\/\\\/schema.org\",\"@graph\":[{\"@type\":\"WebPage\",\"@id\":\"https:\\\/\\\/www.presi.com\\\/de\\\/produkt\\\/mecatome-t205\\\/\",\"url\":\"https:\\\/\\\/www.presi.com\\\/de\\\/produkt\\\/mecatome-t205\\\/\",\"name\":\"MECATOME T205 - Presi\",\"isPartOf\":{\"@id\":\"https:\\\/\\\/www.presi.com\\\/en\\\/#website\"},\"primaryImageOfPage\":{\"@id\":\"https:\\\/\\\/www.presi.com\\\/de\\\/produkt\\\/mecatome-t205\\\/#primaryimage\"},\"image\":{\"@id\":\"https:\\\/\\\/www.presi.com\\\/de\\\/produkt\\\/mecatome-t205\\\/#primaryimage\"},\"thumbnailUrl\":\"https:\\\/\\\/www.presi.com\\\/wp-content\\\/uploads\\\/2019\\\/06\\\/mecatome-t205-full.webp\",\"datePublished\":\"2019-06-21T13:21:50+00:00\",\"dateModified\":\"2024-07-24T08:44:08+00:00\",\"breadcrumb\":{\"@id\":\"https:\\\/\\\/www.presi.com\\\/de\\\/produkt\\\/mecatome-t205\\\/#breadcrumb\"},\"inLanguage\":\"de\",\"potentialAction\":[{\"@type\":\"ReadAction\",\"target\":[\"https:\\\/\\\/www.presi.com\\\/de\\\/produkt\\\/mecatome-t205\\\/\"]}]},{\"@type\":\"ImageObject\",\"inLanguage\":\"de\",\"@id\":\"https:\\\/\\\/www.presi.com\\\/de\\\/produkt\\\/mecatome-t205\\\/#primaryimage\",\"url\":\"https:\\\/\\\/www.presi.com\\\/wp-content\\\/uploads\\\/2019\\\/06\\\/mecatome-t205-full.webp\",\"contentUrl\":\"https:\\\/\\\/www.presi.com\\\/wp-content\\\/uploads\\\/2019\\\/06\\\/mecatome-t205-full.webp\",\"width\":600,\"height\":600},{\"@type\":\"BreadcrumbList\",\"@id\":\"https:\\\/\\\/www.presi.com\\\/de\\\/produkt\\\/mecatome-t205\\\/#breadcrumb\",\"itemListElement\":[{\"@type\":\"ListItem\",\"position\":1,\"name\":\"Accueil\",\"item\":\"https:\\\/\\\/www.presi.com\\\/de\\\/\"},{\"@type\":\"ListItem\",\"position\":2,\"name\":\"Gesch\u00e4ft\",\"item\":\"https:\\\/\\\/www.presi.com\\\/de\\\/geschaeft\\\/\"},{\"@type\":\"ListItem\",\"position\":3,\"name\":\"MECATOME T205\"}]},{\"@type\":\"WebSite\",\"@id\":\"https:\\\/\\\/www.presi.com\\\/en\\\/#website\",\"url\":\"https:\\\/\\\/www.presi.com\\\/en\\\/\",\"name\":\"Presi\",\"description\":\"M\u00e9tallographie - Machines pour analyse micrographique\",\"potentialAction\":[{\"@type\":\"SearchAction\",\"target\":{\"@type\":\"EntryPoint\",\"urlTemplate\":\"https:\\\/\\\/www.presi.com\\\/en\\\/?s={search_term_string}\"},\"query-input\":{\"@type\":\"PropertyValueSpecification\",\"valueRequired\":true,\"valueName\":\"search_term_string\"}}],\"inLanguage\":\"de\"}]}<\/script>\n<!-- \/ Yoast SEO plugin. -->","yoast_head_json":{"title":"MECATOME T205 - Presi","robots":{"index":"index","follow":"follow","max-snippet":"max-snippet:-1","max-image-preview":"max-image-preview:large","max-video-preview":"max-video-preview:-1"},"canonical":"https:\/\/www.presi.com\/de\/produkt\/mecatome-t205\/","og_locale":"de_DE","og_type":"article","og_title":"MECATOME T205 - Presi","og_description":"Die MECATOME T205 ist eine manuelle Pr\u00e4zisions-Trennmaschine, die sich durch ihre Robustheit und kompakte Bauweise auszeichnet. Mit einem gro\u00dfen Arbeitsraum erm\u00f6glicht es Trennschnitte mit h\u00f6chster Pr\u00e4zision und die Bearbeitung einer Vielzahl von Materialien, von den weichsten bis zu den h\u00e4rtesten. Ihr leistungsstarker Motor erm\u00f6glicht ein Arbeiten mit hohem und konstantem Drehmoment \u00fcber den gesamten Drehzahlbereich von 100 bis 4000 U\/min.  Optionen:   Schnellwechsel-system - Werkzeugloser Trennscheibenwechsel (ref. 51725)","og_url":"https:\/\/www.presi.com\/de\/produkt\/mecatome-t205\/","og_site_name":"Presi","article_modified_time":"2024-07-24T08:44:08+00:00","og_image":[{"width":600,"height":600,"url":"https:\/\/www.presi.com\/wp-content\/uploads\/2019\/06\/mecatome-t205-full.webp","type":"image\/webp"}],"twitter_card":"summary_large_image","twitter_misc":{"Gesch\u00e4tzte Lesezeit":"1\u00a0Minute"},"schema":{"@context":"https:\/\/schema.org","@graph":[{"@type":"WebPage","@id":"https:\/\/www.presi.com\/de\/produkt\/mecatome-t205\/","url":"https:\/\/www.presi.com\/de\/produkt\/mecatome-t205\/","name":"MECATOME T205 - Presi","isPartOf":{"@id":"https:\/\/www.presi.com\/en\/#website"},"primaryImageOfPage":{"@id":"https:\/\/www.presi.com\/de\/produkt\/mecatome-t205\/#primaryimage"},"image":{"@id":"https:\/\/www.presi.com\/de\/produkt\/mecatome-t205\/#primaryimage"},"thumbnailUrl":"https:\/\/www.presi.com\/wp-content\/uploads\/2019\/06\/mecatome-t205-full.webp","datePublished":"2019-06-21T13:21:50+00:00","dateModified":"2024-07-24T08:44:08+00:00","breadcrumb":{"@id":"https:\/\/www.presi.com\/de\/produkt\/mecatome-t205\/#breadcrumb"},"inLanguage":"de","potentialAction":[{"@type":"ReadAction","target":["https:\/\/www.presi.com\/de\/produkt\/mecatome-t205\/"]}]},{"@type":"ImageObject","inLanguage":"de","@id":"https:\/\/www.presi.com\/de\/produkt\/mecatome-t205\/#primaryimage","url":"https:\/\/www.presi.com\/wp-content\/uploads\/2019\/06\/mecatome-t205-full.webp","contentUrl":"https:\/\/www.presi.com\/wp-content\/uploads\/2019\/06\/mecatome-t205-full.webp","width":600,"height":600},{"@type":"BreadcrumbList","@id":"https:\/\/www.presi.com\/de\/produkt\/mecatome-t205\/#breadcrumb","itemListElement":[{"@type":"ListItem","position":1,"name":"Accueil","item":"https:\/\/www.presi.com\/de\/"},{"@type":"ListItem","position":2,"name":"Gesch\u00e4ft","item":"https:\/\/www.presi.com\/de\/geschaeft\/"},{"@type":"ListItem","position":3,"name":"MECATOME T205"}]},{"@type":"WebSite","@id":"https:\/\/www.presi.com\/en\/#website","url":"https:\/\/www.presi.com\/en\/","name":"Presi","description":"M\u00e9tallographie - Machines pour analyse micrographique","potentialAction":[{"@type":"SearchAction","target":{"@type":"EntryPoint","urlTemplate":"https:\/\/www.presi.com\/en\/?s={search_term_string}"},"query-input":{"@type":"PropertyValueSpecification","valueRequired":true,"valueName":"search_term_string"}}],"inLanguage":"de"}]}},"_links":{"self":[{"href":"https:\/\/www.presi.com\/de\/wp-json\/wp\/v2\/product\/21122","targetHints":{"allow":["GET"]}}],"collection":[{"href":"https:\/\/www.presi.com\/de\/wp-json\/wp\/v2\/product"}],"about":[{"href":"https:\/\/www.presi.com\/de\/wp-json\/wp\/v2\/types\/product"}],"wp:featuredmedia":[{"embeddable":true,"href":"https:\/\/www.presi.com\/de\/wp-json\/wp\/v2\/media\/35197"}],"wp:attachment":[{"href":"https:\/\/www.presi.com\/de\/wp-json\/wp\/v2\/media?parent=21122"}],"wp:term":[{"taxonomy":"product_brand","embeddable":true,"href":"https:\/\/www.presi.com\/de\/wp-json\/wp\/v2\/product_brand?post=21122"},{"taxonomy":"product_cat","embeddable":true,"href":"https:\/\/www.presi.com\/de\/wp-json\/wp\/v2\/product_cat?post=21122"},{"taxonomy":"product_tag","embeddable":true,"href":"https:\/\/www.presi.com\/de\/wp-json\/wp\/v2\/product_tag?post=21122"}],"curies":[{"name":"wp","href":"https:\/\/api.w.org\/{rel}","templated":true}]}}