{"id":21124,"date":"2019-06-20T16:22:24","date_gmt":"2019-06-21T13:21:50","guid":{"rendered":"http:\/\/presi.com\/produit\/vibrotech-300\/"},"modified":"2020-04-06T16:10:09","modified_gmt":"2020-04-06T14:10:09","slug":"vibrotech-300","status":"publish","type":"product","link":"https:\/\/www.presi.com\/de\/produkt\/vibrotech-300\/","title":{"rendered":"VIBROTECH 300"},"content":{"rendered":"<p><iframe id=\"resp_1280px\" src=\"https:\/\/www.youtube.com\/embed\/Ci4foi7dVLU\" width=\"570\" height=\"350\" frameborder=\"0\"><\/iframe><\/p>\n<p>Bei Vibrationspoliermaschinen wird das Poliertuch mit Feinstpoliersuspensionen getr\u00e4nkt. Das Polierbecken muss wegen der hohen Frequenzen sehr fest auf der Tr\u00e4gerplatte sitzen, das erfolgt \u00fcber Magneten. Wenn das Polierbecken gereinigt werden soll, ist es praktisch das Becken herauszunehmen, um damit z.B. am Waschbecken das Becken auszusp\u00fclen. Man kann auch ein zweites Becken in die Vibrationspoliermaschine einsetzten w\u00e4hrend man das erste reinigt, oder wenn man mit einer anderen Suspension arbeitet. Die Polierbecken werden \u00fcber kr\u00e4ftige Magneten auf der Tr\u00e4gerplatte festgehalten. Die Vibrotech von Presi erleichtert den Polierbeckenwechsel indem das Becken vom Magneten \u00fcber eine Stempel angehoben wird. Um zu verdeutlichen wie einfach der Wechsel bei der Presi Maschine funktioniert, k\u00f6nnen Sie sich hier ein <span style=\"background-color: #ccffff;\"><a style=\"background-color: #ccffff;\" href=\"https:\/\/youtu.be\/ShPC7_DLbDw\" target=\"_blank\" rel=\"noopener noreferrer\">Video anschauen.<\/a><\/span><\/p>\n","protected":false},"excerpt":{"rendered":"<p>Die Vibrotech 300 ist eine Vibrationspoliermaschine mit \u00d8305mm gro\u00dfem Polierbecken. Durch ihre Konstruktion ist sie robust und arbeitet zuverl\u00e4ssig.<br \/>\nDas Vibrationspolieren ist eine sehr schonende Art, Proben feinst zu polieren (&lt; 1\u03bcm). Durch die sehr geringen Kr\u00e4fte, erfolgt das Polieren praktisch verformungsfrei. Eine typische Anwendungen ist die Pr\u00e4paration f\u00fcr eine anschlie\u00dfende EBSD Analyse (electronbackscatter diffraction) oder f\u00fcr eine AFM Analyse (Rasterkraftmikroskop). Die Vibrationsfrequenz und Amplitude des Vibrotechs 300<br \/>\nkann in Echtzeit ge\u00e4ndert werden. Bei einem Betrieb \u00fcber Nacht k\u00f6nnen kurze Intervalle f\u00fcr eine Probenergebnisskonservierung eingestellt werden. Der Polierbeckenwechsel gestaltet sich dank der elektromechanischen Hilfe sehr einfach.<\/p>\n","protected":false},"featured_media":14891,"template":"","meta":{"_acf_changed":false},"product_brand":[],"product_cat":[1481,1426,1484],"product_tag":[],"class_list":{"0":"post-21124","1":"product","2":"type-product","3":"status-publish","4":"has-post-thumbnail","6":"product_cat-polieren-maschinen","7":"product_cat-schleifen-u-polieren","8":"product_cat-weitere-schleif-und-poliergerate-de","10":"first","11":"instock","12":"purchasable","13":"product-type-simple"},"acf":[],"yoast_head":"<!-- This site is optimized with the Yoast SEO plugin v27.5 - https:\/\/yoast.com\/product\/yoast-seo-wordpress\/ -->\n<title>VIBROTECH 300 - Presi<\/title>\n<meta name=\"robots\" content=\"index, follow, max-snippet:-1, max-image-preview:large, max-video-preview:-1\" \/>\n<link rel=\"canonical\" href=\"https:\/\/www.presi.com\/de\/produkt\/vibrotech-300\/\" \/>\n<meta property=\"og:locale\" content=\"de_DE\" \/>\n<meta property=\"og:type\" content=\"article\" \/>\n<meta property=\"og:title\" content=\"VIBROTECH 300 - Presi\" \/>\n<meta property=\"og:description\" content=\"Die Vibrotech 300 ist eine Vibrationspoliermaschine mit \u00d8305mm gro\u00dfem Polierbecken. Durch ihre Konstruktion ist sie robust und arbeitet zuverl\u00e4ssig. Das Vibrationspolieren ist eine sehr schonende Art, Proben feinst zu polieren (&lt; 1\u03bcm). Durch die sehr geringen Kr\u00e4fte, erfolgt das Polieren praktisch verformungsfrei. Eine typische Anwendungen ist die Pr\u00e4paration f\u00fcr eine anschlie\u00dfende EBSD Analyse (electronbackscatter diffraction) oder f\u00fcr eine AFM Analyse (Rasterkraftmikroskop). Die Vibrationsfrequenz und Amplitude des Vibrotechs 300 kann in Echtzeit ge\u00e4ndert werden. Bei einem Betrieb \u00fcber Nacht k\u00f6nnen kurze Intervalle f\u00fcr eine Probenergebnisskonservierung eingestellt werden. Der Polierbeckenwechsel gestaltet sich dank der elektromechanischen Hilfe sehr einfach.\" \/>\n<meta property=\"og:url\" content=\"https:\/\/www.presi.com\/de\/produkt\/vibrotech-300\/\" \/>\n<meta property=\"og:site_name\" content=\"Presi\" \/>\n<meta property=\"article:modified_time\" content=\"2020-04-06T14:10:09+00:00\" \/>\n<meta property=\"og:image\" content=\"https:\/\/www.presi.com\/wp-content\/uploads\/2019\/03\/vibrotech-300-2.jpg\" \/>\n\t<meta property=\"og:image:width\" content=\"600\" \/>\n\t<meta property=\"og:image:height\" content=\"600\" \/>\n\t<meta property=\"og:image:type\" content=\"image\/jpeg\" \/>\n<meta name=\"twitter:card\" content=\"summary_large_image\" \/>\n<meta name=\"twitter:label1\" content=\"Gesch\u00e4tzte Lesezeit\" \/>\n\t<meta name=\"twitter:data1\" content=\"1\u00a0Minute\" \/>\n<script type=\"application\/ld+json\" class=\"yoast-schema-graph\">{\"@context\":\"https:\\\/\\\/schema.org\",\"@graph\":[{\"@type\":\"WebPage\",\"@id\":\"https:\\\/\\\/www.presi.com\\\/de\\\/produkt\\\/vibrotech-300\\\/\",\"url\":\"https:\\\/\\\/www.presi.com\\\/de\\\/produkt\\\/vibrotech-300\\\/\",\"name\":\"VIBROTECH 300 - Presi\",\"isPartOf\":{\"@id\":\"https:\\\/\\\/www.presi.com\\\/en\\\/#website\"},\"primaryImageOfPage\":{\"@id\":\"https:\\\/\\\/www.presi.com\\\/de\\\/produkt\\\/vibrotech-300\\\/#primaryimage\"},\"image\":{\"@id\":\"https:\\\/\\\/www.presi.com\\\/de\\\/produkt\\\/vibrotech-300\\\/#primaryimage\"},\"thumbnailUrl\":\"https:\\\/\\\/www.presi.com\\\/wp-content\\\/uploads\\\/2019\\\/03\\\/vibrotech-300-2.jpg\",\"datePublished\":\"2019-06-21T13:21:50+00:00\",\"dateModified\":\"2020-04-06T14:10:09+00:00\",\"breadcrumb\":{\"@id\":\"https:\\\/\\\/www.presi.com\\\/de\\\/produkt\\\/vibrotech-300\\\/#breadcrumb\"},\"inLanguage\":\"de\",\"potentialAction\":[{\"@type\":\"ReadAction\",\"target\":[\"https:\\\/\\\/www.presi.com\\\/de\\\/produkt\\\/vibrotech-300\\\/\"]}]},{\"@type\":\"ImageObject\",\"inLanguage\":\"de\",\"@id\":\"https:\\\/\\\/www.presi.com\\\/de\\\/produkt\\\/vibrotech-300\\\/#primaryimage\",\"url\":\"https:\\\/\\\/www.presi.com\\\/wp-content\\\/uploads\\\/2019\\\/03\\\/vibrotech-300-2.jpg\",\"contentUrl\":\"https:\\\/\\\/www.presi.com\\\/wp-content\\\/uploads\\\/2019\\\/03\\\/vibrotech-300-2.jpg\",\"width\":600,\"height\":600},{\"@type\":\"BreadcrumbList\",\"@id\":\"https:\\\/\\\/www.presi.com\\\/de\\\/produkt\\\/vibrotech-300\\\/#breadcrumb\",\"itemListElement\":[{\"@type\":\"ListItem\",\"position\":1,\"name\":\"Accueil\",\"item\":\"https:\\\/\\\/www.presi.com\\\/de\\\/\"},{\"@type\":\"ListItem\",\"position\":2,\"name\":\"Gesch\u00e4ft\",\"item\":\"https:\\\/\\\/www.presi.com\\\/de\\\/geschaeft\\\/\"},{\"@type\":\"ListItem\",\"position\":3,\"name\":\"VIBROTECH 300\"}]},{\"@type\":\"WebSite\",\"@id\":\"https:\\\/\\\/www.presi.com\\\/en\\\/#website\",\"url\":\"https:\\\/\\\/www.presi.com\\\/en\\\/\",\"name\":\"Presi\",\"description\":\"M\u00e9tallographie - Machines pour analyse micrographique\",\"potentialAction\":[{\"@type\":\"SearchAction\",\"target\":{\"@type\":\"EntryPoint\",\"urlTemplate\":\"https:\\\/\\\/www.presi.com\\\/en\\\/?s={search_term_string}\"},\"query-input\":{\"@type\":\"PropertyValueSpecification\",\"valueRequired\":true,\"valueName\":\"search_term_string\"}}],\"inLanguage\":\"de\"}]}<\/script>\n<!-- \/ Yoast SEO plugin. -->","yoast_head_json":{"title":"VIBROTECH 300 - Presi","robots":{"index":"index","follow":"follow","max-snippet":"max-snippet:-1","max-image-preview":"max-image-preview:large","max-video-preview":"max-video-preview:-1"},"canonical":"https:\/\/www.presi.com\/de\/produkt\/vibrotech-300\/","og_locale":"de_DE","og_type":"article","og_title":"VIBROTECH 300 - Presi","og_description":"Die Vibrotech 300 ist eine Vibrationspoliermaschine mit \u00d8305mm gro\u00dfem Polierbecken. Durch ihre Konstruktion ist sie robust und arbeitet zuverl\u00e4ssig. Das Vibrationspolieren ist eine sehr schonende Art, Proben feinst zu polieren (&lt; 1\u03bcm). Durch die sehr geringen Kr\u00e4fte, erfolgt das Polieren praktisch verformungsfrei. Eine typische Anwendungen ist die Pr\u00e4paration f\u00fcr eine anschlie\u00dfende EBSD Analyse (electronbackscatter diffraction) oder f\u00fcr eine AFM Analyse (Rasterkraftmikroskop). Die Vibrationsfrequenz und Amplitude des Vibrotechs 300 kann in Echtzeit ge\u00e4ndert werden. Bei einem Betrieb \u00fcber Nacht k\u00f6nnen kurze Intervalle f\u00fcr eine Probenergebnisskonservierung eingestellt werden. Der Polierbeckenwechsel gestaltet sich dank der elektromechanischen Hilfe sehr einfach.","og_url":"https:\/\/www.presi.com\/de\/produkt\/vibrotech-300\/","og_site_name":"Presi","article_modified_time":"2020-04-06T14:10:09+00:00","og_image":[{"width":600,"height":600,"url":"https:\/\/www.presi.com\/wp-content\/uploads\/2019\/03\/vibrotech-300-2.jpg","type":"image\/jpeg"}],"twitter_card":"summary_large_image","twitter_misc":{"Gesch\u00e4tzte Lesezeit":"1\u00a0Minute"},"schema":{"@context":"https:\/\/schema.org","@graph":[{"@type":"WebPage","@id":"https:\/\/www.presi.com\/de\/produkt\/vibrotech-300\/","url":"https:\/\/www.presi.com\/de\/produkt\/vibrotech-300\/","name":"VIBROTECH 300 - Presi","isPartOf":{"@id":"https:\/\/www.presi.com\/en\/#website"},"primaryImageOfPage":{"@id":"https:\/\/www.presi.com\/de\/produkt\/vibrotech-300\/#primaryimage"},"image":{"@id":"https:\/\/www.presi.com\/de\/produkt\/vibrotech-300\/#primaryimage"},"thumbnailUrl":"https:\/\/www.presi.com\/wp-content\/uploads\/2019\/03\/vibrotech-300-2.jpg","datePublished":"2019-06-21T13:21:50+00:00","dateModified":"2020-04-06T14:10:09+00:00","breadcrumb":{"@id":"https:\/\/www.presi.com\/de\/produkt\/vibrotech-300\/#breadcrumb"},"inLanguage":"de","potentialAction":[{"@type":"ReadAction","target":["https:\/\/www.presi.com\/de\/produkt\/vibrotech-300\/"]}]},{"@type":"ImageObject","inLanguage":"de","@id":"https:\/\/www.presi.com\/de\/produkt\/vibrotech-300\/#primaryimage","url":"https:\/\/www.presi.com\/wp-content\/uploads\/2019\/03\/vibrotech-300-2.jpg","contentUrl":"https:\/\/www.presi.com\/wp-content\/uploads\/2019\/03\/vibrotech-300-2.jpg","width":600,"height":600},{"@type":"BreadcrumbList","@id":"https:\/\/www.presi.com\/de\/produkt\/vibrotech-300\/#breadcrumb","itemListElement":[{"@type":"ListItem","position":1,"name":"Accueil","item":"https:\/\/www.presi.com\/de\/"},{"@type":"ListItem","position":2,"name":"Gesch\u00e4ft","item":"https:\/\/www.presi.com\/de\/geschaeft\/"},{"@type":"ListItem","position":3,"name":"VIBROTECH 300"}]},{"@type":"WebSite","@id":"https:\/\/www.presi.com\/en\/#website","url":"https:\/\/www.presi.com\/en\/","name":"Presi","description":"M\u00e9tallographie - Machines pour analyse micrographique","potentialAction":[{"@type":"SearchAction","target":{"@type":"EntryPoint","urlTemplate":"https:\/\/www.presi.com\/en\/?s={search_term_string}"},"query-input":{"@type":"PropertyValueSpecification","valueRequired":true,"valueName":"search_term_string"}}],"inLanguage":"de"}]}},"_links":{"self":[{"href":"https:\/\/www.presi.com\/de\/wp-json\/wp\/v2\/product\/21124","targetHints":{"allow":["GET"]}}],"collection":[{"href":"https:\/\/www.presi.com\/de\/wp-json\/wp\/v2\/product"}],"about":[{"href":"https:\/\/www.presi.com\/de\/wp-json\/wp\/v2\/types\/product"}],"wp:featuredmedia":[{"embeddable":true,"href":"https:\/\/www.presi.com\/de\/wp-json\/wp\/v2\/media\/14891"}],"wp:attachment":[{"href":"https:\/\/www.presi.com\/de\/wp-json\/wp\/v2\/media?parent=21124"}],"wp:term":[{"taxonomy":"product_brand","embeddable":true,"href":"https:\/\/www.presi.com\/de\/wp-json\/wp\/v2\/product_brand?post=21124"},{"taxonomy":"product_cat","embeddable":true,"href":"https:\/\/www.presi.com\/de\/wp-json\/wp\/v2\/product_cat?post=21124"},{"taxonomy":"product_tag","embeddable":true,"href":"https:\/\/www.presi.com\/de\/wp-json\/wp\/v2\/product_tag?post=21124"}],"curies":[{"name":"wp","href":"https:\/\/api.w.org\/{rel}","templated":true}]}}