{"id":21129,"date":"2019-06-20T16:22:46","date_gmt":"2019-06-21T13:22:25","guid":{"rendered":"http:\/\/presi.com\/produit\/minitech-300-sp1\/"},"modified":"2020-02-18T15:30:48","modified_gmt":"2020-02-18T14:30:48","slug":"minitech-300-sp1","status":"publish","type":"product","link":"https:\/\/www.presi.com\/de\/produkt\/minitech-300-sp1\/","title":{"rendered":"MINITECH 300 SP1"},"content":{"rendered":"<p><iframe id=\"resp_1280px\" src=\"https:\/\/www.youtube.com\/embed\/4e2t-ALwLwM\" width=\"570\" height=\"350\" frameborder=\"0\"><\/iframe><\/p>\n","protected":false},"excerpt":{"rendered":"<p>Die MINITECH 300 SP1 wird mit einer Arbeitsplatte zwischen \u00d8 250 bis 300 mm ausgestattet und bietet eine moderne Arbeitsumgebung. Die raffinierte Carbon-Optik macht aus der Schleif- und Poliermaschine einen Blickfang. Der TouchScreen mit 7&#8243; TFT LCD Farbdisplay und 16\/9 Interface rundet das Gesamtbild einer modernen Maschine ab.<\/p>\n<p>Aber nicht nur die Optik stimmt, auch die inneren Werte \u00fcberzeugen:<\/p>\n<p>-!!1500W!! Antriebsmotor mit Frequenzumrichtertechnik<br \/>\n-Aktuelle Anpressdruckanzeige des Bedieners<br \/>\n-Variable Drehzahleinstellung bis 600 U\/min<br \/>\n-Ohne Werkzeug austauschbare Schleifwanneneinlage<br \/>\n-Trocknungs- bzw. Schleuderfunktion bei 700 U\/min<br \/>\n-Links- und Rechtslauf der Arbeitsspindel<br \/>\n-Schleiftimer- und Schleifzeitanzeige, Digitale Drehzahlanzeige<br \/>\n-Sto\u00dffestes und korrosionsbest\u00e4ndiges Geh\u00e4use im CARBON-LOOK<br \/>\n-TouchScreen mit Symbolsteuerung (16\/9 TFT LCD Farbtouchscreen 7&#8243;)<\/p>\n","protected":false},"featured_media":15418,"template":"","meta":{"_acf_changed":false},"product_brand":[],"product_cat":[1481,1426],"product_tag":[],"class_list":{"0":"post-21129","1":"product","2":"type-product","3":"status-publish","4":"has-post-thumbnail","6":"product_cat-polieren-maschinen","7":"product_cat-schleifen-u-polieren","8":"pa_diametre-du-plateau-o-250-u-300-mm","9":"pa_type-de-poste-einspindelige-maschine","11":"first","12":"instock","13":"purchasable","14":"product-type-simple"},"acf":[],"yoast_head":"<!-- This site is optimized with the Yoast SEO plugin v27.2 - https:\/\/yoast.com\/product\/yoast-seo-wordpress\/ -->\n<title>MINITECH 300 SP1 - Presi<\/title>\n<meta name=\"robots\" content=\"index, follow, max-snippet:-1, max-image-preview:large, max-video-preview:-1\" \/>\n<link rel=\"canonical\" href=\"https:\/\/www.presi.com\/de\/produkt\/minitech-300-sp1\/\" \/>\n<meta property=\"og:locale\" content=\"de_DE\" \/>\n<meta property=\"og:type\" content=\"article\" \/>\n<meta property=\"og:title\" content=\"MINITECH 300 SP1 - Presi\" \/>\n<meta property=\"og:description\" content=\"Die MINITECH 300 SP1 wird mit einer Arbeitsplatte zwischen \u00d8 250 bis 300 mm ausgestattet und bietet eine moderne Arbeitsumgebung. Die raffinierte Carbon-Optik macht aus der Schleif- und Poliermaschine einen Blickfang. Der TouchScreen mit 7&quot; TFT LCD Farbdisplay und 16\/9 Interface rundet das Gesamtbild einer modernen Maschine ab.  Aber nicht nur die Optik stimmt, auch die inneren Werte \u00fcberzeugen:  -!!1500W!! Antriebsmotor mit Frequenzumrichtertechnik -Aktuelle Anpressdruckanzeige des Bedieners -Variable Drehzahleinstellung bis 600 U\/min -Ohne Werkzeug austauschbare Schleifwanneneinlage -Trocknungs- bzw. Schleuderfunktion bei 700 U\/min -Links- und Rechtslauf der Arbeitsspindel -Schleiftimer- und Schleifzeitanzeige, Digitale Drehzahlanzeige -Sto\u00dffestes und korrosionsbest\u00e4ndiges Geh\u00e4use im CARBON-LOOK -TouchScreen mit Symbolsteuerung (16\/9 TFT LCD Farbtouchscreen 7&quot;)\" \/>\n<meta property=\"og:url\" content=\"https:\/\/www.presi.com\/de\/produkt\/minitech-300-sp1\/\" \/>\n<meta property=\"og:site_name\" content=\"Presi\" \/>\n<meta property=\"article:modified_time\" content=\"2020-02-18T14:30:48+00:00\" \/>\n<meta property=\"og:image\" content=\"https:\/\/www.presi.com\/wp-content\/uploads\/2019\/04\/minitech-300-sp1.png\" \/>\n\t<meta property=\"og:image:width\" content=\"600\" \/>\n\t<meta property=\"og:image:height\" content=\"600\" \/>\n\t<meta property=\"og:image:type\" content=\"image\/png\" \/>\n<meta name=\"twitter:card\" content=\"summary_large_image\" \/>\n<script type=\"application\/ld+json\" class=\"yoast-schema-graph\">{\"@context\":\"https:\/\/schema.org\",\"@graph\":[{\"@type\":\"WebPage\",\"@id\":\"https:\/\/www.presi.com\/de\/produkt\/minitech-300-sp1\/\",\"url\":\"https:\/\/www.presi.com\/de\/produkt\/minitech-300-sp1\/\",\"name\":\"MINITECH 300 SP1 - Presi\",\"isPartOf\":{\"@id\":\"https:\/\/www.presi.com\/en\/#website\"},\"primaryImageOfPage\":{\"@id\":\"https:\/\/www.presi.com\/de\/produkt\/minitech-300-sp1\/#primaryimage\"},\"image\":{\"@id\":\"https:\/\/www.presi.com\/de\/produkt\/minitech-300-sp1\/#primaryimage\"},\"thumbnailUrl\":\"https:\/\/www.presi.com\/wp-content\/uploads\/2019\/04\/minitech-300-sp1.png\",\"datePublished\":\"2019-06-21T13:22:25+00:00\",\"dateModified\":\"2020-02-18T14:30:48+00:00\",\"breadcrumb\":{\"@id\":\"https:\/\/www.presi.com\/de\/produkt\/minitech-300-sp1\/#breadcrumb\"},\"inLanguage\":\"de\",\"potentialAction\":[{\"@type\":\"ReadAction\",\"target\":[\"https:\/\/www.presi.com\/de\/produkt\/minitech-300-sp1\/\"]}]},{\"@type\":\"ImageObject\",\"inLanguage\":\"de\",\"@id\":\"https:\/\/www.presi.com\/de\/produkt\/minitech-300-sp1\/#primaryimage\",\"url\":\"https:\/\/www.presi.com\/wp-content\/uploads\/2019\/04\/minitech-300-sp1.png\",\"contentUrl\":\"https:\/\/www.presi.com\/wp-content\/uploads\/2019\/04\/minitech-300-sp1.png\",\"width\":600,\"height\":600},{\"@type\":\"BreadcrumbList\",\"@id\":\"https:\/\/www.presi.com\/de\/produkt\/minitech-300-sp1\/#breadcrumb\",\"itemListElement\":[{\"@type\":\"ListItem\",\"position\":1,\"name\":\"Accueil\",\"item\":\"https:\/\/www.presi.com\/de\/\"},{\"@type\":\"ListItem\",\"position\":2,\"name\":\"Gesch\u00e4ft\",\"item\":\"https:\/\/www.presi.com\/de\/geschaeft\/\"},{\"@type\":\"ListItem\",\"position\":3,\"name\":\"MINITECH 300 SP1\"}]},{\"@type\":\"WebSite\",\"@id\":\"https:\/\/www.presi.com\/en\/#website\",\"url\":\"https:\/\/www.presi.com\/en\/\",\"name\":\"Presi\",\"description\":\"M\u00e9tallographie - Machines pour analyse micrographique\",\"potentialAction\":[{\"@type\":\"SearchAction\",\"target\":{\"@type\":\"EntryPoint\",\"urlTemplate\":\"https:\/\/www.presi.com\/en\/?s={search_term_string}\"},\"query-input\":{\"@type\":\"PropertyValueSpecification\",\"valueRequired\":true,\"valueName\":\"search_term_string\"}}],\"inLanguage\":\"de\"}]}<\/script>\n<!-- \/ Yoast SEO plugin. -->","yoast_head_json":{"title":"MINITECH 300 SP1 - Presi","robots":{"index":"index","follow":"follow","max-snippet":"max-snippet:-1","max-image-preview":"max-image-preview:large","max-video-preview":"max-video-preview:-1"},"canonical":"https:\/\/www.presi.com\/de\/produkt\/minitech-300-sp1\/","og_locale":"de_DE","og_type":"article","og_title":"MINITECH 300 SP1 - Presi","og_description":"Die MINITECH 300 SP1 wird mit einer Arbeitsplatte zwischen \u00d8 250 bis 300 mm ausgestattet und bietet eine moderne Arbeitsumgebung. Die raffinierte Carbon-Optik macht aus der Schleif- und Poliermaschine einen Blickfang. Der TouchScreen mit 7\" TFT LCD Farbdisplay und 16\/9 Interface rundet das Gesamtbild einer modernen Maschine ab.  Aber nicht nur die Optik stimmt, auch die inneren Werte \u00fcberzeugen:  -!!1500W!! Antriebsmotor mit Frequenzumrichtertechnik -Aktuelle Anpressdruckanzeige des Bedieners -Variable Drehzahleinstellung bis 600 U\/min -Ohne Werkzeug austauschbare Schleifwanneneinlage -Trocknungs- bzw. Schleuderfunktion bei 700 U\/min -Links- und Rechtslauf der Arbeitsspindel -Schleiftimer- und Schleifzeitanzeige, Digitale Drehzahlanzeige -Sto\u00dffestes und korrosionsbest\u00e4ndiges Geh\u00e4use im CARBON-LOOK -TouchScreen mit Symbolsteuerung (16\/9 TFT LCD Farbtouchscreen 7\")","og_url":"https:\/\/www.presi.com\/de\/produkt\/minitech-300-sp1\/","og_site_name":"Presi","article_modified_time":"2020-02-18T14:30:48+00:00","og_image":[{"width":600,"height":600,"url":"https:\/\/www.presi.com\/wp-content\/uploads\/2019\/04\/minitech-300-sp1.png","type":"image\/png"}],"twitter_card":"summary_large_image","schema":{"@context":"https:\/\/schema.org","@graph":[{"@type":"WebPage","@id":"https:\/\/www.presi.com\/de\/produkt\/minitech-300-sp1\/","url":"https:\/\/www.presi.com\/de\/produkt\/minitech-300-sp1\/","name":"MINITECH 300 SP1 - Presi","isPartOf":{"@id":"https:\/\/www.presi.com\/en\/#website"},"primaryImageOfPage":{"@id":"https:\/\/www.presi.com\/de\/produkt\/minitech-300-sp1\/#primaryimage"},"image":{"@id":"https:\/\/www.presi.com\/de\/produkt\/minitech-300-sp1\/#primaryimage"},"thumbnailUrl":"https:\/\/www.presi.com\/wp-content\/uploads\/2019\/04\/minitech-300-sp1.png","datePublished":"2019-06-21T13:22:25+00:00","dateModified":"2020-02-18T14:30:48+00:00","breadcrumb":{"@id":"https:\/\/www.presi.com\/de\/produkt\/minitech-300-sp1\/#breadcrumb"},"inLanguage":"de","potentialAction":[{"@type":"ReadAction","target":["https:\/\/www.presi.com\/de\/produkt\/minitech-300-sp1\/"]}]},{"@type":"ImageObject","inLanguage":"de","@id":"https:\/\/www.presi.com\/de\/produkt\/minitech-300-sp1\/#primaryimage","url":"https:\/\/www.presi.com\/wp-content\/uploads\/2019\/04\/minitech-300-sp1.png","contentUrl":"https:\/\/www.presi.com\/wp-content\/uploads\/2019\/04\/minitech-300-sp1.png","width":600,"height":600},{"@type":"BreadcrumbList","@id":"https:\/\/www.presi.com\/de\/produkt\/minitech-300-sp1\/#breadcrumb","itemListElement":[{"@type":"ListItem","position":1,"name":"Accueil","item":"https:\/\/www.presi.com\/de\/"},{"@type":"ListItem","position":2,"name":"Gesch\u00e4ft","item":"https:\/\/www.presi.com\/de\/geschaeft\/"},{"@type":"ListItem","position":3,"name":"MINITECH 300 SP1"}]},{"@type":"WebSite","@id":"https:\/\/www.presi.com\/en\/#website","url":"https:\/\/www.presi.com\/en\/","name":"Presi","description":"M\u00e9tallographie - Machines pour analyse micrographique","potentialAction":[{"@type":"SearchAction","target":{"@type":"EntryPoint","urlTemplate":"https:\/\/www.presi.com\/en\/?s={search_term_string}"},"query-input":{"@type":"PropertyValueSpecification","valueRequired":true,"valueName":"search_term_string"}}],"inLanguage":"de"}]}},"_links":{"self":[{"href":"https:\/\/www.presi.com\/de\/wp-json\/wp\/v2\/product\/21129","targetHints":{"allow":["GET"]}}],"collection":[{"href":"https:\/\/www.presi.com\/de\/wp-json\/wp\/v2\/product"}],"about":[{"href":"https:\/\/www.presi.com\/de\/wp-json\/wp\/v2\/types\/product"}],"wp:featuredmedia":[{"embeddable":true,"href":"https:\/\/www.presi.com\/de\/wp-json\/wp\/v2\/media\/15418"}],"wp:attachment":[{"href":"https:\/\/www.presi.com\/de\/wp-json\/wp\/v2\/media?parent=21129"}],"wp:term":[{"taxonomy":"product_brand","embeddable":true,"href":"https:\/\/www.presi.com\/de\/wp-json\/wp\/v2\/product_brand?post=21129"},{"taxonomy":"product_cat","embeddable":true,"href":"https:\/\/www.presi.com\/de\/wp-json\/wp\/v2\/product_cat?post=21129"},{"taxonomy":"product_tag","embeddable":true,"href":"https:\/\/www.presi.com\/de\/wp-json\/wp\/v2\/product_tag?post=21129"}],"curies":[{"name":"wp","href":"https:\/\/api.w.org\/{rel}","templated":true}]}}