{"id":21132,"date":"2019-06-20T16:23:08","date_gmt":"2019-06-21T13:22:45","guid":{"rendered":"http:\/\/presi.com\/produit\/mecatech-334-spc\/"},"modified":"2020-03-08T15:00:15","modified_gmt":"2020-03-08T14:00:15","slug":"mecatech-334-spc","status":"publish","type":"product","link":"https:\/\/www.presi.com\/de\/produkt\/mecatech-334-spc\/","title":{"rendered":"MECATECH 334 SPC"},"content":{"rendered":"<p>Diese Maschine ist ein zuverl\u00e4ssiges Arbeitstier, mit individuellem und zentralen Anpressdruck und erf\u00fcllt die meisten Anforderungen in der Metallographie.<\/p>\n<p>Im Vergleich zu unseren Topmodellen\u00a0 &#8220;Mecatech 300 SPC&#8221; und &#8220;Mecatech 300 SPS&#8221;, ist die Mecatech 334 SPC mit weniger technischen Features ausgestattet.<\/p>\n<p>Wer nicht die st\u00e4rksten am Markt befindlichen Maschinen und auch nicht soviel Features ben\u00f6tigt, wird mit dieser Maschine gl\u00fccklich werden.<\/p>\n<p>Ein Produktvideo ist noch vorhanden.<\/p>\n<p>Wir haben diese Maschine f\u00fcr die deutsche Presi Niederlassung bestellt, um sie bei uns im Labor in Hagen vorf\u00fchren zu k\u00f6nnen.<\/p>\n<p>Bei Lieferung und Aufbau haben wir die Gelegenheit genutzt, ein Video von der Anlieferung zu machen und auch gleich ein Video von den Anschl\u00fcssen um die Maschine mit Luft, Strom und Wasser zu versorgen:<\/p>\n<p>Anlieferung Mecatech 334 SPC<\/p>\n<p><iframe title=\"Typische Anlieferung der Schleifmaschine Mecatech 334 SPC\" width=\"500\" height=\"281\" src=\"https:\/\/www.youtube.com\/embed\/bhRaz-2RbdA?feature=oembed\" frameborder=\"0\" allow=\"accelerometer; autoplay; clipboard-write; encrypted-media; gyroscope; picture-in-picture; web-share\" referrerpolicy=\"strict-origin-when-cross-origin\" allowfullscreen><\/iframe><\/p>\n<p>&nbsp;<\/p>\n<p>Anschl\u00fcsse Mecatech 334 SPC<\/p>\n<p><iframe title=\"Anschl\u00fcsse der Schleifmaschine Mecatech 334 SPC\" width=\"500\" height=\"281\" src=\"https:\/\/www.youtube.com\/embed\/sONOC_5pd54?feature=oembed\" frameborder=\"0\" allow=\"accelerometer; autoplay; clipboard-write; encrypted-media; gyroscope; picture-in-picture; web-share\" referrerpolicy=\"strict-origin-when-cross-origin\" allowfullscreen><\/iframe><\/p>\n","protected":false},"excerpt":{"rendered":"<p>Die MECATECH 334 SPC Schleif- und Poliermaschine ist mit einer Arbeitsscheibe von \u00d8 250 bis 300 mm ausgestattet. Sie ist eine leistungsstarke und zuverl\u00e4ssige Schleif- und Poliermaschine, die Bedienung und Wartung ist einfach. Sie liefert beste Schleif- und Polierergebnisse, bei unterschiedlichsten Probenarbeiten und deckt die meisten Anwendungsf\u00e4lle ab.<br \/>\nIn dieser Maschine wurden nicht alle Features der Presi Topmodelle verbaut, allerdings scheut diese preiswerte Maschine keinen Vergleich mit sonstigen am Markt erh\u00e4ltlichen Maschinen.<\/p>\n","protected":false},"featured_media":15450,"template":"","meta":{"_acf_changed":false},"product_brand":[],"product_cat":[1481,1426],"product_tag":[],"class_list":{"0":"post-21132","1":"product","2":"type-product","3":"status-publish","4":"has-post-thumbnail","6":"product_cat-polieren-maschinen","7":"product_cat-schleifen-u-polieren","8":"pa_diametre-du-plateau-o-250-u-300-mm","9":"pa_type-de-poste-einspindelige-maschine","11":"first","12":"instock","13":"purchasable","14":"product-type-simple"},"acf":[],"yoast_head":"<!-- This site is optimized with the Yoast SEO plugin v27.2 - https:\/\/yoast.com\/product\/yoast-seo-wordpress\/ -->\n<title>MECATECH 334 SPC - Presi<\/title>\n<meta name=\"robots\" content=\"index, follow, max-snippet:-1, max-image-preview:large, max-video-preview:-1\" \/>\n<link rel=\"canonical\" href=\"https:\/\/www.presi.com\/de\/produkt\/mecatech-334-spc\/\" \/>\n<meta property=\"og:locale\" content=\"de_DE\" \/>\n<meta property=\"og:type\" content=\"article\" \/>\n<meta property=\"og:title\" content=\"MECATECH 334 SPC - Presi\" \/>\n<meta property=\"og:description\" content=\"Die MECATECH 334 SPC Schleif- und Poliermaschine ist mit einer Arbeitsscheibe von \u00d8 250 bis 300 mm ausgestattet. Sie ist eine leistungsstarke und zuverl\u00e4ssige Schleif- und Poliermaschine, die Bedienung und Wartung ist einfach. Sie liefert beste Schleif- und Polierergebnisse, bei unterschiedlichsten Probenarbeiten und deckt die meisten Anwendungsf\u00e4lle ab. In dieser Maschine wurden nicht alle Features der Presi Topmodelle verbaut, allerdings scheut diese preiswerte Maschine keinen Vergleich mit sonstigen am Markt erh\u00e4ltlichen Maschinen.\" \/>\n<meta property=\"og:url\" content=\"https:\/\/www.presi.com\/de\/produkt\/mecatech-334-spc\/\" \/>\n<meta property=\"og:site_name\" content=\"Presi\" \/>\n<meta property=\"article:modified_time\" content=\"2020-03-08T14:00:15+00:00\" \/>\n<meta property=\"og:image\" content=\"https:\/\/www.presi.com\/wp-content\/uploads\/2019\/04\/mecatech-334-spc.jpg\" \/>\n\t<meta property=\"og:image:width\" content=\"330\" \/>\n\t<meta property=\"og:image:height\" content=\"330\" \/>\n\t<meta property=\"og:image:type\" content=\"image\/jpeg\" \/>\n<meta name=\"twitter:card\" content=\"summary_large_image\" \/>\n<meta name=\"twitter:label1\" content=\"Gesch\u00e4tzte Lesezeit\" \/>\n\t<meta name=\"twitter:data1\" content=\"1\u00a0Minute\" \/>\n<script type=\"application\/ld+json\" class=\"yoast-schema-graph\">{\"@context\":\"https:\/\/schema.org\",\"@graph\":[{\"@type\":\"WebPage\",\"@id\":\"https:\/\/www.presi.com\/de\/produkt\/mecatech-334-spc\/\",\"url\":\"https:\/\/www.presi.com\/de\/produkt\/mecatech-334-spc\/\",\"name\":\"MECATECH 334 SPC - Presi\",\"isPartOf\":{\"@id\":\"https:\/\/www.presi.com\/en\/#website\"},\"primaryImageOfPage\":{\"@id\":\"https:\/\/www.presi.com\/de\/produkt\/mecatech-334-spc\/#primaryimage\"},\"image\":{\"@id\":\"https:\/\/www.presi.com\/de\/produkt\/mecatech-334-spc\/#primaryimage\"},\"thumbnailUrl\":\"https:\/\/www.presi.com\/wp-content\/uploads\/2019\/04\/mecatech-334-spc.jpg\",\"datePublished\":\"2019-06-21T13:22:45+00:00\",\"dateModified\":\"2020-03-08T14:00:15+00:00\",\"breadcrumb\":{\"@id\":\"https:\/\/www.presi.com\/de\/produkt\/mecatech-334-spc\/#breadcrumb\"},\"inLanguage\":\"de\",\"potentialAction\":[{\"@type\":\"ReadAction\",\"target\":[\"https:\/\/www.presi.com\/de\/produkt\/mecatech-334-spc\/\"]}]},{\"@type\":\"ImageObject\",\"inLanguage\":\"de\",\"@id\":\"https:\/\/www.presi.com\/de\/produkt\/mecatech-334-spc\/#primaryimage\",\"url\":\"https:\/\/www.presi.com\/wp-content\/uploads\/2019\/04\/mecatech-334-spc.jpg\",\"contentUrl\":\"https:\/\/www.presi.com\/wp-content\/uploads\/2019\/04\/mecatech-334-spc.jpg\",\"width\":330,\"height\":330},{\"@type\":\"BreadcrumbList\",\"@id\":\"https:\/\/www.presi.com\/de\/produkt\/mecatech-334-spc\/#breadcrumb\",\"itemListElement\":[{\"@type\":\"ListItem\",\"position\":1,\"name\":\"Accueil\",\"item\":\"https:\/\/www.presi.com\/de\/\"},{\"@type\":\"ListItem\",\"position\":2,\"name\":\"Gesch\u00e4ft\",\"item\":\"https:\/\/www.presi.com\/de\/geschaeft\/\"},{\"@type\":\"ListItem\",\"position\":3,\"name\":\"MECATECH 334 SPC\"}]},{\"@type\":\"WebSite\",\"@id\":\"https:\/\/www.presi.com\/en\/#website\",\"url\":\"https:\/\/www.presi.com\/en\/\",\"name\":\"Presi\",\"description\":\"M\u00e9tallographie - Machines pour analyse micrographique\",\"potentialAction\":[{\"@type\":\"SearchAction\",\"target\":{\"@type\":\"EntryPoint\",\"urlTemplate\":\"https:\/\/www.presi.com\/en\/?s={search_term_string}\"},\"query-input\":{\"@type\":\"PropertyValueSpecification\",\"valueRequired\":true,\"valueName\":\"search_term_string\"}}],\"inLanguage\":\"de\"}]}<\/script>\n<!-- \/ Yoast SEO plugin. -->","yoast_head_json":{"title":"MECATECH 334 SPC - Presi","robots":{"index":"index","follow":"follow","max-snippet":"max-snippet:-1","max-image-preview":"max-image-preview:large","max-video-preview":"max-video-preview:-1"},"canonical":"https:\/\/www.presi.com\/de\/produkt\/mecatech-334-spc\/","og_locale":"de_DE","og_type":"article","og_title":"MECATECH 334 SPC - Presi","og_description":"Die MECATECH 334 SPC Schleif- und Poliermaschine ist mit einer Arbeitsscheibe von \u00d8 250 bis 300 mm ausgestattet. Sie ist eine leistungsstarke und zuverl\u00e4ssige Schleif- und Poliermaschine, die Bedienung und Wartung ist einfach. Sie liefert beste Schleif- und Polierergebnisse, bei unterschiedlichsten Probenarbeiten und deckt die meisten Anwendungsf\u00e4lle ab. In dieser Maschine wurden nicht alle Features der Presi Topmodelle verbaut, allerdings scheut diese preiswerte Maschine keinen Vergleich mit sonstigen am Markt erh\u00e4ltlichen Maschinen.","og_url":"https:\/\/www.presi.com\/de\/produkt\/mecatech-334-spc\/","og_site_name":"Presi","article_modified_time":"2020-03-08T14:00:15+00:00","og_image":[{"width":330,"height":330,"url":"https:\/\/www.presi.com\/wp-content\/uploads\/2019\/04\/mecatech-334-spc.jpg","type":"image\/jpeg"}],"twitter_card":"summary_large_image","twitter_misc":{"Gesch\u00e4tzte Lesezeit":"1\u00a0Minute"},"schema":{"@context":"https:\/\/schema.org","@graph":[{"@type":"WebPage","@id":"https:\/\/www.presi.com\/de\/produkt\/mecatech-334-spc\/","url":"https:\/\/www.presi.com\/de\/produkt\/mecatech-334-spc\/","name":"MECATECH 334 SPC - Presi","isPartOf":{"@id":"https:\/\/www.presi.com\/en\/#website"},"primaryImageOfPage":{"@id":"https:\/\/www.presi.com\/de\/produkt\/mecatech-334-spc\/#primaryimage"},"image":{"@id":"https:\/\/www.presi.com\/de\/produkt\/mecatech-334-spc\/#primaryimage"},"thumbnailUrl":"https:\/\/www.presi.com\/wp-content\/uploads\/2019\/04\/mecatech-334-spc.jpg","datePublished":"2019-06-21T13:22:45+00:00","dateModified":"2020-03-08T14:00:15+00:00","breadcrumb":{"@id":"https:\/\/www.presi.com\/de\/produkt\/mecatech-334-spc\/#breadcrumb"},"inLanguage":"de","potentialAction":[{"@type":"ReadAction","target":["https:\/\/www.presi.com\/de\/produkt\/mecatech-334-spc\/"]}]},{"@type":"ImageObject","inLanguage":"de","@id":"https:\/\/www.presi.com\/de\/produkt\/mecatech-334-spc\/#primaryimage","url":"https:\/\/www.presi.com\/wp-content\/uploads\/2019\/04\/mecatech-334-spc.jpg","contentUrl":"https:\/\/www.presi.com\/wp-content\/uploads\/2019\/04\/mecatech-334-spc.jpg","width":330,"height":330},{"@type":"BreadcrumbList","@id":"https:\/\/www.presi.com\/de\/produkt\/mecatech-334-spc\/#breadcrumb","itemListElement":[{"@type":"ListItem","position":1,"name":"Accueil","item":"https:\/\/www.presi.com\/de\/"},{"@type":"ListItem","position":2,"name":"Gesch\u00e4ft","item":"https:\/\/www.presi.com\/de\/geschaeft\/"},{"@type":"ListItem","position":3,"name":"MECATECH 334 SPC"}]},{"@type":"WebSite","@id":"https:\/\/www.presi.com\/en\/#website","url":"https:\/\/www.presi.com\/en\/","name":"Presi","description":"M\u00e9tallographie - Machines pour analyse micrographique","potentialAction":[{"@type":"SearchAction","target":{"@type":"EntryPoint","urlTemplate":"https:\/\/www.presi.com\/en\/?s={search_term_string}"},"query-input":{"@type":"PropertyValueSpecification","valueRequired":true,"valueName":"search_term_string"}}],"inLanguage":"de"}]}},"_links":{"self":[{"href":"https:\/\/www.presi.com\/de\/wp-json\/wp\/v2\/product\/21132","targetHints":{"allow":["GET"]}}],"collection":[{"href":"https:\/\/www.presi.com\/de\/wp-json\/wp\/v2\/product"}],"about":[{"href":"https:\/\/www.presi.com\/de\/wp-json\/wp\/v2\/types\/product"}],"wp:featuredmedia":[{"embeddable":true,"href":"https:\/\/www.presi.com\/de\/wp-json\/wp\/v2\/media\/15450"}],"wp:attachment":[{"href":"https:\/\/www.presi.com\/de\/wp-json\/wp\/v2\/media?parent=21132"}],"wp:term":[{"taxonomy":"product_brand","embeddable":true,"href":"https:\/\/www.presi.com\/de\/wp-json\/wp\/v2\/product_brand?post=21132"},{"taxonomy":"product_cat","embeddable":true,"href":"https:\/\/www.presi.com\/de\/wp-json\/wp\/v2\/product_cat?post=21132"},{"taxonomy":"product_tag","embeddable":true,"href":"https:\/\/www.presi.com\/de\/wp-json\/wp\/v2\/product_tag?post=21132"}],"curies":[{"name":"wp","href":"https:\/\/api.w.org\/{rel}","templated":true}]}}