{"id":21133,"date":"2019-06-20T16:23:31","date_gmt":"2019-06-21T13:22:45","guid":{"rendered":"http:\/\/presi.com\/produit\/mecatech-250-spi\/"},"modified":"2022-11-18T14:47:54","modified_gmt":"2022-11-18T13:47:54","slug":"mecatech-250-spi","status":"publish","type":"product","link":"https:\/\/www.presi.com\/de\/produkt\/mecatech-250-spi\/","title":{"rendered":"MECATECH 250 SPI"},"content":{"rendered":"<p><iframe id=\"resp_1280px\" src=\"https:\/\/www.youtube.com\/embed\/TKn3DJTPcsU\" width=\"570\" height=\"350\" frameborder=\"0\"><\/iframe><\/p>\n","protected":false},"excerpt":{"rendered":"<p>Die Mecatech 250 SPI ist mit individueller Anpresskraft (4 Stempel) ausger\u00fcstet und richtet sich an Anwender, die ein geringes Schliffaufkommen haben.<br \/>\nNat\u00fcrlich ist die Kopf- und Arbeitsscheibendrehzahl variabel einstellbar, auch der Rechts-Linkslauf von Kopf und Arbeitscheibe ist frei w\u00e4hlbar. F\u00fcr eine Auflistung von technischen Daten und Selbstverst\u00e4ndlichkeiten verweisen wir auf unser Prospekt.<\/p>\n<p>Nachfolgend finden Sie nur ein paar Besonderheiten:<\/p>\n<p>-Mit einer Nennleistung S1 von 750W hat sie mehr als genug Kraft und ein langes Motorleben ist gew\u00e4hrleistet.<br \/>\n-F\u00fcr eine schonende Schliffpr\u00e4paration k\u00f6nnen Sie die Anpresskraft am Pr\u00e4parationsbeginn und- ende reduzieren.<br \/>\n-Sie k\u00f6nnen sowohl eine manuelle, als auch eine automatische Schliffpr\u00e4parationen durchf\u00fchren. F\u00fcr die manuelle Pr\u00e4paration ist der Schleifkopf komplett zur Seite schwenkbar und gibt die volle Arbeitsscheibe frei.<br \/>\n-Der 7&#8243; TFT Touchscreen (LCD Farbbildschirm 16:9) erm\u00f6glicht die einfache Bedienung und Programmierung.<br \/>\n-F\u00fcr eine leichte Reinigung wird eine herausnehmbare Schleifwanneneinlage mitgeliefert. (Ohne Werkzeug herausnehmbar)<br \/>\n-Die Multid\u00fcsen-Wasserberieselung spart Wasser beim Schleifen, sorgt f\u00fcr schnelle und gleichm\u00e4\u00dfige Schleifmediumbenetzung und vermindert Aquaplaning.<br \/>\n-Die praktische und seit Jahren etablierte Schleuder- und Trocknungsfunktion nach Schleifende wurde nat\u00fcrlich aus dem Vorg\u00e4ngermodel \u00fcbernommen.<\/p>\n","protected":false},"featured_media":36402,"template":"","meta":{"_acf_changed":false},"product_brand":[],"product_cat":[1481,1426],"product_tag":[],"class_list":{"0":"post-21133","1":"product","2":"type-product","3":"status-publish","4":"has-post-thumbnail","6":"product_cat-polieren-maschinen","7":"product_cat-schleifen-u-polieren","8":"pa_diametre-du-plateau-o-200-u-250-mm","9":"pa_type-de-poste-einspindelige-maschine","11":"first","12":"instock","13":"purchasable","14":"product-type-simple"},"acf":[],"yoast_head":"<!-- This site is optimized with the Yoast SEO plugin v27.2 - https:\/\/yoast.com\/product\/yoast-seo-wordpress\/ -->\n<title>MECATECH 250 SPI - Presi<\/title>\n<meta name=\"robots\" content=\"index, follow, max-snippet:-1, max-image-preview:large, max-video-preview:-1\" \/>\n<link rel=\"canonical\" href=\"https:\/\/www.presi.com\/de\/produkt\/mecatech-250-spi\/\" \/>\n<meta property=\"og:locale\" content=\"de_DE\" \/>\n<meta property=\"og:type\" content=\"article\" \/>\n<meta property=\"og:title\" content=\"MECATECH 250 SPI - Presi\" \/>\n<meta property=\"og:description\" content=\"Die Mecatech 250 SPI ist mit individueller Anpresskraft (4 Stempel) ausger\u00fcstet und richtet sich an Anwender, die ein geringes Schliffaufkommen haben. Nat\u00fcrlich ist die Kopf- und Arbeitsscheibendrehzahl variabel einstellbar, auch der Rechts-Linkslauf von Kopf und Arbeitscheibe ist frei w\u00e4hlbar. F\u00fcr eine Auflistung von technischen Daten und Selbstverst\u00e4ndlichkeiten verweisen wir auf unser Prospekt.  Nachfolgend finden Sie nur ein paar Besonderheiten:  -Mit einer Nennleistung S1 von 750W hat sie mehr als genug Kraft und ein langes Motorleben ist gew\u00e4hrleistet. -F\u00fcr eine schonende Schliffpr\u00e4paration k\u00f6nnen Sie die Anpresskraft am Pr\u00e4parationsbeginn und- ende reduzieren. -Sie k\u00f6nnen sowohl eine manuelle, als auch eine automatische Schliffpr\u00e4parationen durchf\u00fchren. F\u00fcr die manuelle Pr\u00e4paration ist der Schleifkopf komplett zur Seite schwenkbar und gibt die volle Arbeitsscheibe frei. -Der 7&quot; TFT Touchscreen (LCD Farbbildschirm 16:9) erm\u00f6glicht die einfache Bedienung und Programmierung. -F\u00fcr eine leichte Reinigung wird eine herausnehmbare Schleifwanneneinlage mitgeliefert. (Ohne Werkzeug herausnehmbar) -Die Multid\u00fcsen-Wasserberieselung spart Wasser beim Schleifen, sorgt f\u00fcr schnelle und gleichm\u00e4\u00dfige Schleifmediumbenetzung und vermindert Aquaplaning. -Die praktische und seit Jahren etablierte Schleuder- und Trocknungsfunktion nach Schleifende wurde nat\u00fcrlich aus dem Vorg\u00e4ngermodel \u00fcbernommen.\" \/>\n<meta property=\"og:url\" content=\"https:\/\/www.presi.com\/de\/produkt\/mecatech-250-spi\/\" \/>\n<meta property=\"og:site_name\" content=\"Presi\" \/>\n<meta property=\"article:modified_time\" content=\"2022-11-18T13:47:54+00:00\" \/>\n<meta property=\"og:image\" content=\"https:\/\/www.presi.com\/wp-content\/uploads\/2019\/04\/mecatech-250-spi.png\" \/>\n\t<meta property=\"og:image:width\" content=\"330\" \/>\n\t<meta property=\"og:image:height\" content=\"330\" \/>\n\t<meta property=\"og:image:type\" content=\"image\/png\" \/>\n<meta name=\"twitter:card\" content=\"summary_large_image\" \/>\n<script type=\"application\/ld+json\" class=\"yoast-schema-graph\">{\"@context\":\"https:\/\/schema.org\",\"@graph\":[{\"@type\":\"WebPage\",\"@id\":\"https:\/\/www.presi.com\/de\/produkt\/mecatech-250-spi\/\",\"url\":\"https:\/\/www.presi.com\/de\/produkt\/mecatech-250-spi\/\",\"name\":\"MECATECH 250 SPI - Presi\",\"isPartOf\":{\"@id\":\"https:\/\/www.presi.com\/en\/#website\"},\"primaryImageOfPage\":{\"@id\":\"https:\/\/www.presi.com\/de\/produkt\/mecatech-250-spi\/#primaryimage\"},\"image\":{\"@id\":\"https:\/\/www.presi.com\/de\/produkt\/mecatech-250-spi\/#primaryimage\"},\"thumbnailUrl\":\"https:\/\/www.presi.com\/wp-content\/uploads\/2019\/06\/mecatech-250-spi-machine.webp\",\"datePublished\":\"2019-06-21T13:22:45+00:00\",\"dateModified\":\"2022-11-18T13:47:54+00:00\",\"breadcrumb\":{\"@id\":\"https:\/\/www.presi.com\/de\/produkt\/mecatech-250-spi\/#breadcrumb\"},\"inLanguage\":\"de\",\"potentialAction\":[{\"@type\":\"ReadAction\",\"target\":[\"https:\/\/www.presi.com\/de\/produkt\/mecatech-250-spi\/\"]}]},{\"@type\":\"ImageObject\",\"inLanguage\":\"de\",\"@id\":\"https:\/\/www.presi.com\/de\/produkt\/mecatech-250-spi\/#primaryimage\",\"url\":\"https:\/\/www.presi.com\/wp-content\/uploads\/2019\/06\/mecatech-250-spi-machine.webp\",\"contentUrl\":\"https:\/\/www.presi.com\/wp-content\/uploads\/2019\/06\/mecatech-250-spi-machine.webp\",\"width\":600,\"height\":600},{\"@type\":\"BreadcrumbList\",\"@id\":\"https:\/\/www.presi.com\/de\/produkt\/mecatech-250-spi\/#breadcrumb\",\"itemListElement\":[{\"@type\":\"ListItem\",\"position\":1,\"name\":\"Accueil\",\"item\":\"https:\/\/www.presi.com\/de\/\"},{\"@type\":\"ListItem\",\"position\":2,\"name\":\"Gesch\u00e4ft\",\"item\":\"https:\/\/www.presi.com\/de\/geschaeft\/\"},{\"@type\":\"ListItem\",\"position\":3,\"name\":\"MECATECH 250 SPI\"}]},{\"@type\":\"WebSite\",\"@id\":\"https:\/\/www.presi.com\/en\/#website\",\"url\":\"https:\/\/www.presi.com\/en\/\",\"name\":\"Presi\",\"description\":\"M\u00e9tallographie - Machines pour analyse micrographique\",\"potentialAction\":[{\"@type\":\"SearchAction\",\"target\":{\"@type\":\"EntryPoint\",\"urlTemplate\":\"https:\/\/www.presi.com\/en\/?s={search_term_string}\"},\"query-input\":{\"@type\":\"PropertyValueSpecification\",\"valueRequired\":true,\"valueName\":\"search_term_string\"}}],\"inLanguage\":\"de\"}]}<\/script>\n<!-- \/ Yoast SEO plugin. -->","yoast_head_json":{"title":"MECATECH 250 SPI - Presi","robots":{"index":"index","follow":"follow","max-snippet":"max-snippet:-1","max-image-preview":"max-image-preview:large","max-video-preview":"max-video-preview:-1"},"canonical":"https:\/\/www.presi.com\/de\/produkt\/mecatech-250-spi\/","og_locale":"de_DE","og_type":"article","og_title":"MECATECH 250 SPI - Presi","og_description":"Die Mecatech 250 SPI ist mit individueller Anpresskraft (4 Stempel) ausger\u00fcstet und richtet sich an Anwender, die ein geringes Schliffaufkommen haben. Nat\u00fcrlich ist die Kopf- und Arbeitsscheibendrehzahl variabel einstellbar, auch der Rechts-Linkslauf von Kopf und Arbeitscheibe ist frei w\u00e4hlbar. F\u00fcr eine Auflistung von technischen Daten und Selbstverst\u00e4ndlichkeiten verweisen wir auf unser Prospekt.  Nachfolgend finden Sie nur ein paar Besonderheiten:  -Mit einer Nennleistung S1 von 750W hat sie mehr als genug Kraft und ein langes Motorleben ist gew\u00e4hrleistet. -F\u00fcr eine schonende Schliffpr\u00e4paration k\u00f6nnen Sie die Anpresskraft am Pr\u00e4parationsbeginn und- ende reduzieren. -Sie k\u00f6nnen sowohl eine manuelle, als auch eine automatische Schliffpr\u00e4parationen durchf\u00fchren. F\u00fcr die manuelle Pr\u00e4paration ist der Schleifkopf komplett zur Seite schwenkbar und gibt die volle Arbeitsscheibe frei. -Der 7\" TFT Touchscreen (LCD Farbbildschirm 16:9) erm\u00f6glicht die einfache Bedienung und Programmierung. -F\u00fcr eine leichte Reinigung wird eine herausnehmbare Schleifwanneneinlage mitgeliefert. (Ohne Werkzeug herausnehmbar) -Die Multid\u00fcsen-Wasserberieselung spart Wasser beim Schleifen, sorgt f\u00fcr schnelle und gleichm\u00e4\u00dfige Schleifmediumbenetzung und vermindert Aquaplaning. -Die praktische und seit Jahren etablierte Schleuder- und Trocknungsfunktion nach Schleifende wurde nat\u00fcrlich aus dem Vorg\u00e4ngermodel \u00fcbernommen.","og_url":"https:\/\/www.presi.com\/de\/produkt\/mecatech-250-spi\/","og_site_name":"Presi","article_modified_time":"2022-11-18T13:47:54+00:00","og_image":[{"width":330,"height":330,"url":"https:\/\/www.presi.com\/wp-content\/uploads\/2019\/04\/mecatech-250-spi.png","type":"image\/png"}],"twitter_card":"summary_large_image","schema":{"@context":"https:\/\/schema.org","@graph":[{"@type":"WebPage","@id":"https:\/\/www.presi.com\/de\/produkt\/mecatech-250-spi\/","url":"https:\/\/www.presi.com\/de\/produkt\/mecatech-250-spi\/","name":"MECATECH 250 SPI - Presi","isPartOf":{"@id":"https:\/\/www.presi.com\/en\/#website"},"primaryImageOfPage":{"@id":"https:\/\/www.presi.com\/de\/produkt\/mecatech-250-spi\/#primaryimage"},"image":{"@id":"https:\/\/www.presi.com\/de\/produkt\/mecatech-250-spi\/#primaryimage"},"thumbnailUrl":"https:\/\/www.presi.com\/wp-content\/uploads\/2019\/06\/mecatech-250-spi-machine.webp","datePublished":"2019-06-21T13:22:45+00:00","dateModified":"2022-11-18T13:47:54+00:00","breadcrumb":{"@id":"https:\/\/www.presi.com\/de\/produkt\/mecatech-250-spi\/#breadcrumb"},"inLanguage":"de","potentialAction":[{"@type":"ReadAction","target":["https:\/\/www.presi.com\/de\/produkt\/mecatech-250-spi\/"]}]},{"@type":"ImageObject","inLanguage":"de","@id":"https:\/\/www.presi.com\/de\/produkt\/mecatech-250-spi\/#primaryimage","url":"https:\/\/www.presi.com\/wp-content\/uploads\/2019\/06\/mecatech-250-spi-machine.webp","contentUrl":"https:\/\/www.presi.com\/wp-content\/uploads\/2019\/06\/mecatech-250-spi-machine.webp","width":600,"height":600},{"@type":"BreadcrumbList","@id":"https:\/\/www.presi.com\/de\/produkt\/mecatech-250-spi\/#breadcrumb","itemListElement":[{"@type":"ListItem","position":1,"name":"Accueil","item":"https:\/\/www.presi.com\/de\/"},{"@type":"ListItem","position":2,"name":"Gesch\u00e4ft","item":"https:\/\/www.presi.com\/de\/geschaeft\/"},{"@type":"ListItem","position":3,"name":"MECATECH 250 SPI"}]},{"@type":"WebSite","@id":"https:\/\/www.presi.com\/en\/#website","url":"https:\/\/www.presi.com\/en\/","name":"Presi","description":"M\u00e9tallographie - Machines pour analyse micrographique","potentialAction":[{"@type":"SearchAction","target":{"@type":"EntryPoint","urlTemplate":"https:\/\/www.presi.com\/en\/?s={search_term_string}"},"query-input":{"@type":"PropertyValueSpecification","valueRequired":true,"valueName":"search_term_string"}}],"inLanguage":"de"}]}},"_links":{"self":[{"href":"https:\/\/www.presi.com\/de\/wp-json\/wp\/v2\/product\/21133","targetHints":{"allow":["GET"]}}],"collection":[{"href":"https:\/\/www.presi.com\/de\/wp-json\/wp\/v2\/product"}],"about":[{"href":"https:\/\/www.presi.com\/de\/wp-json\/wp\/v2\/types\/product"}],"wp:featuredmedia":[{"embeddable":true,"href":"https:\/\/www.presi.com\/de\/wp-json\/wp\/v2\/media\/36402"}],"wp:attachment":[{"href":"https:\/\/www.presi.com\/de\/wp-json\/wp\/v2\/media?parent=21133"}],"wp:term":[{"taxonomy":"product_brand","embeddable":true,"href":"https:\/\/www.presi.com\/de\/wp-json\/wp\/v2\/product_brand?post=21133"},{"taxonomy":"product_cat","embeddable":true,"href":"https:\/\/www.presi.com\/de\/wp-json\/wp\/v2\/product_cat?post=21133"},{"taxonomy":"product_tag","embeddable":true,"href":"https:\/\/www.presi.com\/de\/wp-json\/wp\/v2\/product_tag?post=21133"}],"curies":[{"name":"wp","href":"https:\/\/api.w.org\/{rel}","templated":true}]}}