{"id":21136,"date":"2019-06-20T16:23:31","date_gmt":"2019-06-21T13:23:00","guid":{"rendered":"http:\/\/presi.com\/produit\/mecatech-250-dpc\/"},"modified":"2021-10-22T10:50:54","modified_gmt":"2021-10-22T08:50:54","slug":"mecatech-250-dpc","status":"publish","type":"product","link":"https:\/\/www.presi.com\/de\/produkt\/mecatech-250-dpc\/","title":{"rendered":"MECATECH 250 DPC"},"content":{"rendered":"<p><iframe id=\"resp_1280px\" src=\"https:\/\/www.youtube.com\/embed\/TKn3DJTPcsU\" width=\"570\" height=\"350\" frameborder=\"0\"><\/iframe><\/p>\n","protected":false},"excerpt":{"rendered":"<p>Die MECATECH 250 DPC ist ausgestattet mit zwei Arbeitsscheiben von \u00d8 200 bis 250mm und ist f\u00fcr individuelle Anpresskraft (6 Stempel) und f\u00fcr zentrale Anpresskraft ausgestattet.<br \/>\nNat\u00fcrlich ist die Kopf- und Arbeitsscheibendrehzahl variabel einstellbar, auch der Rechts-Linkslauf von Kopf und Arbeitscheibe ist frei w\u00e4hlbar. F\u00fcr eine Auflistung von technischen Daten und Selbstverst\u00e4ndlichkeiten verweisen wir auf unser Prospekt.<\/p>\n<p>Nachfolgend finden Sie nur ein paar Besonderheiten:<\/p>\n<p>-Materialabtragsratenfunktion inklusive<br \/>\n-Nennleistung S1 von 750W pro Antriebsmotor mit Frequenzumrichtertechnik (2 Motoren)<br \/>\n-Variable Drehzahleinstellung bis 600 U\/min<br \/>\n-Ohne Werkzeug austauschbare Schleifwanneneinlage<br \/>\n-Trocknungs- bzw. Schleuderfunktion bei 700 U\/min<br \/>\n-Links- und Rechtslauf der Arbeitsspindel<br \/>\n-Schleiftimer- und Schleifzeitanzeige, Digitale Drehzahlanzeige<br \/>\n-Sto\u00dffestes und korrosionsbest\u00e4ndiges Geh\u00e4use im CARBON-LOOK<br \/>\n-TouchScreen mit Symbolsteuerung (16\/9 TFT LCD Farbtouchscreen 7&#8243;)<br \/>\n-F\u00fcr eine schonende Schliffpr\u00e4paration k\u00f6nnen Sie die Anpresskraft am Pr\u00e4parationsbeginn und- ende reduzieren.<br \/>\n-Sie k\u00f6nnen sowohl eine manuelle, als auch eine automatische Schliffpr\u00e4parationen durchf\u00fchren. F\u00fcr die manuelle Pr\u00e4paration ist der Schleifkopf komplett zur Seite schwenkbar und gibt die volle Arbeitsscheibe frei.<br \/>\n-Die Multid\u00fcsen-Wasserberieselung spart Wasser beim Schleifen, sorgt f\u00fcr schnelle und gleichm\u00e4\u00dfige Schleifmediumbenetzung und vermindert Aquaplaning.<\/p>\n","protected":false},"featured_media":15466,"template":"","meta":{"_acf_changed":false},"product_brand":[],"product_cat":[1481,1426],"product_tag":[],"class_list":{"0":"post-21136","1":"product","2":"type-product","3":"status-publish","4":"has-post-thumbnail","6":"product_cat-polieren-maschinen","7":"product_cat-schleifen-u-polieren","8":"pa_diametre-du-plateau-o-200-u-250-mm","9":"pa_type-de-poste-zweispindelige-maschine","11":"first","12":"instock","13":"purchasable","14":"product-type-simple"},"acf":[],"yoast_head":"<!-- This site is optimized with the Yoast SEO plugin v27.2 - https:\/\/yoast.com\/product\/yoast-seo-wordpress\/ -->\n<title>MECATECH 250 DPC - Presi<\/title>\n<meta name=\"robots\" content=\"index, follow, max-snippet:-1, max-image-preview:large, max-video-preview:-1\" \/>\n<link rel=\"canonical\" href=\"https:\/\/www.presi.com\/de\/produkt\/mecatech-250-dpc\/\" \/>\n<meta property=\"og:locale\" content=\"de_DE\" \/>\n<meta property=\"og:type\" content=\"article\" \/>\n<meta property=\"og:title\" content=\"MECATECH 250 DPC - Presi\" \/>\n<meta property=\"og:description\" content=\"Die MECATECH 250 DPC ist ausgestattet mit zwei Arbeitsscheiben von \u00d8 200 bis 250mm und ist f\u00fcr individuelle Anpresskraft (6 Stempel) und f\u00fcr zentrale Anpresskraft ausgestattet. Nat\u00fcrlich ist die Kopf- und Arbeitsscheibendrehzahl variabel einstellbar, auch der Rechts-Linkslauf von Kopf und Arbeitscheibe ist frei w\u00e4hlbar. F\u00fcr eine Auflistung von technischen Daten und Selbstverst\u00e4ndlichkeiten verweisen wir auf unser Prospekt.  Nachfolgend finden Sie nur ein paar Besonderheiten:  -Materialabtragsratenfunktion inklusive -Nennleistung S1 von 750W pro Antriebsmotor mit Frequenzumrichtertechnik (2 Motoren) -Variable Drehzahleinstellung bis 600 U\/min -Ohne Werkzeug austauschbare Schleifwanneneinlage -Trocknungs- bzw. Schleuderfunktion bei 700 U\/min -Links- und Rechtslauf der Arbeitsspindel -Schleiftimer- und Schleifzeitanzeige, Digitale Drehzahlanzeige -Sto\u00dffestes und korrosionsbest\u00e4ndiges Geh\u00e4use im CARBON-LOOK -TouchScreen mit Symbolsteuerung (16\/9 TFT LCD Farbtouchscreen 7&quot;) -F\u00fcr eine schonende Schliffpr\u00e4paration k\u00f6nnen Sie die Anpresskraft am Pr\u00e4parationsbeginn und- ende reduzieren. -Sie k\u00f6nnen sowohl eine manuelle, als auch eine automatische Schliffpr\u00e4parationen durchf\u00fchren. F\u00fcr die manuelle Pr\u00e4paration ist der Schleifkopf komplett zur Seite schwenkbar und gibt die volle Arbeitsscheibe frei. -Die Multid\u00fcsen-Wasserberieselung spart Wasser beim Schleifen, sorgt f\u00fcr schnelle und gleichm\u00e4\u00dfige Schleifmediumbenetzung und vermindert Aquaplaning.\" \/>\n<meta property=\"og:url\" content=\"https:\/\/www.presi.com\/de\/produkt\/mecatech-250-dpc\/\" \/>\n<meta property=\"og:site_name\" content=\"Presi\" \/>\n<meta property=\"article:modified_time\" content=\"2021-10-22T08:50:54+00:00\" \/>\n<meta property=\"og:image\" content=\"https:\/\/www.presi.com\/wp-content\/uploads\/2019\/04\/mecatech-250-dpc.png\" \/>\n\t<meta property=\"og:image:width\" content=\"330\" \/>\n\t<meta property=\"og:image:height\" content=\"330\" \/>\n\t<meta property=\"og:image:type\" content=\"image\/png\" \/>\n<meta name=\"twitter:card\" content=\"summary_large_image\" \/>\n<script type=\"application\/ld+json\" class=\"yoast-schema-graph\">{\"@context\":\"https:\/\/schema.org\",\"@graph\":[{\"@type\":\"WebPage\",\"@id\":\"https:\/\/www.presi.com\/de\/produkt\/mecatech-250-dpc\/\",\"url\":\"https:\/\/www.presi.com\/de\/produkt\/mecatech-250-dpc\/\",\"name\":\"MECATECH 250 DPC - Presi\",\"isPartOf\":{\"@id\":\"https:\/\/www.presi.com\/en\/#website\"},\"primaryImageOfPage\":{\"@id\":\"https:\/\/www.presi.com\/de\/produkt\/mecatech-250-dpc\/#primaryimage\"},\"image\":{\"@id\":\"https:\/\/www.presi.com\/de\/produkt\/mecatech-250-dpc\/#primaryimage\"},\"thumbnailUrl\":\"https:\/\/www.presi.com\/wp-content\/uploads\/2019\/04\/mecatech-250-dpc.png\",\"datePublished\":\"2019-06-21T13:23:00+00:00\",\"dateModified\":\"2021-10-22T08:50:54+00:00\",\"breadcrumb\":{\"@id\":\"https:\/\/www.presi.com\/de\/produkt\/mecatech-250-dpc\/#breadcrumb\"},\"inLanguage\":\"de\",\"potentialAction\":[{\"@type\":\"ReadAction\",\"target\":[\"https:\/\/www.presi.com\/de\/produkt\/mecatech-250-dpc\/\"]}]},{\"@type\":\"ImageObject\",\"inLanguage\":\"de\",\"@id\":\"https:\/\/www.presi.com\/de\/produkt\/mecatech-250-dpc\/#primaryimage\",\"url\":\"https:\/\/www.presi.com\/wp-content\/uploads\/2019\/04\/mecatech-250-dpc.png\",\"contentUrl\":\"https:\/\/www.presi.com\/wp-content\/uploads\/2019\/04\/mecatech-250-dpc.png\",\"width\":330,\"height\":330},{\"@type\":\"BreadcrumbList\",\"@id\":\"https:\/\/www.presi.com\/de\/produkt\/mecatech-250-dpc\/#breadcrumb\",\"itemListElement\":[{\"@type\":\"ListItem\",\"position\":1,\"name\":\"Accueil\",\"item\":\"https:\/\/www.presi.com\/de\/\"},{\"@type\":\"ListItem\",\"position\":2,\"name\":\"Gesch\u00e4ft\",\"item\":\"https:\/\/www.presi.com\/de\/geschaeft\/\"},{\"@type\":\"ListItem\",\"position\":3,\"name\":\"MECATECH 250 DPC\"}]},{\"@type\":\"WebSite\",\"@id\":\"https:\/\/www.presi.com\/en\/#website\",\"url\":\"https:\/\/www.presi.com\/en\/\",\"name\":\"Presi\",\"description\":\"M\u00e9tallographie - Machines pour analyse micrographique\",\"potentialAction\":[{\"@type\":\"SearchAction\",\"target\":{\"@type\":\"EntryPoint\",\"urlTemplate\":\"https:\/\/www.presi.com\/en\/?s={search_term_string}\"},\"query-input\":{\"@type\":\"PropertyValueSpecification\",\"valueRequired\":true,\"valueName\":\"search_term_string\"}}],\"inLanguage\":\"de\"}]}<\/script>\n<!-- \/ Yoast SEO plugin. -->","yoast_head_json":{"title":"MECATECH 250 DPC - Presi","robots":{"index":"index","follow":"follow","max-snippet":"max-snippet:-1","max-image-preview":"max-image-preview:large","max-video-preview":"max-video-preview:-1"},"canonical":"https:\/\/www.presi.com\/de\/produkt\/mecatech-250-dpc\/","og_locale":"de_DE","og_type":"article","og_title":"MECATECH 250 DPC - Presi","og_description":"Die MECATECH 250 DPC ist ausgestattet mit zwei Arbeitsscheiben von \u00d8 200 bis 250mm und ist f\u00fcr individuelle Anpresskraft (6 Stempel) und f\u00fcr zentrale Anpresskraft ausgestattet. Nat\u00fcrlich ist die Kopf- und Arbeitsscheibendrehzahl variabel einstellbar, auch der Rechts-Linkslauf von Kopf und Arbeitscheibe ist frei w\u00e4hlbar. F\u00fcr eine Auflistung von technischen Daten und Selbstverst\u00e4ndlichkeiten verweisen wir auf unser Prospekt.  Nachfolgend finden Sie nur ein paar Besonderheiten:  -Materialabtragsratenfunktion inklusive -Nennleistung S1 von 750W pro Antriebsmotor mit Frequenzumrichtertechnik (2 Motoren) -Variable Drehzahleinstellung bis 600 U\/min -Ohne Werkzeug austauschbare Schleifwanneneinlage -Trocknungs- bzw. Schleuderfunktion bei 700 U\/min -Links- und Rechtslauf der Arbeitsspindel -Schleiftimer- und Schleifzeitanzeige, Digitale Drehzahlanzeige -Sto\u00dffestes und korrosionsbest\u00e4ndiges Geh\u00e4use im CARBON-LOOK -TouchScreen mit Symbolsteuerung (16\/9 TFT LCD Farbtouchscreen 7\") -F\u00fcr eine schonende Schliffpr\u00e4paration k\u00f6nnen Sie die Anpresskraft am Pr\u00e4parationsbeginn und- ende reduzieren. -Sie k\u00f6nnen sowohl eine manuelle, als auch eine automatische Schliffpr\u00e4parationen durchf\u00fchren. F\u00fcr die manuelle Pr\u00e4paration ist der Schleifkopf komplett zur Seite schwenkbar und gibt die volle Arbeitsscheibe frei. -Die Multid\u00fcsen-Wasserberieselung spart Wasser beim Schleifen, sorgt f\u00fcr schnelle und gleichm\u00e4\u00dfige Schleifmediumbenetzung und vermindert Aquaplaning.","og_url":"https:\/\/www.presi.com\/de\/produkt\/mecatech-250-dpc\/","og_site_name":"Presi","article_modified_time":"2021-10-22T08:50:54+00:00","og_image":[{"width":330,"height":330,"url":"https:\/\/www.presi.com\/wp-content\/uploads\/2019\/04\/mecatech-250-dpc.png","type":"image\/png"}],"twitter_card":"summary_large_image","schema":{"@context":"https:\/\/schema.org","@graph":[{"@type":"WebPage","@id":"https:\/\/www.presi.com\/de\/produkt\/mecatech-250-dpc\/","url":"https:\/\/www.presi.com\/de\/produkt\/mecatech-250-dpc\/","name":"MECATECH 250 DPC - Presi","isPartOf":{"@id":"https:\/\/www.presi.com\/en\/#website"},"primaryImageOfPage":{"@id":"https:\/\/www.presi.com\/de\/produkt\/mecatech-250-dpc\/#primaryimage"},"image":{"@id":"https:\/\/www.presi.com\/de\/produkt\/mecatech-250-dpc\/#primaryimage"},"thumbnailUrl":"https:\/\/www.presi.com\/wp-content\/uploads\/2019\/04\/mecatech-250-dpc.png","datePublished":"2019-06-21T13:23:00+00:00","dateModified":"2021-10-22T08:50:54+00:00","breadcrumb":{"@id":"https:\/\/www.presi.com\/de\/produkt\/mecatech-250-dpc\/#breadcrumb"},"inLanguage":"de","potentialAction":[{"@type":"ReadAction","target":["https:\/\/www.presi.com\/de\/produkt\/mecatech-250-dpc\/"]}]},{"@type":"ImageObject","inLanguage":"de","@id":"https:\/\/www.presi.com\/de\/produkt\/mecatech-250-dpc\/#primaryimage","url":"https:\/\/www.presi.com\/wp-content\/uploads\/2019\/04\/mecatech-250-dpc.png","contentUrl":"https:\/\/www.presi.com\/wp-content\/uploads\/2019\/04\/mecatech-250-dpc.png","width":330,"height":330},{"@type":"BreadcrumbList","@id":"https:\/\/www.presi.com\/de\/produkt\/mecatech-250-dpc\/#breadcrumb","itemListElement":[{"@type":"ListItem","position":1,"name":"Accueil","item":"https:\/\/www.presi.com\/de\/"},{"@type":"ListItem","position":2,"name":"Gesch\u00e4ft","item":"https:\/\/www.presi.com\/de\/geschaeft\/"},{"@type":"ListItem","position":3,"name":"MECATECH 250 DPC"}]},{"@type":"WebSite","@id":"https:\/\/www.presi.com\/en\/#website","url":"https:\/\/www.presi.com\/en\/","name":"Presi","description":"M\u00e9tallographie - Machines pour analyse micrographique","potentialAction":[{"@type":"SearchAction","target":{"@type":"EntryPoint","urlTemplate":"https:\/\/www.presi.com\/en\/?s={search_term_string}"},"query-input":{"@type":"PropertyValueSpecification","valueRequired":true,"valueName":"search_term_string"}}],"inLanguage":"de"}]}},"_links":{"self":[{"href":"https:\/\/www.presi.com\/de\/wp-json\/wp\/v2\/product\/21136","targetHints":{"allow":["GET"]}}],"collection":[{"href":"https:\/\/www.presi.com\/de\/wp-json\/wp\/v2\/product"}],"about":[{"href":"https:\/\/www.presi.com\/de\/wp-json\/wp\/v2\/types\/product"}],"wp:featuredmedia":[{"embeddable":true,"href":"https:\/\/www.presi.com\/de\/wp-json\/wp\/v2\/media\/15466"}],"wp:attachment":[{"href":"https:\/\/www.presi.com\/de\/wp-json\/wp\/v2\/media?parent=21136"}],"wp:term":[{"taxonomy":"product_brand","embeddable":true,"href":"https:\/\/www.presi.com\/de\/wp-json\/wp\/v2\/product_brand?post=21136"},{"taxonomy":"product_cat","embeddable":true,"href":"https:\/\/www.presi.com\/de\/wp-json\/wp\/v2\/product_cat?post=21136"},{"taxonomy":"product_tag","embeddable":true,"href":"https:\/\/www.presi.com\/de\/wp-json\/wp\/v2\/product_tag?post=21136"}],"curies":[{"name":"wp","href":"https:\/\/api.w.org\/{rel}","templated":true}]}}