{"id":21137,"date":"2019-06-20T16:23:53","date_gmt":"2019-06-21T13:23:00","guid":{"rendered":"http:\/\/presi.com\/produit\/mecatech-300-sps\/"},"modified":"2021-10-22T10:56:51","modified_gmt":"2021-10-22T08:56:51","slug":"mecatech-300-sps","status":"publish","type":"product","link":"https:\/\/www.presi.com\/de\/produkt\/mecatech-300-sps\/","title":{"rendered":"MECATECH 300 SPS"},"content":{"rendered":"<p><iframe id=\"resp_1280px\" src=\"https:\/\/www.youtube.com\/embed\/TKn3DJTPcsU\" width=\"570\" height=\"350\" frameborder=\"0\"><\/iframe><\/p>\n<p><iframe src=\"https:\/\/www.youtube.com\/embed\/LTe5Vj6x6-Y\" width=\"560\" height=\"315\" frameborder=\"0\" allowfullscreen=\"allowfullscreen\"><\/iframe><\/p>\n<p>Bei der Mecatech 300SPS benutzen wir 8 Stempel und eine Pendelfunktion des Schleif- und Polierkopfes. Weil das etwas Besonderes ist, war uns das ein extra Video wert. Die Pendelbewegung der Maschine optimiert die Verbrauchsmaterialausnutzung und verbessert die Planheit der Proben. Gleichzeitig wird der Probendurchsatz von 6 auf 8 Proben erh\u00f6ht. Das hei\u00dft um 33%. Wer also sehr viele Schliffe hat und mit einer Maschine mit 6 Stempeln nicht genug Kapazit\u00e4t hat, kann sich die Mecatech SPS mal genauer anschauen&#8230;.:<\/p>\n","protected":false},"excerpt":{"rendered":"<p>Die MECATECH 300 SPS ist f\u00fcr individuelle Anpresskraft und f\u00fcr zentrale Anpresskraft ausgestattet. Die Arbeitscheibengr\u00f6\u00dfe betr\u00e4gt bis zu \u00d8 300mm. Diese Maschine bietet !!8 Stempel!! im individuellen Anpressdruck und zus\u00e4tzlich noch eine !!Schleifkopfpendelbewegung!! w\u00e4hrend des Schleif- und Poliervorgangs. Nat\u00fcrlich ist die Kopf- und Arbeitsscheibendrehzahl variabel einstellbar, auch der Rechts-Linkslauf von Kopf und Arbeitscheibe ist frei w\u00e4hlbar. F\u00fcr eine Auflistung von technischen Daten und Selbstverst\u00e4ndlichkeiten verweisen wir auf unser Prospekt.<\/p>\n<p>Nachfolgend finden Sie nur ein paar Besonderheiten:<\/p>\n<p>-8 Stempel im individuellen Modus f\u00fcr ca. 30% mehr Schliffdurchsatz als bei Standardmodellen mit 6 Stempeln<br \/>\n-Pendelfunktion des Schleif- u. Polierkopfes f\u00fcr optimale Ausnutzung von Verbrauchsmaterialien und perfekte Planheit<br \/>\n-Materialabtragsratenfunktion inklusive<br \/>\n-!!1500W!! Antriebsmotor mit Frequenzumrichtertechnik<br \/>\n-Variable Drehzahleinstellung bis 600 U\/min<br \/>\n-Ohne Werkzeug austauschbare Schleifwanneneinlage<br \/>\n-Trocknungs- bzw. Schleuderfunktion bei 700 U\/min<br \/>\n-Links- und Rechtslauf der Arbeitsspindel<br \/>\n-Schleiftimer- und Schleifzeitanzeige, Digitale Drehzahlanzeige<br \/>\n-Sto\u00dffestes und korrosionsbest\u00e4ndiges Geh\u00e4use im CARBON-LOOK<br \/>\n-TouchScreen mit Symbolsteuerung (16\/9 TFT LCD Farbtouchscreen 7&#8243;)<br \/>\n-F\u00fcr eine schonende Schliffpr\u00e4paration k\u00f6nnen Sie die Anpresskraft am Pr\u00e4parationsbeginn und- ende reduzieren.<br \/>\n-Sie k\u00f6nnen sowohl eine manuelle, als auch eine automatische Schliffpr\u00e4parationen durchf\u00fchren.<br \/>\n-Die Multid\u00fcsen-Wasserberieselung spart Wasser beim Schleifen, sorgt f\u00fcr schnelle und gleichm\u00e4\u00dfige Schleifmediumbenetzung und vermindert Aquaplaning<\/p>\n","protected":false},"featured_media":23224,"template":"","meta":{"_acf_changed":false},"product_brand":[],"product_cat":[1481,1426],"product_tag":[],"class_list":{"0":"post-21137","1":"product","2":"type-product","3":"status-publish","4":"has-post-thumbnail","6":"product_cat-polieren-maschinen","7":"product_cat-schleifen-u-polieren","8":"pa_diametre-du-plateau-o-250-u-300-mm","9":"pa_type-de-poste-einspindelige-maschine","11":"first","12":"instock","13":"purchasable","14":"product-type-simple"},"acf":[],"yoast_head":"<!-- This site is optimized with the Yoast SEO plugin v27.2 - https:\/\/yoast.com\/product\/yoast-seo-wordpress\/ -->\n<title>MECATECH 300 SPS - Presi<\/title>\n<meta name=\"robots\" content=\"index, follow, max-snippet:-1, max-image-preview:large, max-video-preview:-1\" \/>\n<link rel=\"canonical\" href=\"https:\/\/www.presi.com\/de\/produkt\/mecatech-300-sps\/\" \/>\n<meta property=\"og:locale\" content=\"de_DE\" \/>\n<meta property=\"og:type\" content=\"article\" \/>\n<meta property=\"og:title\" content=\"MECATECH 300 SPS - Presi\" \/>\n<meta property=\"og:description\" content=\"Die MECATECH 300 SPS ist f\u00fcr individuelle Anpresskraft und f\u00fcr zentrale Anpresskraft ausgestattet. Die Arbeitscheibengr\u00f6\u00dfe betr\u00e4gt bis zu \u00d8 300mm. Diese Maschine bietet !!8 Stempel!! im individuellen Anpressdruck und zus\u00e4tzlich noch eine !!Schleifkopfpendelbewegung!! w\u00e4hrend des Schleif- und Poliervorgangs. Nat\u00fcrlich ist die Kopf- und Arbeitsscheibendrehzahl variabel einstellbar, auch der Rechts-Linkslauf von Kopf und Arbeitscheibe ist frei w\u00e4hlbar. F\u00fcr eine Auflistung von technischen Daten und Selbstverst\u00e4ndlichkeiten verweisen wir auf unser Prospekt.  Nachfolgend finden Sie nur ein paar Besonderheiten:  -8 Stempel im individuellen Modus f\u00fcr ca. 30% mehr Schliffdurchsatz als bei Standardmodellen mit 6 Stempeln -Pendelfunktion des Schleif- u. Polierkopfes f\u00fcr optimale Ausnutzung von Verbrauchsmaterialien und perfekte Planheit -Materialabtragsratenfunktion inklusive -!!1500W!! Antriebsmotor mit Frequenzumrichtertechnik -Variable Drehzahleinstellung bis 600 U\/min -Ohne Werkzeug austauschbare Schleifwanneneinlage -Trocknungs- bzw. Schleuderfunktion bei 700 U\/min -Links- und Rechtslauf der Arbeitsspindel -Schleiftimer- und Schleifzeitanzeige, Digitale Drehzahlanzeige -Sto\u00dffestes und korrosionsbest\u00e4ndiges Geh\u00e4use im CARBON-LOOK -TouchScreen mit Symbolsteuerung (16\/9 TFT LCD Farbtouchscreen 7&quot;) -F\u00fcr eine schonende Schliffpr\u00e4paration k\u00f6nnen Sie die Anpresskraft am Pr\u00e4parationsbeginn und- ende reduzieren. -Sie k\u00f6nnen sowohl eine manuelle, als auch eine automatische Schliffpr\u00e4parationen durchf\u00fchren. -Die Multid\u00fcsen-Wasserberieselung spart Wasser beim Schleifen, sorgt f\u00fcr schnelle und gleichm\u00e4\u00dfige Schleifmediumbenetzung und vermindert Aquaplaning\" \/>\n<meta property=\"og:url\" content=\"https:\/\/www.presi.com\/de\/produkt\/mecatech-300-sps\/\" \/>\n<meta property=\"og:site_name\" content=\"Presi\" \/>\n<meta property=\"article:modified_time\" content=\"2021-10-22T08:56:51+00:00\" \/>\n<meta property=\"og:image\" content=\"https:\/\/www.presi.com\/wp-content\/uploads\/2019\/06\/machine-polissage-mecatech-300-sps-presi.png\" \/>\n\t<meta property=\"og:image:width\" content=\"600\" \/>\n\t<meta property=\"og:image:height\" content=\"600\" \/>\n\t<meta property=\"og:image:type\" content=\"image\/png\" \/>\n<meta name=\"twitter:card\" content=\"summary_large_image\" \/>\n<script type=\"application\/ld+json\" class=\"yoast-schema-graph\">{\"@context\":\"https:\/\/schema.org\",\"@graph\":[{\"@type\":\"WebPage\",\"@id\":\"https:\/\/www.presi.com\/de\/produkt\/mecatech-300-sps\/\",\"url\":\"https:\/\/www.presi.com\/de\/produkt\/mecatech-300-sps\/\",\"name\":\"MECATECH 300 SPS - Presi\",\"isPartOf\":{\"@id\":\"https:\/\/www.presi.com\/en\/#website\"},\"primaryImageOfPage\":{\"@id\":\"https:\/\/www.presi.com\/de\/produkt\/mecatech-300-sps\/#primaryimage\"},\"image\":{\"@id\":\"https:\/\/www.presi.com\/de\/produkt\/mecatech-300-sps\/#primaryimage\"},\"thumbnailUrl\":\"https:\/\/www.presi.com\/wp-content\/uploads\/2019\/06\/machine-polissage-mecatech-300-sps-presi.png\",\"datePublished\":\"2019-06-21T13:23:00+00:00\",\"dateModified\":\"2021-10-22T08:56:51+00:00\",\"breadcrumb\":{\"@id\":\"https:\/\/www.presi.com\/de\/produkt\/mecatech-300-sps\/#breadcrumb\"},\"inLanguage\":\"de\",\"potentialAction\":[{\"@type\":\"ReadAction\",\"target\":[\"https:\/\/www.presi.com\/de\/produkt\/mecatech-300-sps\/\"]}]},{\"@type\":\"ImageObject\",\"inLanguage\":\"de\",\"@id\":\"https:\/\/www.presi.com\/de\/produkt\/mecatech-300-sps\/#primaryimage\",\"url\":\"https:\/\/www.presi.com\/wp-content\/uploads\/2019\/06\/machine-polissage-mecatech-300-sps-presi.png\",\"contentUrl\":\"https:\/\/www.presi.com\/wp-content\/uploads\/2019\/06\/machine-polissage-mecatech-300-sps-presi.png\",\"width\":600,\"height\":600},{\"@type\":\"BreadcrumbList\",\"@id\":\"https:\/\/www.presi.com\/de\/produkt\/mecatech-300-sps\/#breadcrumb\",\"itemListElement\":[{\"@type\":\"ListItem\",\"position\":1,\"name\":\"Accueil\",\"item\":\"https:\/\/www.presi.com\/de\/\"},{\"@type\":\"ListItem\",\"position\":2,\"name\":\"Gesch\u00e4ft\",\"item\":\"https:\/\/www.presi.com\/de\/geschaeft\/\"},{\"@type\":\"ListItem\",\"position\":3,\"name\":\"MECATECH 300 SPS\"}]},{\"@type\":\"WebSite\",\"@id\":\"https:\/\/www.presi.com\/en\/#website\",\"url\":\"https:\/\/www.presi.com\/en\/\",\"name\":\"Presi\",\"description\":\"M\u00e9tallographie - Machines pour analyse micrographique\",\"potentialAction\":[{\"@type\":\"SearchAction\",\"target\":{\"@type\":\"EntryPoint\",\"urlTemplate\":\"https:\/\/www.presi.com\/en\/?s={search_term_string}\"},\"query-input\":{\"@type\":\"PropertyValueSpecification\",\"valueRequired\":true,\"valueName\":\"search_term_string\"}}],\"inLanguage\":\"de\"}]}<\/script>\n<!-- \/ Yoast SEO plugin. -->","yoast_head_json":{"title":"MECATECH 300 SPS - Presi","robots":{"index":"index","follow":"follow","max-snippet":"max-snippet:-1","max-image-preview":"max-image-preview:large","max-video-preview":"max-video-preview:-1"},"canonical":"https:\/\/www.presi.com\/de\/produkt\/mecatech-300-sps\/","og_locale":"de_DE","og_type":"article","og_title":"MECATECH 300 SPS - Presi","og_description":"Die MECATECH 300 SPS ist f\u00fcr individuelle Anpresskraft und f\u00fcr zentrale Anpresskraft ausgestattet. Die Arbeitscheibengr\u00f6\u00dfe betr\u00e4gt bis zu \u00d8 300mm. Diese Maschine bietet !!8 Stempel!! im individuellen Anpressdruck und zus\u00e4tzlich noch eine !!Schleifkopfpendelbewegung!! w\u00e4hrend des Schleif- und Poliervorgangs. Nat\u00fcrlich ist die Kopf- und Arbeitsscheibendrehzahl variabel einstellbar, auch der Rechts-Linkslauf von Kopf und Arbeitscheibe ist frei w\u00e4hlbar. F\u00fcr eine Auflistung von technischen Daten und Selbstverst\u00e4ndlichkeiten verweisen wir auf unser Prospekt.  Nachfolgend finden Sie nur ein paar Besonderheiten:  -8 Stempel im individuellen Modus f\u00fcr ca. 30% mehr Schliffdurchsatz als bei Standardmodellen mit 6 Stempeln -Pendelfunktion des Schleif- u. Polierkopfes f\u00fcr optimale Ausnutzung von Verbrauchsmaterialien und perfekte Planheit -Materialabtragsratenfunktion inklusive -!!1500W!! Antriebsmotor mit Frequenzumrichtertechnik -Variable Drehzahleinstellung bis 600 U\/min -Ohne Werkzeug austauschbare Schleifwanneneinlage -Trocknungs- bzw. Schleuderfunktion bei 700 U\/min -Links- und Rechtslauf der Arbeitsspindel -Schleiftimer- und Schleifzeitanzeige, Digitale Drehzahlanzeige -Sto\u00dffestes und korrosionsbest\u00e4ndiges Geh\u00e4use im CARBON-LOOK -TouchScreen mit Symbolsteuerung (16\/9 TFT LCD Farbtouchscreen 7\") -F\u00fcr eine schonende Schliffpr\u00e4paration k\u00f6nnen Sie die Anpresskraft am Pr\u00e4parationsbeginn und- ende reduzieren. -Sie k\u00f6nnen sowohl eine manuelle, als auch eine automatische Schliffpr\u00e4parationen durchf\u00fchren. -Die Multid\u00fcsen-Wasserberieselung spart Wasser beim Schleifen, sorgt f\u00fcr schnelle und gleichm\u00e4\u00dfige Schleifmediumbenetzung und vermindert Aquaplaning","og_url":"https:\/\/www.presi.com\/de\/produkt\/mecatech-300-sps\/","og_site_name":"Presi","article_modified_time":"2021-10-22T08:56:51+00:00","og_image":[{"width":600,"height":600,"url":"https:\/\/www.presi.com\/wp-content\/uploads\/2019\/06\/machine-polissage-mecatech-300-sps-presi.png","type":"image\/png"}],"twitter_card":"summary_large_image","schema":{"@context":"https:\/\/schema.org","@graph":[{"@type":"WebPage","@id":"https:\/\/www.presi.com\/de\/produkt\/mecatech-300-sps\/","url":"https:\/\/www.presi.com\/de\/produkt\/mecatech-300-sps\/","name":"MECATECH 300 SPS - Presi","isPartOf":{"@id":"https:\/\/www.presi.com\/en\/#website"},"primaryImageOfPage":{"@id":"https:\/\/www.presi.com\/de\/produkt\/mecatech-300-sps\/#primaryimage"},"image":{"@id":"https:\/\/www.presi.com\/de\/produkt\/mecatech-300-sps\/#primaryimage"},"thumbnailUrl":"https:\/\/www.presi.com\/wp-content\/uploads\/2019\/06\/machine-polissage-mecatech-300-sps-presi.png","datePublished":"2019-06-21T13:23:00+00:00","dateModified":"2021-10-22T08:56:51+00:00","breadcrumb":{"@id":"https:\/\/www.presi.com\/de\/produkt\/mecatech-300-sps\/#breadcrumb"},"inLanguage":"de","potentialAction":[{"@type":"ReadAction","target":["https:\/\/www.presi.com\/de\/produkt\/mecatech-300-sps\/"]}]},{"@type":"ImageObject","inLanguage":"de","@id":"https:\/\/www.presi.com\/de\/produkt\/mecatech-300-sps\/#primaryimage","url":"https:\/\/www.presi.com\/wp-content\/uploads\/2019\/06\/machine-polissage-mecatech-300-sps-presi.png","contentUrl":"https:\/\/www.presi.com\/wp-content\/uploads\/2019\/06\/machine-polissage-mecatech-300-sps-presi.png","width":600,"height":600},{"@type":"BreadcrumbList","@id":"https:\/\/www.presi.com\/de\/produkt\/mecatech-300-sps\/#breadcrumb","itemListElement":[{"@type":"ListItem","position":1,"name":"Accueil","item":"https:\/\/www.presi.com\/de\/"},{"@type":"ListItem","position":2,"name":"Gesch\u00e4ft","item":"https:\/\/www.presi.com\/de\/geschaeft\/"},{"@type":"ListItem","position":3,"name":"MECATECH 300 SPS"}]},{"@type":"WebSite","@id":"https:\/\/www.presi.com\/en\/#website","url":"https:\/\/www.presi.com\/en\/","name":"Presi","description":"M\u00e9tallographie - Machines pour analyse micrographique","potentialAction":[{"@type":"SearchAction","target":{"@type":"EntryPoint","urlTemplate":"https:\/\/www.presi.com\/en\/?s={search_term_string}"},"query-input":{"@type":"PropertyValueSpecification","valueRequired":true,"valueName":"search_term_string"}}],"inLanguage":"de"}]}},"_links":{"self":[{"href":"https:\/\/www.presi.com\/de\/wp-json\/wp\/v2\/product\/21137","targetHints":{"allow":["GET"]}}],"collection":[{"href":"https:\/\/www.presi.com\/de\/wp-json\/wp\/v2\/product"}],"about":[{"href":"https:\/\/www.presi.com\/de\/wp-json\/wp\/v2\/types\/product"}],"wp:featuredmedia":[{"embeddable":true,"href":"https:\/\/www.presi.com\/de\/wp-json\/wp\/v2\/media\/23224"}],"wp:attachment":[{"href":"https:\/\/www.presi.com\/de\/wp-json\/wp\/v2\/media?parent=21137"}],"wp:term":[{"taxonomy":"product_brand","embeddable":true,"href":"https:\/\/www.presi.com\/de\/wp-json\/wp\/v2\/product_brand?post=21137"},{"taxonomy":"product_cat","embeddable":true,"href":"https:\/\/www.presi.com\/de\/wp-json\/wp\/v2\/product_cat?post=21137"},{"taxonomy":"product_tag","embeddable":true,"href":"https:\/\/www.presi.com\/de\/wp-json\/wp\/v2\/product_tag?post=21137"}],"curies":[{"name":"wp","href":"https:\/\/api.w.org\/{rel}","templated":true}]}}