{"id":24839,"date":"2019-10-08T08:25:34","date_gmt":"2019-10-08T06:25:34","guid":{"rendered":"https:\/\/www.presi.com\/?post_type=product&#038;p=24839"},"modified":"2022-10-05T11:04:22","modified_gmt":"2022-10-05T09:04:22","slug":"pp-schubladeneinsatz-fuer-trenn-schleif-und-polierscheiben","status":"publish","type":"product","link":"https:\/\/www.presi.com\/de\/produkt\/pp-schubladeneinsatz-fuer-trenn-schleif-und-polierscheiben\/","title":{"rendered":"PP-Schubladeneinsatz f\u00fcr Trenn-, Schleif- und Polierscheiben,"},"content":{"rendered":"<p>9 Schlitze.<br \/>\nF\u00fcr Polierscheibendurchmesser von 200 bis 305mm.<br \/>\nDieser Schubladeneinsatz ist passend f\u00fcr Presi Schubladen mit mindestens 600er Breite und 300mm H\u00f6he und er kann zu Reinigungszwecken leicht aus der Schublade herausgenommen werden und z.B. in einem Waschbecken mit Wasser gereinigt werden. Er kann auch als Auftisch-Ablagekasten verwendet werden.<br \/>\nAbmasse:340x470x100mm<br \/>\nDie H\u00f6he inkl. einer 300mm Scheibe betr\u00e4gt 249mm<\/p>\n<p>Abb. zeigt Schubladeneinsatz inkl. Poliert\u00fcchern (Poliert\u00fccher oder andere Schleifmedien geh\u00f6ren nicht zu Lieferumfang)<\/p>\n","protected":false},"excerpt":{"rendered":"<p>9 Schlitze. F\u00fcr Polierscheibendurchmesser von 200 bis 305mm. Dieser Schubladeneinsatz ist passend f\u00fcr Presi Schubladen mit mindestens 600er Breite und<\/p>\n","protected":false},"featured_media":24692,"template":"","meta":{"_acf_changed":false},"product_brand":[],"product_cat":[1469,1488,1477,1480],"product_tag":[],"class_list":{"0":"post-24839","1":"product","2":"type-product","3":"status-publish","4":"has-post-thumbnail","6":"product_cat-diamantscheiben","7":"product_cat-labormobel-zubehor","8":"product_cat-lappscheiben-med-r","9":"product_cat-polishing-cloths-de","11":"first","12":"instock","13":"shipping-taxable","14":"purchasable","15":"product-type-simple"},"acf":[],"yoast_head":"<!-- This site is optimized with the Yoast SEO plugin v27.2 - https:\/\/yoast.com\/product\/yoast-seo-wordpress\/ -->\n<title>PP-Schubladeneinsatz f\u00fcr Trenn-, Schleif- und Polierscheiben, - Presi<\/title>\n<meta name=\"robots\" content=\"index, follow, max-snippet:-1, max-image-preview:large, max-video-preview:-1\" \/>\n<link rel=\"canonical\" href=\"https:\/\/www.presi.com\/de\/produkt\/pp-schubladeneinsatz-fuer-trenn-schleif-und-polierscheiben\/\" \/>\n<meta property=\"og:locale\" content=\"de_DE\" \/>\n<meta property=\"og:type\" content=\"article\" \/>\n<meta property=\"og:title\" content=\"PP-Schubladeneinsatz f\u00fcr Trenn-, Schleif- und Polierscheiben, - Presi\" \/>\n<meta property=\"og:description\" content=\"9 Schlitze. F\u00fcr Polierscheibendurchmesser von 200 bis 305mm. Dieser Schubladeneinsatz ist passend f\u00fcr Presi Schubladen mit mindestens 600er Breite und\" \/>\n<meta property=\"og:url\" content=\"https:\/\/www.presi.com\/de\/produkt\/pp-schubladeneinsatz-fuer-trenn-schleif-und-polierscheiben\/\" \/>\n<meta property=\"og:site_name\" content=\"Presi\" \/>\n<meta property=\"article:modified_time\" content=\"2022-10-05T09:04:22+00:00\" \/>\n<meta property=\"og:image\" content=\"https:\/\/www.presi.com\/wp-content\/uploads\/2019\/09\/Schubladeneinsatz-4-e1568972764223.jpg\" \/>\n\t<meta property=\"og:image:width\" content=\"300\" \/>\n\t<meta property=\"og:image:height\" content=\"400\" \/>\n\t<meta property=\"og:image:type\" content=\"image\/jpeg\" \/>\n<meta name=\"twitter:card\" content=\"summary_large_image\" \/>\n<script type=\"application\/ld+json\" class=\"yoast-schema-graph\">{\"@context\":\"https:\/\/schema.org\",\"@graph\":[{\"@type\":\"WebPage\",\"@id\":\"https:\/\/www.presi.com\/de\/produkt\/pp-schubladeneinsatz-fuer-trenn-schleif-und-polierscheiben\/\",\"url\":\"https:\/\/www.presi.com\/de\/produkt\/pp-schubladeneinsatz-fuer-trenn-schleif-und-polierscheiben\/\",\"name\":\"PP-Schubladeneinsatz f\u00fcr Trenn-, Schleif- und Polierscheiben, - Presi\",\"isPartOf\":{\"@id\":\"https:\/\/www.presi.com\/en\/#website\"},\"primaryImageOfPage\":{\"@id\":\"https:\/\/www.presi.com\/de\/produkt\/pp-schubladeneinsatz-fuer-trenn-schleif-und-polierscheiben\/#primaryimage\"},\"image\":{\"@id\":\"https:\/\/www.presi.com\/de\/produkt\/pp-schubladeneinsatz-fuer-trenn-schleif-und-polierscheiben\/#primaryimage\"},\"thumbnailUrl\":\"https:\/\/www.presi.com\/wp-content\/uploads\/2019\/09\/Schubladeneinsatz-4-e1568972764223.jpg\",\"datePublished\":\"2019-10-08T06:25:34+00:00\",\"dateModified\":\"2022-10-05T09:04:22+00:00\",\"breadcrumb\":{\"@id\":\"https:\/\/www.presi.com\/de\/produkt\/pp-schubladeneinsatz-fuer-trenn-schleif-und-polierscheiben\/#breadcrumb\"},\"inLanguage\":\"de\",\"potentialAction\":[{\"@type\":\"ReadAction\",\"target\":[\"https:\/\/www.presi.com\/de\/produkt\/pp-schubladeneinsatz-fuer-trenn-schleif-und-polierscheiben\/\"]}]},{\"@type\":\"ImageObject\",\"inLanguage\":\"de\",\"@id\":\"https:\/\/www.presi.com\/de\/produkt\/pp-schubladeneinsatz-fuer-trenn-schleif-und-polierscheiben\/#primaryimage\",\"url\":\"https:\/\/www.presi.com\/wp-content\/uploads\/2019\/09\/Schubladeneinsatz-4-e1568972764223.jpg\",\"contentUrl\":\"https:\/\/www.presi.com\/wp-content\/uploads\/2019\/09\/Schubladeneinsatz-4-e1568972764223.jpg\",\"width\":300,\"height\":400,\"caption\":\"Schubladeneinsatz DE57158\"},{\"@type\":\"BreadcrumbList\",\"@id\":\"https:\/\/www.presi.com\/de\/produkt\/pp-schubladeneinsatz-fuer-trenn-schleif-und-polierscheiben\/#breadcrumb\",\"itemListElement\":[{\"@type\":\"ListItem\",\"position\":1,\"name\":\"Accueil\",\"item\":\"https:\/\/www.presi.com\/de\/\"},{\"@type\":\"ListItem\",\"position\":2,\"name\":\"Gesch\u00e4ft\",\"item\":\"https:\/\/www.presi.com\/de\/geschaeft\/\"},{\"@type\":\"ListItem\",\"position\":3,\"name\":\"PP-Schubladeneinsatz f\u00fcr Trenn-, Schleif- und Polierscheiben,\"}]},{\"@type\":\"WebSite\",\"@id\":\"https:\/\/www.presi.com\/en\/#website\",\"url\":\"https:\/\/www.presi.com\/en\/\",\"name\":\"Presi\",\"description\":\"M\u00e9tallographie - Machines pour analyse micrographique\",\"potentialAction\":[{\"@type\":\"SearchAction\",\"target\":{\"@type\":\"EntryPoint\",\"urlTemplate\":\"https:\/\/www.presi.com\/en\/?s={search_term_string}\"},\"query-input\":{\"@type\":\"PropertyValueSpecification\",\"valueRequired\":true,\"valueName\":\"search_term_string\"}}],\"inLanguage\":\"de\"}]}<\/script>\n<!-- \/ Yoast SEO plugin. -->","yoast_head_json":{"title":"PP-Schubladeneinsatz f\u00fcr Trenn-, Schleif- und Polierscheiben, - Presi","robots":{"index":"index","follow":"follow","max-snippet":"max-snippet:-1","max-image-preview":"max-image-preview:large","max-video-preview":"max-video-preview:-1"},"canonical":"https:\/\/www.presi.com\/de\/produkt\/pp-schubladeneinsatz-fuer-trenn-schleif-und-polierscheiben\/","og_locale":"de_DE","og_type":"article","og_title":"PP-Schubladeneinsatz f\u00fcr Trenn-, Schleif- und Polierscheiben, - Presi","og_description":"9 Schlitze. F\u00fcr Polierscheibendurchmesser von 200 bis 305mm. Dieser Schubladeneinsatz ist passend f\u00fcr Presi Schubladen mit mindestens 600er Breite und","og_url":"https:\/\/www.presi.com\/de\/produkt\/pp-schubladeneinsatz-fuer-trenn-schleif-und-polierscheiben\/","og_site_name":"Presi","article_modified_time":"2022-10-05T09:04:22+00:00","og_image":[{"width":300,"height":400,"url":"https:\/\/www.presi.com\/wp-content\/uploads\/2019\/09\/Schubladeneinsatz-4-e1568972764223.jpg","type":"image\/jpeg"}],"twitter_card":"summary_large_image","schema":{"@context":"https:\/\/schema.org","@graph":[{"@type":"WebPage","@id":"https:\/\/www.presi.com\/de\/produkt\/pp-schubladeneinsatz-fuer-trenn-schleif-und-polierscheiben\/","url":"https:\/\/www.presi.com\/de\/produkt\/pp-schubladeneinsatz-fuer-trenn-schleif-und-polierscheiben\/","name":"PP-Schubladeneinsatz f\u00fcr Trenn-, Schleif- und Polierscheiben, - Presi","isPartOf":{"@id":"https:\/\/www.presi.com\/en\/#website"},"primaryImageOfPage":{"@id":"https:\/\/www.presi.com\/de\/produkt\/pp-schubladeneinsatz-fuer-trenn-schleif-und-polierscheiben\/#primaryimage"},"image":{"@id":"https:\/\/www.presi.com\/de\/produkt\/pp-schubladeneinsatz-fuer-trenn-schleif-und-polierscheiben\/#primaryimage"},"thumbnailUrl":"https:\/\/www.presi.com\/wp-content\/uploads\/2019\/09\/Schubladeneinsatz-4-e1568972764223.jpg","datePublished":"2019-10-08T06:25:34+00:00","dateModified":"2022-10-05T09:04:22+00:00","breadcrumb":{"@id":"https:\/\/www.presi.com\/de\/produkt\/pp-schubladeneinsatz-fuer-trenn-schleif-und-polierscheiben\/#breadcrumb"},"inLanguage":"de","potentialAction":[{"@type":"ReadAction","target":["https:\/\/www.presi.com\/de\/produkt\/pp-schubladeneinsatz-fuer-trenn-schleif-und-polierscheiben\/"]}]},{"@type":"ImageObject","inLanguage":"de","@id":"https:\/\/www.presi.com\/de\/produkt\/pp-schubladeneinsatz-fuer-trenn-schleif-und-polierscheiben\/#primaryimage","url":"https:\/\/www.presi.com\/wp-content\/uploads\/2019\/09\/Schubladeneinsatz-4-e1568972764223.jpg","contentUrl":"https:\/\/www.presi.com\/wp-content\/uploads\/2019\/09\/Schubladeneinsatz-4-e1568972764223.jpg","width":300,"height":400,"caption":"Schubladeneinsatz DE57158"},{"@type":"BreadcrumbList","@id":"https:\/\/www.presi.com\/de\/produkt\/pp-schubladeneinsatz-fuer-trenn-schleif-und-polierscheiben\/#breadcrumb","itemListElement":[{"@type":"ListItem","position":1,"name":"Accueil","item":"https:\/\/www.presi.com\/de\/"},{"@type":"ListItem","position":2,"name":"Gesch\u00e4ft","item":"https:\/\/www.presi.com\/de\/geschaeft\/"},{"@type":"ListItem","position":3,"name":"PP-Schubladeneinsatz f\u00fcr Trenn-, Schleif- und Polierscheiben,"}]},{"@type":"WebSite","@id":"https:\/\/www.presi.com\/en\/#website","url":"https:\/\/www.presi.com\/en\/","name":"Presi","description":"M\u00e9tallographie - Machines pour analyse micrographique","potentialAction":[{"@type":"SearchAction","target":{"@type":"EntryPoint","urlTemplate":"https:\/\/www.presi.com\/en\/?s={search_term_string}"},"query-input":{"@type":"PropertyValueSpecification","valueRequired":true,"valueName":"search_term_string"}}],"inLanguage":"de"}]}},"_links":{"self":[{"href":"https:\/\/www.presi.com\/de\/wp-json\/wp\/v2\/product\/24839","targetHints":{"allow":["GET"]}}],"collection":[{"href":"https:\/\/www.presi.com\/de\/wp-json\/wp\/v2\/product"}],"about":[{"href":"https:\/\/www.presi.com\/de\/wp-json\/wp\/v2\/types\/product"}],"wp:featuredmedia":[{"embeddable":true,"href":"https:\/\/www.presi.com\/de\/wp-json\/wp\/v2\/media\/24692"}],"wp:attachment":[{"href":"https:\/\/www.presi.com\/de\/wp-json\/wp\/v2\/media?parent=24839"}],"wp:term":[{"taxonomy":"product_brand","embeddable":true,"href":"https:\/\/www.presi.com\/de\/wp-json\/wp\/v2\/product_brand?post=24839"},{"taxonomy":"product_cat","embeddable":true,"href":"https:\/\/www.presi.com\/de\/wp-json\/wp\/v2\/product_cat?post=24839"},{"taxonomy":"product_tag","embeddable":true,"href":"https:\/\/www.presi.com\/de\/wp-json\/wp\/v2\/product_tag?post=24839"}],"curies":[{"name":"wp","href":"https:\/\/api.w.org\/{rel}","templated":true}]}}