{"id":24850,"date":"2019-10-08T09:13:57","date_gmt":"2019-10-08T07:13:57","guid":{"rendered":"https:\/\/www.presi.com\/?post_type=product&#038;p=24850"},"modified":"2022-10-05T10:20:05","modified_gmt":"2022-10-05T08:20:05","slug":"schleifschlammabscheider-50l-kunststoffsack-und-3-absetzkammern","status":"publish","type":"product","link":"https:\/\/www.presi.com\/de\/produkt\/schleifschlammabscheider-50l-kunststoffsack-und-3-absetzkammern\/","title":{"rendered":"Schleifschlammabscheider 50L Kunststoffsack und 3 Absetzkammern"},"content":{"rendered":"<p>Schleifschlammabscheider 50L mit transparenten Deckel<\/p>\n<p>\u2013 3-Kammer Sedimentierbecken 50L<br \/>\n\u2013 Kammerw\u00e4nde herausnehmbar um einen Folieneinsatz zu erm\u00f6glichen<br \/>\n\u2013 1 St\u00fcck Folie zum leichten Reinigen<br \/>\n\u2013 hoher Auslauf von 500mm \u00fcber Boden, um Stemmarbeiten im Wandanschluss der Kanalisation zu vermeiden<br \/>\n\u2013 Fahrbar auf Rollen<br \/>\n\u2013 Auslauf \u00d850mm (f\u00fcr Standard 50mm HT-Rohr)<br \/>\n\u2013 Einlauf in Deckel \u00d853mm (Ablaufschlauch direkt einlegen, oder HT-50mm Rohr, so dass auch mehrere Schleifmaschinen gleichzeitig angeschlossen werden k\u00f6nnen.<\/p>\n<p>Abma\u00dfe:<\/p>\n<p>L\u00e4nge 45 cm \/ Breite 45 cm \/ H\u00f6he 65 cm<\/p>\n<p>Ein Schleifschlammabscheider funktioniert im Prinzip genauso wie eine Trennschlammabscheider. Beim Trennschlammabscheider wird das K\u00fchlwasser im Umlauf gefahren, beim Schleifschlammabscheider nicht, hier wird das Wasser normalerweise nach dem Schlammabscheider in die Kanalisation geleitet. Wie ein Schlammabscheider am Beispiel eines Trennschlammabscheiders prinzipiell funktioniert und verwendet wird,<a href=\"https:\/\/youtu.be\/90u5kgbh1JU\" target=\"_blank\" rel=\"noopener noreferrer\"><span style=\"background-color: #ccffff;\"> zeigt dieses Video.<\/span><\/a><\/p>\n<p>Zubeh\u00f6r:<\/p>\n<p>DE57171 Schwebeteilchenschutz. Partikel die an der Oberfl\u00e4che schwimmen und nicht zu Boden sinken, k\u00f6nnen hiermit zur\u00fcckgehalten werden. Diese Partikel m\u00fcssen von Zeit zu Zeit abgesch\u00f6pft werden<\/p>\n<p>DE57172 Filter. Der Filter kann nur in Verbindung mit dem Schebeteilchenschutz verwendet werden. Dieser 50\u00b5m Filter h\u00e4lt Schwebeteilchen zur\u00fcck, die nicht zum Absetzen neigen.<\/p>\n<p>DE57173 Zwei reisfeste Einsatzs\u00e4cke (f\u00fcr rechteckiges Sedimentierbecken DE57178). 2 S\u00e4cke sind im Lieferumfang des Sedimentierbeckens bereits dabei. Sie k\u00f6nnen diese S\u00e4cke durchaus wiederverwenden, m\u00f6chten Sie lieber neue S\u00e4cke einsetzten, k\u00f6nnen Sie zwei neue bestellen.<\/p>\n<p>DE53552 Nassstaubsauger. Beim Entleeren ist noch Wasser im Sedimentierbecken. Das Wasser kann mit dem Sauger abgesaugt werden und nach Einsetzen eines neuen Kunstoffsacks wieder in das Becken zur\u00fcckgegeben werden. Der Sauger enth\u00e4lt einen Auslaufschlauch, muss also nicht gekippt werden.<\/p>\n","protected":false},"excerpt":{"rendered":"<p>Schleifschlammabscheider 50L mit transparenten Deckel \u2013 3-Kammer Sedimentierbecken 50L \u2013 Kammerw\u00e4nde herausnehmbar um einen Folieneinsatz zu erm\u00f6glichen \u2013 1 St\u00fcck<\/p>\n","protected":false},"featured_media":24664,"template":"","meta":{"_acf_changed":false},"product_brand":[],"product_cat":[1433,1488],"product_tag":[],"class_list":{"0":"post-24850","1":"product","2":"type-product","3":"status-publish","4":"has-post-thumbnail","6":"product_cat-polieren-zubehor","7":"product_cat-labormobel-zubehor","9":"first","10":"instock","11":"shipping-taxable","12":"purchasable","13":"product-type-simple"},"acf":[],"yoast_head":"<!-- This site is optimized with the Yoast SEO plugin v27.2 - https:\/\/yoast.com\/product\/yoast-seo-wordpress\/ -->\n<title>Schleifschlammabscheider 50L Kunststoffsack und 3 Absetzkammern - Presi<\/title>\n<meta name=\"robots\" content=\"index, follow, max-snippet:-1, max-image-preview:large, max-video-preview:-1\" \/>\n<link rel=\"canonical\" href=\"https:\/\/www.presi.com\/de\/produkt\/schleifschlammabscheider-50l-kunststoffsack-und-3-absetzkammern\/\" \/>\n<meta property=\"og:locale\" content=\"de_DE\" \/>\n<meta property=\"og:type\" content=\"article\" \/>\n<meta property=\"og:title\" content=\"Schleifschlammabscheider 50L Kunststoffsack und 3 Absetzkammern - Presi\" \/>\n<meta property=\"og:description\" content=\"Schleifschlammabscheider 50L mit transparenten Deckel \u2013 3-Kammer Sedimentierbecken 50L \u2013 Kammerw\u00e4nde herausnehmbar um einen Folieneinsatz zu erm\u00f6glichen \u2013 1 St\u00fcck\" \/>\n<meta property=\"og:url\" content=\"https:\/\/www.presi.com\/de\/produkt\/schleifschlammabscheider-50l-kunststoffsack-und-3-absetzkammern\/\" \/>\n<meta property=\"og:site_name\" content=\"Presi\" \/>\n<meta property=\"article:modified_time\" content=\"2022-10-05T08:20:05+00:00\" \/>\n<meta property=\"og:image\" content=\"https:\/\/www.presi.com\/wp-content\/uploads\/2019\/09\/DE57170-sedimentaion-tank-I-e1568893216324.jpg\" \/>\n\t<meta property=\"og:image:width\" content=\"500\" \/>\n\t<meta property=\"og:image:height\" content=\"664\" \/>\n\t<meta property=\"og:image:type\" content=\"image\/jpeg\" \/>\n<meta name=\"twitter:card\" content=\"summary_large_image\" \/>\n<meta name=\"twitter:label1\" content=\"Gesch\u00e4tzte Lesezeit\" \/>\n\t<meta name=\"twitter:data1\" content=\"1\u00a0Minute\" \/>\n<script type=\"application\/ld+json\" class=\"yoast-schema-graph\">{\"@context\":\"https:\/\/schema.org\",\"@graph\":[{\"@type\":\"WebPage\",\"@id\":\"https:\/\/www.presi.com\/de\/produkt\/schleifschlammabscheider-50l-kunststoffsack-und-3-absetzkammern\/\",\"url\":\"https:\/\/www.presi.com\/de\/produkt\/schleifschlammabscheider-50l-kunststoffsack-und-3-absetzkammern\/\",\"name\":\"Schleifschlammabscheider 50L Kunststoffsack und 3 Absetzkammern - Presi\",\"isPartOf\":{\"@id\":\"https:\/\/www.presi.com\/en\/#website\"},\"primaryImageOfPage\":{\"@id\":\"https:\/\/www.presi.com\/de\/produkt\/schleifschlammabscheider-50l-kunststoffsack-und-3-absetzkammern\/#primaryimage\"},\"image\":{\"@id\":\"https:\/\/www.presi.com\/de\/produkt\/schleifschlammabscheider-50l-kunststoffsack-und-3-absetzkammern\/#primaryimage\"},\"thumbnailUrl\":\"https:\/\/www.presi.com\/wp-content\/uploads\/2019\/09\/DE57170-sedimentaion-tank-I-e1568893216324.jpg\",\"datePublished\":\"2019-10-08T07:13:57+00:00\",\"dateModified\":\"2022-10-05T08:20:05+00:00\",\"breadcrumb\":{\"@id\":\"https:\/\/www.presi.com\/de\/produkt\/schleifschlammabscheider-50l-kunststoffsack-und-3-absetzkammern\/#breadcrumb\"},\"inLanguage\":\"de\",\"potentialAction\":[{\"@type\":\"ReadAction\",\"target\":[\"https:\/\/www.presi.com\/de\/produkt\/schleifschlammabscheider-50l-kunststoffsack-und-3-absetzkammern\/\"]}]},{\"@type\":\"ImageObject\",\"inLanguage\":\"de\",\"@id\":\"https:\/\/www.presi.com\/de\/produkt\/schleifschlammabscheider-50l-kunststoffsack-und-3-absetzkammern\/#primaryimage\",\"url\":\"https:\/\/www.presi.com\/wp-content\/uploads\/2019\/09\/DE57170-sedimentaion-tank-I-e1568893216324.jpg\",\"contentUrl\":\"https:\/\/www.presi.com\/wp-content\/uploads\/2019\/09\/DE57170-sedimentaion-tank-I-e1568893216324.jpg\",\"width\":500,\"height\":664},{\"@type\":\"BreadcrumbList\",\"@id\":\"https:\/\/www.presi.com\/de\/produkt\/schleifschlammabscheider-50l-kunststoffsack-und-3-absetzkammern\/#breadcrumb\",\"itemListElement\":[{\"@type\":\"ListItem\",\"position\":1,\"name\":\"Accueil\",\"item\":\"https:\/\/www.presi.com\/de\/\"},{\"@type\":\"ListItem\",\"position\":2,\"name\":\"Gesch\u00e4ft\",\"item\":\"https:\/\/www.presi.com\/de\/geschaeft\/\"},{\"@type\":\"ListItem\",\"position\":3,\"name\":\"Schleifschlammabscheider 50L Kunststoffsack und 3 Absetzkammern\"}]},{\"@type\":\"WebSite\",\"@id\":\"https:\/\/www.presi.com\/en\/#website\",\"url\":\"https:\/\/www.presi.com\/en\/\",\"name\":\"Presi\",\"description\":\"M\u00e9tallographie - Machines pour analyse micrographique\",\"potentialAction\":[{\"@type\":\"SearchAction\",\"target\":{\"@type\":\"EntryPoint\",\"urlTemplate\":\"https:\/\/www.presi.com\/en\/?s={search_term_string}\"},\"query-input\":{\"@type\":\"PropertyValueSpecification\",\"valueRequired\":true,\"valueName\":\"search_term_string\"}}],\"inLanguage\":\"de\"}]}<\/script>\n<!-- \/ Yoast SEO plugin. -->","yoast_head_json":{"title":"Schleifschlammabscheider 50L Kunststoffsack und 3 Absetzkammern - Presi","robots":{"index":"index","follow":"follow","max-snippet":"max-snippet:-1","max-image-preview":"max-image-preview:large","max-video-preview":"max-video-preview:-1"},"canonical":"https:\/\/www.presi.com\/de\/produkt\/schleifschlammabscheider-50l-kunststoffsack-und-3-absetzkammern\/","og_locale":"de_DE","og_type":"article","og_title":"Schleifschlammabscheider 50L Kunststoffsack und 3 Absetzkammern - Presi","og_description":"Schleifschlammabscheider 50L mit transparenten Deckel \u2013 3-Kammer Sedimentierbecken 50L \u2013 Kammerw\u00e4nde herausnehmbar um einen Folieneinsatz zu erm\u00f6glichen \u2013 1 St\u00fcck","og_url":"https:\/\/www.presi.com\/de\/produkt\/schleifschlammabscheider-50l-kunststoffsack-und-3-absetzkammern\/","og_site_name":"Presi","article_modified_time":"2022-10-05T08:20:05+00:00","og_image":[{"width":500,"height":664,"url":"https:\/\/www.presi.com\/wp-content\/uploads\/2019\/09\/DE57170-sedimentaion-tank-I-e1568893216324.jpg","type":"image\/jpeg"}],"twitter_card":"summary_large_image","twitter_misc":{"Gesch\u00e4tzte Lesezeit":"1\u00a0Minute"},"schema":{"@context":"https:\/\/schema.org","@graph":[{"@type":"WebPage","@id":"https:\/\/www.presi.com\/de\/produkt\/schleifschlammabscheider-50l-kunststoffsack-und-3-absetzkammern\/","url":"https:\/\/www.presi.com\/de\/produkt\/schleifschlammabscheider-50l-kunststoffsack-und-3-absetzkammern\/","name":"Schleifschlammabscheider 50L Kunststoffsack und 3 Absetzkammern - Presi","isPartOf":{"@id":"https:\/\/www.presi.com\/en\/#website"},"primaryImageOfPage":{"@id":"https:\/\/www.presi.com\/de\/produkt\/schleifschlammabscheider-50l-kunststoffsack-und-3-absetzkammern\/#primaryimage"},"image":{"@id":"https:\/\/www.presi.com\/de\/produkt\/schleifschlammabscheider-50l-kunststoffsack-und-3-absetzkammern\/#primaryimage"},"thumbnailUrl":"https:\/\/www.presi.com\/wp-content\/uploads\/2019\/09\/DE57170-sedimentaion-tank-I-e1568893216324.jpg","datePublished":"2019-10-08T07:13:57+00:00","dateModified":"2022-10-05T08:20:05+00:00","breadcrumb":{"@id":"https:\/\/www.presi.com\/de\/produkt\/schleifschlammabscheider-50l-kunststoffsack-und-3-absetzkammern\/#breadcrumb"},"inLanguage":"de","potentialAction":[{"@type":"ReadAction","target":["https:\/\/www.presi.com\/de\/produkt\/schleifschlammabscheider-50l-kunststoffsack-und-3-absetzkammern\/"]}]},{"@type":"ImageObject","inLanguage":"de","@id":"https:\/\/www.presi.com\/de\/produkt\/schleifschlammabscheider-50l-kunststoffsack-und-3-absetzkammern\/#primaryimage","url":"https:\/\/www.presi.com\/wp-content\/uploads\/2019\/09\/DE57170-sedimentaion-tank-I-e1568893216324.jpg","contentUrl":"https:\/\/www.presi.com\/wp-content\/uploads\/2019\/09\/DE57170-sedimentaion-tank-I-e1568893216324.jpg","width":500,"height":664},{"@type":"BreadcrumbList","@id":"https:\/\/www.presi.com\/de\/produkt\/schleifschlammabscheider-50l-kunststoffsack-und-3-absetzkammern\/#breadcrumb","itemListElement":[{"@type":"ListItem","position":1,"name":"Accueil","item":"https:\/\/www.presi.com\/de\/"},{"@type":"ListItem","position":2,"name":"Gesch\u00e4ft","item":"https:\/\/www.presi.com\/de\/geschaeft\/"},{"@type":"ListItem","position":3,"name":"Schleifschlammabscheider 50L Kunststoffsack und 3 Absetzkammern"}]},{"@type":"WebSite","@id":"https:\/\/www.presi.com\/en\/#website","url":"https:\/\/www.presi.com\/en\/","name":"Presi","description":"M\u00e9tallographie - Machines pour analyse micrographique","potentialAction":[{"@type":"SearchAction","target":{"@type":"EntryPoint","urlTemplate":"https:\/\/www.presi.com\/en\/?s={search_term_string}"},"query-input":{"@type":"PropertyValueSpecification","valueRequired":true,"valueName":"search_term_string"}}],"inLanguage":"de"}]}},"_links":{"self":[{"href":"https:\/\/www.presi.com\/de\/wp-json\/wp\/v2\/product\/24850","targetHints":{"allow":["GET"]}}],"collection":[{"href":"https:\/\/www.presi.com\/de\/wp-json\/wp\/v2\/product"}],"about":[{"href":"https:\/\/www.presi.com\/de\/wp-json\/wp\/v2\/types\/product"}],"wp:featuredmedia":[{"embeddable":true,"href":"https:\/\/www.presi.com\/de\/wp-json\/wp\/v2\/media\/24664"}],"wp:attachment":[{"href":"https:\/\/www.presi.com\/de\/wp-json\/wp\/v2\/media?parent=24850"}],"wp:term":[{"taxonomy":"product_brand","embeddable":true,"href":"https:\/\/www.presi.com\/de\/wp-json\/wp\/v2\/product_brand?post=24850"},{"taxonomy":"product_cat","embeddable":true,"href":"https:\/\/www.presi.com\/de\/wp-json\/wp\/v2\/product_cat?post=24850"},{"taxonomy":"product_tag","embeddable":true,"href":"https:\/\/www.presi.com\/de\/wp-json\/wp\/v2\/product_tag?post=24850"}],"curies":[{"name":"wp","href":"https:\/\/api.w.org\/{rel}","templated":true}]}}