{"id":24853,"date":"2019-10-08T09:19:05","date_gmt":"2019-10-08T07:19:05","guid":{"rendered":"https:\/\/www.presi.com\/?post_type=product&#038;p=24853"},"modified":"2022-10-05T10:21:38","modified_gmt":"2022-10-05T08:21:38","slug":"trennschlammabscheider-50l-rund-inkl-deckeldichtung","status":"publish","type":"product","link":"https:\/\/www.presi.com\/de\/produkt\/trennschlammabscheider-50l-rund-inkl-deckeldichtung\/","title":{"rendered":"Trennschlammabscheider 50L rund inkl. Deckeldichtung"},"content":{"rendered":"<p>50L Sedimentierbecken mit Deckel, Deckeldichtung und Deckelspanner<br \/>\n\u2013 3-Kammer Sedimentierbecken 50L<br \/>\n\u2013 Kammerw\u00e4nde herausnehmbar um einen Folieneinsatz zu erm\u00f6glichen<br \/>\n\u2013 1 St\u00fcck Kunststoffsack zum leichten Reinigen<br \/>\n\u2013 Abmessungen rund \u00d8 400 mm (mit Deckelknopf ist die H\u00f6he 630mm)<br \/>\n\u2013 hoher Auslauf von 500mm \u00fcber Boden, um Stemmarbeiten im Wandanschluss der Kanalisation zu vermeiden<br \/>\n\u2013 Fahrbar auf Rollen<br \/>\n\u2013 Auslauf \u00d850mm (f\u00fcr Standard 50mm HT-Rohr)<br \/>\n\u2013 Einlauf in Deckel HT\u00d840mm.<br \/>\n\u2013 Deckel mit 4 Spannern und Dichtung<\/p>\n<p>Die Abb. zeigt des Becken mit einem typischen HT40 90\u00b0Einlaufstutzen und einem flexiblen HT50 auf HT40 Auslaufstutzen. Der Einlauf- und Auslaufstutzen geh\u00f6rt nicht zum Lieferumfang, die Stutzen im Bild zeigen nur eine M\u00f6glichkeit diesen Sedimentierbacken anzuschliessen.<\/p>\n<p>Wie eine Trennschlammabscheider prinzipiell funktioniert und verwendet wird,<a href=\"https:\/\/youtu.be\/90u5kgbh1JU\" target=\"_blank\" rel=\"noopener noreferrer\"><span style=\"background-color: #ccffff\"> zeigt dieses Video.<\/span><\/a><\/p>\n<p>&nbsp;<\/p>\n<p>Zubeh\u00f6r:<\/p>\n<p>DE57179 2 reisfeste Einsatzs\u00e4cke (f\u00fcr rechteckiges Sedimentierbecken DE57178). 2 S\u00e4cke sind im Lieferumfang des Sedimentierbeckens bereits dabei. Sie k\u00f6nnen diese S\u00e4cke durchaus wiederverwenden, m\u00f6chten Sie lieber neue S\u00e4cke einsetzten, k\u00f6nnen Sie zwei neue bestellen.<\/p>\n<p>DE53552 Nassstaubsauger. Beim Entleeren ist noch Wasser im Sedimentierbecken. Das Wasser kann mit dem Sauger abgesaugt werden und nach Einsetzen eines neuen Kunstoffsacks wieder in das Becken zur\u00fcckgegeben werden. Der Sauger enth\u00e4lt einen Auslaufschlauch, muss also nicht gekippt werden.<\/p>\n","protected":false},"excerpt":{"rendered":"<p>50L Sedimentierbecken mit Deckel, Deckeldichtung und Deckelspanner \u2013 3-Kammer Sedimentierbecken 50L \u2013 Kammerw\u00e4nde herausnehmbar um einen Folieneinsatz zu erm\u00f6glichen \u2013<\/p>\n","protected":false},"featured_media":24671,"template":"","meta":{"_acf_changed":false},"product_brand":[],"product_cat":[1488,1494],"product_tag":[],"class_list":{"0":"post-24853","1":"product","2":"type-product","3":"status-publish","4":"has-post-thumbnail","6":"product_cat-labormobel-zubehor","7":"product_cat-weiteres-zubehor","9":"first","10":"instock","11":"shipping-taxable","12":"purchasable","13":"product-type-simple"},"acf":[],"yoast_head":"<!-- This site is optimized with the Yoast SEO plugin v27.5 - https:\/\/yoast.com\/product\/yoast-seo-wordpress\/ -->\n<title>Trennschlammabscheider 50L rund inkl. Deckeldichtung - Presi<\/title>\n<meta name=\"robots\" content=\"index, follow, max-snippet:-1, max-image-preview:large, max-video-preview:-1\" \/>\n<link rel=\"canonical\" href=\"https:\/\/www.presi.com\/de\/produkt\/trennschlammabscheider-50l-rund-inkl-deckeldichtung\/\" \/>\n<meta property=\"og:locale\" content=\"de_DE\" \/>\n<meta property=\"og:type\" content=\"article\" \/>\n<meta property=\"og:title\" content=\"Trennschlammabscheider 50L rund inkl. Deckeldichtung - Presi\" \/>\n<meta property=\"og:description\" content=\"50L Sedimentierbecken mit Deckel, Deckeldichtung und Deckelspanner \u2013 3-Kammer Sedimentierbecken 50L \u2013 Kammerw\u00e4nde herausnehmbar um einen Folieneinsatz zu erm\u00f6glichen \u2013\" \/>\n<meta property=\"og:url\" content=\"https:\/\/www.presi.com\/de\/produkt\/trennschlammabscheider-50l-rund-inkl-deckeldichtung\/\" \/>\n<meta property=\"og:site_name\" content=\"Presi\" \/>\n<meta property=\"article:modified_time\" content=\"2022-10-05T08:21:38+00:00\" \/>\n<meta property=\"og:image\" content=\"https:\/\/www.presi.com\/wp-content\/uploads\/2019\/09\/20160721-geschlossenes-Sedimentierbecken-e1568898192935.jpg\" \/>\n\t<meta property=\"og:image:width\" content=\"500\" \/>\n\t<meta property=\"og:image:height\" content=\"659\" \/>\n\t<meta property=\"og:image:type\" content=\"image\/jpeg\" \/>\n<meta name=\"twitter:card\" content=\"summary_large_image\" \/>\n<meta name=\"twitter:label1\" content=\"Gesch\u00e4tzte Lesezeit\" \/>\n\t<meta name=\"twitter:data1\" content=\"1\u00a0Minute\" \/>\n<script type=\"application\/ld+json\" class=\"yoast-schema-graph\">{\"@context\":\"https:\\\/\\\/schema.org\",\"@graph\":[{\"@type\":\"WebPage\",\"@id\":\"https:\\\/\\\/www.presi.com\\\/de\\\/produkt\\\/trennschlammabscheider-50l-rund-inkl-deckeldichtung\\\/\",\"url\":\"https:\\\/\\\/www.presi.com\\\/de\\\/produkt\\\/trennschlammabscheider-50l-rund-inkl-deckeldichtung\\\/\",\"name\":\"Trennschlammabscheider 50L rund inkl. Deckeldichtung - Presi\",\"isPartOf\":{\"@id\":\"https:\\\/\\\/www.presi.com\\\/en\\\/#website\"},\"primaryImageOfPage\":{\"@id\":\"https:\\\/\\\/www.presi.com\\\/de\\\/produkt\\\/trennschlammabscheider-50l-rund-inkl-deckeldichtung\\\/#primaryimage\"},\"image\":{\"@id\":\"https:\\\/\\\/www.presi.com\\\/de\\\/produkt\\\/trennschlammabscheider-50l-rund-inkl-deckeldichtung\\\/#primaryimage\"},\"thumbnailUrl\":\"https:\\\/\\\/www.presi.com\\\/wp-content\\\/uploads\\\/2019\\\/09\\\/20160721-geschlossenes-Sedimentierbecken-e1568898192935.jpg\",\"datePublished\":\"2019-10-08T07:19:05+00:00\",\"dateModified\":\"2022-10-05T08:21:38+00:00\",\"breadcrumb\":{\"@id\":\"https:\\\/\\\/www.presi.com\\\/de\\\/produkt\\\/trennschlammabscheider-50l-rund-inkl-deckeldichtung\\\/#breadcrumb\"},\"inLanguage\":\"de\",\"potentialAction\":[{\"@type\":\"ReadAction\",\"target\":[\"https:\\\/\\\/www.presi.com\\\/de\\\/produkt\\\/trennschlammabscheider-50l-rund-inkl-deckeldichtung\\\/\"]}]},{\"@type\":\"ImageObject\",\"inLanguage\":\"de\",\"@id\":\"https:\\\/\\\/www.presi.com\\\/de\\\/produkt\\\/trennschlammabscheider-50l-rund-inkl-deckeldichtung\\\/#primaryimage\",\"url\":\"https:\\\/\\\/www.presi.com\\\/wp-content\\\/uploads\\\/2019\\\/09\\\/20160721-geschlossenes-Sedimentierbecken-e1568898192935.jpg\",\"contentUrl\":\"https:\\\/\\\/www.presi.com\\\/wp-content\\\/uploads\\\/2019\\\/09\\\/20160721-geschlossenes-Sedimentierbecken-e1568898192935.jpg\",\"width\":500,\"height\":659,\"caption\":\"DE57176 Trennschlammabscheider 50L\"},{\"@type\":\"BreadcrumbList\",\"@id\":\"https:\\\/\\\/www.presi.com\\\/de\\\/produkt\\\/trennschlammabscheider-50l-rund-inkl-deckeldichtung\\\/#breadcrumb\",\"itemListElement\":[{\"@type\":\"ListItem\",\"position\":1,\"name\":\"Accueil\",\"item\":\"https:\\\/\\\/www.presi.com\\\/de\\\/\"},{\"@type\":\"ListItem\",\"position\":2,\"name\":\"Gesch\u00e4ft\",\"item\":\"https:\\\/\\\/www.presi.com\\\/de\\\/geschaeft\\\/\"},{\"@type\":\"ListItem\",\"position\":3,\"name\":\"Trennschlammabscheider 50L rund inkl. Deckeldichtung\"}]},{\"@type\":\"WebSite\",\"@id\":\"https:\\\/\\\/www.presi.com\\\/en\\\/#website\",\"url\":\"https:\\\/\\\/www.presi.com\\\/en\\\/\",\"name\":\"Presi\",\"description\":\"M\u00e9tallographie - Machines pour analyse micrographique\",\"potentialAction\":[{\"@type\":\"SearchAction\",\"target\":{\"@type\":\"EntryPoint\",\"urlTemplate\":\"https:\\\/\\\/www.presi.com\\\/en\\\/?s={search_term_string}\"},\"query-input\":{\"@type\":\"PropertyValueSpecification\",\"valueRequired\":true,\"valueName\":\"search_term_string\"}}],\"inLanguage\":\"de\"}]}<\/script>\n<!-- \/ Yoast SEO plugin. -->","yoast_head_json":{"title":"Trennschlammabscheider 50L rund inkl. Deckeldichtung - Presi","robots":{"index":"index","follow":"follow","max-snippet":"max-snippet:-1","max-image-preview":"max-image-preview:large","max-video-preview":"max-video-preview:-1"},"canonical":"https:\/\/www.presi.com\/de\/produkt\/trennschlammabscheider-50l-rund-inkl-deckeldichtung\/","og_locale":"de_DE","og_type":"article","og_title":"Trennschlammabscheider 50L rund inkl. Deckeldichtung - Presi","og_description":"50L Sedimentierbecken mit Deckel, Deckeldichtung und Deckelspanner \u2013 3-Kammer Sedimentierbecken 50L \u2013 Kammerw\u00e4nde herausnehmbar um einen Folieneinsatz zu erm\u00f6glichen \u2013","og_url":"https:\/\/www.presi.com\/de\/produkt\/trennschlammabscheider-50l-rund-inkl-deckeldichtung\/","og_site_name":"Presi","article_modified_time":"2022-10-05T08:21:38+00:00","og_image":[{"width":500,"height":659,"url":"https:\/\/www.presi.com\/wp-content\/uploads\/2019\/09\/20160721-geschlossenes-Sedimentierbecken-e1568898192935.jpg","type":"image\/jpeg"}],"twitter_card":"summary_large_image","twitter_misc":{"Gesch\u00e4tzte Lesezeit":"1\u00a0Minute"},"schema":{"@context":"https:\/\/schema.org","@graph":[{"@type":"WebPage","@id":"https:\/\/www.presi.com\/de\/produkt\/trennschlammabscheider-50l-rund-inkl-deckeldichtung\/","url":"https:\/\/www.presi.com\/de\/produkt\/trennschlammabscheider-50l-rund-inkl-deckeldichtung\/","name":"Trennschlammabscheider 50L rund inkl. Deckeldichtung - Presi","isPartOf":{"@id":"https:\/\/www.presi.com\/en\/#website"},"primaryImageOfPage":{"@id":"https:\/\/www.presi.com\/de\/produkt\/trennschlammabscheider-50l-rund-inkl-deckeldichtung\/#primaryimage"},"image":{"@id":"https:\/\/www.presi.com\/de\/produkt\/trennschlammabscheider-50l-rund-inkl-deckeldichtung\/#primaryimage"},"thumbnailUrl":"https:\/\/www.presi.com\/wp-content\/uploads\/2019\/09\/20160721-geschlossenes-Sedimentierbecken-e1568898192935.jpg","datePublished":"2019-10-08T07:19:05+00:00","dateModified":"2022-10-05T08:21:38+00:00","breadcrumb":{"@id":"https:\/\/www.presi.com\/de\/produkt\/trennschlammabscheider-50l-rund-inkl-deckeldichtung\/#breadcrumb"},"inLanguage":"de","potentialAction":[{"@type":"ReadAction","target":["https:\/\/www.presi.com\/de\/produkt\/trennschlammabscheider-50l-rund-inkl-deckeldichtung\/"]}]},{"@type":"ImageObject","inLanguage":"de","@id":"https:\/\/www.presi.com\/de\/produkt\/trennschlammabscheider-50l-rund-inkl-deckeldichtung\/#primaryimage","url":"https:\/\/www.presi.com\/wp-content\/uploads\/2019\/09\/20160721-geschlossenes-Sedimentierbecken-e1568898192935.jpg","contentUrl":"https:\/\/www.presi.com\/wp-content\/uploads\/2019\/09\/20160721-geschlossenes-Sedimentierbecken-e1568898192935.jpg","width":500,"height":659,"caption":"DE57176 Trennschlammabscheider 50L"},{"@type":"BreadcrumbList","@id":"https:\/\/www.presi.com\/de\/produkt\/trennschlammabscheider-50l-rund-inkl-deckeldichtung\/#breadcrumb","itemListElement":[{"@type":"ListItem","position":1,"name":"Accueil","item":"https:\/\/www.presi.com\/de\/"},{"@type":"ListItem","position":2,"name":"Gesch\u00e4ft","item":"https:\/\/www.presi.com\/de\/geschaeft\/"},{"@type":"ListItem","position":3,"name":"Trennschlammabscheider 50L rund inkl. Deckeldichtung"}]},{"@type":"WebSite","@id":"https:\/\/www.presi.com\/en\/#website","url":"https:\/\/www.presi.com\/en\/","name":"Presi","description":"M\u00e9tallographie - Machines pour analyse micrographique","potentialAction":[{"@type":"SearchAction","target":{"@type":"EntryPoint","urlTemplate":"https:\/\/www.presi.com\/en\/?s={search_term_string}"},"query-input":{"@type":"PropertyValueSpecification","valueRequired":true,"valueName":"search_term_string"}}],"inLanguage":"de"}]}},"_links":{"self":[{"href":"https:\/\/www.presi.com\/de\/wp-json\/wp\/v2\/product\/24853","targetHints":{"allow":["GET"]}}],"collection":[{"href":"https:\/\/www.presi.com\/de\/wp-json\/wp\/v2\/product"}],"about":[{"href":"https:\/\/www.presi.com\/de\/wp-json\/wp\/v2\/types\/product"}],"wp:featuredmedia":[{"embeddable":true,"href":"https:\/\/www.presi.com\/de\/wp-json\/wp\/v2\/media\/24671"}],"wp:attachment":[{"href":"https:\/\/www.presi.com\/de\/wp-json\/wp\/v2\/media?parent=24853"}],"wp:term":[{"taxonomy":"product_brand","embeddable":true,"href":"https:\/\/www.presi.com\/de\/wp-json\/wp\/v2\/product_brand?post=24853"},{"taxonomy":"product_cat","embeddable":true,"href":"https:\/\/www.presi.com\/de\/wp-json\/wp\/v2\/product_cat?post=24853"},{"taxonomy":"product_tag","embeddable":true,"href":"https:\/\/www.presi.com\/de\/wp-json\/wp\/v2\/product_tag?post=24853"}],"curies":[{"name":"wp","href":"https:\/\/api.w.org\/{rel}","templated":true}]}}