{"id":24863,"date":"2019-10-08T09:45:02","date_gmt":"2019-10-08T07:45:02","guid":{"rendered":"https:\/\/www.presi.com\/?post_type=product&#038;p=24863"},"modified":"2022-10-05T10:25:30","modified_gmt":"2022-10-05T08:25:30","slug":"3-kammer-sedimentierbecken-65l-rechteckig","status":"publish","type":"product","link":"https:\/\/www.presi.com\/de\/produkt\/3-kammer-sedimentierbecken-65l-rechteckig\/","title":{"rendered":"3 Kammer-Trennschlammabscheider 65L rechteckig"},"content":{"rendered":"<p>3 Kammer-Sedimentierbecken (Trennschlammabscheider) 65L rechteckig<br \/>\n&#8211; wird zwischen Trennmaschine und Umlaufk\u00fchleinheit (UKE) eingebaut, f\u00fcr makt\u00fcbliche Trennmaschinen mit 40er Ablauf, wenn Ablauf gr\u00f6\u00dfer bitte Info (passt neben die UKE im Presi Stahlunterbauschrank 51010).<\/p>\n<p>Wie der Trennschlammabscheider funktioniert und wie er zwischen Trennmaschine und UKE eingefpgt wird, <a href=\"https:\/\/youtu.be\/90u5kgbh1JU\" target=\"_blank\" rel=\"noopener noreferrer\"><span style=\"background-color: #ccffff;\">zeigt dieses VIDEO.<\/span><\/a><\/p>\n<p>Abmessung:<br \/>\n(BxTxH) 200x600x765mm<br \/>\n2 herausnehmbare Zwischenw\u00e4nde<br \/>\nDeckel mit Dichtung und 4 Spannern<br \/>\nEinlaufmuffe HT40mm im Deckel<br \/>\nAuslauf f\u00fcr HT50mm<br \/>\nFahrbar auf Rollen<br \/>\n2 rei\u00dffeste Kunststoffs\u00e4cke zum einfachen Entfernen des Trennschlamms<\/p>\n<p>&nbsp;<\/p>\n<p>Zubeh\u00f6r:<\/p>\n<p>DE57171 Schwebeteilchenschutz. Partikel die an der Oberfl\u00e4che schwimmen und nicht zu Boden sinken, k\u00f6nnen hiermit zur\u00fcckgehalten werden. Diese Partikel m\u00fcssen von Zeit zu Zeit abgesch\u00f6pft werden<\/p>\n<p>DE57172 Filter. Der Filter kann nur in Verbindung mit dem Schebeteilchenschutz verwendet werden. Dieser 50\u00b5m Filter h\u00e4lt Schwebeteilchen zur\u00fcck, die nicht zum Absetzen neigen.<\/p>\n<p>DE57179 2 reisfeste Einsatzs\u00e4cke (f\u00fcr rechteckiges Sedimentierbecken DE57178). 2 S\u00e4cke sind im Lieferumfang des Sedimentierbeckens bereits dabei. Sie k\u00f6nnen diese S\u00e4cke durchaus wiederverwenden, m\u00f6chten Sie lieber neue S\u00e4cke einsetzten, k\u00f6nnen Sie zwei neue bestellen.<\/p>\n<p>DE53552 Nassstaubsauger. Beim Entleeren ist noch Wasser im Sedimentierbecken. Das Wasser kann mit dem Sauger abgesaugt werden und nach Einsetzen eines neuen Kunstoffsacks wieder in das Becken zur\u00fcckgegeben werden. Der Sauger enth\u00e4lt einen Auslaufschlauch, muss also nicht gekippt werden.<\/p>\n","protected":false},"excerpt":{"rendered":"<p>3 Kammer-Sedimentierbecken (Trennschlammabscheider) 65L rechteckig &#8211; wird zwischen Trennmaschine und Umlaufk\u00fchleinheit (UKE) eingebaut, f\u00fcr makt\u00fcbliche Trennmaschinen mit 40er Ablauf, wenn<\/p>\n","protected":false},"featured_media":12970,"template":"","meta":{"_acf_changed":false},"product_brand":[],"product_cat":[1488,1494],"product_tag":[],"class_list":{"0":"post-24863","1":"product","2":"type-product","3":"status-publish","4":"has-post-thumbnail","6":"product_cat-labormobel-zubehor","7":"product_cat-weiteres-zubehor","9":"first","10":"instock","11":"shipping-taxable","12":"purchasable","13":"product-type-simple"},"acf":[],"yoast_head":"<!-- This site is optimized with the Yoast SEO plugin v27.5 - https:\/\/yoast.com\/product\/yoast-seo-wordpress\/ -->\n<title>3 Kammer-Trennschlammabscheider 65L rechteckig - Presi<\/title>\n<meta name=\"robots\" content=\"index, follow, max-snippet:-1, max-image-preview:large, max-video-preview:-1\" \/>\n<link rel=\"canonical\" href=\"https:\/\/www.presi.com\/de\/produkt\/3-kammer-sedimentierbecken-65l-rechteckig\/\" \/>\n<meta property=\"og:locale\" content=\"de_DE\" \/>\n<meta property=\"og:type\" content=\"article\" \/>\n<meta property=\"og:title\" content=\"3 Kammer-Trennschlammabscheider 65L rechteckig - Presi\" \/>\n<meta property=\"og:description\" content=\"3 Kammer-Sedimentierbecken (Trennschlammabscheider) 65L rechteckig &#8211; wird zwischen Trennmaschine und Umlaufk\u00fchleinheit (UKE) eingebaut, f\u00fcr makt\u00fcbliche Trennmaschinen mit 40er Ablauf, wenn\" \/>\n<meta property=\"og:url\" content=\"https:\/\/www.presi.com\/de\/produkt\/3-kammer-sedimentierbecken-65l-rechteckig\/\" \/>\n<meta property=\"og:site_name\" content=\"Presi\" \/>\n<meta property=\"article:modified_time\" content=\"2022-10-05T08:25:30+00:00\" \/>\n<meta property=\"og:image\" content=\"https:\/\/www.presi.com\/wp-content\/uploads\/2018\/04\/1493-Sedimentierbecken-600x200x730-TxBxH-fur-Presi-Stahlunterbauschrank-51010.jpg\" \/>\n\t<meta property=\"og:image:width\" content=\"1421\" \/>\n\t<meta property=\"og:image:height\" content=\"1111\" \/>\n\t<meta property=\"og:image:type\" content=\"image\/jpeg\" \/>\n<meta name=\"twitter:card\" content=\"summary_large_image\" \/>\n<meta name=\"twitter:label1\" content=\"Gesch\u00e4tzte Lesezeit\" \/>\n\t<meta name=\"twitter:data1\" content=\"1\u00a0Minute\" \/>\n<script type=\"application\/ld+json\" class=\"yoast-schema-graph\">{\"@context\":\"https:\\\/\\\/schema.org\",\"@graph\":[{\"@type\":\"WebPage\",\"@id\":\"https:\\\/\\\/www.presi.com\\\/de\\\/produkt\\\/3-kammer-sedimentierbecken-65l-rechteckig\\\/\",\"url\":\"https:\\\/\\\/www.presi.com\\\/de\\\/produkt\\\/3-kammer-sedimentierbecken-65l-rechteckig\\\/\",\"name\":\"3 Kammer-Trennschlammabscheider 65L rechteckig - Presi\",\"isPartOf\":{\"@id\":\"https:\\\/\\\/www.presi.com\\\/en\\\/#website\"},\"primaryImageOfPage\":{\"@id\":\"https:\\\/\\\/www.presi.com\\\/de\\\/produkt\\\/3-kammer-sedimentierbecken-65l-rechteckig\\\/#primaryimage\"},\"image\":{\"@id\":\"https:\\\/\\\/www.presi.com\\\/de\\\/produkt\\\/3-kammer-sedimentierbecken-65l-rechteckig\\\/#primaryimage\"},\"thumbnailUrl\":\"https:\\\/\\\/www.presi.com\\\/wp-content\\\/uploads\\\/2018\\\/04\\\/1493-Sedimentierbecken-600x200x730-TxBxH-fur-Presi-Stahlunterbauschrank-51010.jpg\",\"datePublished\":\"2019-10-08T07:45:02+00:00\",\"dateModified\":\"2022-10-05T08:25:30+00:00\",\"breadcrumb\":{\"@id\":\"https:\\\/\\\/www.presi.com\\\/de\\\/produkt\\\/3-kammer-sedimentierbecken-65l-rechteckig\\\/#breadcrumb\"},\"inLanguage\":\"de\",\"potentialAction\":[{\"@type\":\"ReadAction\",\"target\":[\"https:\\\/\\\/www.presi.com\\\/de\\\/produkt\\\/3-kammer-sedimentierbecken-65l-rechteckig\\\/\"]}]},{\"@type\":\"ImageObject\",\"inLanguage\":\"de\",\"@id\":\"https:\\\/\\\/www.presi.com\\\/de\\\/produkt\\\/3-kammer-sedimentierbecken-65l-rechteckig\\\/#primaryimage\",\"url\":\"https:\\\/\\\/www.presi.com\\\/wp-content\\\/uploads\\\/2018\\\/04\\\/1493-Sedimentierbecken-600x200x730-TxBxH-fur-Presi-Stahlunterbauschrank-51010.jpg\",\"contentUrl\":\"https:\\\/\\\/www.presi.com\\\/wp-content\\\/uploads\\\/2018\\\/04\\\/1493-Sedimentierbecken-600x200x730-TxBxH-fur-Presi-Stahlunterbauschrank-51010.jpg\",\"width\":1421,\"height\":1111,\"caption\":\"Sedimentierbecken 600x200x730 (TxBxH) f\u00fcr Presi Stahlunterbauschrank 51010\"},{\"@type\":\"BreadcrumbList\",\"@id\":\"https:\\\/\\\/www.presi.com\\\/de\\\/produkt\\\/3-kammer-sedimentierbecken-65l-rechteckig\\\/#breadcrumb\",\"itemListElement\":[{\"@type\":\"ListItem\",\"position\":1,\"name\":\"Accueil\",\"item\":\"https:\\\/\\\/www.presi.com\\\/de\\\/\"},{\"@type\":\"ListItem\",\"position\":2,\"name\":\"Gesch\u00e4ft\",\"item\":\"https:\\\/\\\/www.presi.com\\\/de\\\/geschaeft\\\/\"},{\"@type\":\"ListItem\",\"position\":3,\"name\":\"3 Kammer-Trennschlammabscheider 65L rechteckig\"}]},{\"@type\":\"WebSite\",\"@id\":\"https:\\\/\\\/www.presi.com\\\/en\\\/#website\",\"url\":\"https:\\\/\\\/www.presi.com\\\/en\\\/\",\"name\":\"Presi\",\"description\":\"M\u00e9tallographie - Machines pour analyse micrographique\",\"potentialAction\":[{\"@type\":\"SearchAction\",\"target\":{\"@type\":\"EntryPoint\",\"urlTemplate\":\"https:\\\/\\\/www.presi.com\\\/en\\\/?s={search_term_string}\"},\"query-input\":{\"@type\":\"PropertyValueSpecification\",\"valueRequired\":true,\"valueName\":\"search_term_string\"}}],\"inLanguage\":\"de\"}]}<\/script>\n<!-- \/ Yoast SEO plugin. -->","yoast_head_json":{"title":"3 Kammer-Trennschlammabscheider 65L rechteckig - Presi","robots":{"index":"index","follow":"follow","max-snippet":"max-snippet:-1","max-image-preview":"max-image-preview:large","max-video-preview":"max-video-preview:-1"},"canonical":"https:\/\/www.presi.com\/de\/produkt\/3-kammer-sedimentierbecken-65l-rechteckig\/","og_locale":"de_DE","og_type":"article","og_title":"3 Kammer-Trennschlammabscheider 65L rechteckig - Presi","og_description":"3 Kammer-Sedimentierbecken (Trennschlammabscheider) 65L rechteckig &#8211; wird zwischen Trennmaschine und Umlaufk\u00fchleinheit (UKE) eingebaut, f\u00fcr makt\u00fcbliche Trennmaschinen mit 40er Ablauf, wenn","og_url":"https:\/\/www.presi.com\/de\/produkt\/3-kammer-sedimentierbecken-65l-rechteckig\/","og_site_name":"Presi","article_modified_time":"2022-10-05T08:25:30+00:00","og_image":[{"width":1421,"height":1111,"url":"https:\/\/www.presi.com\/wp-content\/uploads\/2018\/04\/1493-Sedimentierbecken-600x200x730-TxBxH-fur-Presi-Stahlunterbauschrank-51010.jpg","type":"image\/jpeg"}],"twitter_card":"summary_large_image","twitter_misc":{"Gesch\u00e4tzte Lesezeit":"1\u00a0Minute"},"schema":{"@context":"https:\/\/schema.org","@graph":[{"@type":"WebPage","@id":"https:\/\/www.presi.com\/de\/produkt\/3-kammer-sedimentierbecken-65l-rechteckig\/","url":"https:\/\/www.presi.com\/de\/produkt\/3-kammer-sedimentierbecken-65l-rechteckig\/","name":"3 Kammer-Trennschlammabscheider 65L rechteckig - Presi","isPartOf":{"@id":"https:\/\/www.presi.com\/en\/#website"},"primaryImageOfPage":{"@id":"https:\/\/www.presi.com\/de\/produkt\/3-kammer-sedimentierbecken-65l-rechteckig\/#primaryimage"},"image":{"@id":"https:\/\/www.presi.com\/de\/produkt\/3-kammer-sedimentierbecken-65l-rechteckig\/#primaryimage"},"thumbnailUrl":"https:\/\/www.presi.com\/wp-content\/uploads\/2018\/04\/1493-Sedimentierbecken-600x200x730-TxBxH-fur-Presi-Stahlunterbauschrank-51010.jpg","datePublished":"2019-10-08T07:45:02+00:00","dateModified":"2022-10-05T08:25:30+00:00","breadcrumb":{"@id":"https:\/\/www.presi.com\/de\/produkt\/3-kammer-sedimentierbecken-65l-rechteckig\/#breadcrumb"},"inLanguage":"de","potentialAction":[{"@type":"ReadAction","target":["https:\/\/www.presi.com\/de\/produkt\/3-kammer-sedimentierbecken-65l-rechteckig\/"]}]},{"@type":"ImageObject","inLanguage":"de","@id":"https:\/\/www.presi.com\/de\/produkt\/3-kammer-sedimentierbecken-65l-rechteckig\/#primaryimage","url":"https:\/\/www.presi.com\/wp-content\/uploads\/2018\/04\/1493-Sedimentierbecken-600x200x730-TxBxH-fur-Presi-Stahlunterbauschrank-51010.jpg","contentUrl":"https:\/\/www.presi.com\/wp-content\/uploads\/2018\/04\/1493-Sedimentierbecken-600x200x730-TxBxH-fur-Presi-Stahlunterbauschrank-51010.jpg","width":1421,"height":1111,"caption":"Sedimentierbecken 600x200x730 (TxBxH) f\u00fcr Presi Stahlunterbauschrank 51010"},{"@type":"BreadcrumbList","@id":"https:\/\/www.presi.com\/de\/produkt\/3-kammer-sedimentierbecken-65l-rechteckig\/#breadcrumb","itemListElement":[{"@type":"ListItem","position":1,"name":"Accueil","item":"https:\/\/www.presi.com\/de\/"},{"@type":"ListItem","position":2,"name":"Gesch\u00e4ft","item":"https:\/\/www.presi.com\/de\/geschaeft\/"},{"@type":"ListItem","position":3,"name":"3 Kammer-Trennschlammabscheider 65L rechteckig"}]},{"@type":"WebSite","@id":"https:\/\/www.presi.com\/en\/#website","url":"https:\/\/www.presi.com\/en\/","name":"Presi","description":"M\u00e9tallographie - Machines pour analyse micrographique","potentialAction":[{"@type":"SearchAction","target":{"@type":"EntryPoint","urlTemplate":"https:\/\/www.presi.com\/en\/?s={search_term_string}"},"query-input":{"@type":"PropertyValueSpecification","valueRequired":true,"valueName":"search_term_string"}}],"inLanguage":"de"}]}},"_links":{"self":[{"href":"https:\/\/www.presi.com\/de\/wp-json\/wp\/v2\/product\/24863","targetHints":{"allow":["GET"]}}],"collection":[{"href":"https:\/\/www.presi.com\/de\/wp-json\/wp\/v2\/product"}],"about":[{"href":"https:\/\/www.presi.com\/de\/wp-json\/wp\/v2\/types\/product"}],"wp:featuredmedia":[{"embeddable":true,"href":"https:\/\/www.presi.com\/de\/wp-json\/wp\/v2\/media\/12970"}],"wp:attachment":[{"href":"https:\/\/www.presi.com\/de\/wp-json\/wp\/v2\/media?parent=24863"}],"wp:term":[{"taxonomy":"product_brand","embeddable":true,"href":"https:\/\/www.presi.com\/de\/wp-json\/wp\/v2\/product_brand?post=24863"},{"taxonomy":"product_cat","embeddable":true,"href":"https:\/\/www.presi.com\/de\/wp-json\/wp\/v2\/product_cat?post=24863"},{"taxonomy":"product_tag","embeddable":true,"href":"https:\/\/www.presi.com\/de\/wp-json\/wp\/v2\/product_tag?post=24863"}],"curies":[{"name":"wp","href":"https:\/\/api.w.org\/{rel}","templated":true}]}}