{"id":24896,"date":"2019-10-08T11:05:08","date_gmt":"2019-10-08T09:05:08","guid":{"rendered":"https:\/\/www.presi.com\/?post_type=product&#038;p=24896"},"modified":"2020-05-04T12:30:32","modified_gmt":"2020-05-04T10:30:32","slug":"schlifftrockner-alstischmodel","status":"publish","type":"product","link":"https:\/\/www.presi.com\/de\/produkt\/schlifftrockner-alstischmodel\/","title":{"rendered":"Schlifftrockner als Tischmodel"},"content":{"rendered":"<p>Probentrockner als Tischmodell<\/p>\n<p>Wir haben hier ein <a href=\"https:\/\/youtu.be\/YKCO-UGyTxc\" target=\"_blank\" rel=\"noopener noreferrer\"><span style=\"background-color: #ccffff\">kurzes Video erstellt um den Tischtrockner zu erkl\u00e4ren<\/span><\/a>.<\/p>\n<p>Beschreibung\/Technische Daten<\/p>\n<p>\u2013 Automatisches Ein- \/ Ausschalten \u00fcber Infrarot-Sensor<br \/>\n\u2013 Luftleistung ca. 53Liter\/Sek<br \/>\n\u2013 Anschlusswert 2,1 KW<br \/>\n&#8211; Inklusive Anschlusskabel und Stecker<br \/>\n&#8211; Nachlaufzeit nach Entfernen der Probe(n) nur ca. 4 Sek!<br \/>\n&#8211; Maximale Trocknungszeit ca. 1min<br \/>\n&#8211; Lufttemperatur ca. 60\u00b0C<br \/>\n&#8211; Edelstahlwanne gelocht f\u00fcr Trocknung mehrerer Proben gleichzeitig<br \/>\n&#8211; Edelstahlauffangschale<br \/>\n&#8211; Aluminiumprofilgestell<br \/>\n&#8211; Ma\u00dfe: B 300 x T 450 x H 510 mm<\/p>\n<p>Achtung: Der Trockner erw\u00e4rmt die angesaugte Luft \u00fcber Heizdr\u00e4hte. Der Trockner darf nicht in einer Atmosph\u00e4re betrieben werden in denen entz\u00fcndliche Gase in den Trockner gesaugt werden k\u00f6nnen.<\/p>\n","protected":false},"excerpt":{"rendered":"<p>Probentrockner als Tischmodell Wir haben hier ein kurzes Video erstellt um den Tischtrockner zu erkl\u00e4ren. Beschreibung\/Technische Daten \u2013 Automatisches Ein-<\/p>\n","protected":false},"featured_media":24897,"template":"","meta":{"_acf_changed":false},"product_brand":[],"product_cat":[1488],"product_tag":[],"class_list":{"0":"post-24896","1":"product","2":"type-product","3":"status-publish","4":"has-post-thumbnail","6":"product_cat-labormobel-zubehor","8":"first","9":"instock","10":"shipping-taxable","11":"product-type-simple"},"acf":[],"yoast_head":"<!-- This site is optimized with the Yoast SEO plugin v27.5 - https:\/\/yoast.com\/product\/yoast-seo-wordpress\/ -->\n<title>Schlifftrockner als Tischmodel - Presi<\/title>\n<meta name=\"robots\" content=\"index, follow, max-snippet:-1, max-image-preview:large, max-video-preview:-1\" \/>\n<link rel=\"canonical\" href=\"https:\/\/www.presi.com\/de\/produkt\/schlifftrockner-alstischmodel\/\" \/>\n<meta property=\"og:locale\" content=\"de_DE\" \/>\n<meta property=\"og:type\" content=\"article\" \/>\n<meta property=\"og:title\" content=\"Schlifftrockner als Tischmodel - Presi\" \/>\n<meta property=\"og:description\" content=\"Probentrockner als Tischmodell Wir haben hier ein kurzes Video erstellt um den Tischtrockner zu erkl\u00e4ren. Beschreibung\/Technische Daten \u2013 Automatisches Ein-\" \/>\n<meta property=\"og:url\" content=\"https:\/\/www.presi.com\/de\/produkt\/schlifftrockner-alstischmodel\/\" \/>\n<meta property=\"og:site_name\" content=\"Presi\" \/>\n<meta property=\"article:modified_time\" content=\"2020-05-04T10:30:32+00:00\" \/>\n<meta property=\"og:image\" content=\"https:\/\/www.presi.com\/wp-content\/uploads\/2019\/10\/table-top-dryer-black-series.jpg\" \/>\n\t<meta property=\"og:image:width\" content=\"369\" \/>\n\t<meta property=\"og:image:height\" content=\"600\" \/>\n\t<meta property=\"og:image:type\" content=\"image\/jpeg\" \/>\n<meta name=\"twitter:card\" content=\"summary_large_image\" \/>\n<meta name=\"twitter:label1\" content=\"Gesch\u00e4tzte Lesezeit\" \/>\n\t<meta name=\"twitter:data1\" content=\"1\u00a0Minute\" \/>\n<script type=\"application\/ld+json\" class=\"yoast-schema-graph\">{\"@context\":\"https:\\\/\\\/schema.org\",\"@graph\":[{\"@type\":\"WebPage\",\"@id\":\"https:\\\/\\\/www.presi.com\\\/de\\\/produkt\\\/schlifftrockner-alstischmodel\\\/\",\"url\":\"https:\\\/\\\/www.presi.com\\\/de\\\/produkt\\\/schlifftrockner-alstischmodel\\\/\",\"name\":\"Schlifftrockner als Tischmodel - Presi\",\"isPartOf\":{\"@id\":\"https:\\\/\\\/www.presi.com\\\/en\\\/#website\"},\"primaryImageOfPage\":{\"@id\":\"https:\\\/\\\/www.presi.com\\\/de\\\/produkt\\\/schlifftrockner-alstischmodel\\\/#primaryimage\"},\"image\":{\"@id\":\"https:\\\/\\\/www.presi.com\\\/de\\\/produkt\\\/schlifftrockner-alstischmodel\\\/#primaryimage\"},\"thumbnailUrl\":\"https:\\\/\\\/www.presi.com\\\/wp-content\\\/uploads\\\/2019\\\/10\\\/table-top-dryer-black-series.jpg\",\"datePublished\":\"2019-10-08T09:05:08+00:00\",\"dateModified\":\"2020-05-04T10:30:32+00:00\",\"breadcrumb\":{\"@id\":\"https:\\\/\\\/www.presi.com\\\/de\\\/produkt\\\/schlifftrockner-alstischmodel\\\/#breadcrumb\"},\"inLanguage\":\"de\",\"potentialAction\":[{\"@type\":\"ReadAction\",\"target\":[\"https:\\\/\\\/www.presi.com\\\/de\\\/produkt\\\/schlifftrockner-alstischmodel\\\/\"]}]},{\"@type\":\"ImageObject\",\"inLanguage\":\"de\",\"@id\":\"https:\\\/\\\/www.presi.com\\\/de\\\/produkt\\\/schlifftrockner-alstischmodel\\\/#primaryimage\",\"url\":\"https:\\\/\\\/www.presi.com\\\/wp-content\\\/uploads\\\/2019\\\/10\\\/table-top-dryer-black-series.jpg\",\"contentUrl\":\"https:\\\/\\\/www.presi.com\\\/wp-content\\\/uploads\\\/2019\\\/10\\\/table-top-dryer-black-series.jpg\",\"width\":369,\"height\":600},{\"@type\":\"BreadcrumbList\",\"@id\":\"https:\\\/\\\/www.presi.com\\\/de\\\/produkt\\\/schlifftrockner-alstischmodel\\\/#breadcrumb\",\"itemListElement\":[{\"@type\":\"ListItem\",\"position\":1,\"name\":\"Accueil\",\"item\":\"https:\\\/\\\/www.presi.com\\\/de\\\/\"},{\"@type\":\"ListItem\",\"position\":2,\"name\":\"Gesch\u00e4ft\",\"item\":\"https:\\\/\\\/www.presi.com\\\/de\\\/geschaeft\\\/\"},{\"@type\":\"ListItem\",\"position\":3,\"name\":\"Schlifftrockner als Tischmodel\"}]},{\"@type\":\"WebSite\",\"@id\":\"https:\\\/\\\/www.presi.com\\\/en\\\/#website\",\"url\":\"https:\\\/\\\/www.presi.com\\\/en\\\/\",\"name\":\"Presi\",\"description\":\"M\u00e9tallographie - Machines pour analyse micrographique\",\"potentialAction\":[{\"@type\":\"SearchAction\",\"target\":{\"@type\":\"EntryPoint\",\"urlTemplate\":\"https:\\\/\\\/www.presi.com\\\/en\\\/?s={search_term_string}\"},\"query-input\":{\"@type\":\"PropertyValueSpecification\",\"valueRequired\":true,\"valueName\":\"search_term_string\"}}],\"inLanguage\":\"de\"}]}<\/script>\n<!-- \/ Yoast SEO plugin. -->","yoast_head_json":{"title":"Schlifftrockner als Tischmodel - Presi","robots":{"index":"index","follow":"follow","max-snippet":"max-snippet:-1","max-image-preview":"max-image-preview:large","max-video-preview":"max-video-preview:-1"},"canonical":"https:\/\/www.presi.com\/de\/produkt\/schlifftrockner-alstischmodel\/","og_locale":"de_DE","og_type":"article","og_title":"Schlifftrockner als Tischmodel - Presi","og_description":"Probentrockner als Tischmodell Wir haben hier ein kurzes Video erstellt um den Tischtrockner zu erkl\u00e4ren. Beschreibung\/Technische Daten \u2013 Automatisches Ein-","og_url":"https:\/\/www.presi.com\/de\/produkt\/schlifftrockner-alstischmodel\/","og_site_name":"Presi","article_modified_time":"2020-05-04T10:30:32+00:00","og_image":[{"width":369,"height":600,"url":"https:\/\/www.presi.com\/wp-content\/uploads\/2019\/10\/table-top-dryer-black-series.jpg","type":"image\/jpeg"}],"twitter_card":"summary_large_image","twitter_misc":{"Gesch\u00e4tzte Lesezeit":"1\u00a0Minute"},"schema":{"@context":"https:\/\/schema.org","@graph":[{"@type":"WebPage","@id":"https:\/\/www.presi.com\/de\/produkt\/schlifftrockner-alstischmodel\/","url":"https:\/\/www.presi.com\/de\/produkt\/schlifftrockner-alstischmodel\/","name":"Schlifftrockner als Tischmodel - Presi","isPartOf":{"@id":"https:\/\/www.presi.com\/en\/#website"},"primaryImageOfPage":{"@id":"https:\/\/www.presi.com\/de\/produkt\/schlifftrockner-alstischmodel\/#primaryimage"},"image":{"@id":"https:\/\/www.presi.com\/de\/produkt\/schlifftrockner-alstischmodel\/#primaryimage"},"thumbnailUrl":"https:\/\/www.presi.com\/wp-content\/uploads\/2019\/10\/table-top-dryer-black-series.jpg","datePublished":"2019-10-08T09:05:08+00:00","dateModified":"2020-05-04T10:30:32+00:00","breadcrumb":{"@id":"https:\/\/www.presi.com\/de\/produkt\/schlifftrockner-alstischmodel\/#breadcrumb"},"inLanguage":"de","potentialAction":[{"@type":"ReadAction","target":["https:\/\/www.presi.com\/de\/produkt\/schlifftrockner-alstischmodel\/"]}]},{"@type":"ImageObject","inLanguage":"de","@id":"https:\/\/www.presi.com\/de\/produkt\/schlifftrockner-alstischmodel\/#primaryimage","url":"https:\/\/www.presi.com\/wp-content\/uploads\/2019\/10\/table-top-dryer-black-series.jpg","contentUrl":"https:\/\/www.presi.com\/wp-content\/uploads\/2019\/10\/table-top-dryer-black-series.jpg","width":369,"height":600},{"@type":"BreadcrumbList","@id":"https:\/\/www.presi.com\/de\/produkt\/schlifftrockner-alstischmodel\/#breadcrumb","itemListElement":[{"@type":"ListItem","position":1,"name":"Accueil","item":"https:\/\/www.presi.com\/de\/"},{"@type":"ListItem","position":2,"name":"Gesch\u00e4ft","item":"https:\/\/www.presi.com\/de\/geschaeft\/"},{"@type":"ListItem","position":3,"name":"Schlifftrockner als Tischmodel"}]},{"@type":"WebSite","@id":"https:\/\/www.presi.com\/en\/#website","url":"https:\/\/www.presi.com\/en\/","name":"Presi","description":"M\u00e9tallographie - Machines pour analyse micrographique","potentialAction":[{"@type":"SearchAction","target":{"@type":"EntryPoint","urlTemplate":"https:\/\/www.presi.com\/en\/?s={search_term_string}"},"query-input":{"@type":"PropertyValueSpecification","valueRequired":true,"valueName":"search_term_string"}}],"inLanguage":"de"}]}},"_links":{"self":[{"href":"https:\/\/www.presi.com\/de\/wp-json\/wp\/v2\/product\/24896","targetHints":{"allow":["GET"]}}],"collection":[{"href":"https:\/\/www.presi.com\/de\/wp-json\/wp\/v2\/product"}],"about":[{"href":"https:\/\/www.presi.com\/de\/wp-json\/wp\/v2\/types\/product"}],"wp:featuredmedia":[{"embeddable":true,"href":"https:\/\/www.presi.com\/de\/wp-json\/wp\/v2\/media\/24897"}],"wp:attachment":[{"href":"https:\/\/www.presi.com\/de\/wp-json\/wp\/v2\/media?parent=24896"}],"wp:term":[{"taxonomy":"product_brand","embeddable":true,"href":"https:\/\/www.presi.com\/de\/wp-json\/wp\/v2\/product_brand?post=24896"},{"taxonomy":"product_cat","embeddable":true,"href":"https:\/\/www.presi.com\/de\/wp-json\/wp\/v2\/product_cat?post=24896"},{"taxonomy":"product_tag","embeddable":true,"href":"https:\/\/www.presi.com\/de\/wp-json\/wp\/v2\/product_tag?post=24896"}],"curies":[{"name":"wp","href":"https:\/\/api.w.org\/{rel}","templated":true}]}}