{"id":24951,"date":"2019-10-17T16:27:14","date_gmt":"2019-10-17T14:51:57","guid":{"rendered":"https:\/\/www.presi.com\/?post_type=product&#038;p=24951"},"modified":"2022-10-05T10:34:16","modified_gmt":"2022-10-05T08:34:16","slug":"handprobenhalter-fuer-schliffe-mit-oe-30mm","status":"publish","type":"product","link":"https:\/\/www.presi.com\/de\/produkt\/handprobenhalter-fuer-schliffe-mit-oe-30mm\/","title":{"rendered":"Handprobenhalter f\u00fcr Schliffe mit \u00d8 40mm"},"content":{"rendered":"<p>Handprobenhalter f\u00fcr Schliffe mit \u00d8 40mm<\/p>\n<p>inkl.<br \/>\nFeststellring,<\/p>\n<p>Feststellschraube<\/p>\n<p>Probenklemmschraube<\/p>\n<p>Einstellring<\/p>\n<p>Diese Handprobenhalter k\u00f6nnen auch in einen Probenhalter f\u00fcr automatische Schleifmaschinen eingesetzt werden:<\/p>\n<p><a href=\"https:\/\/www.presi.com\/wp-content\/uploads\/2019\/10\/IMG-20180308-132405.jpg\"><img decoding=\"async\" class=\"size-medium wp-image-25268\" src=\"https:\/\/www.presi.com\/wp-content\/uploads\/2019\/10\/IMG-20180308-132405-300x225.jpg\" alt=\"\" width=\"300\" height=\"225\" srcset=\"https:\/\/www.presi.com\/wp-content\/uploads\/2019\/10\/IMG-20180308-132405-300x225.jpg 300w, https:\/\/www.presi.com\/wp-content\/uploads\/2019\/10\/IMG-20180308-132405.jpg 600w\" sizes=\"(max-width: 300px) 100vw, 300px\" \/><\/a><\/p>\n","protected":false},"excerpt":{"rendered":"<p>Wenn mit einer eingebetteten Probe eine Zielpr\u00e4paration durchgef\u00fchrt werden soll werden diese Handprobenhalter gerne verwendet. Die Schliffe werden in den Probenhalter eingesetzt, mit drei Schrauben festgestellt und \u00fcber eine Noniuseinstellung kann der gew\u00fcnschte Abtragswert eingestellt werden.<\/p>\n","protected":false},"featured_media":24950,"template":"","meta":{"_acf_changed":false},"product_brand":[],"product_cat":[1432],"product_tag":[],"class_list":{"0":"post-24951","1":"product","2":"type-product","3":"status-publish","4":"has-post-thumbnail","6":"product_cat-probenhalter-und-reduzierringe","8":"first","9":"instock","10":"shipping-taxable","11":"purchasable","12":"product-type-simple"},"acf":[],"yoast_head":"<!-- This site is optimized with the Yoast SEO plugin v27.5 - https:\/\/yoast.com\/product\/yoast-seo-wordpress\/ -->\n<title>Handprobenhalter f\u00fcr Schliffe mit \u00d8 40mm - Presi<\/title>\n<meta name=\"robots\" content=\"index, follow, max-snippet:-1, max-image-preview:large, max-video-preview:-1\" \/>\n<link rel=\"canonical\" href=\"https:\/\/www.presi.com\/de\/produkt\/handprobenhalter-fuer-schliffe-mit-oe-30mm\/\" \/>\n<meta property=\"og:locale\" content=\"de_DE\" \/>\n<meta property=\"og:type\" content=\"article\" \/>\n<meta property=\"og:title\" content=\"Handprobenhalter f\u00fcr Schliffe mit \u00d8 40mm - Presi\" \/>\n<meta property=\"og:description\" content=\"Wenn mit einer eingebetteten Probe eine Zielpr\u00e4paration durchgef\u00fchrt werden soll werden diese Handprobenhalter gerne verwendet. Die Schliffe werden in den Probenhalter eingesetzt, mit drei Schrauben festgestellt und \u00fcber eine Noniuseinstellung kann der gew\u00fcnschte Abtragswert eingestellt werden.\" \/>\n<meta property=\"og:url\" content=\"https:\/\/www.presi.com\/de\/produkt\/handprobenhalter-fuer-schliffe-mit-oe-30mm\/\" \/>\n<meta property=\"og:site_name\" content=\"Presi\" \/>\n<meta property=\"article:modified_time\" content=\"2022-10-05T08:34:16+00:00\" \/>\n<meta property=\"og:image\" content=\"https:\/\/www.presi.com\/wp-content\/uploads\/2019\/10\/Handprobenhalter.jpg\" \/>\n\t<meta property=\"og:image:width\" content=\"450\" \/>\n\t<meta property=\"og:image:height\" content=\"600\" \/>\n\t<meta property=\"og:image:type\" content=\"image\/jpeg\" \/>\n<meta name=\"twitter:card\" content=\"summary_large_image\" \/>\n<meta name=\"twitter:label1\" content=\"Gesch\u00e4tzte Lesezeit\" \/>\n\t<meta name=\"twitter:data1\" content=\"1\u00a0Minute\" \/>\n<script type=\"application\/ld+json\" class=\"yoast-schema-graph\">{\"@context\":\"https:\\\/\\\/schema.org\",\"@graph\":[{\"@type\":\"WebPage\",\"@id\":\"https:\\\/\\\/www.presi.com\\\/de\\\/produkt\\\/handprobenhalter-fuer-schliffe-mit-oe-30mm\\\/\",\"url\":\"https:\\\/\\\/www.presi.com\\\/de\\\/produkt\\\/handprobenhalter-fuer-schliffe-mit-oe-30mm\\\/\",\"name\":\"Handprobenhalter f\u00fcr Schliffe mit \u00d8 40mm - Presi\",\"isPartOf\":{\"@id\":\"https:\\\/\\\/www.presi.com\\\/en\\\/#website\"},\"primaryImageOfPage\":{\"@id\":\"https:\\\/\\\/www.presi.com\\\/de\\\/produkt\\\/handprobenhalter-fuer-schliffe-mit-oe-30mm\\\/#primaryimage\"},\"image\":{\"@id\":\"https:\\\/\\\/www.presi.com\\\/de\\\/produkt\\\/handprobenhalter-fuer-schliffe-mit-oe-30mm\\\/#primaryimage\"},\"thumbnailUrl\":\"https:\\\/\\\/www.presi.com\\\/wp-content\\\/uploads\\\/2019\\\/10\\\/Handprobenhalter.jpg\",\"datePublished\":\"2019-10-17T14:51:57+00:00\",\"dateModified\":\"2022-10-05T08:34:16+00:00\",\"breadcrumb\":{\"@id\":\"https:\\\/\\\/www.presi.com\\\/de\\\/produkt\\\/handprobenhalter-fuer-schliffe-mit-oe-30mm\\\/#breadcrumb\"},\"inLanguage\":\"de\",\"potentialAction\":[{\"@type\":\"ReadAction\",\"target\":[\"https:\\\/\\\/www.presi.com\\\/de\\\/produkt\\\/handprobenhalter-fuer-schliffe-mit-oe-30mm\\\/\"]}]},{\"@type\":\"ImageObject\",\"inLanguage\":\"de\",\"@id\":\"https:\\\/\\\/www.presi.com\\\/de\\\/produkt\\\/handprobenhalter-fuer-schliffe-mit-oe-30mm\\\/#primaryimage\",\"url\":\"https:\\\/\\\/www.presi.com\\\/wp-content\\\/uploads\\\/2019\\\/10\\\/Handprobenhalter.jpg\",\"contentUrl\":\"https:\\\/\\\/www.presi.com\\\/wp-content\\\/uploads\\\/2019\\\/10\\\/Handprobenhalter.jpg\",\"width\":450,\"height\":600},{\"@type\":\"BreadcrumbList\",\"@id\":\"https:\\\/\\\/www.presi.com\\\/de\\\/produkt\\\/handprobenhalter-fuer-schliffe-mit-oe-30mm\\\/#breadcrumb\",\"itemListElement\":[{\"@type\":\"ListItem\",\"position\":1,\"name\":\"Accueil\",\"item\":\"https:\\\/\\\/www.presi.com\\\/de\\\/\"},{\"@type\":\"ListItem\",\"position\":2,\"name\":\"Gesch\u00e4ft\",\"item\":\"https:\\\/\\\/www.presi.com\\\/de\\\/geschaeft\\\/\"},{\"@type\":\"ListItem\",\"position\":3,\"name\":\"Handprobenhalter f\u00fcr Schliffe mit \u00d8 40mm\"}]},{\"@type\":\"WebSite\",\"@id\":\"https:\\\/\\\/www.presi.com\\\/en\\\/#website\",\"url\":\"https:\\\/\\\/www.presi.com\\\/en\\\/\",\"name\":\"Presi\",\"description\":\"M\u00e9tallographie - Machines pour analyse micrographique\",\"potentialAction\":[{\"@type\":\"SearchAction\",\"target\":{\"@type\":\"EntryPoint\",\"urlTemplate\":\"https:\\\/\\\/www.presi.com\\\/en\\\/?s={search_term_string}\"},\"query-input\":{\"@type\":\"PropertyValueSpecification\",\"valueRequired\":true,\"valueName\":\"search_term_string\"}}],\"inLanguage\":\"de\"}]}<\/script>\n<!-- \/ Yoast SEO plugin. -->","yoast_head_json":{"title":"Handprobenhalter f\u00fcr Schliffe mit \u00d8 40mm - Presi","robots":{"index":"index","follow":"follow","max-snippet":"max-snippet:-1","max-image-preview":"max-image-preview:large","max-video-preview":"max-video-preview:-1"},"canonical":"https:\/\/www.presi.com\/de\/produkt\/handprobenhalter-fuer-schliffe-mit-oe-30mm\/","og_locale":"de_DE","og_type":"article","og_title":"Handprobenhalter f\u00fcr Schliffe mit \u00d8 40mm - Presi","og_description":"Wenn mit einer eingebetteten Probe eine Zielpr\u00e4paration durchgef\u00fchrt werden soll werden diese Handprobenhalter gerne verwendet. Die Schliffe werden in den Probenhalter eingesetzt, mit drei Schrauben festgestellt und \u00fcber eine Noniuseinstellung kann der gew\u00fcnschte Abtragswert eingestellt werden.","og_url":"https:\/\/www.presi.com\/de\/produkt\/handprobenhalter-fuer-schliffe-mit-oe-30mm\/","og_site_name":"Presi","article_modified_time":"2022-10-05T08:34:16+00:00","og_image":[{"width":450,"height":600,"url":"https:\/\/www.presi.com\/wp-content\/uploads\/2019\/10\/Handprobenhalter.jpg","type":"image\/jpeg"}],"twitter_card":"summary_large_image","twitter_misc":{"Gesch\u00e4tzte Lesezeit":"1\u00a0Minute"},"schema":{"@context":"https:\/\/schema.org","@graph":[{"@type":"WebPage","@id":"https:\/\/www.presi.com\/de\/produkt\/handprobenhalter-fuer-schliffe-mit-oe-30mm\/","url":"https:\/\/www.presi.com\/de\/produkt\/handprobenhalter-fuer-schliffe-mit-oe-30mm\/","name":"Handprobenhalter f\u00fcr Schliffe mit \u00d8 40mm - Presi","isPartOf":{"@id":"https:\/\/www.presi.com\/en\/#website"},"primaryImageOfPage":{"@id":"https:\/\/www.presi.com\/de\/produkt\/handprobenhalter-fuer-schliffe-mit-oe-30mm\/#primaryimage"},"image":{"@id":"https:\/\/www.presi.com\/de\/produkt\/handprobenhalter-fuer-schliffe-mit-oe-30mm\/#primaryimage"},"thumbnailUrl":"https:\/\/www.presi.com\/wp-content\/uploads\/2019\/10\/Handprobenhalter.jpg","datePublished":"2019-10-17T14:51:57+00:00","dateModified":"2022-10-05T08:34:16+00:00","breadcrumb":{"@id":"https:\/\/www.presi.com\/de\/produkt\/handprobenhalter-fuer-schliffe-mit-oe-30mm\/#breadcrumb"},"inLanguage":"de","potentialAction":[{"@type":"ReadAction","target":["https:\/\/www.presi.com\/de\/produkt\/handprobenhalter-fuer-schliffe-mit-oe-30mm\/"]}]},{"@type":"ImageObject","inLanguage":"de","@id":"https:\/\/www.presi.com\/de\/produkt\/handprobenhalter-fuer-schliffe-mit-oe-30mm\/#primaryimage","url":"https:\/\/www.presi.com\/wp-content\/uploads\/2019\/10\/Handprobenhalter.jpg","contentUrl":"https:\/\/www.presi.com\/wp-content\/uploads\/2019\/10\/Handprobenhalter.jpg","width":450,"height":600},{"@type":"BreadcrumbList","@id":"https:\/\/www.presi.com\/de\/produkt\/handprobenhalter-fuer-schliffe-mit-oe-30mm\/#breadcrumb","itemListElement":[{"@type":"ListItem","position":1,"name":"Accueil","item":"https:\/\/www.presi.com\/de\/"},{"@type":"ListItem","position":2,"name":"Gesch\u00e4ft","item":"https:\/\/www.presi.com\/de\/geschaeft\/"},{"@type":"ListItem","position":3,"name":"Handprobenhalter f\u00fcr Schliffe mit \u00d8 40mm"}]},{"@type":"WebSite","@id":"https:\/\/www.presi.com\/en\/#website","url":"https:\/\/www.presi.com\/en\/","name":"Presi","description":"M\u00e9tallographie - Machines pour analyse micrographique","potentialAction":[{"@type":"SearchAction","target":{"@type":"EntryPoint","urlTemplate":"https:\/\/www.presi.com\/en\/?s={search_term_string}"},"query-input":{"@type":"PropertyValueSpecification","valueRequired":true,"valueName":"search_term_string"}}],"inLanguage":"de"}]}},"_links":{"self":[{"href":"https:\/\/www.presi.com\/de\/wp-json\/wp\/v2\/product\/24951","targetHints":{"allow":["GET"]}}],"collection":[{"href":"https:\/\/www.presi.com\/de\/wp-json\/wp\/v2\/product"}],"about":[{"href":"https:\/\/www.presi.com\/de\/wp-json\/wp\/v2\/types\/product"}],"wp:featuredmedia":[{"embeddable":true,"href":"https:\/\/www.presi.com\/de\/wp-json\/wp\/v2\/media\/24950"}],"wp:attachment":[{"href":"https:\/\/www.presi.com\/de\/wp-json\/wp\/v2\/media?parent=24951"}],"wp:term":[{"taxonomy":"product_brand","embeddable":true,"href":"https:\/\/www.presi.com\/de\/wp-json\/wp\/v2\/product_brand?post=24951"},{"taxonomy":"product_cat","embeddable":true,"href":"https:\/\/www.presi.com\/de\/wp-json\/wp\/v2\/product_cat?post=24951"},{"taxonomy":"product_tag","embeddable":true,"href":"https:\/\/www.presi.com\/de\/wp-json\/wp\/v2\/product_tag?post=24951"}],"curies":[{"name":"wp","href":"https:\/\/api.w.org\/{rel}","templated":true}]}}