{"id":24990,"date":"2019-10-18T10:30:11","date_gmt":"2019-10-18T08:30:11","guid":{"rendered":"https:\/\/www.presi.com\/?post_type=product&#038;p=24990"},"modified":"2022-10-05T10:42:21","modified_gmt":"2022-10-05T08:42:21","slug":"rohrreinigungsspirale-mit-abnehmbarer-buerste","status":"publish","type":"product","link":"https:\/\/www.presi.com\/de\/produkt\/rohrreinigungsspirale-mit-abnehmbarer-buerste\/","title":{"rendered":"Rohrreinigungsspirale mit abnehmbarer B\u00fcrste"},"content":{"rendered":"<p>Rohrreinigungsspirale mit abnehmbarer B\u00fcrste f\u00fcr Schleif- Polier- und Trennmaschinen<\/p>\n<p>Durch die Spitze mit aufsteckbarer B\u00fcrste sehr gut geeignet um die Rohr und Schlauchleitung von der Schleif- oder Trennmachine zum Schlammabscheider zu reinigen. Grobe Verstopfung werden erst mit der Spitze gel\u00f6st und die Leitung anschliessend mit der B\u00fcrste ges\u00e4ubert.<\/p>\n<p>&#8211; L\u00e4nge 1,4m<br \/>\n&#8211; Spirale und Kurbel zum Entfernen von groben Schmutz<br \/>\n&#8211; Montierbare B\u00fcrste zur feineren Reinigung<\/p>\n","protected":false},"excerpt":{"rendered":"<p>Rohrreinigungsspirale mit abnehmbarer B\u00fcrste f\u00fcr Schleif- Polier- und Trennmaschinen Durch die Spitze mit aufsteckbarer B\u00fcrste sehr gut geeignet um die<\/p>\n","protected":false},"featured_media":13009,"template":"","meta":{"_acf_changed":false},"product_brand":[],"product_cat":[1433,1488],"product_tag":[],"class_list":{"0":"post-24990","1":"product","2":"type-product","3":"status-publish","4":"has-post-thumbnail","6":"product_cat-polieren-zubehor","7":"product_cat-labormobel-zubehor","9":"first","10":"instock","11":"shipping-taxable","12":"purchasable","13":"product-type-simple"},"acf":[],"yoast_head":"<!-- This site is optimized with the Yoast SEO plugin v27.2 - https:\/\/yoast.com\/product\/yoast-seo-wordpress\/ -->\n<title>Rohrreinigungsspirale mit abnehmbarer B\u00fcrste - Presi<\/title>\n<meta name=\"robots\" content=\"index, follow, max-snippet:-1, max-image-preview:large, max-video-preview:-1\" \/>\n<link rel=\"canonical\" href=\"https:\/\/www.presi.com\/de\/produkt\/rohrreinigungsspirale-mit-abnehmbarer-buerste\/\" \/>\n<meta property=\"og:locale\" content=\"de_DE\" \/>\n<meta property=\"og:type\" content=\"article\" \/>\n<meta property=\"og:title\" content=\"Rohrreinigungsspirale mit abnehmbarer B\u00fcrste - Presi\" \/>\n<meta property=\"og:description\" content=\"Rohrreinigungsspirale mit abnehmbarer B\u00fcrste f\u00fcr Schleif- Polier- und Trennmaschinen Durch die Spitze mit aufsteckbarer B\u00fcrste sehr gut geeignet um die\" \/>\n<meta property=\"og:url\" content=\"https:\/\/www.presi.com\/de\/produkt\/rohrreinigungsspirale-mit-abnehmbarer-buerste\/\" \/>\n<meta property=\"og:site_name\" content=\"Presi\" \/>\n<meta property=\"article:modified_time\" content=\"2022-10-05T08:42:21+00:00\" \/>\n<meta property=\"og:image\" content=\"https:\/\/www.presi.com\/wp-content\/uploads\/2018\/07\/1505-Rohrreinigungsburste-fur-Schleifmaschinen.jpg\" \/>\n\t<meta property=\"og:image:width\" content=\"540\" \/>\n\t<meta property=\"og:image:height\" content=\"322\" \/>\n\t<meta property=\"og:image:type\" content=\"image\/jpeg\" \/>\n<meta name=\"twitter:card\" content=\"summary_large_image\" \/>\n<script type=\"application\/ld+json\" class=\"yoast-schema-graph\">{\"@context\":\"https:\/\/schema.org\",\"@graph\":[{\"@type\":\"WebPage\",\"@id\":\"https:\/\/www.presi.com\/de\/produkt\/rohrreinigungsspirale-mit-abnehmbarer-buerste\/\",\"url\":\"https:\/\/www.presi.com\/de\/produkt\/rohrreinigungsspirale-mit-abnehmbarer-buerste\/\",\"name\":\"Rohrreinigungsspirale mit abnehmbarer B\u00fcrste - Presi\",\"isPartOf\":{\"@id\":\"https:\/\/www.presi.com\/en\/#website\"},\"primaryImageOfPage\":{\"@id\":\"https:\/\/www.presi.com\/de\/produkt\/rohrreinigungsspirale-mit-abnehmbarer-buerste\/#primaryimage\"},\"image\":{\"@id\":\"https:\/\/www.presi.com\/de\/produkt\/rohrreinigungsspirale-mit-abnehmbarer-buerste\/#primaryimage\"},\"thumbnailUrl\":\"https:\/\/www.presi.com\/wp-content\/uploads\/2018\/07\/1505-Rohrreinigungsburste-fur-Schleifmaschinen.jpg\",\"datePublished\":\"2019-10-18T08:30:11+00:00\",\"dateModified\":\"2022-10-05T08:42:21+00:00\",\"breadcrumb\":{\"@id\":\"https:\/\/www.presi.com\/de\/produkt\/rohrreinigungsspirale-mit-abnehmbarer-buerste\/#breadcrumb\"},\"inLanguage\":\"de\",\"potentialAction\":[{\"@type\":\"ReadAction\",\"target\":[\"https:\/\/www.presi.com\/de\/produkt\/rohrreinigungsspirale-mit-abnehmbarer-buerste\/\"]}]},{\"@type\":\"ImageObject\",\"inLanguage\":\"de\",\"@id\":\"https:\/\/www.presi.com\/de\/produkt\/rohrreinigungsspirale-mit-abnehmbarer-buerste\/#primaryimage\",\"url\":\"https:\/\/www.presi.com\/wp-content\/uploads\/2018\/07\/1505-Rohrreinigungsburste-fur-Schleifmaschinen.jpg\",\"contentUrl\":\"https:\/\/www.presi.com\/wp-content\/uploads\/2018\/07\/1505-Rohrreinigungsburste-fur-Schleifmaschinen.jpg\",\"width\":540,\"height\":322,\"caption\":\"Rohrreinigungsb\u00fcrste f\u00fcr Schleifmaschinen\"},{\"@type\":\"BreadcrumbList\",\"@id\":\"https:\/\/www.presi.com\/de\/produkt\/rohrreinigungsspirale-mit-abnehmbarer-buerste\/#breadcrumb\",\"itemListElement\":[{\"@type\":\"ListItem\",\"position\":1,\"name\":\"Accueil\",\"item\":\"https:\/\/www.presi.com\/de\/\"},{\"@type\":\"ListItem\",\"position\":2,\"name\":\"Gesch\u00e4ft\",\"item\":\"https:\/\/www.presi.com\/de\/geschaeft\/\"},{\"@type\":\"ListItem\",\"position\":3,\"name\":\"Rohrreinigungsspirale mit abnehmbarer B\u00fcrste\"}]},{\"@type\":\"WebSite\",\"@id\":\"https:\/\/www.presi.com\/en\/#website\",\"url\":\"https:\/\/www.presi.com\/en\/\",\"name\":\"Presi\",\"description\":\"M\u00e9tallographie - Machines pour analyse micrographique\",\"potentialAction\":[{\"@type\":\"SearchAction\",\"target\":{\"@type\":\"EntryPoint\",\"urlTemplate\":\"https:\/\/www.presi.com\/en\/?s={search_term_string}\"},\"query-input\":{\"@type\":\"PropertyValueSpecification\",\"valueRequired\":true,\"valueName\":\"search_term_string\"}}],\"inLanguage\":\"de\"}]}<\/script>\n<!-- \/ Yoast SEO plugin. -->","yoast_head_json":{"title":"Rohrreinigungsspirale mit abnehmbarer B\u00fcrste - Presi","robots":{"index":"index","follow":"follow","max-snippet":"max-snippet:-1","max-image-preview":"max-image-preview:large","max-video-preview":"max-video-preview:-1"},"canonical":"https:\/\/www.presi.com\/de\/produkt\/rohrreinigungsspirale-mit-abnehmbarer-buerste\/","og_locale":"de_DE","og_type":"article","og_title":"Rohrreinigungsspirale mit abnehmbarer B\u00fcrste - Presi","og_description":"Rohrreinigungsspirale mit abnehmbarer B\u00fcrste f\u00fcr Schleif- Polier- und Trennmaschinen Durch die Spitze mit aufsteckbarer B\u00fcrste sehr gut geeignet um die","og_url":"https:\/\/www.presi.com\/de\/produkt\/rohrreinigungsspirale-mit-abnehmbarer-buerste\/","og_site_name":"Presi","article_modified_time":"2022-10-05T08:42:21+00:00","og_image":[{"width":540,"height":322,"url":"https:\/\/www.presi.com\/wp-content\/uploads\/2018\/07\/1505-Rohrreinigungsburste-fur-Schleifmaschinen.jpg","type":"image\/jpeg"}],"twitter_card":"summary_large_image","schema":{"@context":"https:\/\/schema.org","@graph":[{"@type":"WebPage","@id":"https:\/\/www.presi.com\/de\/produkt\/rohrreinigungsspirale-mit-abnehmbarer-buerste\/","url":"https:\/\/www.presi.com\/de\/produkt\/rohrreinigungsspirale-mit-abnehmbarer-buerste\/","name":"Rohrreinigungsspirale mit abnehmbarer B\u00fcrste - Presi","isPartOf":{"@id":"https:\/\/www.presi.com\/en\/#website"},"primaryImageOfPage":{"@id":"https:\/\/www.presi.com\/de\/produkt\/rohrreinigungsspirale-mit-abnehmbarer-buerste\/#primaryimage"},"image":{"@id":"https:\/\/www.presi.com\/de\/produkt\/rohrreinigungsspirale-mit-abnehmbarer-buerste\/#primaryimage"},"thumbnailUrl":"https:\/\/www.presi.com\/wp-content\/uploads\/2018\/07\/1505-Rohrreinigungsburste-fur-Schleifmaschinen.jpg","datePublished":"2019-10-18T08:30:11+00:00","dateModified":"2022-10-05T08:42:21+00:00","breadcrumb":{"@id":"https:\/\/www.presi.com\/de\/produkt\/rohrreinigungsspirale-mit-abnehmbarer-buerste\/#breadcrumb"},"inLanguage":"de","potentialAction":[{"@type":"ReadAction","target":["https:\/\/www.presi.com\/de\/produkt\/rohrreinigungsspirale-mit-abnehmbarer-buerste\/"]}]},{"@type":"ImageObject","inLanguage":"de","@id":"https:\/\/www.presi.com\/de\/produkt\/rohrreinigungsspirale-mit-abnehmbarer-buerste\/#primaryimage","url":"https:\/\/www.presi.com\/wp-content\/uploads\/2018\/07\/1505-Rohrreinigungsburste-fur-Schleifmaschinen.jpg","contentUrl":"https:\/\/www.presi.com\/wp-content\/uploads\/2018\/07\/1505-Rohrreinigungsburste-fur-Schleifmaschinen.jpg","width":540,"height":322,"caption":"Rohrreinigungsb\u00fcrste f\u00fcr Schleifmaschinen"},{"@type":"BreadcrumbList","@id":"https:\/\/www.presi.com\/de\/produkt\/rohrreinigungsspirale-mit-abnehmbarer-buerste\/#breadcrumb","itemListElement":[{"@type":"ListItem","position":1,"name":"Accueil","item":"https:\/\/www.presi.com\/de\/"},{"@type":"ListItem","position":2,"name":"Gesch\u00e4ft","item":"https:\/\/www.presi.com\/de\/geschaeft\/"},{"@type":"ListItem","position":3,"name":"Rohrreinigungsspirale mit abnehmbarer B\u00fcrste"}]},{"@type":"WebSite","@id":"https:\/\/www.presi.com\/en\/#website","url":"https:\/\/www.presi.com\/en\/","name":"Presi","description":"M\u00e9tallographie - Machines pour analyse micrographique","potentialAction":[{"@type":"SearchAction","target":{"@type":"EntryPoint","urlTemplate":"https:\/\/www.presi.com\/en\/?s={search_term_string}"},"query-input":{"@type":"PropertyValueSpecification","valueRequired":true,"valueName":"search_term_string"}}],"inLanguage":"de"}]}},"_links":{"self":[{"href":"https:\/\/www.presi.com\/de\/wp-json\/wp\/v2\/product\/24990","targetHints":{"allow":["GET"]}}],"collection":[{"href":"https:\/\/www.presi.com\/de\/wp-json\/wp\/v2\/product"}],"about":[{"href":"https:\/\/www.presi.com\/de\/wp-json\/wp\/v2\/types\/product"}],"wp:featuredmedia":[{"embeddable":true,"href":"https:\/\/www.presi.com\/de\/wp-json\/wp\/v2\/media\/13009"}],"wp:attachment":[{"href":"https:\/\/www.presi.com\/de\/wp-json\/wp\/v2\/media?parent=24990"}],"wp:term":[{"taxonomy":"product_brand","embeddable":true,"href":"https:\/\/www.presi.com\/de\/wp-json\/wp\/v2\/product_brand?post=24990"},{"taxonomy":"product_cat","embeddable":true,"href":"https:\/\/www.presi.com\/de\/wp-json\/wp\/v2\/product_cat?post=24990"},{"taxonomy":"product_tag","embeddable":true,"href":"https:\/\/www.presi.com\/de\/wp-json\/wp\/v2\/product_tag?post=24990"}],"curies":[{"name":"wp","href":"https:\/\/api.w.org\/{rel}","templated":true}]}}