{"id":25419,"date":"2020-01-20T10:46:16","date_gmt":"2020-01-20T14:35:41","guid":{"rendered":"https:\/\/www.presi.com\/?post_type=product&#038;p=25419"},"modified":"2020-02-18T15:23:55","modified_gmt":"2020-02-18T14:23:55","slug":"hartepruefer-hz10-4","status":"publish","type":"product","link":"https:\/\/www.presi.com\/de\/produkt\/hartepruefer-hz10-4\/","title":{"rendered":"H\u00e4rtepr\u00fcfer Automatisch HZ10-4"},"content":{"rendered":"<p><iframe id=\"resp_1280px\" src=\"https:\/\/www.youtube.com\/embed\/wReGWTHcvp8\" width=\"570\" height=\"350\" frameborder=\"0\"><\/iframe><\/p>\n","protected":false},"excerpt":{"rendered":"<p>H\u00e4rtepr\u00fcfer Automatisch HZ10-4 sticht durch sein Design sofort hervor. Sein \u00c4u\u00dferes, zusammen mit seiner Robustheit und den herausragenden technischen Eigenschaften, machen ihn zu einer einzigartigen Mess- u. Pr\u00fcfmaschine.<br \/>\nHigh rigidity of the chassis for a perfect load application.<br \/>\n&#8211; Lastbereich : 10gf-10kgf<br \/>\n&#8211; Stabiles Geh\u00e4use f\u00fcr verwindungsfrei Kraftaufbringung<br \/>\n&#8211; Revolver : bis zu 4 Objektive, 2 Eindringk\u00f6rper, 1 Ber\u00fchrungssensor<br \/>\n&#8211; Pr\u00fcfverfahren : Vickers oder Knoop<br \/>\n&#8211; 1 Kraftmessdosen<br \/>\n&#8211; Nikon Objektive f\u00fcr eine Vergr\u00f6\u00dferung bis 2000x<br \/>\n&#8211; Ergonomischer Joystick mit einstellbaren Sensitivit\u00e4t<br \/>\n&#8211; Leiser Betrieb<br \/>\n&#8211; Gro\u00dfer Arebitsbereich: besonders f\u00fcr hohe Proben<br \/>\n&#8211; 2 LED Lampen: f\u00fcr Makro- und Mikroskopaufnahmen<br \/>\n&#8211; Automatischer Tisch Standard oder Automatischer Marmortisch<\/p>\n<p>Stichwort : H\u00e4rte<\/p>\n","protected":false},"featured_media":25424,"template":"","meta":{"_acf_changed":false},"product_brand":[],"product_cat":[1395,1389],"product_tag":[],"class_list":{"0":"post-25419","1":"product","2":"type-product","3":"status-publish","4":"has-post-thumbnail","6":"product_cat-machinen","7":"product_cat-harteprufung","8":"pa_type-de-penetrateur-knoop-de","9":"pa_type-de-penetrateur-vickers-de","11":"first","12":"instock","13":"purchasable","14":"product-type-simple"},"acf":[],"yoast_head":"<!-- This site is optimized with the Yoast SEO plugin v27.2 - https:\/\/yoast.com\/product\/yoast-seo-wordpress\/ -->\n<title>H\u00e4rtepr\u00fcfer Automatisch HZ10-4 - Presi<\/title>\n<meta name=\"robots\" content=\"index, follow, max-snippet:-1, max-image-preview:large, max-video-preview:-1\" \/>\n<link rel=\"canonical\" href=\"https:\/\/www.presi.com\/de\/produkt\/hartepruefer-hz10-4\/\" \/>\n<meta property=\"og:locale\" content=\"de_DE\" \/>\n<meta property=\"og:type\" content=\"article\" \/>\n<meta property=\"og:title\" content=\"H\u00e4rtepr\u00fcfer Automatisch HZ10-4 - Presi\" \/>\n<meta property=\"og:description\" content=\"H\u00e4rtepr\u00fcfer Automatisch HZ10-4 sticht durch sein Design sofort hervor. Sein \u00c4u\u00dferes, zusammen mit seiner Robustheit und den herausragenden technischen Eigenschaften, machen ihn zu einer einzigartigen Mess- u. Pr\u00fcfmaschine. High rigidity of the chassis for a perfect load application. - Lastbereich : 10gf-10kgf - Stabiles Geh\u00e4use f\u00fcr verwindungsfrei Kraftaufbringung - Revolver : bis zu 4 Objektive, 2 Eindringk\u00f6rper, 1 Ber\u00fchrungssensor - Pr\u00fcfverfahren : Vickers oder Knoop - 1 Kraftmessdosen - Nikon Objektive f\u00fcr eine Vergr\u00f6\u00dferung bis 2000x - Ergonomischer Joystick mit einstellbaren Sensitivit\u00e4t - Leiser Betrieb - Gro\u00dfer Arebitsbereich: besonders f\u00fcr hohe Proben - 2 LED Lampen: f\u00fcr Makro- und Mikroskopaufnahmen - Automatischer Tisch Standard oder Automatischer Marmortisch  Stichwort : H\u00e4rte\" \/>\n<meta property=\"og:url\" content=\"https:\/\/www.presi.com\/de\/produkt\/hartepruefer-hz10-4\/\" \/>\n<meta property=\"og:site_name\" content=\"Presi\" \/>\n<meta property=\"article:modified_time\" content=\"2020-02-18T14:23:55+00:00\" \/>\n<meta property=\"og:image\" content=\"https:\/\/www.presi.com\/wp-content\/uploads\/2020\/01\/durometre-presi-hz10-4.png\" \/>\n\t<meta property=\"og:image:width\" content=\"600\" \/>\n\t<meta property=\"og:image:height\" content=\"600\" \/>\n\t<meta property=\"og:image:type\" content=\"image\/png\" \/>\n<meta name=\"twitter:card\" content=\"summary_large_image\" \/>\n<script type=\"application\/ld+json\" class=\"yoast-schema-graph\">{\"@context\":\"https:\/\/schema.org\",\"@graph\":[{\"@type\":\"WebPage\",\"@id\":\"https:\/\/www.presi.com\/de\/produkt\/hartepruefer-hz10-4\/\",\"url\":\"https:\/\/www.presi.com\/de\/produkt\/hartepruefer-hz10-4\/\",\"name\":\"H\u00e4rtepr\u00fcfer Automatisch HZ10-4 - Presi\",\"isPartOf\":{\"@id\":\"https:\/\/www.presi.com\/en\/#website\"},\"primaryImageOfPage\":{\"@id\":\"https:\/\/www.presi.com\/de\/produkt\/hartepruefer-hz10-4\/#primaryimage\"},\"image\":{\"@id\":\"https:\/\/www.presi.com\/de\/produkt\/hartepruefer-hz10-4\/#primaryimage\"},\"thumbnailUrl\":\"https:\/\/www.presi.com\/wp-content\/uploads\/2020\/01\/durometre-presi-hz10-4.png\",\"datePublished\":\"2020-01-20T14:35:41+00:00\",\"dateModified\":\"2020-02-18T14:23:55+00:00\",\"breadcrumb\":{\"@id\":\"https:\/\/www.presi.com\/de\/produkt\/hartepruefer-hz10-4\/#breadcrumb\"},\"inLanguage\":\"de\",\"potentialAction\":[{\"@type\":\"ReadAction\",\"target\":[\"https:\/\/www.presi.com\/de\/produkt\/hartepruefer-hz10-4\/\"]}]},{\"@type\":\"ImageObject\",\"inLanguage\":\"de\",\"@id\":\"https:\/\/www.presi.com\/de\/produkt\/hartepruefer-hz10-4\/#primaryimage\",\"url\":\"https:\/\/www.presi.com\/wp-content\/uploads\/2020\/01\/durometre-presi-hz10-4.png\",\"contentUrl\":\"https:\/\/www.presi.com\/wp-content\/uploads\/2020\/01\/durometre-presi-hz10-4.png\",\"width\":600,\"height\":600,\"caption\":\"durometre-presi-hz10-4\"},{\"@type\":\"BreadcrumbList\",\"@id\":\"https:\/\/www.presi.com\/de\/produkt\/hartepruefer-hz10-4\/#breadcrumb\",\"itemListElement\":[{\"@type\":\"ListItem\",\"position\":1,\"name\":\"Accueil\",\"item\":\"https:\/\/www.presi.com\/de\/\"},{\"@type\":\"ListItem\",\"position\":2,\"name\":\"Gesch\u00e4ft\",\"item\":\"https:\/\/www.presi.com\/de\/geschaeft\/\"},{\"@type\":\"ListItem\",\"position\":3,\"name\":\"H\u00e4rtepr\u00fcfer Automatisch HZ10-4\"}]},{\"@type\":\"WebSite\",\"@id\":\"https:\/\/www.presi.com\/en\/#website\",\"url\":\"https:\/\/www.presi.com\/en\/\",\"name\":\"Presi\",\"description\":\"M\u00e9tallographie - Machines pour analyse micrographique\",\"potentialAction\":[{\"@type\":\"SearchAction\",\"target\":{\"@type\":\"EntryPoint\",\"urlTemplate\":\"https:\/\/www.presi.com\/en\/?s={search_term_string}\"},\"query-input\":{\"@type\":\"PropertyValueSpecification\",\"valueRequired\":true,\"valueName\":\"search_term_string\"}}],\"inLanguage\":\"de\"}]}<\/script>\n<!-- \/ Yoast SEO plugin. -->","yoast_head_json":{"title":"H\u00e4rtepr\u00fcfer Automatisch HZ10-4 - Presi","robots":{"index":"index","follow":"follow","max-snippet":"max-snippet:-1","max-image-preview":"max-image-preview:large","max-video-preview":"max-video-preview:-1"},"canonical":"https:\/\/www.presi.com\/de\/produkt\/hartepruefer-hz10-4\/","og_locale":"de_DE","og_type":"article","og_title":"H\u00e4rtepr\u00fcfer Automatisch HZ10-4 - Presi","og_description":"H\u00e4rtepr\u00fcfer Automatisch HZ10-4 sticht durch sein Design sofort hervor. Sein \u00c4u\u00dferes, zusammen mit seiner Robustheit und den herausragenden technischen Eigenschaften, machen ihn zu einer einzigartigen Mess- u. Pr\u00fcfmaschine. High rigidity of the chassis for a perfect load application. - Lastbereich : 10gf-10kgf - Stabiles Geh\u00e4use f\u00fcr verwindungsfrei Kraftaufbringung - Revolver : bis zu 4 Objektive, 2 Eindringk\u00f6rper, 1 Ber\u00fchrungssensor - Pr\u00fcfverfahren : Vickers oder Knoop - 1 Kraftmessdosen - Nikon Objektive f\u00fcr eine Vergr\u00f6\u00dferung bis 2000x - Ergonomischer Joystick mit einstellbaren Sensitivit\u00e4t - Leiser Betrieb - Gro\u00dfer Arebitsbereich: besonders f\u00fcr hohe Proben - 2 LED Lampen: f\u00fcr Makro- und Mikroskopaufnahmen - Automatischer Tisch Standard oder Automatischer Marmortisch  Stichwort : H\u00e4rte","og_url":"https:\/\/www.presi.com\/de\/produkt\/hartepruefer-hz10-4\/","og_site_name":"Presi","article_modified_time":"2020-02-18T14:23:55+00:00","og_image":[{"width":600,"height":600,"url":"https:\/\/www.presi.com\/wp-content\/uploads\/2020\/01\/durometre-presi-hz10-4.png","type":"image\/png"}],"twitter_card":"summary_large_image","schema":{"@context":"https:\/\/schema.org","@graph":[{"@type":"WebPage","@id":"https:\/\/www.presi.com\/de\/produkt\/hartepruefer-hz10-4\/","url":"https:\/\/www.presi.com\/de\/produkt\/hartepruefer-hz10-4\/","name":"H\u00e4rtepr\u00fcfer Automatisch HZ10-4 - Presi","isPartOf":{"@id":"https:\/\/www.presi.com\/en\/#website"},"primaryImageOfPage":{"@id":"https:\/\/www.presi.com\/de\/produkt\/hartepruefer-hz10-4\/#primaryimage"},"image":{"@id":"https:\/\/www.presi.com\/de\/produkt\/hartepruefer-hz10-4\/#primaryimage"},"thumbnailUrl":"https:\/\/www.presi.com\/wp-content\/uploads\/2020\/01\/durometre-presi-hz10-4.png","datePublished":"2020-01-20T14:35:41+00:00","dateModified":"2020-02-18T14:23:55+00:00","breadcrumb":{"@id":"https:\/\/www.presi.com\/de\/produkt\/hartepruefer-hz10-4\/#breadcrumb"},"inLanguage":"de","potentialAction":[{"@type":"ReadAction","target":["https:\/\/www.presi.com\/de\/produkt\/hartepruefer-hz10-4\/"]}]},{"@type":"ImageObject","inLanguage":"de","@id":"https:\/\/www.presi.com\/de\/produkt\/hartepruefer-hz10-4\/#primaryimage","url":"https:\/\/www.presi.com\/wp-content\/uploads\/2020\/01\/durometre-presi-hz10-4.png","contentUrl":"https:\/\/www.presi.com\/wp-content\/uploads\/2020\/01\/durometre-presi-hz10-4.png","width":600,"height":600,"caption":"durometre-presi-hz10-4"},{"@type":"BreadcrumbList","@id":"https:\/\/www.presi.com\/de\/produkt\/hartepruefer-hz10-4\/#breadcrumb","itemListElement":[{"@type":"ListItem","position":1,"name":"Accueil","item":"https:\/\/www.presi.com\/de\/"},{"@type":"ListItem","position":2,"name":"Gesch\u00e4ft","item":"https:\/\/www.presi.com\/de\/geschaeft\/"},{"@type":"ListItem","position":3,"name":"H\u00e4rtepr\u00fcfer Automatisch HZ10-4"}]},{"@type":"WebSite","@id":"https:\/\/www.presi.com\/en\/#website","url":"https:\/\/www.presi.com\/en\/","name":"Presi","description":"M\u00e9tallographie - Machines pour analyse micrographique","potentialAction":[{"@type":"SearchAction","target":{"@type":"EntryPoint","urlTemplate":"https:\/\/www.presi.com\/en\/?s={search_term_string}"},"query-input":{"@type":"PropertyValueSpecification","valueRequired":true,"valueName":"search_term_string"}}],"inLanguage":"de"}]}},"_links":{"self":[{"href":"https:\/\/www.presi.com\/de\/wp-json\/wp\/v2\/product\/25419","targetHints":{"allow":["GET"]}}],"collection":[{"href":"https:\/\/www.presi.com\/de\/wp-json\/wp\/v2\/product"}],"about":[{"href":"https:\/\/www.presi.com\/de\/wp-json\/wp\/v2\/types\/product"}],"wp:featuredmedia":[{"embeddable":true,"href":"https:\/\/www.presi.com\/de\/wp-json\/wp\/v2\/media\/25424"}],"wp:attachment":[{"href":"https:\/\/www.presi.com\/de\/wp-json\/wp\/v2\/media?parent=25419"}],"wp:term":[{"taxonomy":"product_brand","embeddable":true,"href":"https:\/\/www.presi.com\/de\/wp-json\/wp\/v2\/product_brand?post=25419"},{"taxonomy":"product_cat","embeddable":true,"href":"https:\/\/www.presi.com\/de\/wp-json\/wp\/v2\/product_cat?post=25419"},{"taxonomy":"product_tag","embeddable":true,"href":"https:\/\/www.presi.com\/de\/wp-json\/wp\/v2\/product_tag?post=25419"}],"curies":[{"name":"wp","href":"https:\/\/api.w.org\/{rel}","templated":true}]}}