{"id":26041,"date":"2020-04-17T10:25:59","date_gmt":"2020-04-17T08:25:59","guid":{"rendered":"https:\/\/www.presi.com\/?post_type=product&#038;p=26041"},"modified":"2022-10-05T11:00:29","modified_gmt":"2022-10-05T09:00:29","slug":"minischraubstock","status":"publish","type":"product","link":"https:\/\/www.presi.com\/de\/produkt\/minischraubstock\/","title":{"rendered":"Minischraubstock"},"content":{"rendered":"<p>Um sich den Minischraubstock besser vorstellen zu k\u00f6nnen haben wir einfach ein paar Fotos mit einem digitalen Messschieber gemacht:<\/p>\n<p><a href=\"https:\/\/www.presi.com\/wp-content\/uploads\/2020\/04\/20200417_093447.jpg\"><img decoding=\"async\" class=\"alignnone size-medium wp-image-26042\" src=\"https:\/\/www.presi.com\/wp-content\/uploads\/2020\/04\/20200417_093447-225x300.jpg\" alt=\"\" width=\"225\" height=\"300\" srcset=\"https:\/\/www.presi.com\/wp-content\/uploads\/2020\/04\/20200417_093447-225x300.jpg 225w, https:\/\/www.presi.com\/wp-content\/uploads\/2020\/04\/20200417_093447.jpg 540w\" sizes=\"(max-width: 225px) 100vw, 225px\" \/><\/a><a href=\"https:\/\/www.presi.com\/wp-content\/uploads\/2020\/04\/20200417_093417.jpg\"><img decoding=\"async\" class=\"alignnone size-medium wp-image-26062\" src=\"https:\/\/www.presi.com\/wp-content\/uploads\/2020\/04\/20200417_093417-225x300.jpg\" alt=\"\" width=\"225\" height=\"300\" srcset=\"https:\/\/www.presi.com\/wp-content\/uploads\/2020\/04\/20200417_093417-225x300.jpg 225w, https:\/\/www.presi.com\/wp-content\/uploads\/2020\/04\/20200417_093417.jpg 540w\" sizes=\"(max-width: 225px) 100vw, 225px\" \/><\/a><a href=\"https:\/\/www.presi.com\/wp-content\/uploads\/2020\/04\/20200417_093511.jpg\"><img decoding=\"async\" class=\"alignnone size-medium wp-image-26046\" src=\"https:\/\/www.presi.com\/wp-content\/uploads\/2020\/04\/20200417_093511-225x300.jpg\" alt=\"\" width=\"225\" height=\"300\" srcset=\"https:\/\/www.presi.com\/wp-content\/uploads\/2020\/04\/20200417_093511-225x300.jpg 225w, https:\/\/www.presi.com\/wp-content\/uploads\/2020\/04\/20200417_093511.jpg 540w\" sizes=\"(max-width: 225px) 100vw, 225px\" \/><\/a><a href=\"https:\/\/www.presi.com\/wp-content\/uploads\/2020\/04\/20200417_093545.jpg\"><img decoding=\"async\" class=\"alignnone size-medium wp-image-26050\" src=\"https:\/\/www.presi.com\/wp-content\/uploads\/2020\/04\/20200417_093545-300x225.jpg\" alt=\"\" width=\"300\" height=\"225\" srcset=\"https:\/\/www.presi.com\/wp-content\/uploads\/2020\/04\/20200417_093545-300x225.jpg 300w, https:\/\/www.presi.com\/wp-content\/uploads\/2020\/04\/20200417_093545.jpg 720w\" sizes=\"(max-width: 300px) 100vw, 300px\" \/><\/a><a href=\"https:\/\/www.presi.com\/wp-content\/uploads\/2020\/04\/20200417_093611.jpg\"><img decoding=\"async\" class=\"alignnone size-medium wp-image-26054\" src=\"https:\/\/www.presi.com\/wp-content\/uploads\/2020\/04\/20200417_093611-300x225.jpg\" alt=\"\" width=\"300\" height=\"225\" srcset=\"https:\/\/www.presi.com\/wp-content\/uploads\/2020\/04\/20200417_093611-300x225.jpg 300w, https:\/\/www.presi.com\/wp-content\/uploads\/2020\/04\/20200417_093611.jpg 720w\" sizes=\"(max-width: 300px) 100vw, 300px\" \/><\/a><\/p>\n<p>Es folgt ein kurzes Video \u00fcber einen Trennversuch, in dem der Minischraubstock zum Einsatz kam. Ein Kunde wollte mit seiner Pr\u00e4zisionstrennmaschine T210 einen Zylinder mit Durchmesser 3mm und 5 mm H\u00f6he l\u00e4ngs trennen. Der Minischraubstock, mit dem diese kleinen Bauteile eingespannt werden k\u00f6nnen wurde auf eine Vorrichtung montiert um dieses Spannmittel auf dem Fahrtisch dieser Trennmaschine zu befestigen. Weil man die Probe nahe an die Trennscheibe heranfahren muss, ben\u00f6tigt man dazu eine X-Achse mit der man im \u00b5-Bereich die Probe anstellen kann. Das zu versuchen h\u00e4ndisch zu machen, ist vergebene M\u00fche. Das Video zeigt den Mnischraubstock\u00a0 mit der Befestigung auf dem Trenntisch der T210 und dem Trennvorgang: <span style=\"background-color: #ccffff;\"><a style=\"background-color: #ccffff;\" href=\"https:\/\/youtu.be\/r4n1Ued6dKA\" target=\"_blank\" rel=\"noopener noreferrer\">siehe diesen Link<\/a><\/span><\/p>\n<p>&nbsp;<\/p>\n","protected":false},"excerpt":{"rendered":"<p>Minischraubstock,<br \/>\nLxHxT: 15X15x80mm<br \/>\nSpannbackenbreite 15mm<br \/>\nSpannbackenh\u00f6he 9mm<br \/>\nSpannkapazit\u00e4t 14,5mm<br \/>\ninkl. R\u00e4ndelschraube<br \/>\npassend f\u00fcr Mecatome T180\/202 inkl. R\u00e4ndelschraube, f\u00fcr gr\u00f6\u00dfere<br \/>\nTrennmaschinen wie z.B. die T210 oder T330,\u00a0 ist die Halterung 51410 mitzubestellen<\/p>\n","protected":false},"featured_media":26079,"template":"","meta":{"_acf_changed":false},"product_brand":[],"product_cat":[1498,1496],"product_tag":[],"class_list":{"0":"post-26041","1":"product","2":"type-product","3":"status-publish","4":"has-post-thumbnail","6":"product_cat-probenhalter","7":"product_cat-schraubstock-und-schnellspanner","9":"first","10":"instock","11":"shipping-taxable","12":"purchasable","13":"product-type-simple"},"acf":[],"yoast_head":"<!-- This site is optimized with the Yoast SEO plugin v27.5 - https:\/\/yoast.com\/product\/yoast-seo-wordpress\/ -->\n<title>Minischraubstock - Presi<\/title>\n<meta name=\"robots\" content=\"index, follow, max-snippet:-1, max-image-preview:large, max-video-preview:-1\" \/>\n<link rel=\"canonical\" href=\"https:\/\/www.presi.com\/de\/produkt\/minischraubstock\/\" \/>\n<meta property=\"og:locale\" content=\"de_DE\" \/>\n<meta property=\"og:type\" content=\"article\" \/>\n<meta property=\"og:title\" content=\"Minischraubstock - Presi\" \/>\n<meta property=\"og:description\" content=\"Minischraubstock, LxHxT: 15X15x80mm Spannbackenbreite 15mm Spannbackenh\u00f6he 9mm Spannkapazit\u00e4t 14,5mm inkl. R\u00e4ndelschraube passend f\u00fcr Mecatome T180\/202 inkl. R\u00e4ndelschraube, f\u00fcr gr\u00f6\u00dfere Trennmaschinen wie z.B. die T210 oder T330,\u00a0 ist die Halterung 51410 mitzubestellen\" \/>\n<meta property=\"og:url\" content=\"https:\/\/www.presi.com\/de\/produkt\/minischraubstock\/\" \/>\n<meta property=\"og:site_name\" content=\"Presi\" \/>\n<meta property=\"article:modified_time\" content=\"2022-10-05T09:00:29+00:00\" \/>\n<meta property=\"og:image\" content=\"https:\/\/www.presi.com\/wp-content\/uploads\/2020\/04\/De51722..jpg\" \/>\n\t<meta property=\"og:image:width\" content=\"500\" \/>\n\t<meta property=\"og:image:height\" content=\"300\" \/>\n\t<meta property=\"og:image:type\" content=\"image\/jpeg\" \/>\n<meta name=\"twitter:card\" content=\"summary_large_image\" \/>\n<meta name=\"twitter:label1\" content=\"Gesch\u00e4tzte Lesezeit\" \/>\n\t<meta name=\"twitter:data1\" content=\"1\u00a0Minute\" \/>\n<script type=\"application\/ld+json\" class=\"yoast-schema-graph\">{\"@context\":\"https:\\\/\\\/schema.org\",\"@graph\":[{\"@type\":\"WebPage\",\"@id\":\"https:\\\/\\\/www.presi.com\\\/de\\\/produkt\\\/minischraubstock\\\/\",\"url\":\"https:\\\/\\\/www.presi.com\\\/de\\\/produkt\\\/minischraubstock\\\/\",\"name\":\"Minischraubstock - Presi\",\"isPartOf\":{\"@id\":\"https:\\\/\\\/www.presi.com\\\/en\\\/#website\"},\"primaryImageOfPage\":{\"@id\":\"https:\\\/\\\/www.presi.com\\\/de\\\/produkt\\\/minischraubstock\\\/#primaryimage\"},\"image\":{\"@id\":\"https:\\\/\\\/www.presi.com\\\/de\\\/produkt\\\/minischraubstock\\\/#primaryimage\"},\"thumbnailUrl\":\"https:\\\/\\\/www.presi.com\\\/wp-content\\\/uploads\\\/2020\\\/04\\\/De51722..jpg\",\"datePublished\":\"2020-04-17T08:25:59+00:00\",\"dateModified\":\"2022-10-05T09:00:29+00:00\",\"breadcrumb\":{\"@id\":\"https:\\\/\\\/www.presi.com\\\/de\\\/produkt\\\/minischraubstock\\\/#breadcrumb\"},\"inLanguage\":\"de\",\"potentialAction\":[{\"@type\":\"ReadAction\",\"target\":[\"https:\\\/\\\/www.presi.com\\\/de\\\/produkt\\\/minischraubstock\\\/\"]}]},{\"@type\":\"ImageObject\",\"inLanguage\":\"de\",\"@id\":\"https:\\\/\\\/www.presi.com\\\/de\\\/produkt\\\/minischraubstock\\\/#primaryimage\",\"url\":\"https:\\\/\\\/www.presi.com\\\/wp-content\\\/uploads\\\/2020\\\/04\\\/De51722..jpg\",\"contentUrl\":\"https:\\\/\\\/www.presi.com\\\/wp-content\\\/uploads\\\/2020\\\/04\\\/De51722..jpg\",\"width\":500,\"height\":300},{\"@type\":\"BreadcrumbList\",\"@id\":\"https:\\\/\\\/www.presi.com\\\/de\\\/produkt\\\/minischraubstock\\\/#breadcrumb\",\"itemListElement\":[{\"@type\":\"ListItem\",\"position\":1,\"name\":\"Accueil\",\"item\":\"https:\\\/\\\/www.presi.com\\\/de\\\/\"},{\"@type\":\"ListItem\",\"position\":2,\"name\":\"Gesch\u00e4ft\",\"item\":\"https:\\\/\\\/www.presi.com\\\/de\\\/geschaeft\\\/\"},{\"@type\":\"ListItem\",\"position\":3,\"name\":\"Minischraubstock\"}]},{\"@type\":\"WebSite\",\"@id\":\"https:\\\/\\\/www.presi.com\\\/en\\\/#website\",\"url\":\"https:\\\/\\\/www.presi.com\\\/en\\\/\",\"name\":\"Presi\",\"description\":\"M\u00e9tallographie - Machines pour analyse micrographique\",\"potentialAction\":[{\"@type\":\"SearchAction\",\"target\":{\"@type\":\"EntryPoint\",\"urlTemplate\":\"https:\\\/\\\/www.presi.com\\\/en\\\/?s={search_term_string}\"},\"query-input\":{\"@type\":\"PropertyValueSpecification\",\"valueRequired\":true,\"valueName\":\"search_term_string\"}}],\"inLanguage\":\"de\"}]}<\/script>\n<!-- \/ Yoast SEO plugin. -->","yoast_head_json":{"title":"Minischraubstock - Presi","robots":{"index":"index","follow":"follow","max-snippet":"max-snippet:-1","max-image-preview":"max-image-preview:large","max-video-preview":"max-video-preview:-1"},"canonical":"https:\/\/www.presi.com\/de\/produkt\/minischraubstock\/","og_locale":"de_DE","og_type":"article","og_title":"Minischraubstock - Presi","og_description":"Minischraubstock, LxHxT: 15X15x80mm Spannbackenbreite 15mm Spannbackenh\u00f6he 9mm Spannkapazit\u00e4t 14,5mm inkl. R\u00e4ndelschraube passend f\u00fcr Mecatome T180\/202 inkl. R\u00e4ndelschraube, f\u00fcr gr\u00f6\u00dfere Trennmaschinen wie z.B. die T210 oder T330,\u00a0 ist die Halterung 51410 mitzubestellen","og_url":"https:\/\/www.presi.com\/de\/produkt\/minischraubstock\/","og_site_name":"Presi","article_modified_time":"2022-10-05T09:00:29+00:00","og_image":[{"width":500,"height":300,"url":"https:\/\/www.presi.com\/wp-content\/uploads\/2020\/04\/De51722..jpg","type":"image\/jpeg"}],"twitter_card":"summary_large_image","twitter_misc":{"Gesch\u00e4tzte Lesezeit":"1\u00a0Minute"},"schema":{"@context":"https:\/\/schema.org","@graph":[{"@type":"WebPage","@id":"https:\/\/www.presi.com\/de\/produkt\/minischraubstock\/","url":"https:\/\/www.presi.com\/de\/produkt\/minischraubstock\/","name":"Minischraubstock - Presi","isPartOf":{"@id":"https:\/\/www.presi.com\/en\/#website"},"primaryImageOfPage":{"@id":"https:\/\/www.presi.com\/de\/produkt\/minischraubstock\/#primaryimage"},"image":{"@id":"https:\/\/www.presi.com\/de\/produkt\/minischraubstock\/#primaryimage"},"thumbnailUrl":"https:\/\/www.presi.com\/wp-content\/uploads\/2020\/04\/De51722..jpg","datePublished":"2020-04-17T08:25:59+00:00","dateModified":"2022-10-05T09:00:29+00:00","breadcrumb":{"@id":"https:\/\/www.presi.com\/de\/produkt\/minischraubstock\/#breadcrumb"},"inLanguage":"de","potentialAction":[{"@type":"ReadAction","target":["https:\/\/www.presi.com\/de\/produkt\/minischraubstock\/"]}]},{"@type":"ImageObject","inLanguage":"de","@id":"https:\/\/www.presi.com\/de\/produkt\/minischraubstock\/#primaryimage","url":"https:\/\/www.presi.com\/wp-content\/uploads\/2020\/04\/De51722..jpg","contentUrl":"https:\/\/www.presi.com\/wp-content\/uploads\/2020\/04\/De51722..jpg","width":500,"height":300},{"@type":"BreadcrumbList","@id":"https:\/\/www.presi.com\/de\/produkt\/minischraubstock\/#breadcrumb","itemListElement":[{"@type":"ListItem","position":1,"name":"Accueil","item":"https:\/\/www.presi.com\/de\/"},{"@type":"ListItem","position":2,"name":"Gesch\u00e4ft","item":"https:\/\/www.presi.com\/de\/geschaeft\/"},{"@type":"ListItem","position":3,"name":"Minischraubstock"}]},{"@type":"WebSite","@id":"https:\/\/www.presi.com\/en\/#website","url":"https:\/\/www.presi.com\/en\/","name":"Presi","description":"M\u00e9tallographie - Machines pour analyse micrographique","potentialAction":[{"@type":"SearchAction","target":{"@type":"EntryPoint","urlTemplate":"https:\/\/www.presi.com\/en\/?s={search_term_string}"},"query-input":{"@type":"PropertyValueSpecification","valueRequired":true,"valueName":"search_term_string"}}],"inLanguage":"de"}]}},"_links":{"self":[{"href":"https:\/\/www.presi.com\/de\/wp-json\/wp\/v2\/product\/26041","targetHints":{"allow":["GET"]}}],"collection":[{"href":"https:\/\/www.presi.com\/de\/wp-json\/wp\/v2\/product"}],"about":[{"href":"https:\/\/www.presi.com\/de\/wp-json\/wp\/v2\/types\/product"}],"wp:featuredmedia":[{"embeddable":true,"href":"https:\/\/www.presi.com\/de\/wp-json\/wp\/v2\/media\/26079"}],"wp:attachment":[{"href":"https:\/\/www.presi.com\/de\/wp-json\/wp\/v2\/media?parent=26041"}],"wp:term":[{"taxonomy":"product_brand","embeddable":true,"href":"https:\/\/www.presi.com\/de\/wp-json\/wp\/v2\/product_brand?post=26041"},{"taxonomy":"product_cat","embeddable":true,"href":"https:\/\/www.presi.com\/de\/wp-json\/wp\/v2\/product_cat?post=26041"},{"taxonomy":"product_tag","embeddable":true,"href":"https:\/\/www.presi.com\/de\/wp-json\/wp\/v2\/product_tag?post=26041"}],"curies":[{"name":"wp","href":"https:\/\/api.w.org\/{rel}","templated":true}]}}