{"id":26881,"date":"2021-03-10T12:04:07","date_gmt":"2021-03-10T11:04:07","guid":{"rendered":"https:\/\/www.presi.com\/?post_type=product&#038;p=26881"},"modified":"2021-03-11T14:53:51","modified_gmt":"2021-03-11T13:53:51","slug":"diamanttrennscheibe-ref-eld-oe-2500-x-1-8-x-32-mm","status":"publish","type":"product","link":"https:\/\/www.presi.com\/de\/produkt\/diamanttrennscheibe-ref-eld-oe-2500-x-1-8-x-32-mm\/","title":{"rendered":"Diamanttrennscheibe Typ ELD \u00d8 250 x 1.8 x 32 mm"},"content":{"rendered":"","protected":false},"excerpt":{"rendered":"<p>ELD Diamanttrennscheiben bestehen aus einer Metallscheibe auf deren \u00e4u\u00dferen Rand, in einer galvanischen Schicht Diamanten eingebettet wurden. Diese Trennscheibe wurde zum Trennen von Kunststoffen und Verbundwerkstoffen entwickelt, und Sie eignet sich auch gut f\u00fcr Polyurethanschaum, Gips, Beton und Gestein.<\/p>\n","protected":false},"featured_media":26861,"template":"","meta":{"_acf_changed":false},"product_brand":[],"product_cat":[1490,1508,1504],"product_tag":[],"class_list":{"0":"post-26881","1":"product","2":"type-product","3":"status-publish","4":"has-post-thumbnail","6":"product_cat-trennen","7":"product_cat-trennscheiben","8":"product_cat-verbrauchsmaterial-trennen","10":"first","11":"instock","12":"shipping-taxable","13":"purchasable","14":"product-type-simple"},"acf":[],"yoast_head":"<!-- This site is optimized with the Yoast SEO plugin v27.2 - https:\/\/yoast.com\/product\/yoast-seo-wordpress\/ -->\n<title>Diamanttrennscheibe Typ ELD \u00d8 250 x 1.8 x 32 mm - Presi<\/title>\n<meta name=\"robots\" content=\"index, follow, max-snippet:-1, max-image-preview:large, max-video-preview:-1\" \/>\n<link rel=\"canonical\" href=\"https:\/\/www.presi.com\/de\/produkt\/diamanttrennscheibe-ref-eld-oe-2500-x-1-8-x-32-mm\/\" \/>\n<meta property=\"og:locale\" content=\"de_DE\" \/>\n<meta property=\"og:type\" content=\"article\" \/>\n<meta property=\"og:title\" content=\"Diamanttrennscheibe Typ ELD \u00d8 250 x 1.8 x 32 mm - Presi\" \/>\n<meta property=\"og:description\" content=\"ELD Diamanttrennscheiben bestehen aus einer Metallscheibe auf deren \u00e4u\u00dferen Rand, in einer galvanischen Schicht Diamanten eingebettet wurden. Diese Trennscheibe wurde zum Trennen von Kunststoffen und Verbundwerkstoffen entwickelt, und Sie eignet sich auch gut f\u00fcr Polyurethanschaum, Gips, Beton und Gestein.\" \/>\n<meta property=\"og:url\" content=\"https:\/\/www.presi.com\/de\/produkt\/diamanttrennscheibe-ref-eld-oe-2500-x-1-8-x-32-mm\/\" \/>\n<meta property=\"og:site_name\" content=\"Presi\" \/>\n<meta property=\"article:modified_time\" content=\"2021-03-11T13:53:51+00:00\" \/>\n<meta property=\"og:image\" content=\"https:\/\/www.presi.com\/wp-content\/uploads\/2021\/03\/disque-eld-presi.jpg\" \/>\n\t<meta property=\"og:image:width\" content=\"600\" \/>\n\t<meta property=\"og:image:height\" content=\"600\" \/>\n\t<meta property=\"og:image:type\" content=\"image\/jpeg\" \/>\n<meta name=\"twitter:card\" content=\"summary_large_image\" \/>\n<script type=\"application\/ld+json\" class=\"yoast-schema-graph\">{\"@context\":\"https:\/\/schema.org\",\"@graph\":[{\"@type\":\"WebPage\",\"@id\":\"https:\/\/www.presi.com\/de\/produkt\/diamanttrennscheibe-ref-eld-oe-2500-x-1-8-x-32-mm\/\",\"url\":\"https:\/\/www.presi.com\/de\/produkt\/diamanttrennscheibe-ref-eld-oe-2500-x-1-8-x-32-mm\/\",\"name\":\"Diamanttrennscheibe Typ ELD \u00d8 250 x 1.8 x 32 mm - Presi\",\"isPartOf\":{\"@id\":\"https:\/\/www.presi.com\/en\/#website\"},\"primaryImageOfPage\":{\"@id\":\"https:\/\/www.presi.com\/de\/produkt\/diamanttrennscheibe-ref-eld-oe-2500-x-1-8-x-32-mm\/#primaryimage\"},\"image\":{\"@id\":\"https:\/\/www.presi.com\/de\/produkt\/diamanttrennscheibe-ref-eld-oe-2500-x-1-8-x-32-mm\/#primaryimage\"},\"thumbnailUrl\":\"https:\/\/www.presi.com\/wp-content\/uploads\/2021\/03\/disque-eld-presi.jpg\",\"datePublished\":\"2021-03-10T11:04:07+00:00\",\"dateModified\":\"2021-03-11T13:53:51+00:00\",\"breadcrumb\":{\"@id\":\"https:\/\/www.presi.com\/de\/produkt\/diamanttrennscheibe-ref-eld-oe-2500-x-1-8-x-32-mm\/#breadcrumb\"},\"inLanguage\":\"de\",\"potentialAction\":[{\"@type\":\"ReadAction\",\"target\":[\"https:\/\/www.presi.com\/de\/produkt\/diamanttrennscheibe-ref-eld-oe-2500-x-1-8-x-32-mm\/\"]}]},{\"@type\":\"ImageObject\",\"inLanguage\":\"de\",\"@id\":\"https:\/\/www.presi.com\/de\/produkt\/diamanttrennscheibe-ref-eld-oe-2500-x-1-8-x-32-mm\/#primaryimage\",\"url\":\"https:\/\/www.presi.com\/wp-content\/uploads\/2021\/03\/disque-eld-presi.jpg\",\"contentUrl\":\"https:\/\/www.presi.com\/wp-content\/uploads\/2021\/03\/disque-eld-presi.jpg\",\"width\":600,\"height\":600},{\"@type\":\"BreadcrumbList\",\"@id\":\"https:\/\/www.presi.com\/de\/produkt\/diamanttrennscheibe-ref-eld-oe-2500-x-1-8-x-32-mm\/#breadcrumb\",\"itemListElement\":[{\"@type\":\"ListItem\",\"position\":1,\"name\":\"Accueil\",\"item\":\"https:\/\/www.presi.com\/de\/\"},{\"@type\":\"ListItem\",\"position\":2,\"name\":\"Gesch\u00e4ft\",\"item\":\"https:\/\/www.presi.com\/de\/geschaeft\/\"},{\"@type\":\"ListItem\",\"position\":3,\"name\":\"Diamanttrennscheibe Typ ELD \u00d8 250 x 1.8 x 32 mm\"}]},{\"@type\":\"WebSite\",\"@id\":\"https:\/\/www.presi.com\/en\/#website\",\"url\":\"https:\/\/www.presi.com\/en\/\",\"name\":\"Presi\",\"description\":\"M\u00e9tallographie - Machines pour analyse micrographique\",\"potentialAction\":[{\"@type\":\"SearchAction\",\"target\":{\"@type\":\"EntryPoint\",\"urlTemplate\":\"https:\/\/www.presi.com\/en\/?s={search_term_string}\"},\"query-input\":{\"@type\":\"PropertyValueSpecification\",\"valueRequired\":true,\"valueName\":\"search_term_string\"}}],\"inLanguage\":\"de\"}]}<\/script>\n<!-- \/ Yoast SEO plugin. -->","yoast_head_json":{"title":"Diamanttrennscheibe Typ ELD \u00d8 250 x 1.8 x 32 mm - Presi","robots":{"index":"index","follow":"follow","max-snippet":"max-snippet:-1","max-image-preview":"max-image-preview:large","max-video-preview":"max-video-preview:-1"},"canonical":"https:\/\/www.presi.com\/de\/produkt\/diamanttrennscheibe-ref-eld-oe-2500-x-1-8-x-32-mm\/","og_locale":"de_DE","og_type":"article","og_title":"Diamanttrennscheibe Typ ELD \u00d8 250 x 1.8 x 32 mm - Presi","og_description":"ELD Diamanttrennscheiben bestehen aus einer Metallscheibe auf deren \u00e4u\u00dferen Rand, in einer galvanischen Schicht Diamanten eingebettet wurden. Diese Trennscheibe wurde zum Trennen von Kunststoffen und Verbundwerkstoffen entwickelt, und Sie eignet sich auch gut f\u00fcr Polyurethanschaum, Gips, Beton und Gestein.","og_url":"https:\/\/www.presi.com\/de\/produkt\/diamanttrennscheibe-ref-eld-oe-2500-x-1-8-x-32-mm\/","og_site_name":"Presi","article_modified_time":"2021-03-11T13:53:51+00:00","og_image":[{"width":600,"height":600,"url":"https:\/\/www.presi.com\/wp-content\/uploads\/2021\/03\/disque-eld-presi.jpg","type":"image\/jpeg"}],"twitter_card":"summary_large_image","schema":{"@context":"https:\/\/schema.org","@graph":[{"@type":"WebPage","@id":"https:\/\/www.presi.com\/de\/produkt\/diamanttrennscheibe-ref-eld-oe-2500-x-1-8-x-32-mm\/","url":"https:\/\/www.presi.com\/de\/produkt\/diamanttrennscheibe-ref-eld-oe-2500-x-1-8-x-32-mm\/","name":"Diamanttrennscheibe Typ ELD \u00d8 250 x 1.8 x 32 mm - Presi","isPartOf":{"@id":"https:\/\/www.presi.com\/en\/#website"},"primaryImageOfPage":{"@id":"https:\/\/www.presi.com\/de\/produkt\/diamanttrennscheibe-ref-eld-oe-2500-x-1-8-x-32-mm\/#primaryimage"},"image":{"@id":"https:\/\/www.presi.com\/de\/produkt\/diamanttrennscheibe-ref-eld-oe-2500-x-1-8-x-32-mm\/#primaryimage"},"thumbnailUrl":"https:\/\/www.presi.com\/wp-content\/uploads\/2021\/03\/disque-eld-presi.jpg","datePublished":"2021-03-10T11:04:07+00:00","dateModified":"2021-03-11T13:53:51+00:00","breadcrumb":{"@id":"https:\/\/www.presi.com\/de\/produkt\/diamanttrennscheibe-ref-eld-oe-2500-x-1-8-x-32-mm\/#breadcrumb"},"inLanguage":"de","potentialAction":[{"@type":"ReadAction","target":["https:\/\/www.presi.com\/de\/produkt\/diamanttrennscheibe-ref-eld-oe-2500-x-1-8-x-32-mm\/"]}]},{"@type":"ImageObject","inLanguage":"de","@id":"https:\/\/www.presi.com\/de\/produkt\/diamanttrennscheibe-ref-eld-oe-2500-x-1-8-x-32-mm\/#primaryimage","url":"https:\/\/www.presi.com\/wp-content\/uploads\/2021\/03\/disque-eld-presi.jpg","contentUrl":"https:\/\/www.presi.com\/wp-content\/uploads\/2021\/03\/disque-eld-presi.jpg","width":600,"height":600},{"@type":"BreadcrumbList","@id":"https:\/\/www.presi.com\/de\/produkt\/diamanttrennscheibe-ref-eld-oe-2500-x-1-8-x-32-mm\/#breadcrumb","itemListElement":[{"@type":"ListItem","position":1,"name":"Accueil","item":"https:\/\/www.presi.com\/de\/"},{"@type":"ListItem","position":2,"name":"Gesch\u00e4ft","item":"https:\/\/www.presi.com\/de\/geschaeft\/"},{"@type":"ListItem","position":3,"name":"Diamanttrennscheibe Typ ELD \u00d8 250 x 1.8 x 32 mm"}]},{"@type":"WebSite","@id":"https:\/\/www.presi.com\/en\/#website","url":"https:\/\/www.presi.com\/en\/","name":"Presi","description":"M\u00e9tallographie - Machines pour analyse micrographique","potentialAction":[{"@type":"SearchAction","target":{"@type":"EntryPoint","urlTemplate":"https:\/\/www.presi.com\/en\/?s={search_term_string}"},"query-input":{"@type":"PropertyValueSpecification","valueRequired":true,"valueName":"search_term_string"}}],"inLanguage":"de"}]}},"_links":{"self":[{"href":"https:\/\/www.presi.com\/de\/wp-json\/wp\/v2\/product\/26881","targetHints":{"allow":["GET"]}}],"collection":[{"href":"https:\/\/www.presi.com\/de\/wp-json\/wp\/v2\/product"}],"about":[{"href":"https:\/\/www.presi.com\/de\/wp-json\/wp\/v2\/types\/product"}],"wp:featuredmedia":[{"embeddable":true,"href":"https:\/\/www.presi.com\/de\/wp-json\/wp\/v2\/media\/26861"}],"wp:attachment":[{"href":"https:\/\/www.presi.com\/de\/wp-json\/wp\/v2\/media?parent=26881"}],"wp:term":[{"taxonomy":"product_brand","embeddable":true,"href":"https:\/\/www.presi.com\/de\/wp-json\/wp\/v2\/product_brand?post=26881"},{"taxonomy":"product_cat","embeddable":true,"href":"https:\/\/www.presi.com\/de\/wp-json\/wp\/v2\/product_cat?post=26881"},{"taxonomy":"product_tag","embeddable":true,"href":"https:\/\/www.presi.com\/de\/wp-json\/wp\/v2\/product_tag?post=26881"}],"curies":[{"name":"wp","href":"https:\/\/api.w.org\/{rel}","templated":true}]}}