{"id":43337,"date":"2023-11-30T10:52:49","date_gmt":"2023-11-30T09:52:49","guid":{"rendered":"https:\/\/www.presi.com\/produit\/mecatome-t305\/"},"modified":"2024-07-29T12:24:35","modified_gmt":"2024-07-29T10:24:35","slug":"mecatome-t305","status":"publish","type":"product","link":"https:\/\/www.presi.com\/de\/produkt\/mecatome-t305\/","title":{"rendered":"MECATOME T305"},"content":{"rendered":"<p><iframe width=\"560\" height=\"315\" src=\"https:\/\/www.youtube.com\/embed\/0OE6gAJzVq4?si=i-5FYje7CYB6Jg6n\" title=\"YouTube video player\" frameborder=\"0\" allow=\"accelerometer; autoplay; clipboard-write; encrypted-media; gyroscope; picture-in-picture; web-share\" referrerpolicy=\"strict-origin-when-cross-origin\" allowfullscreen><\/iframe><\/p>\n","protected":false},"excerpt":{"rendered":"<p>Die MECATOME T305 ist robust und flexibel und kann Trennscheiben mit \u00d8 250 &#038; \u00d8 300 mm aufnehmen.<br \/>\nMit Drehzahlen von 1000 bis 4000 U\/min k\u00f6nnen Metallscheiben als Resinoide verwendet werden. Ihr Edelstahl-Palettentisch ist mit allen auf dem Markt erh\u00e4ltlichen Spannsystemen kompatibel und ihre eintauchende Abstechbewegung macht sie zur idealen Maschine f\u00fcr das routinem\u00e4\u00dfige Abstechen.<\/p>\n","protected":false},"featured_media":40711,"template":"","meta":{"_acf_changed":false},"product_brand":[],"product_cat":[1490,1509],"product_tag":[],"class_list":{"0":"post-43337","1":"product","2":"type-product","3":"status-publish","4":"has-post-thumbnail","6":"product_cat-trennen","7":"product_cat-trennmaschinen-de","8":"pa_diametre-de-meule-bis-zu-o-300-mm","9":"pa_type-de-machine-trennmaschine","11":"first","12":"instock","13":"purchasable","14":"product-type-simple"},"acf":[],"yoast_head":"<!-- This site is optimized with the Yoast SEO plugin v27.5 - https:\/\/yoast.com\/product\/yoast-seo-wordpress\/ -->\n<title>MECATOME T305 - Presi<\/title>\n<meta name=\"robots\" content=\"index, follow, max-snippet:-1, max-image-preview:large, max-video-preview:-1\" \/>\n<link rel=\"canonical\" href=\"https:\/\/www.presi.com\/de\/produkt\/mecatome-t305\/\" \/>\n<meta property=\"og:locale\" content=\"de_DE\" \/>\n<meta property=\"og:type\" content=\"article\" \/>\n<meta property=\"og:title\" content=\"MECATOME T305 - Presi\" \/>\n<meta property=\"og:description\" content=\"Die MECATOME T305 ist robust und flexibel und kann Trennscheiben mit \u00d8 250 &amp; \u00d8 300 mm aufnehmen. Mit Drehzahlen von 1000 bis 4000 U\/min k\u00f6nnen Metallscheiben als Resinoide verwendet werden. Ihr Edelstahl-Palettentisch ist mit allen auf dem Markt erh\u00e4ltlichen Spannsystemen kompatibel und ihre eintauchende Abstechbewegung macht sie zur idealen Maschine f\u00fcr das routinem\u00e4\u00dfige Abstechen.\" \/>\n<meta property=\"og:url\" content=\"https:\/\/www.presi.com\/de\/produkt\/mecatome-t305\/\" \/>\n<meta property=\"og:site_name\" content=\"Presi\" \/>\n<meta property=\"article:modified_time\" content=\"2024-07-29T10:24:35+00:00\" \/>\n<meta property=\"og:image\" content=\"https:\/\/www.presi.com\/wp-content\/uploads\/2023\/11\/mecatome-t305-produit.webp\" \/>\n\t<meta property=\"og:image:width\" content=\"1000\" \/>\n\t<meta property=\"og:image:height\" content=\"1000\" \/>\n\t<meta property=\"og:image:type\" content=\"image\/webp\" \/>\n<meta name=\"twitter:card\" content=\"summary_large_image\" \/>\n<meta name=\"twitter:label1\" content=\"Gesch\u00e4tzte Lesezeit\" \/>\n\t<meta name=\"twitter:data1\" content=\"1\u00a0Minute\" \/>\n<script type=\"application\/ld+json\" class=\"yoast-schema-graph\">{\"@context\":\"https:\\\/\\\/schema.org\",\"@graph\":[{\"@type\":\"WebPage\",\"@id\":\"https:\\\/\\\/www.presi.com\\\/de\\\/produkt\\\/mecatome-t305\\\/\",\"url\":\"https:\\\/\\\/www.presi.com\\\/de\\\/produkt\\\/mecatome-t305\\\/\",\"name\":\"MECATOME T305 - Presi\",\"isPartOf\":{\"@id\":\"https:\\\/\\\/www.presi.com\\\/en\\\/#website\"},\"primaryImageOfPage\":{\"@id\":\"https:\\\/\\\/www.presi.com\\\/de\\\/produkt\\\/mecatome-t305\\\/#primaryimage\"},\"image\":{\"@id\":\"https:\\\/\\\/www.presi.com\\\/de\\\/produkt\\\/mecatome-t305\\\/#primaryimage\"},\"thumbnailUrl\":\"https:\\\/\\\/www.presi.com\\\/wp-content\\\/uploads\\\/2023\\\/11\\\/mecatome-t305-produit.webp\",\"datePublished\":\"2023-11-30T09:52:49+00:00\",\"dateModified\":\"2024-07-29T10:24:35+00:00\",\"breadcrumb\":{\"@id\":\"https:\\\/\\\/www.presi.com\\\/de\\\/produkt\\\/mecatome-t305\\\/#breadcrumb\"},\"inLanguage\":\"de\",\"potentialAction\":[{\"@type\":\"ReadAction\",\"target\":[\"https:\\\/\\\/www.presi.com\\\/de\\\/produkt\\\/mecatome-t305\\\/\"]}]},{\"@type\":\"ImageObject\",\"inLanguage\":\"de\",\"@id\":\"https:\\\/\\\/www.presi.com\\\/de\\\/produkt\\\/mecatome-t305\\\/#primaryimage\",\"url\":\"https:\\\/\\\/www.presi.com\\\/wp-content\\\/uploads\\\/2023\\\/11\\\/mecatome-t305-produit.webp\",\"contentUrl\":\"https:\\\/\\\/www.presi.com\\\/wp-content\\\/uploads\\\/2023\\\/11\\\/mecatome-t305-produit.webp\",\"width\":1000,\"height\":1000},{\"@type\":\"BreadcrumbList\",\"@id\":\"https:\\\/\\\/www.presi.com\\\/de\\\/produkt\\\/mecatome-t305\\\/#breadcrumb\",\"itemListElement\":[{\"@type\":\"ListItem\",\"position\":1,\"name\":\"Accueil\",\"item\":\"https:\\\/\\\/www.presi.com\\\/de\\\/\"},{\"@type\":\"ListItem\",\"position\":2,\"name\":\"Gesch\u00e4ft\",\"item\":\"https:\\\/\\\/www.presi.com\\\/de\\\/geschaeft\\\/\"},{\"@type\":\"ListItem\",\"position\":3,\"name\":\"MECATOME T305\"}]},{\"@type\":\"WebSite\",\"@id\":\"https:\\\/\\\/www.presi.com\\\/en\\\/#website\",\"url\":\"https:\\\/\\\/www.presi.com\\\/en\\\/\",\"name\":\"Presi\",\"description\":\"M\u00e9tallographie - Machines pour analyse micrographique\",\"potentialAction\":[{\"@type\":\"SearchAction\",\"target\":{\"@type\":\"EntryPoint\",\"urlTemplate\":\"https:\\\/\\\/www.presi.com\\\/en\\\/?s={search_term_string}\"},\"query-input\":{\"@type\":\"PropertyValueSpecification\",\"valueRequired\":true,\"valueName\":\"search_term_string\"}}],\"inLanguage\":\"de\"}]}<\/script>\n<!-- \/ Yoast SEO plugin. -->","yoast_head_json":{"title":"MECATOME T305 - Presi","robots":{"index":"index","follow":"follow","max-snippet":"max-snippet:-1","max-image-preview":"max-image-preview:large","max-video-preview":"max-video-preview:-1"},"canonical":"https:\/\/www.presi.com\/de\/produkt\/mecatome-t305\/","og_locale":"de_DE","og_type":"article","og_title":"MECATOME T305 - Presi","og_description":"Die MECATOME T305 ist robust und flexibel und kann Trennscheiben mit \u00d8 250 & \u00d8 300 mm aufnehmen. Mit Drehzahlen von 1000 bis 4000 U\/min k\u00f6nnen Metallscheiben als Resinoide verwendet werden. Ihr Edelstahl-Palettentisch ist mit allen auf dem Markt erh\u00e4ltlichen Spannsystemen kompatibel und ihre eintauchende Abstechbewegung macht sie zur idealen Maschine f\u00fcr das routinem\u00e4\u00dfige Abstechen.","og_url":"https:\/\/www.presi.com\/de\/produkt\/mecatome-t305\/","og_site_name":"Presi","article_modified_time":"2024-07-29T10:24:35+00:00","og_image":[{"width":1000,"height":1000,"url":"https:\/\/www.presi.com\/wp-content\/uploads\/2023\/11\/mecatome-t305-produit.webp","type":"image\/webp"}],"twitter_card":"summary_large_image","twitter_misc":{"Gesch\u00e4tzte Lesezeit":"1\u00a0Minute"},"schema":{"@context":"https:\/\/schema.org","@graph":[{"@type":"WebPage","@id":"https:\/\/www.presi.com\/de\/produkt\/mecatome-t305\/","url":"https:\/\/www.presi.com\/de\/produkt\/mecatome-t305\/","name":"MECATOME T305 - Presi","isPartOf":{"@id":"https:\/\/www.presi.com\/en\/#website"},"primaryImageOfPage":{"@id":"https:\/\/www.presi.com\/de\/produkt\/mecatome-t305\/#primaryimage"},"image":{"@id":"https:\/\/www.presi.com\/de\/produkt\/mecatome-t305\/#primaryimage"},"thumbnailUrl":"https:\/\/www.presi.com\/wp-content\/uploads\/2023\/11\/mecatome-t305-produit.webp","datePublished":"2023-11-30T09:52:49+00:00","dateModified":"2024-07-29T10:24:35+00:00","breadcrumb":{"@id":"https:\/\/www.presi.com\/de\/produkt\/mecatome-t305\/#breadcrumb"},"inLanguage":"de","potentialAction":[{"@type":"ReadAction","target":["https:\/\/www.presi.com\/de\/produkt\/mecatome-t305\/"]}]},{"@type":"ImageObject","inLanguage":"de","@id":"https:\/\/www.presi.com\/de\/produkt\/mecatome-t305\/#primaryimage","url":"https:\/\/www.presi.com\/wp-content\/uploads\/2023\/11\/mecatome-t305-produit.webp","contentUrl":"https:\/\/www.presi.com\/wp-content\/uploads\/2023\/11\/mecatome-t305-produit.webp","width":1000,"height":1000},{"@type":"BreadcrumbList","@id":"https:\/\/www.presi.com\/de\/produkt\/mecatome-t305\/#breadcrumb","itemListElement":[{"@type":"ListItem","position":1,"name":"Accueil","item":"https:\/\/www.presi.com\/de\/"},{"@type":"ListItem","position":2,"name":"Gesch\u00e4ft","item":"https:\/\/www.presi.com\/de\/geschaeft\/"},{"@type":"ListItem","position":3,"name":"MECATOME T305"}]},{"@type":"WebSite","@id":"https:\/\/www.presi.com\/en\/#website","url":"https:\/\/www.presi.com\/en\/","name":"Presi","description":"M\u00e9tallographie - Machines pour analyse micrographique","potentialAction":[{"@type":"SearchAction","target":{"@type":"EntryPoint","urlTemplate":"https:\/\/www.presi.com\/en\/?s={search_term_string}"},"query-input":{"@type":"PropertyValueSpecification","valueRequired":true,"valueName":"search_term_string"}}],"inLanguage":"de"}]}},"_links":{"self":[{"href":"https:\/\/www.presi.com\/de\/wp-json\/wp\/v2\/product\/43337","targetHints":{"allow":["GET"]}}],"collection":[{"href":"https:\/\/www.presi.com\/de\/wp-json\/wp\/v2\/product"}],"about":[{"href":"https:\/\/www.presi.com\/de\/wp-json\/wp\/v2\/types\/product"}],"wp:featuredmedia":[{"embeddable":true,"href":"https:\/\/www.presi.com\/de\/wp-json\/wp\/v2\/media\/40711"}],"wp:attachment":[{"href":"https:\/\/www.presi.com\/de\/wp-json\/wp\/v2\/media?parent=43337"}],"wp:term":[{"taxonomy":"product_brand","embeddable":true,"href":"https:\/\/www.presi.com\/de\/wp-json\/wp\/v2\/product_brand?post=43337"},{"taxonomy":"product_cat","embeddable":true,"href":"https:\/\/www.presi.com\/de\/wp-json\/wp\/v2\/product_cat?post=43337"},{"taxonomy":"product_tag","embeddable":true,"href":"https:\/\/www.presi.com\/de\/wp-json\/wp\/v2\/product_tag?post=43337"}],"curies":[{"name":"wp","href":"https:\/\/api.w.org\/{rel}","templated":true}]}}