{"id":18934,"date":"2019-06-20T15:14:11","date_gmt":"2019-06-21T09:03:23","guid":{"rendered":"http:\/\/presi.com\/produit\/boite-de-25-disques-de-papier-abrasif-autocollants-zr-a-fort-taux-denlavement-de-matiare-p180-o-300-mm-2\/"},"modified":"2019-07-15T12:00:10","modified_gmt":"2019-07-15T10:00:10","slug":"boite-de-25-disques-de-papier-abrasif-autocollants-zr-a-fort-taux-denlavement-de-matiare-p180-o-300-mm-2","status":"publish","type":"product","link":"https:\/\/www.presi.com\/en\/product\/boite-de-25-disques-de-papier-abrasif-autocollants-zr-a-fort-taux-denlavement-de-matiare-p180-o-300-mm-2\/","title":{"rendered":"Self adhesive abrasive papers discs ZR+, P 180, \u2300 300 mm"},"content":{"rendered":"","protected":false},"excerpt":{"rendered":"<p>Box of 25. Abrasive discs made of zirconium oxide for high removal rate of material.<\/p>\n","protected":false},"featured_media":5928,"template":"","meta":{"_acf_changed":false},"product_brand":[],"product_cat":[1471,1435,1466,1383],"product_tag":[],"class_list":{"0":"post-18934","1":"product","2":"type-product","3":"status-publish","4":"has-post-thumbnail","6":"product_cat-abrasive-papers","7":"product_cat-consumables-en","8":"product_cat-grinding-en","9":"product_cat-polishing","10":"pa_autres-papiers-abrasifs-zirconium-oxide-zr","12":"first","13":"instock","14":"purchasable","15":"product-type-simple"},"acf":[],"yoast_head":"<!-- This site is optimized with the Yoast SEO plugin v27.2 - https:\/\/yoast.com\/product\/yoast-seo-wordpress\/ -->\n<title>Self adhesive abrasive papers discs ZR+, P 180, \u2300 300 mm - Presi<\/title>\n<meta name=\"robots\" content=\"index, follow, max-snippet:-1, max-image-preview:large, max-video-preview:-1\" \/>\n<link rel=\"canonical\" href=\"https:\/\/www.presi.com\/en\/product\/boite-de-25-disques-de-papier-abrasif-autocollants-zr-a-fort-taux-denlavement-de-matiare-p180-o-300-mm-2\/\" \/>\n<meta property=\"og:locale\" content=\"en_US\" \/>\n<meta property=\"og:type\" content=\"article\" \/>\n<meta property=\"og:title\" content=\"Self adhesive abrasive papers discs ZR+, P 180, \u2300 300 mm - Presi\" \/>\n<meta property=\"og:description\" content=\"Box of 25. Abrasive discs made of zirconium oxide for high removal rate of material.\" \/>\n<meta property=\"og:url\" content=\"https:\/\/www.presi.com\/en\/product\/boite-de-25-disques-de-papier-abrasif-autocollants-zr-a-fort-taux-denlavement-de-matiare-p180-o-300-mm-2\/\" \/>\n<meta property=\"og:site_name\" content=\"Presi\" \/>\n<meta property=\"article:modified_time\" content=\"2019-07-15T10:00:10+00:00\" \/>\n<meta property=\"og:image\" content=\"https:\/\/www.presi.com\/wp-content\/uploads\/2015\/04\/454-Boite-de-25-disques-de-papier-abrasif-autocollants-ZR-a-fort-taux-denlevement-de-matiere-P180-O-300-mm.jpg\" \/>\n\t<meta property=\"og:image:width\" content=\"600\" \/>\n\t<meta property=\"og:image:height\" content=\"460\" \/>\n\t<meta property=\"og:image:type\" content=\"image\/jpeg\" \/>\n<meta name=\"twitter:card\" content=\"summary_large_image\" \/>\n<script type=\"application\/ld+json\" class=\"yoast-schema-graph\">{\"@context\":\"https:\/\/schema.org\",\"@graph\":[{\"@type\":\"WebPage\",\"@id\":\"https:\/\/www.presi.com\/en\/product\/boite-de-25-disques-de-papier-abrasif-autocollants-zr-a-fort-taux-denlavement-de-matiare-p180-o-300-mm-2\/\",\"url\":\"https:\/\/www.presi.com\/en\/product\/boite-de-25-disques-de-papier-abrasif-autocollants-zr-a-fort-taux-denlavement-de-matiare-p180-o-300-mm-2\/\",\"name\":\"Self adhesive abrasive papers discs ZR+, P 180, \u2300 300 mm - Presi\",\"isPartOf\":{\"@id\":\"https:\/\/www.presi.com\/en\/#website\"},\"primaryImageOfPage\":{\"@id\":\"https:\/\/www.presi.com\/en\/product\/boite-de-25-disques-de-papier-abrasif-autocollants-zr-a-fort-taux-denlavement-de-matiare-p180-o-300-mm-2\/#primaryimage\"},\"image\":{\"@id\":\"https:\/\/www.presi.com\/en\/product\/boite-de-25-disques-de-papier-abrasif-autocollants-zr-a-fort-taux-denlavement-de-matiare-p180-o-300-mm-2\/#primaryimage\"},\"thumbnailUrl\":\"https:\/\/www.presi.com\/wp-content\/uploads\/2015\/04\/454-Boite-de-25-disques-de-papier-abrasif-autocollants-ZR-a-fort-taux-denlevement-de-matiere-P180-O-300-mm.jpg\",\"datePublished\":\"2019-06-21T09:03:23+00:00\",\"dateModified\":\"2019-07-15T10:00:10+00:00\",\"breadcrumb\":{\"@id\":\"https:\/\/www.presi.com\/en\/product\/boite-de-25-disques-de-papier-abrasif-autocollants-zr-a-fort-taux-denlavement-de-matiare-p180-o-300-mm-2\/#breadcrumb\"},\"inLanguage\":\"en-US\",\"potentialAction\":[{\"@type\":\"ReadAction\",\"target\":[\"https:\/\/www.presi.com\/en\/product\/boite-de-25-disques-de-papier-abrasif-autocollants-zr-a-fort-taux-denlavement-de-matiare-p180-o-300-mm-2\/\"]}]},{\"@type\":\"ImageObject\",\"inLanguage\":\"en-US\",\"@id\":\"https:\/\/www.presi.com\/en\/product\/boite-de-25-disques-de-papier-abrasif-autocollants-zr-a-fort-taux-denlavement-de-matiare-p180-o-300-mm-2\/#primaryimage\",\"url\":\"https:\/\/www.presi.com\/wp-content\/uploads\/2015\/04\/454-Boite-de-25-disques-de-papier-abrasif-autocollants-ZR-a-fort-taux-denlevement-de-matiere-P180-O-300-mm.jpg\",\"contentUrl\":\"https:\/\/www.presi.com\/wp-content\/uploads\/2015\/04\/454-Boite-de-25-disques-de-papier-abrasif-autocollants-ZR-a-fort-taux-denlevement-de-matiere-P180-O-300-mm.jpg\",\"width\":600,\"height\":460,\"caption\":\"Bo\u00eete de 25 disques de papier abrasif autocollants ZR+ \u00e0 fort taux d'enl\u00e8vement de mati\u00e8re P180 \u00d8 300 mm\"},{\"@type\":\"BreadcrumbList\",\"@id\":\"https:\/\/www.presi.com\/en\/product\/boite-de-25-disques-de-papier-abrasif-autocollants-zr-a-fort-taux-denlavement-de-matiare-p180-o-300-mm-2\/#breadcrumb\",\"itemListElement\":[{\"@type\":\"ListItem\",\"position\":1,\"name\":\"Accueil\",\"item\":\"https:\/\/www.presi.com\/en\/\"},{\"@type\":\"ListItem\",\"position\":2,\"name\":\"Shop\",\"item\":\"https:\/\/www.presi.com\/en\/shop\/\"},{\"@type\":\"ListItem\",\"position\":3,\"name\":\"Self adhesive abrasive papers discs ZR+, P 180, \u2300 300 mm\"}]},{\"@type\":\"WebSite\",\"@id\":\"https:\/\/www.presi.com\/en\/#website\",\"url\":\"https:\/\/www.presi.com\/en\/\",\"name\":\"Presi\",\"description\":\"M\u00e9tallographie - Machines pour analyse micrographique\",\"potentialAction\":[{\"@type\":\"SearchAction\",\"target\":{\"@type\":\"EntryPoint\",\"urlTemplate\":\"https:\/\/www.presi.com\/en\/?s={search_term_string}\"},\"query-input\":{\"@type\":\"PropertyValueSpecification\",\"valueRequired\":true,\"valueName\":\"search_term_string\"}}],\"inLanguage\":\"en-US\"}]}<\/script>\n<!-- \/ Yoast SEO plugin. -->","yoast_head_json":{"title":"Self adhesive abrasive papers discs ZR+, P 180, \u2300 300 mm - Presi","robots":{"index":"index","follow":"follow","max-snippet":"max-snippet:-1","max-image-preview":"max-image-preview:large","max-video-preview":"max-video-preview:-1"},"canonical":"https:\/\/www.presi.com\/en\/product\/boite-de-25-disques-de-papier-abrasif-autocollants-zr-a-fort-taux-denlavement-de-matiare-p180-o-300-mm-2\/","og_locale":"en_US","og_type":"article","og_title":"Self adhesive abrasive papers discs ZR+, P 180, \u2300 300 mm - Presi","og_description":"Box of 25. Abrasive discs made of zirconium oxide for high removal rate of material.","og_url":"https:\/\/www.presi.com\/en\/product\/boite-de-25-disques-de-papier-abrasif-autocollants-zr-a-fort-taux-denlavement-de-matiare-p180-o-300-mm-2\/","og_site_name":"Presi","article_modified_time":"2019-07-15T10:00:10+00:00","og_image":[{"width":600,"height":460,"url":"https:\/\/www.presi.com\/wp-content\/uploads\/2015\/04\/454-Boite-de-25-disques-de-papier-abrasif-autocollants-ZR-a-fort-taux-denlevement-de-matiere-P180-O-300-mm.jpg","type":"image\/jpeg"}],"twitter_card":"summary_large_image","schema":{"@context":"https:\/\/schema.org","@graph":[{"@type":"WebPage","@id":"https:\/\/www.presi.com\/en\/product\/boite-de-25-disques-de-papier-abrasif-autocollants-zr-a-fort-taux-denlavement-de-matiare-p180-o-300-mm-2\/","url":"https:\/\/www.presi.com\/en\/product\/boite-de-25-disques-de-papier-abrasif-autocollants-zr-a-fort-taux-denlavement-de-matiare-p180-o-300-mm-2\/","name":"Self adhesive abrasive papers discs ZR+, P 180, \u2300 300 mm - Presi","isPartOf":{"@id":"https:\/\/www.presi.com\/en\/#website"},"primaryImageOfPage":{"@id":"https:\/\/www.presi.com\/en\/product\/boite-de-25-disques-de-papier-abrasif-autocollants-zr-a-fort-taux-denlavement-de-matiare-p180-o-300-mm-2\/#primaryimage"},"image":{"@id":"https:\/\/www.presi.com\/en\/product\/boite-de-25-disques-de-papier-abrasif-autocollants-zr-a-fort-taux-denlavement-de-matiare-p180-o-300-mm-2\/#primaryimage"},"thumbnailUrl":"https:\/\/www.presi.com\/wp-content\/uploads\/2015\/04\/454-Boite-de-25-disques-de-papier-abrasif-autocollants-ZR-a-fort-taux-denlevement-de-matiere-P180-O-300-mm.jpg","datePublished":"2019-06-21T09:03:23+00:00","dateModified":"2019-07-15T10:00:10+00:00","breadcrumb":{"@id":"https:\/\/www.presi.com\/en\/product\/boite-de-25-disques-de-papier-abrasif-autocollants-zr-a-fort-taux-denlavement-de-matiare-p180-o-300-mm-2\/#breadcrumb"},"inLanguage":"en-US","potentialAction":[{"@type":"ReadAction","target":["https:\/\/www.presi.com\/en\/product\/boite-de-25-disques-de-papier-abrasif-autocollants-zr-a-fort-taux-denlavement-de-matiare-p180-o-300-mm-2\/"]}]},{"@type":"ImageObject","inLanguage":"en-US","@id":"https:\/\/www.presi.com\/en\/product\/boite-de-25-disques-de-papier-abrasif-autocollants-zr-a-fort-taux-denlavement-de-matiare-p180-o-300-mm-2\/#primaryimage","url":"https:\/\/www.presi.com\/wp-content\/uploads\/2015\/04\/454-Boite-de-25-disques-de-papier-abrasif-autocollants-ZR-a-fort-taux-denlevement-de-matiere-P180-O-300-mm.jpg","contentUrl":"https:\/\/www.presi.com\/wp-content\/uploads\/2015\/04\/454-Boite-de-25-disques-de-papier-abrasif-autocollants-ZR-a-fort-taux-denlevement-de-matiere-P180-O-300-mm.jpg","width":600,"height":460,"caption":"Bo\u00eete de 25 disques de papier abrasif autocollants ZR+ \u00e0 fort taux d'enl\u00e8vement de mati\u00e8re P180 \u00d8 300 mm"},{"@type":"BreadcrumbList","@id":"https:\/\/www.presi.com\/en\/product\/boite-de-25-disques-de-papier-abrasif-autocollants-zr-a-fort-taux-denlavement-de-matiare-p180-o-300-mm-2\/#breadcrumb","itemListElement":[{"@type":"ListItem","position":1,"name":"Accueil","item":"https:\/\/www.presi.com\/en\/"},{"@type":"ListItem","position":2,"name":"Shop","item":"https:\/\/www.presi.com\/en\/shop\/"},{"@type":"ListItem","position":3,"name":"Self adhesive abrasive papers discs ZR+, P 180, \u2300 300 mm"}]},{"@type":"WebSite","@id":"https:\/\/www.presi.com\/en\/#website","url":"https:\/\/www.presi.com\/en\/","name":"Presi","description":"M\u00e9tallographie - Machines pour analyse micrographique","potentialAction":[{"@type":"SearchAction","target":{"@type":"EntryPoint","urlTemplate":"https:\/\/www.presi.com\/en\/?s={search_term_string}"},"query-input":{"@type":"PropertyValueSpecification","valueRequired":true,"valueName":"search_term_string"}}],"inLanguage":"en-US"}]}},"_links":{"self":[{"href":"https:\/\/www.presi.com\/en\/wp-json\/wp\/v2\/product\/18934","targetHints":{"allow":["GET"]}}],"collection":[{"href":"https:\/\/www.presi.com\/en\/wp-json\/wp\/v2\/product"}],"about":[{"href":"https:\/\/www.presi.com\/en\/wp-json\/wp\/v2\/types\/product"}],"wp:featuredmedia":[{"embeddable":true,"href":"https:\/\/www.presi.com\/en\/wp-json\/wp\/v2\/media\/5928"}],"wp:attachment":[{"href":"https:\/\/www.presi.com\/en\/wp-json\/wp\/v2\/media?parent=18934"}],"wp:term":[{"taxonomy":"product_brand","embeddable":true,"href":"https:\/\/www.presi.com\/en\/wp-json\/wp\/v2\/product_brand?post=18934"},{"taxonomy":"product_cat","embeddable":true,"href":"https:\/\/www.presi.com\/en\/wp-json\/wp\/v2\/product_cat?post=18934"},{"taxonomy":"product_tag","embeddable":true,"href":"https:\/\/www.presi.com\/en\/wp-json\/wp\/v2\/product_tag?post=18934"}],"curies":[{"name":"wp","href":"https:\/\/api.w.org\/{rel}","templated":true}]}}